{"id":984,"date":"2010-09-05T14:01:18","date_gmt":"2010-09-05T13:01:18","guid":{"rendered":"http:\/\/www.cykloklubpodbiel.sk\/?page_id=984"},"modified":"2011-02-04T10:51:27","modified_gmt":"2011-02-04T09:51:27","slug":"vystup-na-rysy","status":"publish","type":"page","link":"https:\/\/www.cykloklubpodbiel.sk\/?page_id=984","title":{"rendered":"v\u00fdstup na Rysy"},"content":{"rendered":"<p style=\"text-align: justify;\">\n<div id=\"attachment_156\" style=\"width: 910px\" class=\"wp-caption aligncenter\"><a href=\"http:\/\/www.cykloklubpodbiel.sk\/wp-content\/uploads\/2010\/08\/panorysy1.jpg\"><img aria-describedby=\"caption-attachment-156\" loading=\"lazy\" class=\"size-medium wp-image-156\" title=\"Panor\u00e1ma z Rysov na po\u013esk\u00fa stranu\" src=\"http:\/\/www.cykloklubpodbiel.sk\/wp-content\/uploads\/2010\/08\/t_panorysy1.jpg\" alt=\"Panor\u00e1ma z Rysov na po\u013esk\u00fa stranu\" width=\"900\" height=\"156\" \/><\/a><p id=\"caption-attachment-156\" class=\"wp-caption-text\">Panor\u00e1ma z Rysov na po\u013esk\u00fa stranu<\/p><\/div>\n<p style=\"text-align: justify;\"><strong>V<\/strong> <span style=\"color: #000000;\">nede\u013eu<\/span> <span style=\"color: #ff0000;\"><strong>22.augusta   2010<\/strong><\/span> <span style=\"color: #000000;\">n\u00e1s  \u010dakal \u010fal\u0161\u00ed turistick\u00fd v\u00fdstup na Rysy (2499 m n.m.), ktor\u00fd sa nach\u00e1dza  vo Vysok\u00fdch Tatr\u00e1ch na hraniciach s Po\u013eskom. V Po\u013esku je najvy\u0161\u0161\u00edm  vrcholom a na Slovensku patr\u00ed medzi najvy\u0161\u0161\u00ed vrchol, kde sa d\u00e1 v\u00fds\u0165 bez  horsk\u00e9ho vodcu. R\u00e1no bol kr\u00e1sny slne\u010dn\u00fd de\u0148 a tak sme sa 15 turisti  vydali na aut\u00e1ch smerom na \u0160trbsk\u00e9 pleso, odkia\u013e sme si napl\u00e1novali  za\u010diatok dne\u0161nej t\u00fary. Zo \u0160trbsk\u00e9ho plesa n\u00e1s \u010dakal nen\u00e1ro\u010dn\u00fd chodn\u00edk  cez les na Popradsk\u00e9 pleso, kde sme si odd\u00fdchli a ob\u010derstvili sa. Z  Popradsk\u00e9ho plesa sa u\u017e za\u010dal chodn\u00edk \u010doraz viac nakl\u00e1\u0148a\u0165 hore, bol  \u010doraz strmej\u0161\u00ed. Stromy postupne boli ni\u017e\u0161ie a ni\u017e\u0161ie, a\u017e sa postupne  vytratili a nach\u00e1dzali sme sa medzi kosodrevinou. <\/span><span style=\"color: #000000;\"> <\/span><span style=\"color: #000000;\"> <\/span><\/p>\n<div id=\"attachment_96\" style=\"width: 138px\" class=\"wp-caption alignleft\"><a href=\"http:\/\/www.cykloklubpodbiel.sk\/wp-content\/uploads\/2010\/08\/rysy_mapa.jpg\"><img aria-describedby=\"caption-attachment-96\" loading=\"lazy\" class=\"size-medium wp-image-96\" title=\"Mapa prechodu\" src=\"http:\/\/www.cykloklubpodbiel.sk\/wp-content\/uploads\/2010\/08\/t_rysy_mapa.jpg\" alt=\"Mapa prechodu\" width=\"128\" height=\"96\" \/><\/a><p id=\"caption-attachment-96\" class=\"wp-caption-text\">Mapa prechodu<\/p><\/div>\n<div id=\"attachment_50\" style=\"width: 343px\" class=\"wp-caption alignleft\"><a href=\"http:\/\/www.cykloklubpodbiel.sk\/wp-content\/uploads\/2010\/08\/rysy_relief.jpg\"><img aria-describedby=\"caption-attachment-50\" loading=\"lazy\" class=\"size-medium wp-image-50\" title=\"Reli\u00e9f prechodu\" src=\"http:\/\/www.cykloklubpodbiel.sk\/wp-content\/uploads\/2010\/08\/t_rysy_relief.jpg\" alt=\"Mapa prechodu\" width=\"333\" height=\"50\" \/><\/a><p id=\"caption-attachment-50\" class=\"wp-caption-text\">Reli\u00e9f prechodu<\/p><\/div>\n<div id=\"attachment_199\" style=\"width: 142px\" class=\"wp-caption alignright\"><a href=\"http:\/\/www.cykloklubpodbiel.sk\/wp-content\/uploads\/2010\/08\/galeriarysy1.jpg\"><img aria-describedby=\"caption-attachment-199\" loading=\"lazy\" class=\"size-medium wp-image-150\" title=\"Na vrchole Rysov\" src=\"http:\/\/www.cykloklubpodbiel.sk\/wp-content\/uploads\/2010\/08\/t_galeriarysy1.jpg\" alt=\"Na vrchole Rysov\" width=\"132\" height=\"199\" \/><\/a><p id=\"caption-attachment-199\" class=\"wp-caption-text\">Na vrchole Rysov<\/p><\/div>\n<p style=\"text-align: justify;\"><span style=\"color: #000000;\">Potoky v\u0161ade nav\u00f4kol  \u0161umeli a voda z vodop\u00e1dov hu\u010dala. Prekonali sme  nieko\u013eko most\u00edkov, ktor\u00e9  viedli cez priezra\u010dn\u00fa vodu v horsk\u00fdch  pot\u00f4\u010dikoch. \u010c\u00edm sme sa dost\u00e1vali  vy\u0161\u0161ie a vy\u0161\u0161ie, aj kosodrevina pomaly  zmizla a my sme sa ocitli medzi  sam\u00fdmi skalami. Ale za to sa n\u00e1m  naskytoval \u010doraz kraj\u0161\u00ed poh\u013ead do  dol\u00edn. Postupne sme sa dostali a\u017e ku  \u017dab\u00edm ples\u00e1m, odkia\u013e za\u010d\u00ednala  najn\u00e1ro\u010dnej\u0161ia \u010das\u0165 t\u00fary cez re\u0165aze. V  tento de\u0148 sa do Tatier vybralo  mno\u017estvo \u013eud\u00ed, tak\u017ee sme v niektor\u00fdch  \u00fasekoch museli aj \u010daka\u0165 a d\u00e1va\u0165  prednos\u0165.<\/span><\/p>\n<p><\/br><\/p>\n<div id=\"attachment_179\" style=\"width: 249px\" class=\"wp-caption alignleft\"><a href=\"http:\/\/www.cykloklubpodbiel.sk\/wp-content\/uploads\/2010\/08\/galeriarysy3.jpg\"><img aria-describedby=\"caption-attachment-179\" loading=\"lazy\" class=\"size-medium wp-image-179\" title=\"Na \u0160trbskom plese\" src=\"http:\/\/www.cykloklubpodbiel.sk\/wp-content\/uploads\/2010\/08\/t_galeriarysy3.jpg\" alt=\"Na \u0160trbskom plese\" width=\"239\" height=\"179\" \/><\/a><p id=\"caption-attachment-179\" class=\"wp-caption-text\">Na \u0160trbskom plese<\/p><\/div>\n<p><span style=\"color: #000000;\">Ako sme st\u00fapali hore, slnko  na n\u00e1s st\u00e1le pieklo a preto sme  museli  dop\u013a\u0148a\u0165 tekutiny \u010doraz  \u010dastej\u0161ie. No nakoniec sa pred nami  zjavila  chata pod Rysmi (najvy\u0161\u0161ie  polo\u017een\u00e1 chata na Slovensku 2250 m  n.m.),  ktor\u00e1 bola pr\u00e1ve v  rekon\u0161trukcii. Pr\u00e1ce na nej prebiehali v plnom   pr\u00fade, no aj tak  poskytovala ob\u010derstvenie pre mno\u017estvo \u013eud\u00ed. Tu sme si   trochu odd\u00fdchli a  pripravili sa na z\u00e1vere\u010dn\u00e9 st\u00fapanie na vrchol Rysov.<\/span><\/p>\n<div id=\"attachment_199\" style=\"width: 142px\" class=\"wp-caption alignright\"><span style=\"color: #000000;\"><a href=\"http:\/\/www.cykloklubpodbiel.sk\/wp-content\/uploads\/2010\/08\/galeriarysy2.jpg\"><img aria-describedby=\"caption-attachment-199\" loading=\"lazy\" class=\"size-medium wp-image-150\" title=\"Na vrchole Rysov\" src=\"http:\/\/www.cykloklubpodbiel.sk\/wp-content\/uploads\/2010\/08\/t_galeriarysy2.jpg\" alt=\"Na vrchole Rysov\" width=\"132\" height=\"199\" \/><\/a><\/span><p id=\"caption-attachment-199\" class=\"wp-caption-text\">Na vrchole Rysov<\/p><\/div>\n<p style=\"text-align: justify;\"><span style=\"color: #000000;\">Ako sme sa  bl\u00ed\u017eili k vrcholu, \u013eud\u00ed st\u00e1le prib\u00fadalo, no a na vrchole   bolo  tak  husto, \u017ee sme si nemali pomaly ani kde sadn\u00fa\u0165. Z Rysov sme   mali   n\u00e1dhern\u00fd v\u00fdh\u013ead na Morsk\u00e9 oko v Po\u013esku, na Z\u00e1padn\u00e9 Tatry, Kriv\u00e1\u0148,   N\u00edzke   Tatry, ale aj na n\u00e1\u0161 najvy\u0161\u0161\u00ed kon\u010diar Gerlachovsk\u00fd \u0161t\u00edt (2655 m   n.m.),   ktor\u00fd sa ale za\u010dal postupne zaha\u013eova\u0165 do hmly. Na vrchole sme   urobili   p\u00e1r fotiek, chv\u00ed\u013eu si posedeli, popozerali okolie a postupne   sa vydali   sp\u00e4\u0165 smerom na \u0160trbsk\u00e9 pleso.<\/span><\/p>\n<p style=\"text-align: justify;\"><span style=\"color: #000000;\">Pri zostupe sme museli viac   brzdi\u0165, no   cesta n\u00e1m ubiehala r\u00fdchlo a  tak sme sa e\u0161te do z\u00e1padu  slnka  dostali na   \u0160trbsk\u00e9 pleso. Tu sme si  zajedli, dopili posledn\u00e9  z\u00e1soby a  unaven\u00ed ale   spokojn\u00ed sme vyrazili  sp\u00e4\u0165 do Podbiela.<\/span><\/p>\n<div id=\"attachment_140\" style=\"width: 221px\" class=\"wp-caption alignleft\"><a href=\"http:\/\/www.cykloklubpodbiel.sk\/wp-content\/gallery\/10\/rysy\/rysy.html\"><strong><img aria-describedby=\"caption-attachment-140\" loading=\"lazy\" class=\"size-medium wp-image-140\" title=\"Pozri fotogal\u00e9riu\" src=\"http:\/\/www.cykloklubpodbiel.sk\/wp-content\/uploads\/2010\/08\/t_galeriarysy.jpg\" alt=\"Pozri fotogal\u00e9riu\" width=\"211\" height=\"140\" \/><\/strong><\/a><p id=\"caption-attachment-140\" class=\"wp-caption-text\">Pozri fotogal\u00e9riu<\/p><\/div>\n<div id=\"attachment_121\" style=\"width: 310px\" class=\"wp-caption alignleft\"><a href=\"http:\/\/www.cykloklubpodbiel.sk\/wp-content\/uploads\/2010\/08\/panorysy2.jpg\"><img aria-describedby=\"caption-attachment-121\" loading=\"lazy\" class=\"size-medium wp-image-121\" title=\"Panor\u00e1ma od \u017dab\u00edch plies\" src=\"http:\/\/www.cykloklubpodbiel.sk\/wp-content\/uploads\/2010\/08\/t_panorysy2.jpg\" alt=\"Panor\u00e1ma od \u017dab\u00edch plies\" width=\"300\" height=\"121\" \/><\/a><p id=\"caption-attachment-121\" class=\"wp-caption-text\">Panor\u00e1ma od \u017dab\u00edch plies<\/p><\/div>\n<div id=\"attachment_126\" style=\"width: 310px\" class=\"wp-caption alignleft\"><a href=\"http:\/\/www.cykloklubpodbiel.sk\/wp-content\/uploads\/2010\/08\/panorysy3.jpg\"><img aria-describedby=\"caption-attachment-126\" loading=\"lazy\" class=\"size-medium wp-image-126\" title=\"Panor\u00e1ma na okolie chaty pod Rysmi\" src=\"http:\/\/www.cykloklubpodbiel.sk\/wp-content\/uploads\/2010\/08\/t_panorysy3.jpg\" alt=\"Panor\u00e1ma na okolie chaty pod Rysmi\" width=\"300\" height=\"126\" \/><\/a><p id=\"caption-attachment-126\" class=\"wp-caption-text\">Panor\u00e1ma na okolie chaty pod Rysmi<\/p><\/div>\n","protected":false},"excerpt":{"rendered":"<p>V nede\u013eu 22.augusta 2010 n\u00e1s \u010dakal \u010fal\u0161\u00ed turistick\u00fd v\u00fdstup na Rysy (2499 m n.m.), ktor\u00fd sa nach\u00e1dza vo Vysok\u00fdch Tatr\u00e1ch na hraniciach s Po\u013eskom. V Po\u013esku je najvy\u0161\u0161\u00edm vrcholom a na Slovensku patr\u00ed medzi najvy\u0161\u0161\u00ed vrchol, kde sa d\u00e1 v\u00fds\u0165 bez horsk\u00e9ho vodcu. R\u00e1no bol kr\u00e1sny slne\u010dn\u00fd de\u0148 a tak sme sa 15 turisti vydali [&hellip;]<\/p>\n","protected":false},"author":1,"featured_media":0,"parent":57,"menu_order":22,"comment_status":"open","ping_status":"closed","template":"onecolumn-page.php","meta":{"advgb_blocks_editor_width":"","advgb_blocks_columns_visual_guide":"","ngg_post_thumbnail":0},"coauthors":[],"author_meta":{"author_link":"https:\/\/www.cykloklubpodbiel.sk\/?author=1","display_name":"\u013dubom\u00edr Franko"},"relative_dates":{"created":"Posted 16 years ago","modified":"Updated 15 years ago"},"absolute_dates":{"created":"Posted on 5. September 2010","modified":"Updated on 4. Febru\u00e1r 2011"},"absolute_dates_time":{"created":"Posted on 5. September 2010 14:01","modified":"Updated on 4. Febru\u00e1r 2011 10:51"},"featured_img_caption":"","featured_img":false,"series_order":"","_links":{"self":[{"href":"https:\/\/www.cykloklubpodbiel.sk\/index.php?rest_route=\/wp\/v2\/pages\/984"}],"collection":[{"href":"https:\/\/www.cykloklubpodbiel.sk\/index.php?rest_route=\/wp\/v2\/pages"}],"about":[{"href":"https:\/\/www.cykloklubpodbiel.sk\/index.php?rest_route=\/wp\/v2\/types\/page"}],"author":[{"embeddable":true,"href":"https:\/\/www.cykloklubpodbiel.sk\/index.php?rest_route=\/wp\/v2\/users\/1"}],"replies":[{"embeddable":true,"href":"https:\/\/www.cykloklubpodbiel.sk\/index.php?rest_route=%2Fwp%2Fv2%2Fcomments&post=984"}],"version-history":[{"count":20,"href":"https:\/\/www.cykloklubpodbiel.sk\/index.php?rest_route=\/wp\/v2\/pages\/984\/revisions"}],"predecessor-version":[{"id":19169,"href":"https:\/\/www.cykloklubpodbiel.sk\/index.php?rest_route=\/wp\/v2\/pages\/984\/revisions\/19169"}],"up":[{"embeddable":true,"href":"https:\/\/www.cykloklubpodbiel.sk\/index.php?rest_route=\/wp\/v2\/pages\/57"}],"wp:attachment":[{"href":"https:\/\/www.cykloklubpodbiel.sk\/index.php?rest_route=%2Fwp%2Fv2%2Fmedia&parent=984"}],"curies":[{"name":"wp","href":"https:\/\/api.w.org\/{rel}","templated":true}]}}