{"id":7030,"date":"2015-05-19T20:54:38","date_gmt":"2015-05-19T19:54:38","guid":{"rendered":"http:\/\/www.cykloklubpodbiel.sk\/?page_id=7030"},"modified":"2015-05-19T20:58:29","modified_gmt":"2015-05-19T19:58:29","slug":"cyklomagistrala-oravice","status":"publish","type":"page","link":"https:\/\/www.cykloklubpodbiel.sk\/?page_id=7030","title":{"rendered":"Cyklomagistr\u00e1la-Oravice"},"content":{"rendered":"<p><img loading=\"lazy\" class=\" size-medium wp-image-7028 alignleft\" src=\"http:\/\/www.cykloklubpodbiel.sk\/wp-content\/uploads\/2015\/05\/DSC06131-300x225.jpg\" alt=\"DSC06131\" width=\"300\" height=\"225\" srcset=\"https:\/\/www.cykloklubpodbiel.sk\/wp-content\/uploads\/2015\/05\/DSC06131-300x225.jpg 300w, https:\/\/www.cykloklubpodbiel.sk\/wp-content\/uploads\/2015\/05\/DSC06131-1024x768.jpg 1024w\" sizes=\"(max-width: 300px) 100vw, 300px\" \/>V nede\u013eu\u00a0<span style=\"color: #ff0000;\"><strong>17.m\u00e1ja 2015\u00a0<\/strong><\/span>sme sa skupinka vybrali na Cyklomagistr\u00e1lu do Orav\u00edc. Trochu sme me\u0161kali, ale r\u00fdchlou jazdou sme sa v\u010das dostavili na zah\u00e1jenie \u0161tartu do Trstenej. Tu n\u00e1s u\u017e \u010dakal aj ved\u00faci Edo a \u010fal\u0161\u00ed \u010dlenovia n\u00e1\u0161ho cykloklubu. Na n\u00e1mest\u00ed boli aj ostatn\u00ed \u00fa\u010dastn\u00edci z in\u00fdch miestnych organiz\u00e1ci\u00ed. Po absolvovan\u00ed z\u00e1pisn\u00e9ho a miestnej diev\u010denskej dychovej hudby bol zah\u00e1jen\u00fd spolo\u010dn\u00fd \u0161tart z n\u00e1mestia, ktor\u00e9ho sa z\u00fa\u010dastnilo asi tak 100 cyklistov.Odtia\u013e sa pelot\u00f3n rozbehol po novom cyklochodn\u00edku, ktor\u00fd viedol a\u017e do Vitanovej. Tesne pred Vitanovou dostal Pe\u0165o defekt, ktor\u00fd mu pomohol opravi\u0165 Jojo, Dodo, s Edom.Po\u010dasie bolo od r\u00e1na da\u017ediv\u00e9,ale ani to \u00fa\u010dastn\u00edkov neodradilo od cyklot\u00fary.\u00a0Asi tak po hodinke sa po\u010dasie um\u00fadrilo a\u00a0za slne\u010dn\u00e9ho tepla sme dorazili do cie\u013ea.\u00a0 V\u00a0Oraviciach n\u00e1m organiz\u00e1tori pripravili kotl\u00edkov\u00fd gu\u013e\u00e1\u0161 s\u00a0chleb\u00edkom. Pod dreven\u00fdm pr\u00edstre\u0161kom sme si odd\u00fdchli a\u00a0nabrali s\u00edl do \u010fal\u0161\u00edch spiato\u010dn\u00fdch kilometrov. \u010eakujeme organiz\u00e1torom za kr\u00e1snu akciu.<\/p>\n<p>Text:Kudzbelov\u00e1 \u013d.<\/p>\n<p>Foto:Kanderka J.<!-- index.php -->\n<div\n\tclass=\"ngg-galleryoverview ngg-ajax-pagination-none\"\n\tid=\"ngg-gallery-7076-1\">\n\n    \t\t<!-- Thumbnails -->\n\t\t\t\t<div id=\"ngg-image-0\" class=\"ngg-gallery-thumbnail-box\" >\n\t\t\t\t        <div class=\"ngg-gallery-thumbnail\">\n            <a href=\"https:\/\/www.cykloklubpodbiel.sk\/wp-content\/gallery\/cyklomagistrala-oravice\/DSC06125.JPG\"\n               title=\"\"\n               data-src=\"https:\/\/www.cykloklubpodbiel.sk\/wp-content\/gallery\/cyklomagistrala-oravice\/DSC06125.JPG\"\n               data-thumbnail=\"https:\/\/www.cykloklubpodbiel.sk\/wp-content\/gallery\/cyklomagistrala-oravice\/thumbs\/thumbs_DSC06125.JPG\"\n               data-image-id=\"221\"\n               data-title=\"DSC06125.JPG\"\n               data-description=\"\"\n               data-image-slug=\"dsc06125-jpg\"\n               class=\"ngg-fancybox\" rel=\"7076\">\n                <img\n                    title=\"DSC06125.JPG\"\n                    alt=\"DSC06125.JPG\"\n                    src=\"https:\/\/www.cykloklubpodbiel.sk\/wp-content\/gallery\/cyklomagistrala-oravice\/thumbs\/thumbs_DSC06125.JPG\"\n                    width=\"120\"\n                    height=\"90\"\n                    style=\"max-width:100%;\"\n                \/>\n            <\/a>\n        <\/div>\n\t\t\t\t\t\t\t<\/div> \n\t\t\t\n        \n\t\t\t\t<div id=\"ngg-image-1\" class=\"ngg-gallery-thumbnail-box\" >\n\t\t\t\t        <div class=\"ngg-gallery-thumbnail\">\n            <a href=\"https:\/\/www.cykloklubpodbiel.sk\/wp-content\/gallery\/cyklomagistrala-oravice\/DSC06127.JPG\"\n               title=\"\"\n               data-src=\"https:\/\/www.cykloklubpodbiel.sk\/wp-content\/gallery\/cyklomagistrala-oravice\/DSC06127.JPG\"\n               data-thumbnail=\"https:\/\/www.cykloklubpodbiel.sk\/wp-content\/gallery\/cyklomagistrala-oravice\/thumbs\/thumbs_DSC06127.JPG\"\n               data-image-id=\"222\"\n               data-title=\"DSC06127.JPG\"\n               data-description=\"\"\n               data-image-slug=\"dsc06127-jpg\"\n               class=\"ngg-fancybox\" rel=\"7076\">\n                <img\n                    title=\"DSC06127.JPG\"\n                    alt=\"DSC06127.JPG\"\n                    src=\"https:\/\/www.cykloklubpodbiel.sk\/wp-content\/gallery\/cyklomagistrala-oravice\/thumbs\/thumbs_DSC06127.JPG\"\n                    width=\"120\"\n                    height=\"90\"\n                    style=\"max-width:100%;\"\n                \/>\n            <\/a>\n        <\/div>\n\t\t\t\t\t\t\t<\/div> \n\t\t\t\n        \n\t\t\t\t<div id=\"ngg-image-2\" class=\"ngg-gallery-thumbnail-box\" >\n\t\t\t\t        <div class=\"ngg-gallery-thumbnail\">\n            <a href=\"https:\/\/www.cykloklubpodbiel.sk\/wp-content\/gallery\/cyklomagistrala-oravice\/DSC06128.JPG\"\n               title=\"\"\n               data-src=\"https:\/\/www.cykloklubpodbiel.sk\/wp-content\/gallery\/cyklomagistrala-oravice\/DSC06128.JPG\"\n               data-thumbnail=\"https:\/\/www.cykloklubpodbiel.sk\/wp-content\/gallery\/cyklomagistrala-oravice\/thumbs\/thumbs_DSC06128.JPG\"\n               data-image-id=\"223\"\n               data-title=\"DSC06128.JPG\"\n               data-description=\"\"\n               data-image-slug=\"dsc06128-jpg\"\n               class=\"ngg-fancybox\" rel=\"7076\">\n                <img\n                    title=\"DSC06128.JPG\"\n                    alt=\"DSC06128.JPG\"\n                    src=\"https:\/\/www.cykloklubpodbiel.sk\/wp-content\/gallery\/cyklomagistrala-oravice\/thumbs\/thumbs_DSC06128.JPG\"\n                    width=\"120\"\n                    height=\"90\"\n                    style=\"max-width:100%;\"\n                \/>\n            <\/a>\n        <\/div>\n\t\t\t\t\t\t\t<\/div> \n\t\t\t\n        \n\t\t\t\t<div id=\"ngg-image-3\" class=\"ngg-gallery-thumbnail-box\" >\n\t\t\t\t        <div class=\"ngg-gallery-thumbnail\">\n            <a href=\"https:\/\/www.cykloklubpodbiel.sk\/wp-content\/gallery\/cyklomagistrala-oravice\/DSC06129.JPG\"\n               title=\"\"\n               data-src=\"https:\/\/www.cykloklubpodbiel.sk\/wp-content\/gallery\/cyklomagistrala-oravice\/DSC06129.JPG\"\n               data-thumbnail=\"https:\/\/www.cykloklubpodbiel.sk\/wp-content\/gallery\/cyklomagistrala-oravice\/thumbs\/thumbs_DSC06129.JPG\"\n               data-image-id=\"224\"\n               data-title=\"DSC06129.JPG\"\n               data-description=\"\"\n               data-image-slug=\"dsc06129-jpg\"\n               class=\"ngg-fancybox\" rel=\"7076\">\n                <img\n                    title=\"DSC06129.JPG\"\n                    alt=\"DSC06129.JPG\"\n                    src=\"https:\/\/www.cykloklubpodbiel.sk\/wp-content\/gallery\/cyklomagistrala-oravice\/thumbs\/thumbs_DSC06129.JPG\"\n                    width=\"120\"\n                    height=\"90\"\n                    style=\"max-width:100%;\"\n                \/>\n            <\/a>\n        <\/div>\n\t\t\t\t\t\t\t<\/div> \n\t\t\t\n        \n\t\t\t\t<div id=\"ngg-image-4\" class=\"ngg-gallery-thumbnail-box\" >\n\t\t\t\t        <div class=\"ngg-gallery-thumbnail\">\n            <a href=\"https:\/\/www.cykloklubpodbiel.sk\/wp-content\/gallery\/cyklomagistrala-oravice\/DSC06130.JPG\"\n               title=\"\"\n               data-src=\"https:\/\/www.cykloklubpodbiel.sk\/wp-content\/gallery\/cyklomagistrala-oravice\/DSC06130.JPG\"\n               data-thumbnail=\"https:\/\/www.cykloklubpodbiel.sk\/wp-content\/gallery\/cyklomagistrala-oravice\/thumbs\/thumbs_DSC06130.JPG\"\n               data-image-id=\"225\"\n               data-title=\"DSC06130.JPG\"\n               data-description=\"\"\n               data-image-slug=\"dsc06130-jpg\"\n               class=\"ngg-fancybox\" rel=\"7076\">\n                <img\n                    title=\"DSC06130.JPG\"\n                    alt=\"DSC06130.JPG\"\n                    src=\"https:\/\/www.cykloklubpodbiel.sk\/wp-content\/gallery\/cyklomagistrala-oravice\/thumbs\/thumbs_DSC06130.JPG\"\n                    width=\"120\"\n                    height=\"90\"\n                    style=\"max-width:100%;\"\n                \/>\n            <\/a>\n        <\/div>\n\t\t\t\t\t\t\t<\/div> \n\t\t\t\n        \n\t\t\t\t<div id=\"ngg-image-5\" class=\"ngg-gallery-thumbnail-box\" >\n\t\t\t\t        <div class=\"ngg-gallery-thumbnail\">\n            <a href=\"https:\/\/www.cykloklubpodbiel.sk\/wp-content\/gallery\/cyklomagistrala-oravice\/DSC06131.JPG\"\n               title=\"\"\n               data-src=\"https:\/\/www.cykloklubpodbiel.sk\/wp-content\/gallery\/cyklomagistrala-oravice\/DSC06131.JPG\"\n               data-thumbnail=\"https:\/\/www.cykloklubpodbiel.sk\/wp-content\/gallery\/cyklomagistrala-oravice\/thumbs\/thumbs_DSC06131.JPG\"\n               data-image-id=\"226\"\n               data-title=\"DSC06131.JPG\"\n               data-description=\"\"\n               data-image-slug=\"dsc06131-jpg\"\n               class=\"ngg-fancybox\" rel=\"7076\">\n                <img\n                    title=\"DSC06131.JPG\"\n                    alt=\"DSC06131.JPG\"\n                    src=\"https:\/\/www.cykloklubpodbiel.sk\/wp-content\/gallery\/cyklomagistrala-oravice\/thumbs\/thumbs_DSC06131.JPG\"\n                    width=\"120\"\n                    height=\"90\"\n                    style=\"max-width:100%;\"\n                \/>\n            <\/a>\n        <\/div>\n\t\t\t\t\t\t\t<\/div> \n\t\t\t\n        \n\t\t\t\t<div id=\"ngg-image-6\" class=\"ngg-gallery-thumbnail-box\" >\n\t\t\t\t        <div class=\"ngg-gallery-thumbnail\">\n            <a href=\"https:\/\/www.cykloklubpodbiel.sk\/wp-content\/gallery\/cyklomagistrala-oravice\/DSC06132.JPG\"\n               title=\"\"\n               data-src=\"https:\/\/www.cykloklubpodbiel.sk\/wp-content\/gallery\/cyklomagistrala-oravice\/DSC06132.JPG\"\n               data-thumbnail=\"https:\/\/www.cykloklubpodbiel.sk\/wp-content\/gallery\/cyklomagistrala-oravice\/thumbs\/thumbs_DSC06132.JPG\"\n               data-image-id=\"227\"\n               data-title=\"DSC06132.JPG\"\n               data-description=\"\"\n               data-image-slug=\"dsc06132-jpg\"\n               class=\"ngg-fancybox\" rel=\"7076\">\n                <img\n                    title=\"DSC06132.JPG\"\n                    alt=\"DSC06132.JPG\"\n                    src=\"https:\/\/www.cykloklubpodbiel.sk\/wp-content\/gallery\/cyklomagistrala-oravice\/thumbs\/thumbs_DSC06132.JPG\"\n                    width=\"120\"\n                    height=\"90\"\n                    style=\"max-width:100%;\"\n                \/>\n            <\/a>\n        <\/div>\n\t\t\t\t\t\t\t<\/div> \n\t\t\t\n        \n\t\t\t\t<div id=\"ngg-image-7\" class=\"ngg-gallery-thumbnail-box\" >\n\t\t\t\t        <div class=\"ngg-gallery-thumbnail\">\n            <a href=\"https:\/\/www.cykloklubpodbiel.sk\/wp-content\/gallery\/cyklomagistrala-oravice\/DSC06133.JPG\"\n               title=\"\"\n               data-src=\"https:\/\/www.cykloklubpodbiel.sk\/wp-content\/gallery\/cyklomagistrala-oravice\/DSC06133.JPG\"\n               data-thumbnail=\"https:\/\/www.cykloklubpodbiel.sk\/wp-content\/gallery\/cyklomagistrala-oravice\/thumbs\/thumbs_DSC06133.JPG\"\n               data-image-id=\"228\"\n               data-title=\"DSC06133.JPG\"\n               data-description=\"\"\n               data-image-slug=\"dsc06133-jpg\"\n               class=\"ngg-fancybox\" rel=\"7076\">\n                <img\n                    title=\"DSC06133.JPG\"\n                    alt=\"DSC06133.JPG\"\n                    src=\"https:\/\/www.cykloklubpodbiel.sk\/wp-content\/gallery\/cyklomagistrala-oravice\/thumbs\/thumbs_DSC06133.JPG\"\n                    width=\"120\"\n                    height=\"90\"\n                    style=\"max-width:100%;\"\n                \/>\n            <\/a>\n        <\/div>\n\t\t\t\t\t\t\t<\/div> \n\t\t\t\n        \n\t\t\t\t<div id=\"ngg-image-8\" class=\"ngg-gallery-thumbnail-box\" >\n\t\t\t\t        <div class=\"ngg-gallery-thumbnail\">\n            <a href=\"https:\/\/www.cykloklubpodbiel.sk\/wp-content\/gallery\/cyklomagistrala-oravice\/DSC06134.JPG\"\n               title=\"\"\n               data-src=\"https:\/\/www.cykloklubpodbiel.sk\/wp-content\/gallery\/cyklomagistrala-oravice\/DSC06134.JPG\"\n               data-thumbnail=\"https:\/\/www.cykloklubpodbiel.sk\/wp-content\/gallery\/cyklomagistrala-oravice\/thumbs\/thumbs_DSC06134.JPG\"\n               data-image-id=\"229\"\n               data-title=\"DSC06134.JPG\"\n               data-description=\"\"\n               data-image-slug=\"dsc06134-jpg\"\n               class=\"ngg-fancybox\" rel=\"7076\">\n                <img\n                    title=\"DSC06134.JPG\"\n                    alt=\"DSC06134.JPG\"\n                    src=\"https:\/\/www.cykloklubpodbiel.sk\/wp-content\/gallery\/cyklomagistrala-oravice\/thumbs\/thumbs_DSC06134.JPG\"\n                    width=\"120\"\n                    height=\"90\"\n                    style=\"max-width:100%;\"\n                \/>\n            <\/a>\n        <\/div>\n\t\t\t\t\t\t\t<\/div> \n\t\t\t\n        \n\t\t\t\t<div id=\"ngg-image-9\" class=\"ngg-gallery-thumbnail-box\" >\n\t\t\t\t        <div class=\"ngg-gallery-thumbnail\">\n            <a href=\"https:\/\/www.cykloklubpodbiel.sk\/wp-content\/gallery\/cyklomagistrala-oravice\/DSC06135.JPG\"\n               title=\"\"\n               data-src=\"https:\/\/www.cykloklubpodbiel.sk\/wp-content\/gallery\/cyklomagistrala-oravice\/DSC06135.JPG\"\n               data-thumbnail=\"https:\/\/www.cykloklubpodbiel.sk\/wp-content\/gallery\/cyklomagistrala-oravice\/thumbs\/thumbs_DSC06135.JPG\"\n               data-image-id=\"230\"\n               data-title=\"DSC06135.JPG\"\n               data-description=\"\"\n               data-image-slug=\"dsc06135-jpg\"\n               class=\"ngg-fancybox\" rel=\"7076\">\n                <img\n                    title=\"DSC06135.JPG\"\n                    alt=\"DSC06135.JPG\"\n                    src=\"https:\/\/www.cykloklubpodbiel.sk\/wp-content\/gallery\/cyklomagistrala-oravice\/thumbs\/thumbs_DSC06135.JPG\"\n                    width=\"120\"\n                    height=\"90\"\n                    style=\"max-width:100%;\"\n                \/>\n            <\/a>\n        <\/div>\n\t\t\t\t\t\t\t<\/div> \n\t\t\t\n        \n\t\t\t\t<div id=\"ngg-image-10\" class=\"ngg-gallery-thumbnail-box\" >\n\t\t\t\t        <div class=\"ngg-gallery-thumbnail\">\n            <a href=\"https:\/\/www.cykloklubpodbiel.sk\/wp-content\/gallery\/cyklomagistrala-oravice\/DSC06136.JPG\"\n               title=\"\"\n               data-src=\"https:\/\/www.cykloklubpodbiel.sk\/wp-content\/gallery\/cyklomagistrala-oravice\/DSC06136.JPG\"\n               data-thumbnail=\"https:\/\/www.cykloklubpodbiel.sk\/wp-content\/gallery\/cyklomagistrala-oravice\/thumbs\/thumbs_DSC06136.JPG\"\n               data-image-id=\"231\"\n               data-title=\"DSC06136.JPG\"\n               data-description=\"\"\n               data-image-slug=\"dsc06136-jpg\"\n               class=\"ngg-fancybox\" rel=\"7076\">\n                <img\n                    title=\"DSC06136.JPG\"\n                    alt=\"DSC06136.JPG\"\n                    src=\"https:\/\/www.cykloklubpodbiel.sk\/wp-content\/gallery\/cyklomagistrala-oravice\/thumbs\/thumbs_DSC06136.JPG\"\n                    width=\"120\"\n                    height=\"90\"\n                    style=\"max-width:100%;\"\n                \/>\n            <\/a>\n        <\/div>\n\t\t\t\t\t\t\t<\/div> \n\t\t\t\n        \n\t\t\t\t<div id=\"ngg-image-11\" class=\"ngg-gallery-thumbnail-box\" >\n\t\t\t\t        <div class=\"ngg-gallery-thumbnail\">\n            <a href=\"https:\/\/www.cykloklubpodbiel.sk\/wp-content\/gallery\/cyklomagistrala-oravice\/DSC06137.JPG\"\n               title=\"\"\n               data-src=\"https:\/\/www.cykloklubpodbiel.sk\/wp-content\/gallery\/cyklomagistrala-oravice\/DSC06137.JPG\"\n               data-thumbnail=\"https:\/\/www.cykloklubpodbiel.sk\/wp-content\/gallery\/cyklomagistrala-oravice\/thumbs\/thumbs_DSC06137.JPG\"\n               data-image-id=\"232\"\n               data-title=\"DSC06137.JPG\"\n               data-description=\"\"\n               data-image-slug=\"dsc06137-jpg\"\n               class=\"ngg-fancybox\" rel=\"7076\">\n                <img\n                    title=\"DSC06137.JPG\"\n                    alt=\"DSC06137.JPG\"\n                    src=\"https:\/\/www.cykloklubpodbiel.sk\/wp-content\/gallery\/cyklomagistrala-oravice\/thumbs\/thumbs_DSC06137.JPG\"\n                    width=\"120\"\n                    height=\"90\"\n                    style=\"max-width:100%;\"\n                \/>\n            <\/a>\n        <\/div>\n\t\t\t\t\t\t\t<\/div> \n\t\t\t\n        \n\t\t\t\t<div id=\"ngg-image-12\" class=\"ngg-gallery-thumbnail-box\" >\n\t\t\t\t        <div class=\"ngg-gallery-thumbnail\">\n            <a href=\"https:\/\/www.cykloklubpodbiel.sk\/wp-content\/gallery\/cyklomagistrala-oravice\/DSC06138.JPG\"\n               title=\"\"\n               data-src=\"https:\/\/www.cykloklubpodbiel.sk\/wp-content\/gallery\/cyklomagistrala-oravice\/DSC06138.JPG\"\n               data-thumbnail=\"https:\/\/www.cykloklubpodbiel.sk\/wp-content\/gallery\/cyklomagistrala-oravice\/thumbs\/thumbs_DSC06138.JPG\"\n               data-image-id=\"233\"\n               data-title=\"DSC06138.JPG\"\n               data-description=\"\"\n               data-image-slug=\"dsc06138-jpg\"\n               class=\"ngg-fancybox\" rel=\"7076\">\n                <img\n                    title=\"DSC06138.JPG\"\n                    alt=\"DSC06138.JPG\"\n                    src=\"https:\/\/www.cykloklubpodbiel.sk\/wp-content\/gallery\/cyklomagistrala-oravice\/thumbs\/thumbs_DSC06138.JPG\"\n                    width=\"120\"\n                    height=\"90\"\n                    style=\"max-width:100%;\"\n                \/>\n            <\/a>\n        <\/div>\n\t\t\t\t\t\t\t<\/div> \n\t\t\t\n        \n\t\t\t\t<div id=\"ngg-image-13\" class=\"ngg-gallery-thumbnail-box\" >\n\t\t\t\t        <div class=\"ngg-gallery-thumbnail\">\n            <a href=\"https:\/\/www.cykloklubpodbiel.sk\/wp-content\/gallery\/cyklomagistrala-oravice\/DSC06139.JPG\"\n               title=\"\"\n               data-src=\"https:\/\/www.cykloklubpodbiel.sk\/wp-content\/gallery\/cyklomagistrala-oravice\/DSC06139.JPG\"\n               data-thumbnail=\"https:\/\/www.cykloklubpodbiel.sk\/wp-content\/gallery\/cyklomagistrala-oravice\/thumbs\/thumbs_DSC06139.JPG\"\n               data-image-id=\"234\"\n               data-title=\"DSC06139.JPG\"\n               data-description=\"\"\n               data-image-slug=\"dsc06139-jpg\"\n               class=\"ngg-fancybox\" rel=\"7076\">\n                <img\n                    title=\"DSC06139.JPG\"\n                    alt=\"DSC06139.JPG\"\n                    src=\"https:\/\/www.cykloklubpodbiel.sk\/wp-content\/gallery\/cyklomagistrala-oravice\/thumbs\/thumbs_DSC06139.JPG\"\n                    width=\"120\"\n                    height=\"90\"\n                    style=\"max-width:100%;\"\n                \/>\n            <\/a>\n        <\/div>\n\t\t\t\t\t\t\t<\/div> \n\t\t\t\n        \n\t\t\t\t<div id=\"ngg-image-14\" class=\"ngg-gallery-thumbnail-box\" >\n\t\t\t\t        <div class=\"ngg-gallery-thumbnail\">\n            <a href=\"https:\/\/www.cykloklubpodbiel.sk\/wp-content\/gallery\/cyklomagistrala-oravice\/DSC06141.JPG\"\n               title=\"\"\n               data-src=\"https:\/\/www.cykloklubpodbiel.sk\/wp-content\/gallery\/cyklomagistrala-oravice\/DSC06141.JPG\"\n               data-thumbnail=\"https:\/\/www.cykloklubpodbiel.sk\/wp-content\/gallery\/cyklomagistrala-oravice\/thumbs\/thumbs_DSC06141.JPG\"\n               data-image-id=\"235\"\n               data-title=\"DSC06141.JPG\"\n               data-description=\"\"\n               data-image-slug=\"dsc06141-jpg\"\n               class=\"ngg-fancybox\" rel=\"7076\">\n                <img\n                    title=\"DSC06141.JPG\"\n                    alt=\"DSC06141.JPG\"\n                    src=\"https:\/\/www.cykloklubpodbiel.sk\/wp-content\/gallery\/cyklomagistrala-oravice\/thumbs\/thumbs_DSC06141.JPG\"\n                    width=\"120\"\n                    height=\"90\"\n                    style=\"max-width:100%;\"\n                \/>\n            <\/a>\n        <\/div>\n\t\t\t\t\t\t\t<\/div> \n\t\t\t\n        \n\t\t\t\t<div id=\"ngg-image-15\" class=\"ngg-gallery-thumbnail-box\" >\n\t\t\t\t        <div class=\"ngg-gallery-thumbnail\">\n            <a href=\"https:\/\/www.cykloklubpodbiel.sk\/wp-content\/gallery\/cyklomagistrala-oravice\/DSC06143.JPG\"\n               title=\"\"\n               data-src=\"https:\/\/www.cykloklubpodbiel.sk\/wp-content\/gallery\/cyklomagistrala-oravice\/DSC06143.JPG\"\n               data-thumbnail=\"https:\/\/www.cykloklubpodbiel.sk\/wp-content\/gallery\/cyklomagistrala-oravice\/thumbs\/thumbs_DSC06143.JPG\"\n               data-image-id=\"236\"\n               data-title=\"DSC06143.JPG\"\n               data-description=\"\"\n               data-image-slug=\"dsc06143-jpg\"\n               class=\"ngg-fancybox\" rel=\"7076\">\n                <img\n                    title=\"DSC06143.JPG\"\n                    alt=\"DSC06143.JPG\"\n                    src=\"https:\/\/www.cykloklubpodbiel.sk\/wp-content\/gallery\/cyklomagistrala-oravice\/thumbs\/thumbs_DSC06143.JPG\"\n                    width=\"120\"\n                    height=\"90\"\n                    style=\"max-width:100%;\"\n                \/>\n            <\/a>\n        <\/div>\n\t\t\t\t\t\t\t<\/div> \n\t\t\t\n        \n\t\t\t\t<div id=\"ngg-image-16\" class=\"ngg-gallery-thumbnail-box\" >\n\t\t\t\t        <div class=\"ngg-gallery-thumbnail\">\n            <a href=\"https:\/\/www.cykloklubpodbiel.sk\/wp-content\/gallery\/cyklomagistrala-oravice\/DSC06142.JPG\"\n               title=\"\"\n               data-src=\"https:\/\/www.cykloklubpodbiel.sk\/wp-content\/gallery\/cyklomagistrala-oravice\/DSC06142.JPG\"\n               data-thumbnail=\"https:\/\/www.cykloklubpodbiel.sk\/wp-content\/gallery\/cyklomagistrala-oravice\/thumbs\/thumbs_DSC06142.JPG\"\n               data-image-id=\"237\"\n               data-title=\"DSC06142.JPG\"\n               data-description=\"\"\n               data-image-slug=\"dsc06142-jpg\"\n               class=\"ngg-fancybox\" rel=\"7076\">\n                <img\n                    title=\"DSC06142.JPG\"\n                    alt=\"DSC06142.JPG\"\n                    src=\"https:\/\/www.cykloklubpodbiel.sk\/wp-content\/gallery\/cyklomagistrala-oravice\/thumbs\/thumbs_DSC06142.JPG\"\n                    width=\"120\"\n                    height=\"90\"\n                    style=\"max-width:100%;\"\n                \/>\n            <\/a>\n        <\/div>\n\t\t\t\t\t\t\t<\/div> \n\t\t\t\n        \n\t\t\n\t\t<!-- Pagination -->\n\t<div class='ngg-clear'><\/div>\t<\/div>\n<\/p>\n<p>&nbsp;<\/p>\n","protected":false},"excerpt":{"rendered":"<p>V nede\u013eu\u00a017.m\u00e1ja 2015\u00a0sme sa skupinka vybrali na Cyklomagistr\u00e1lu do Orav\u00edc. Trochu sme me\u0161kali, ale r\u00fdchlou jazdou sme sa v\u010das dostavili na zah\u00e1jenie \u0161tartu do Trstenej. Tu n\u00e1s u\u017e \u010dakal aj ved\u00faci Edo a \u010fal\u0161\u00ed \u010dlenovia n\u00e1\u0161ho cykloklubu. Na n\u00e1mest\u00ed boli aj ostatn\u00ed \u00fa\u010dastn\u00edci z in\u00fdch miestnych organiz\u00e1ci\u00ed. Po absolvovan\u00ed z\u00e1pisn\u00e9ho a miestnej diev\u010denskej dychovej hudby [&hellip;]<\/p>\n","protected":false},"author":53,"featured_media":0,"parent":5857,"menu_order":0,"comment_status":"open","ping_status":"open","template":"","meta":{"advgb_blocks_editor_width":"","advgb_blocks_columns_visual_guide":"","ngg_post_thumbnail":0},"coauthors":[],"author_meta":{"author_link":"https:\/\/www.cykloklubpodbiel.sk\/?author=53","display_name":"Lubka"},"relative_dates":{"created":"Posted 11 years ago","modified":"Updated 11 years ago"},"absolute_dates":{"created":"Posted on 19. M\u00e1j 2015","modified":"Updated on 19. M\u00e1j 2015"},"absolute_dates_time":{"created":"Posted on 19. M\u00e1j 2015 20:54","modified":"Updated on 19. M\u00e1j 2015 20:58"},"featured_img_caption":"","featured_img":false,"series_order":"","_links":{"self":[{"href":"https:\/\/www.cykloklubpodbiel.sk\/index.php?rest_route=\/wp\/v2\/pages\/7030"}],"collection":[{"href":"https:\/\/www.cykloklubpodbiel.sk\/index.php?rest_route=\/wp\/v2\/pages"}],"about":[{"href":"https:\/\/www.cykloklubpodbiel.sk\/index.php?rest_route=\/wp\/v2\/types\/page"}],"author":[{"embeddable":true,"href":"https:\/\/www.cykloklubpodbiel.sk\/index.php?rest_route=\/wp\/v2\/users\/53"}],"replies":[{"embeddable":true,"href":"https:\/\/www.cykloklubpodbiel.sk\/index.php?rest_route=%2Fwp%2Fv2%2Fcomments&post=7030"}],"version-history":[{"count":9,"href":"https:\/\/www.cykloklubpodbiel.sk\/index.php?rest_route=\/wp\/v2\/pages\/7030\/revisions"}],"predecessor-version":[{"id":7080,"href":"https:\/\/www.cykloklubpodbiel.sk\/index.php?rest_route=\/wp\/v2\/pages\/7030\/revisions\/7080"}],"up":[{"embeddable":true,"href":"https:\/\/www.cykloklubpodbiel.sk\/index.php?rest_route=\/wp\/v2\/pages\/5857"}],"wp:attachment":[{"href":"https:\/\/www.cykloklubpodbiel.sk\/index.php?rest_route=%2Fwp%2Fv2%2Fmedia&parent=7030"}],"curies":[{"name":"wp","href":"https:\/\/api.w.org\/{rel}","templated":true}]}}