{"id":5776,"date":"2014-09-17T20:43:33","date_gmt":"2014-09-17T19:43:33","guid":{"rendered":"http:\/\/www.cykloklubpodbiel.sk\/?page_id=5776"},"modified":"2014-10-06T20:32:17","modified_gmt":"2014-10-06T19:32:17","slug":"5-rocnik-beskydskej-sedmicky","status":"publish","type":"page","link":"https:\/\/www.cykloklubpodbiel.sk\/?page_id=5776","title":{"rendered":"5.ro\u010dn\u00edk Beskydskej sedmi\u010dky"},"content":{"rendered":"<div id=\"attachment_344\" style=\"width: 565px\" class=\"wp-caption aligncenter\"><a href=\"http:\/\/www.cykloklubpodbiel.sk\/wp-content\/uploads\/2014\/09\/panobeskydska7.jpg\"><img aria-describedby=\"caption-attachment-344\" loading=\"lazy\" class=\"size-medium wp-image-344\" title=\"Klikni pre zv\u00e4\u010d\u0161enie\" alt=\"Beskydsk\u00e1 sedmi\u010dka\" src=\"http:\/\/www.cykloklubpodbiel.sk\/wp-content\/uploads\/2014\/09\/t_panobeskydska7.jpg\" width=\"555\" height=\"344\" \/><\/a><p id=\"caption-attachment-344\" class=\"wp-caption-text\">Profil trasy Beskydsk\u00e1 sedmi\u010dka<\/p><\/div>\n<p><strong>V<\/strong>\u00a0d\u0148och\u00a0<span style=\"color: #ff0000;\"><strong>5.-7.septembra 2014 <\/strong><\/span>sme dvaja \u010dlenovia \u00faspe\u0161ne absolvovali extr\u00e9mny horsk\u00fd marat\u00f3n na Morave <strong>Beskydsk\u00e1 sedmi\u010dka<\/strong>. Na prekonanie vzdialenosti cca. 95 km a siedmych Beskydsk\u00fdch kopcov sme mali limit 30 hod\u00edn. Tento rok bola trasa oproti minul\u00fdm ro\u010dn\u00edkom pred\u013a\u017een\u00e1 a extr\u00e9mnej\u0161ia. Do cie\u013ea nedo\u0161la viac ako jedna tretina \u00fa\u010dastn\u00edkov. Boli aj kr\u00edzy, aj slzy, aj sme sa zasmiali, no spolo\u010dn\u00fdmi silami sme to zvl\u00e1dli a cie\u013eov\u00fa p\u00e1sku sme pre\u0161li v \u010dase 23 hod\u00edn a 21 min\u00fat. Vyr\u00e1\u017eali sme za tmy a vr\u00e1tili sme sa op\u00e4\u0165 po tme. Po\u010dasie n\u00e1m prialo. Po\u010das noci n\u00e1m svietil na chodn\u00edky mesiac, ktor\u00fd bol takmer v splne a cez de\u0148 n\u00e1s zohrievalo slnko. Po\u010das celej trasy n\u00e1s organiz\u00e1tori povzbudzovali a v cieli bola tak\u00e1 atmosf\u00e9ra, \u017ee aj t\u00ed \u010do i\u0161li z posledn\u00fdch s\u00edl, zrazu o\u017eili a dokonca e\u0161te dok\u00e1zali aj be\u017ea\u0165. Vyhodnotenie pretekov bolo op\u00e4\u0165 perfektne zorganizovan\u00e9. No a n\u00e1m zost\u00e1val u\u017e len relax, oddych a spomienky. Lebo po\u010das takmer 24 hod\u00edn str\u00e1ven\u00fdch v Beskyd\u00e1ch je rozhoduj\u00facim faktorom okrem kond\u00edcie aj myse\u013e a pevn\u00e1 v\u00f4\u013ea.<\/p>\n<p style=\"text-align: right;\"><em>Text, foto a video:<\/em> \u013d.Franko<\/p>\n<div id=\"attachment_249\" style=\"width: 184px\" class=\"wp-caption alignleft\"><a href=\"http:\/\/www.cykloklubpodbiel.sk\/wp-content\/uploads\/2014\/09\/lubo.jpg\"><img aria-describedby=\"caption-attachment-249\" loading=\"lazy\" class=\"size-medium wp-image-249\" title=\"Klikni pre zv\u00e4\u010d\u0161enie\" alt=\"Beskydska sedmi\u010dka\" src=\"http:\/\/www.cykloklubpodbiel.sk\/wp-content\/uploads\/2014\/09\/t_lubo.jpg\" width=\"174\" height=\"249\" \/><\/a><p id=\"caption-attachment-249\" class=\"wp-caption-text\">Absolventsk\u00fd list<\/p><\/div>\n<div id=\"attachment_249\" style=\"width: 184px\" class=\"wp-caption alignright\"><a href=\"http:\/\/www.cykloklubpodbiel.sk\/wp-content\/uploads\/2014\/09\/rado.jpg\"><img aria-describedby=\"caption-attachment-249\" loading=\"lazy\" class=\"size-medium wp-image-249\" title=\"Klikni pre zv\u00e4\u010d\u0161enie\" alt=\"Beskydska sedmi\u010dka\" src=\"http:\/\/www.cykloklubpodbiel.sk\/wp-content\/uploads\/2014\/09\/t_rado.jpg\" width=\"174\" height=\"249\" \/><\/a><p id=\"caption-attachment-249\" class=\"wp-caption-text\">Absolventsk\u00fd list<\/p><\/div>\n<div class=\"\"><iframe width=\"500\" height=\"281\" src=\"http:\/\/www.youtube.com\/embed\/QMRjoz59auk?feature=oembed\" frameborder=\"0\" allowfullscreen><\/iframe><\/div>\n<div class=\"\"><iframe width=\"500\" height=\"281\" src=\"http:\/\/www.youtube.com\/embed\/xc-ew-G551Q?feature=oembed\" frameborder=\"0\" allowfullscreen><\/iframe><\/div>\n<div class=\"\"><iframe width=\"500\" height=\"281\" src=\"http:\/\/www.youtube.com\/embed\/kj4b7Ix5QDc?feature=oembed\" frameborder=\"0\" allowfullscreen><\/iframe><\/div>\n","protected":false},"excerpt":{"rendered":"<p>V\u00a0d\u0148och\u00a05.-7.septembra 2014 sme dvaja \u010dlenovia \u00faspe\u0161ne absolvovali extr\u00e9mny horsk\u00fd marat\u00f3n na Morave Beskydsk\u00e1 sedmi\u010dka. Na prekonanie vzdialenosti cca. 95 km a siedmych Beskydsk\u00fdch kopcov sme mali limit 30 hod\u00edn. Tento rok bola trasa oproti minul\u00fdm ro\u010dn\u00edkom pred\u013a\u017een\u00e1 a extr\u00e9mnej\u0161ia. Do cie\u013ea nedo\u0161la viac ako jedna tretina \u00fa\u010dastn\u00edkov. Boli aj kr\u00edzy, aj slzy, aj sme sa [&hellip;]<\/p>\n","protected":false},"author":1,"featured_media":0,"parent":5280,"menu_order":18,"comment_status":"open","ping_status":"closed","template":"","meta":{"advgb_blocks_editor_width":"","advgb_blocks_columns_visual_guide":"","ngg_post_thumbnail":0},"coauthors":[],"author_meta":{"author_link":"https:\/\/www.cykloklubpodbiel.sk\/?author=1","display_name":"\u013dubom\u00edr Franko"},"relative_dates":{"created":"Posted 12 years ago","modified":"Updated 12 years ago"},"absolute_dates":{"created":"Posted on 17. September 2014","modified":"Updated on 6. Okt\u00f3ber 2014"},"absolute_dates_time":{"created":"Posted on 17. September 2014 20:43","modified":"Updated on 6. Okt\u00f3ber 2014 20:32"},"featured_img_caption":"","featured_img":false,"series_order":"","_links":{"self":[{"href":"https:\/\/www.cykloklubpodbiel.sk\/index.php?rest_route=\/wp\/v2\/pages\/5776"}],"collection":[{"href":"https:\/\/www.cykloklubpodbiel.sk\/index.php?rest_route=\/wp\/v2\/pages"}],"about":[{"href":"https:\/\/www.cykloklubpodbiel.sk\/index.php?rest_route=\/wp\/v2\/types\/page"}],"author":[{"embeddable":true,"href":"https:\/\/www.cykloklubpodbiel.sk\/index.php?rest_route=\/wp\/v2\/users\/1"}],"replies":[{"embeddable":true,"href":"https:\/\/www.cykloklubpodbiel.sk\/index.php?rest_route=%2Fwp%2Fv2%2Fcomments&post=5776"}],"version-history":[{"count":5,"href":"https:\/\/www.cykloklubpodbiel.sk\/index.php?rest_route=\/wp\/v2\/pages\/5776\/revisions"}],"predecessor-version":[{"id":5784,"href":"https:\/\/www.cykloklubpodbiel.sk\/index.php?rest_route=\/wp\/v2\/pages\/5776\/revisions\/5784"}],"up":[{"embeddable":true,"href":"https:\/\/www.cykloklubpodbiel.sk\/index.php?rest_route=\/wp\/v2\/pages\/5280"}],"wp:attachment":[{"href":"https:\/\/www.cykloklubpodbiel.sk\/index.php?rest_route=%2Fwp%2Fv2%2Fmedia&parent=5776"}],"curies":[{"name":"wp","href":"https:\/\/api.w.org\/{rel}","templated":true}]}}