{"id":5757,"date":"2014-09-15T18:51:46","date_gmt":"2014-09-15T17:51:46","guid":{"rendered":"http:\/\/www.cykloklubpodbiel.sk\/?page_id=5757"},"modified":"2014-09-15T20:52:33","modified_gmt":"2014-09-15T19:52:33","slug":"vystup-na-osobitu","status":"publish","type":"page","link":"https:\/\/www.cykloklubpodbiel.sk\/?page_id=5757","title":{"rendered":"v\u00fdstup na Osobit\u00fa"},"content":{"rendered":"<div id=\"attachment_187\" style=\"width: 565px\" class=\"wp-caption aligncenter\"><a href=\"http:\/\/www.cykloklubpodbiel.sk\/wp-content\/uploads\/2014\/09\/panoosobita1.jpg\"><img aria-describedby=\"caption-attachment-187\" loading=\"lazy\" class=\"size-medium wp-image-187\" title=\"Klikni pre zv\u00e4\u010d\u0161enie\" alt=\"Osobita\" src=\"http:\/\/www.cykloklubpodbiel.sk\/wp-content\/uploads\/2014\/09\/t_panoosobita1.jpg\" width=\"555\" height=\"187\" \/><\/a><p id=\"caption-attachment-187\" class=\"wp-caption-text\">Panor\u00e1ma na Vysok\u00e9 Tatry zo sedla pod Osobitou<\/p><\/div>\n<p><strong>V<\/strong>\u00a0nede\u013eu <span style=\"color: #ff0000;\"><strong>15.septembra 2014 <\/strong><\/span>sme absolvovali v\u00fdstup na Osobit\u00fa, ktor\u00fd sa uskuto\u010d\u0148uje raz za rok. Tento samostatn\u00fd vrchol je cel\u00fd rok uzatvoren\u00fd pre turistov u\u017e vy\u0161e 20 rokov z d\u00f4vodu zvetr\u00e1vania svahu a ve\u013ek\u00e9ho mno\u017estva chr\u00e1nen\u00fdch rastl\u00edn. Iba jeden de\u0148 v roku je spr\u00edstupnen\u00fd turistom. N\u00e1lada bola v\u00fdborn\u00e1 u\u017e od chaty Primula, kde sa sch\u00e1dzalo mno\u017estvo turistov nielen zo Slovenska, ale aj z Po\u013eska. Trasa viedla lesom, kde sa chodn\u00edk k\u013eukatel v strmom svahu a\u017e do sedla pod Osobitou. Po\u010dasie n\u00e1m zatia\u013e prialo, ve\u010f cel\u00fa noc a e\u0161te aj r\u00e1no v\u00fddatne pr\u0161alo. Niekedy sa zdalo, \u017ee aj to slnko sa predsa len prederie pomedzi mraky a tro\u0161ka n\u00e1s zohreje, no tie oblaky boli len predsa nad jeho sily. U\u017e v sedle sa n\u00e1m naskytovali kr\u00e1sne v\u00fdh\u013eady do okolia. Po\u010das v\u00fdstupu na Osobit\u00fa n\u00e1m pr\u00edroda na\u0161tedrila kr\u00e1snu \u00farodu brusn\u00edc a \u010du\u010doriedok, ktor\u00fdm sme neodolali a schuti sme sa do nich zahryzli. Boli ve\u013emi chutn\u00e9 a zdrav\u00e9. Ke\u010f sme dorazili na vrchol, v \u00fadoliach sa vyp\u00ednali oblaky a hmla. Bolo to u\u017e tak\u00e9 jesenn\u00e9 po\u010dasie. Zo sedla sa oz\u00fdval spev, \u010do nazna\u010dovalo, \u017ee dnes bude na vrchole veselo. Po\u010das zostupu sme stret\u00e1vali e\u0161te mno\u017estvo turistov, ktor\u00ed sa aj za tak\u00e9hoto po\u010dasia vybrali na dne\u0161n\u00fa t\u00faru. A bolo ich takmer 150, mlad\u00fdch aj star\u0161\u00edch, aj tak\u00fdch, ktor\u00ed u\u017e pravidelne absolvuj\u00fa tento v\u00fdstup nieko\u013eko rokov. Po zostupe sme si s Du\u0161kom dali na chate Primula e\u0161te chutn\u00fa polievo\u010dku a s kr\u00e1snym pocitom, \u017ee sme op\u00e4\u0165 pre zdravie nie\u010do urobili, sme sa \u00faspe\u0161ne vr\u00e1tili domov.<\/p>\n<p style=\"text-align: right;\"><em>Text, foto a video:<\/em> \u013d.Franko<\/p>\n<div id=\"attachment_42\" style=\"width: 565px\" class=\"wp-caption aligncenter\"><a href=\"http:\/\/www.cykloklubpodbiel.sk\/wp-content\/gallery\/panorama\/14\/osobita\/osobita.html\"><img aria-describedby=\"caption-attachment-42\" loading=\"lazy\" class=\"size-medium wp-image-42\" title=\"Klikni pre zv\u00e4\u010d\u0161enie\" alt=\"Osobita\" src=\"http:\/\/www.cykloklubpodbiel.sk\/wp-content\/uploads\/2014\/09\/t_panoosobita.jpg\" width=\"555\" height=\"42\" \/><\/a><p id=\"caption-attachment-42\" class=\"wp-caption-text\">V\u00fdh\u013ead z vrcholu Osobitej<\/p><\/div>\n<div id=\"attachment_173\" style=\"width: 270px\" class=\"wp-caption aligncenter\"><a href=\"http:\/\/www.cykloklubpodbiel.sk\/wp-content\/gallery\/14\/osobita\/index.html\"><img aria-describedby=\"caption-attachment-173\" loading=\"lazy\" class=\"size-medium wp-image-173\" title=\"Pozri fotogal\u00e9riu\" alt=\"Osobita\" src=\"http:\/\/www.cykloklubpodbiel.sk\/wp-content\/uploads\/2014\/09\/galeriaosobita.jpg\" width=\"260\" height=\"173\" \/><\/a><p id=\"caption-attachment-173\" class=\"wp-caption-text\">Pozri fotogal\u00e9riu<\/p><\/div>\n<div class=\"\"><iframe width=\"500\" height=\"281\" src=\"http:\/\/www.youtube.com\/embed\/NWNhztkh8pk?feature=oembed\" frameborder=\"0\" allowfullscreen><\/iframe><\/div>\n","protected":false},"excerpt":{"rendered":"<p>V\u00a0nede\u013eu 15.septembra 2014 sme absolvovali v\u00fdstup na Osobit\u00fa, ktor\u00fd sa uskuto\u010d\u0148uje raz za rok. Tento samostatn\u00fd vrchol je cel\u00fd rok uzatvoren\u00fd pre turistov u\u017e vy\u0161e 20 rokov z d\u00f4vodu zvetr\u00e1vania svahu a ve\u013ek\u00e9ho mno\u017estva chr\u00e1nen\u00fdch rastl\u00edn. Iba jeden de\u0148 v roku je spr\u00edstupnen\u00fd turistom. N\u00e1lada bola v\u00fdborn\u00e1 u\u017e od chaty Primula, kde sa sch\u00e1dzalo mno\u017estvo [&hellip;]<\/p>\n","protected":false},"author":1,"featured_media":0,"parent":5280,"menu_order":17,"comment_status":"open","ping_status":"closed","template":"","meta":{"advgb_blocks_editor_width":"","advgb_blocks_columns_visual_guide":"","ngg_post_thumbnail":0},"coauthors":[],"author_meta":{"author_link":"https:\/\/www.cykloklubpodbiel.sk\/?author=1","display_name":"\u013dubom\u00edr Franko"},"relative_dates":{"created":"Posted 12 years ago","modified":"Updated 12 years ago"},"absolute_dates":{"created":"Posted on 15. September 2014","modified":"Updated on 15. September 2014"},"absolute_dates_time":{"created":"Posted on 15. September 2014 18:51","modified":"Updated on 15. September 2014 20:52"},"featured_img_caption":"","featured_img":false,"series_order":"","_links":{"self":[{"href":"https:\/\/www.cykloklubpodbiel.sk\/index.php?rest_route=\/wp\/v2\/pages\/5757"}],"collection":[{"href":"https:\/\/www.cykloklubpodbiel.sk\/index.php?rest_route=\/wp\/v2\/pages"}],"about":[{"href":"https:\/\/www.cykloklubpodbiel.sk\/index.php?rest_route=\/wp\/v2\/types\/page"}],"author":[{"embeddable":true,"href":"https:\/\/www.cykloklubpodbiel.sk\/index.php?rest_route=\/wp\/v2\/users\/1"}],"replies":[{"embeddable":true,"href":"https:\/\/www.cykloklubpodbiel.sk\/index.php?rest_route=%2Fwp%2Fv2%2Fcomments&post=5757"}],"version-history":[{"count":10,"href":"https:\/\/www.cykloklubpodbiel.sk\/index.php?rest_route=\/wp\/v2\/pages\/5757\/revisions"}],"predecessor-version":[{"id":5768,"href":"https:\/\/www.cykloklubpodbiel.sk\/index.php?rest_route=\/wp\/v2\/pages\/5757\/revisions\/5768"}],"up":[{"embeddable":true,"href":"https:\/\/www.cykloklubpodbiel.sk\/index.php?rest_route=\/wp\/v2\/pages\/5280"}],"wp:attachment":[{"href":"https:\/\/www.cykloklubpodbiel.sk\/index.php?rest_route=%2Fwp%2Fv2%2Fmedia&parent=5757"}],"curies":[{"name":"wp","href":"https:\/\/api.w.org\/{rel}","templated":true}]}}