{"id":5697,"date":"2014-07-03T20:00:49","date_gmt":"2014-07-03T19:00:49","guid":{"rendered":"http:\/\/www.cykloklubpodbiel.sk\/?page_id=5697"},"modified":"2014-07-07T17:04:52","modified_gmt":"2014-07-07T16:04:52","slug":"vystup-na-rakon","status":"publish","type":"page","link":"https:\/\/www.cykloklubpodbiel.sk\/?page_id=5697","title":{"rendered":"v\u00fdstup na R\u00e1ko\u0148"},"content":{"rendered":"<div id=\"attachment_103\" style=\"width: 565px\" class=\"wp-caption aligncenter\"><a href=\"http:\/\/www.cykloklubpodbiel.sk\/wp-content\/uploads\/2014\/06\/panorakon.jpg\"><img aria-describedby=\"caption-attachment-103\" loading=\"lazy\" class=\"size-medium wp-image-103\" title=\"Klikni pre zv\u00e4\u010d\u0161enie\" alt=\"\u0164atliakova chata\" src=\"http:\/\/www.cykloklubpodbiel.sk\/wp-content\/uploads\/2014\/06\/t_panorakon.jpg\" width=\"555\" height=\"103\" \/><\/a><p id=\"caption-attachment-103\" class=\"wp-caption-text\">Panor\u00e1ma na hrebe\u0148 Roh\u00e1\u010dov<\/p><\/div>\n<p><strong>V<\/strong>\u00a0nede\u013eu <span style=\"color: #ff0000;\"><strong>22.j\u00fana 2014 <\/strong><\/span>sme spolu s ni\u017enianskymi turistami absolvovali v\u00fdstup na R\u00e1ko\u0148, kde si uctili pamiatku L.Totha, ktor\u00fd zahynul v Roh\u00e1\u010doch. Za\u010diatok trasy viedol po ceste a\u017e na \u0164atliakovu chatu, kde sme nezabudli ani na \u0164atliakove jazero. Sprev\u00e1dzal n\u00e1s aj \u0161tvornoh\u00fd mil\u00e1\u010dik \u010ciko, ktor\u00fd n\u00e1m pri chate predviedol nev\u00eddan\u00e9 k\u00fasky. Pokra\u010dovali sme do sedla Z\u00e1bra\u010f, kedy sme pri st\u00fapan\u00ed pozorovali e\u0161te st\u00e1le zasne\u017een\u00e9 \u017e\u013eaby. V sedle Z\u00e1bra\u010f sme stretli \u010fal\u0161\u00edch ni\u017enianskych turistov. Samozrejme nesmela ch\u00fdba\u0165 ani spolo\u010dn\u00e1 fotka. Na\u0161im \u010fal\u0161\u00edm cie\u013eom bol R\u00e1ko\u0148 (1876 m n.m.), najvy\u0161\u0161\u00ed bod dne\u0161n\u00e9ho v\u00fdstupu. Pa\u013eo tu vytiahol chutn\u00fa slaninku, ktor\u00e1 n\u00e1m v\u00fdnimo\u010dne chutila. Poriadne sme sa ob\u010derstvili a vyt\u00fd\u010dili si \u010fal\u0161\u00ed cie\u013e, L\u00fa\u010dna (1653 m n. m.). Kr\u00e1\u010dali sme po hrebeni, odkia\u013e bol kr\u00e1sny v\u00fdh\u013ead na v\u0161etky strany. Najvy\u0161\u0161ie vrcholy v Roh\u00e1\u010doch sa za\u010dali postupne za\u0165ahova\u0165 mrakmi, za\u010dalo aj mrholi\u0165, ale bolo to iba zop\u00e1r kvapiek. V \u00fadoliach sme pozorovali da\u017e\u010fov\u00e9 p\u00e1sy, preto sme sa rozhodli L\u00fa\u010dnu ob\u00eds\u0165 a nabrali sme smer L\u00e1tan\u00e1 dolina. Nakoniec sa po\u010dasie um\u00fadrilo a my sme \u00faspe\u0161ne dorazili na chatu L\u00e1tan\u00e1, kde nocovali \u010fal\u0161\u00ed ni\u017eniansky turisti. Priv\u00edtali n\u00e1s chutnou Becherovkou, ktor\u00fa sme si h\u00e1dam zasl\u00fa\u017eili po nieko\u013ekohodinovej t\u00fare. Zvl\u00e1dol to v pohode aj Pa\u013eo \u0160., pre ktor\u00e9ho to bola v\u00f4bec prv\u00e1 tak\u00e1to vrcholov\u00e1 t\u00fara v Roh\u00e1\u010doch. Ver\u00edm, \u017ee toto leto bude pekn\u00e9 a \u017ee n\u00e1s \u010dak\u00e1 e\u0161te ve\u013ea tak\u00fdchto kr\u00e1snych prech\u00e1dzok.<\/p>\n<p style=\"text-align: right;\"><em>Text a foto:<\/em> \u013d.Franko<\/p>\n<p style=\"text-align: right;\"><em>Video:<\/em> \u013d.Franko, M.Kamodyov\u00e1<\/p>\n<div id=\"attachment_173\" style=\"width: 270px\" class=\"wp-caption aligncenter\"><a href=\"http:\/\/www.cykloklubpodbiel.sk\/wp-content\/gallery\/14\/rakon\/index.html\"><img aria-describedby=\"caption-attachment-173\" loading=\"lazy\" class=\"size-medium wp-image-173\" title=\"Pozri fotogal\u00e9riu\" alt=\"Oravice\" src=\"http:\/\/www.cykloklubpodbiel.sk\/wp-content\/uploads\/2014\/06\/galeriarakon.jpg\" width=\"260\" height=\"173\" \/><\/a><p id=\"caption-attachment-173\" class=\"wp-caption-text\">Pozri fotogal\u00e9riu<\/p><\/div>\n<div class=\"\"><iframe width=\"500\" height=\"281\" src=\"http:\/\/www.youtube.com\/embed\/videoseries?list=UUwMnNUrnW7raUJkztB-oOvQ\" frameborder=\"0\" allowfullscreen><\/iframe><\/div>\n","protected":false},"excerpt":{"rendered":"<p>V\u00a0nede\u013eu 22.j\u00fana 2014 sme spolu s ni\u017enianskymi turistami absolvovali v\u00fdstup na R\u00e1ko\u0148, kde si uctili pamiatku L.Totha, ktor\u00fd zahynul v Roh\u00e1\u010doch. Za\u010diatok trasy viedol po ceste a\u017e na \u0164atliakovu chatu, kde sme nezabudli ani na \u0164atliakove jazero. Sprev\u00e1dzal n\u00e1s aj \u0161tvornoh\u00fd mil\u00e1\u010dik \u010ciko, ktor\u00fd n\u00e1m pri chate predviedol nev\u00eddan\u00e9 k\u00fasky. Pokra\u010dovali sme do sedla Z\u00e1bra\u010f, [&hellip;]<\/p>\n","protected":false},"author":1,"featured_media":0,"parent":5280,"menu_order":26,"comment_status":"open","ping_status":"closed","template":"","meta":{"advgb_blocks_editor_width":"","advgb_blocks_columns_visual_guide":"","ngg_post_thumbnail":0},"coauthors":[],"author_meta":{"author_link":"https:\/\/www.cykloklubpodbiel.sk\/?author=1","display_name":"\u013dubom\u00edr Franko"},"relative_dates":{"created":"Posted 12 years ago","modified":"Updated 12 years ago"},"absolute_dates":{"created":"Posted on 3. J\u00fal 2014","modified":"Updated on 7. J\u00fal 2014"},"absolute_dates_time":{"created":"Posted on 3. J\u00fal 2014 20:00","modified":"Updated on 7. J\u00fal 2014 17:04"},"featured_img_caption":"","featured_img":false,"series_order":"","_links":{"self":[{"href":"https:\/\/www.cykloklubpodbiel.sk\/index.php?rest_route=\/wp\/v2\/pages\/5697"}],"collection":[{"href":"https:\/\/www.cykloklubpodbiel.sk\/index.php?rest_route=\/wp\/v2\/pages"}],"about":[{"href":"https:\/\/www.cykloklubpodbiel.sk\/index.php?rest_route=\/wp\/v2\/types\/page"}],"author":[{"embeddable":true,"href":"https:\/\/www.cykloklubpodbiel.sk\/index.php?rest_route=\/wp\/v2\/users\/1"}],"replies":[{"embeddable":true,"href":"https:\/\/www.cykloklubpodbiel.sk\/index.php?rest_route=%2Fwp%2Fv2%2Fcomments&post=5697"}],"version-history":[{"count":6,"href":"https:\/\/www.cykloklubpodbiel.sk\/index.php?rest_route=\/wp\/v2\/pages\/5697\/revisions"}],"predecessor-version":[{"id":5705,"href":"https:\/\/www.cykloklubpodbiel.sk\/index.php?rest_route=\/wp\/v2\/pages\/5697\/revisions\/5705"}],"up":[{"embeddable":true,"href":"https:\/\/www.cykloklubpodbiel.sk\/index.php?rest_route=\/wp\/v2\/pages\/5280"}],"wp:attachment":[{"href":"https:\/\/www.cykloklubpodbiel.sk\/index.php?rest_route=%2Fwp%2Fv2%2Fmedia&parent=5697"}],"curies":[{"name":"wp","href":"https:\/\/api.w.org\/{rel}","templated":true}]}}