{"id":5575,"date":"2014-04-23T14:51:04","date_gmt":"2014-04-23T13:51:04","guid":{"rendered":"http:\/\/www.cykloklubpodbiel.sk\/?page_id=5575"},"modified":"2014-04-23T15:55:41","modified_gmt":"2014-04-23T14:55:41","slug":"vystup-na-petrovku","status":"publish","type":"page","link":"https:\/\/www.cykloklubpodbiel.sk\/?page_id=5575","title":{"rendered":"v\u00fdstup na Petrovku"},"content":{"rendered":"<div id=\"attachment_243\" style=\"width: 565px\" class=\"wp-caption aligncenter\"><a href=\"http:\/\/www.cykloklubpodbiel.sk\/wp-content\/uploads\/2014\/04\/panopetrovka.jpg\"><img aria-describedby=\"caption-attachment-243\" loading=\"lazy\" class=\"size-medium wp-image-243\" title=\"Klikni pre zv\u00e4\u010d\u0161enie\" alt=\"Petrovka\" src=\"http:\/\/www.cykloklubpodbiel.sk\/wp-content\/uploads\/2014\/04\/t_panopetrovka.jpg\" width=\"555\" height=\"243\" \/><\/a><p id=\"caption-attachment-243\" class=\"wp-caption-text\">Milan, Marcela a Pe\u0165a st\u00fapaj\u00fa na Petrovku<\/p><\/div>\n<p><strong>V<\/strong>\u00a0nede\u013eu <span style=\"color: #ff0000;\"><strong>13.apr\u00edla 2014 <\/strong><\/span> sa na Lentilkovej ulici za\u010dala tvori\u0165 skupinka \u013eud\u00ed. Bola to skupinka nad\u0161encov turistiky a kr\u00e1snych prech\u00e1dzok, tento raz bol n\u00e1\u0161 smer na Petrovku. Uzbierala sa n\u00e1s skvel\u00e1 a vesel\u00e1 parti\u010dka 12 \u013eud\u00ed a nech\u00fdbali ani \u0161tvornoh\u00fd kamar\u00e1ti \u010ciko a Toby. Z Lentilkovej sme si to namierili ku \u010cervenej skale a okolo vodop\u00e1du sme nabrali smer Petrovka. Rezk\u00fdm tempom sme vyst\u00fapali na l\u00faku Za Lu\u010divn\u00fdm, tu sme si dali mal\u00fd oddych a ob\u010derstvenie. Pomaly sme pokra\u010dovali na Petrovku. Cestou sme sa kochali v\u00fdh\u013eadmi na okolit\u00e9 obce a pohoria, ktor\u00e9 sa n\u00e1m ukazovali. Po\u010dasie bolo pr\u00edjemne a slnie\u010dko n\u00e1s nab\u00edjalo svojou energiou. Pred Petrovkou n\u00e1s prekvapil dym, ktor\u00fd sa \u0161\u00edril od pr\u00edstre\u0161ku Petrovka. Nevedeli sme \u010do sa deje, no ke\u010f sme dorazili k pr\u00edstre\u0161ku, z\u00e1hadu sme r\u00fdchlo vyrie\u0161ili. To u\u017e horel ohn\u00edk, ktor\u00fd pre n\u00e1s pripravil Igor. Ten n\u00e1s toti\u017e predbehol po ceste na bicykli. Veselo sme sa zv\u00edtali a ka\u017ed\u00fd u\u017e lovil vo svojich batohoch dobroty, ktor\u00e9 sme si pripravili na ohn\u00edku. Zjedli sme na\u0161e poch\u00fa\u0165ky, podebatovali sme a po v\u00fddatnom oddychu sme sa pripravili na spiato\u010dn\u00fa cestu. Vracali sme sa po l\u00fa\u010dkach smerom ku po\u013eovn\u00edckej chate. Pri ceste sp\u00e4\u0165 sme sa dozvedeli nem\u00e1lo vec\u00ed o na\u0161om chot\u00e1ri. Bol s nami kamar\u00e1t Mi\u0148o, ktor\u00fd je po\u013eovn\u00edkom a tak n\u00e1m porozpr\u00e1val, kde sa vyskytuje ak\u00e1 zver, a ktor\u00e1 l\u00fa\u010dka ako sa vol\u00e1. Takto na\u010derpan\u00ed nov\u00fdch zauj\u00edmavosti sme pri\u0161li ku po\u013eovn\u00edckej chate, m\u00e1li\u010dko sme si odd\u00fdchli a po ceste sme sa vr\u00e1tili sp\u00e4\u0165 do na\u0161ej dedinky Podbiel. Bola to pr\u00edjemn\u00e1 prech\u00e1dzo\u010dka s partiou skvel\u00fdch \u013eud\u00ed.<br \/>\n\u010eakujeme a dovidenia na \u010fal\u0161om stretnut\u00ed. U\u017e teraz sa te\u0161\u00edme.<\/p>\n<p><em> \/Text, foto a video: \u013d.Franko, M.Kamodyov\u00e1\/<\/em><\/p>\n<p><a href=\"http:\/\/www.sports-tracker.com\/#\/workout\/lubofranko\/ctmv1er6tmvqcmng\"><span style=\"color: #0000ff;\"><strong>Mapa a profil prechodu<\/strong><\/span><\/a><\/p>\n<div id=\"attachment_173\" style=\"width: 270px\" class=\"wp-caption aligncenter\"><a href=\"http:\/\/www.cykloklubpodbiel.sk\/wp-content\/gallery\/14\/petrovka\/index.html\"><img aria-describedby=\"caption-attachment-173\" loading=\"lazy\" class=\"size-medium wp-image-173\" title=\"Pozri fotogal\u00e9riu\" alt=\"Petrovka\" src=\"http:\/\/www.cykloklubpodbiel.sk\/wp-content\/uploads\/2014\/04\/galeriapetrovka.jpg\" width=\"260\" height=\"173\" \/><\/a><p id=\"caption-attachment-173\" class=\"wp-caption-text\">Pozri fotogal\u00e9riu<\/p><\/div>\n<div class=\"\"><iframe width=\"500\" height=\"281\" src=\"http:\/\/www.youtube.com\/embed\/1dJblYzSNyE?feature=oembed\" frameborder=\"0\" allowfullscreen><\/iframe><\/div>\n<p><\/br><br \/>\n<span style=\"color: #0000ff;\"><strong>Typ na cyklot\u00faru: \u00a0<a href=\"http:\/\/www.sports-tracker.com\/#\/workout\/lubofranko\/1631hnu2p53nkmdj\"><span style=\"color: #ff6600;\">Podbiel &#8211; Chlebnice &#8211; V.Borov\u00e9 &#8211; Oblazy &#8211; Huty &#8211; Zuberec &#8211; Podbiel<\/span><\/a><\/strong><\/span><\/p>\n","protected":false},"excerpt":{"rendered":"<p>V\u00a0nede\u013eu 13.apr\u00edla 2014 sa na Lentilkovej ulici za\u010dala tvori\u0165 skupinka \u013eud\u00ed. Bola to skupinka nad\u0161encov turistiky a kr\u00e1snych prech\u00e1dzok, tento raz bol n\u00e1\u0161 smer na Petrovku. Uzbierala sa n\u00e1s skvel\u00e1 a vesel\u00e1 parti\u010dka 12 \u013eud\u00ed a nech\u00fdbali ani \u0161tvornoh\u00fd kamar\u00e1ti \u010ciko a Toby. Z Lentilkovej sme si to namierili ku \u010cervenej skale a okolo vodop\u00e1du [&hellip;]<\/p>\n","protected":false},"author":1,"featured_media":0,"parent":5280,"menu_order":38,"comment_status":"open","ping_status":"closed","template":"","meta":{"advgb_blocks_editor_width":"","advgb_blocks_columns_visual_guide":"","ngg_post_thumbnail":0},"coauthors":[],"author_meta":{"author_link":"https:\/\/www.cykloklubpodbiel.sk\/?author=1","display_name":"\u013dubom\u00edr Franko"},"relative_dates":{"created":"Posted 12 years ago","modified":"Updated 12 years ago"},"absolute_dates":{"created":"Posted on 23. Apr\u00edl 2014","modified":"Updated on 23. Apr\u00edl 2014"},"absolute_dates_time":{"created":"Posted on 23. Apr\u00edl 2014 14:51","modified":"Updated on 23. Apr\u00edl 2014 15:55"},"featured_img_caption":"","featured_img":false,"series_order":"","_links":{"self":[{"href":"https:\/\/www.cykloklubpodbiel.sk\/index.php?rest_route=\/wp\/v2\/pages\/5575"}],"collection":[{"href":"https:\/\/www.cykloklubpodbiel.sk\/index.php?rest_route=\/wp\/v2\/pages"}],"about":[{"href":"https:\/\/www.cykloklubpodbiel.sk\/index.php?rest_route=\/wp\/v2\/types\/page"}],"author":[{"embeddable":true,"href":"https:\/\/www.cykloklubpodbiel.sk\/index.php?rest_route=\/wp\/v2\/users\/1"}],"replies":[{"embeddable":true,"href":"https:\/\/www.cykloklubpodbiel.sk\/index.php?rest_route=%2Fwp%2Fv2%2Fcomments&post=5575"}],"version-history":[{"count":16,"href":"https:\/\/www.cykloklubpodbiel.sk\/index.php?rest_route=\/wp\/v2\/pages\/5575\/revisions"}],"predecessor-version":[{"id":5592,"href":"https:\/\/www.cykloklubpodbiel.sk\/index.php?rest_route=\/wp\/v2\/pages\/5575\/revisions\/5592"}],"up":[{"embeddable":true,"href":"https:\/\/www.cykloklubpodbiel.sk\/index.php?rest_route=\/wp\/v2\/pages\/5280"}],"wp:attachment":[{"href":"https:\/\/www.cykloklubpodbiel.sk\/index.php?rest_route=%2Fwp%2Fv2%2Fmedia&parent=5575"}],"curies":[{"name":"wp","href":"https:\/\/api.w.org\/{rel}","templated":true}]}}