{"id":5491,"date":"2014-02-16T08:19:07","date_gmt":"2014-02-16T07:19:07","guid":{"rendered":"http:\/\/www.cykloklubpodbiel.sk\/?page_id=5491"},"modified":"2014-02-16T14:19:40","modified_gmt":"2014-02-16T13:19:40","slug":"8-rocnik-zakamenskym-grunom","status":"publish","type":"page","link":"https:\/\/www.cykloklubpodbiel.sk\/?page_id=5491","title":{"rendered":"8.ro\u010dn\u00edk Z\u00e1kamensk\u00fdm gr\u00fa\u0148om"},"content":{"rendered":"<div id=\"attachment_177\" style=\"width: 565px\" class=\"wp-caption aligncenter\"><a href=\"http:\/\/www.cykloklubpodbiel.sk\/wp-content\/uploads\/2014\/02\/panozakamenne4.jpg\"><img aria-describedby=\"caption-attachment-177\" loading=\"lazy\" class=\"size-medium wp-image-177\" title=\"Poh\u013ead z vyhliadky na po\u013esk\u00fa stranu z \u00da\u0161ustu\" alt=\"Zakamenne\" src=\"http:\/\/www.cykloklubpodbiel.sk\/wp-content\/uploads\/2014\/02\/t_panozakamenne4.jpg\" width=\"555\" height=\"177\" \/><\/a><p id=\"caption-attachment-177\" class=\"wp-caption-text\">Poh\u013ead z vyhliadky na po\u013esk\u00fa stranu z \u00da\u0161ustu<\/p><\/div>\n<p><strong>V<\/strong>\u00a0sobotu <span style=\"color: #ff0000;\"><strong>15.febru\u00e1ra 2014 <\/strong><\/span>sme sa vybrali na 8.ro\u010dn\u00edk prechodu Z\u00e1kamensk\u00fdm gr\u00fa\u0148om. K\u00fdm v Podbieli nebolo po snehu ani slychu, verili sme, \u017ee v Z\u00e1kamennom to bude in\u00e9 a snehu bude dostatok. Pri prezent\u00e1cii n\u00e1m organiz\u00e1tori potvrdili, \u017ee na takmer 80%-t\u00e1ch 24 km trate je dostatok snehu. To n\u00e1s pote\u0161ilo. Po\u010das st\u00fapania ku kalv\u00e1rii sa n\u00e1m naskytovali kr\u00e1sne v\u00fdh\u013eady, no museli sme \u00eds\u0165 pe\u0161o. No na najbli\u017e\u0161ej l\u00fake sme sme si u\u017e pripli ly\u017ee a tak sme sa mohli \u013eah\u0161ie k\u013aza\u0165 po snehu a obdivova\u0165 scen\u00e9riu cel\u00e9ho hrebe\u0148a Vysok\u00fdch Tatier. Po\u010das trasy sme zis\u0165ovali aj stav olympijsk\u00e9ho z\u00e1pasu Slovensko-Slovinsko. K\u00fdm na kopci pri malom ob\u010derstven\u00ed bolo e\u0161te 0:0, hne\u010f po nasleduj\u00facom kr\u00e1tkom zjazde bolo z dia\u013eky po\u010du\u0165 v\u00fdkriky, \u017ee u\u017e prehr\u00e1vame 0:2, \u010do n\u00e1m bolo len ve\u013emi \u0165a\u017eko uveri\u0165. Po\u010das trasy sme stretali mno\u017estvo pe\u0161\u00edch turistov, hlavne mlad\u00fdch, ktor\u00ed si takto spr\u00edjem\u0148ovali sobotu. Po\u010dasie bolo kr\u00e1sne, vidite\u013enos\u0165 v\u00fdborn\u00e1, vietor len slab\u00fd a teplota slabo nad nulou. Po kr\u00e1tkych st\u00fapaniach a zjazdoch sme sa dostali na ob\u010derstvenie, kde sme sa u\u017e te\u0161ili na chutn\u00fa klob\u00e1sku a tepl\u00fd \u010daj s citr\u00f3nom. A organiz\u00e1tori n\u00e1s op\u00e4\u0165 nesklamali, klob\u00e1ska bola v\u00fdborn\u00e1. Po kr\u00e1tkom oddychu sme sa tu rozdelili. \u013dubo s Dodom pokra\u010dovali na najvy\u0161\u0161\u00ed pod prechodu \u00da\u0161ust (1 156 m n.m.), ktor\u00fd je na hranici s Po\u013eskom. Vilo s Ivanom sa vybrali po ceste smerom sp\u00e4\u0165 do Z\u00e1kamenn\u00e9ho. St\u00fapanie na vrchol \u00da\u0161ustu bolo ve\u013emi strm\u00e9 a dos\u0165 n\u00e1ro\u010dn\u00e9. Sneh bol mokr\u00fd, lepil sa na ly\u017ee, ktor\u00e9 boli o nieko\u013eko k\u00edl \u0165a\u017e\u0161ie. No ale aspo\u0148 sa ne\u0161m\u00fdkalo. Odmenou po prvom st\u00fapan\u00ed bol n\u00e1dhern\u00fd v\u00fdh\u013ead na okolit\u00e9 zasne\u017een\u00e9 kopce o ktor\u00e9 sa opieralo u\u017e dos\u0165 intenz\u00edvne slnko. No \u010dakalo n\u00e1s e\u0161te jedno n\u00e1ro\u010dn\u00e9 st\u00fapanie na najvy\u0161\u0161\u00ed bod ku kr\u00ed\u017eu. Je tu kr\u00e1sna vyhliadka, odkia\u013e je kr\u00e1sny v\u00fdh\u013ead na po\u013esk\u00fa stranu. Najn\u00e1ro\u010dnej\u0161\u00ed zjazd pomedzi stromy z \u00da\u0161ustu sme i\u0161li pe\u0161o, nako\u013eko nebolo dos\u0165 snehu. Postupne sme sa po lesnej ceste, cez les\u00edk a po l\u00fakach dostali a\u017e nad obec Z\u00e1kamenn\u00e9, kde n\u00e1s \u010dakali na\u0161i par\u0165\u00e1ci Vilo s Ivanom. Spolo\u010dne sme \u0161\u0165astlivo do\u0161li a\u017e do kult\u00farneho domu, kde n\u00e1s \u010dakal chutn\u00fd gul\u00e1\u0161, korb\u00e1\u010diky a talizman na pamiatku. Atmosf\u00e9ru v\u0161etk\u00fdm spr\u00edjem\u0148oval miestny harmonik\u00e1r.<\/p>\n<p><em> \/Text, foto a video: \u013d.Franko\/<\/em><\/p>\n<div id=\"attachment_353\" style=\"width: 565px\" class=\"wp-caption aligncenter\"><a href=\"http:\/\/www.cykloklubpodbiel.sk\/wp-content\/uploads\/2014\/02\/zakamenne.kmz\"><img aria-describedby=\"caption-attachment-353\" loading=\"lazy\" class=\"size-medium wp-image-353\" title=\"Klikni na zobrazenie v GOOGLE MAP\" src=\"http:\/\/www.cykloklubpodbiel.sk\/wp-content\/uploads\/2014\/02\/mapa_zakamenne.jpg\" alt=\"Zakamenne\" width=\"555\" height=\"353\" \/><\/a><p id=\"caption-attachment-353\" class=\"wp-caption-text\">Mapa prechodu<\/p><\/div>\n<div id=\"attachment_193\" style=\"width: 565px\" class=\"wp-caption aligncenter\"><a href=\"http:\/\/www.cykloklubpodbiel.sk\/wp-content\/uploads\/2014\/02\/relief_zakamenne.jpg\"><img aria-describedby=\"caption-attachment-193\" loading=\"lazy\" class=\"size-medium wp-image-193\" title=\"Klikni pre zv\u00e4\u010d\u0161enie\" src=\"http:\/\/www.cykloklubpodbiel.sk\/wp-content\/uploads\/2014\/02\/t_relief_zakamenne.jpg\" alt=\"Zakamenne\" width=\"555\" height=\"193\" \/><\/a><p id=\"caption-attachment-193\" class=\"wp-caption-text\">Reli\u00e9f prechodu<\/p><\/div>\n<div id=\"attachment_114\" style=\"width: 565px\" class=\"wp-caption aligncenter\"><a href=\"http:\/\/www.cykloklubpodbiel.sk\/wp-content\/uploads\/2014\/02\/panozakamenne3.jpg\"><img aria-describedby=\"caption-attachment-114\" loading=\"lazy\" class=\"size-medium wp-image-114\" title=\"Panor\u00e1ma na \u00fa\u010dastn\u00edkov prechodu pri ob\u010derstven\u00ed\" alt=\"Zakamenne\" src=\"http:\/\/www.cykloklubpodbiel.sk\/wp-content\/uploads\/2014\/02\/t_panozakamenne3.jpg\" width=\"555\" height=\"114\" \/><\/a><p id=\"caption-attachment-114\" class=\"wp-caption-text\">Panor\u00e1ma na \u00fa\u010dastn\u00edkov prechodu pri ob\u010derstven\u00ed<\/p><\/div>\n<div id=\"attachment_131\" style=\"width: 565px\" class=\"wp-caption aligncenter\"><a href=\"http:\/\/www.cykloklubpodbiel.sk\/wp-content\/uploads\/2014\/02\/panozakamenne5.jpg\"><img aria-describedby=\"caption-attachment-131\" loading=\"lazy\" class=\"size-medium wp-image-131\" title=\"Panor\u00e1ma na obec Z\u00e1kamenn\u00e9 po\u010das n\u00e1vratu z trasy\" alt=\"Zakamenne\" src=\"http:\/\/www.cykloklubpodbiel.sk\/wp-content\/uploads\/2014\/02\/t_panozakamenne5.jpg\" width=\"555\" height=\"131\" \/><\/a><p id=\"caption-attachment-131\" class=\"wp-caption-text\">Panor\u00e1ma na obec Z\u00e1kamenn\u00e9 po\u010das n\u00e1vratu z trasy<\/p><\/div>\n<div id=\"attachment_146\" style=\"width: 565px\" class=\"wp-caption aligncenter\"><a href=\"http:\/\/www.cykloklubpodbiel.sk\/wp-content\/uploads\/2014\/02\/panozakamenne.jpg\"><img aria-describedby=\"caption-attachment-146\" loading=\"lazy\" class=\"size-medium wp-image-146\" title=\"Poh\u013ead na tra\u0165 po\u010das prechodu\" alt=\"Zakamenne\" src=\"http:\/\/www.cykloklubpodbiel.sk\/wp-content\/uploads\/2014\/02\/t_panozakamenne.jpg\" width=\"555\" height=\"146\" \/><\/a><p id=\"caption-attachment-146\" class=\"wp-caption-text\">Poh\u013ead na tra\u0165 po\u010das prechodu<\/p><\/div>\n<div id=\"attachment_173\" style=\"width: 270px\" class=\"wp-caption aligncenter\"><a href=\"http:\/\/www.cykloklubpodbiel.sk\/wp-content\/gallery\/14\/zakamenne\/index.html\"><img aria-describedby=\"caption-attachment-173\" loading=\"lazy\" class=\"size-medium wp-image-173\" title=\"Pozri fotogal\u00e9riu\" alt=\"Zakamenne\" src=\"http:\/\/www.cykloklubpodbiel.sk\/wp-content\/uploads\/2014\/02\/galeriazakamenne.jpg\" width=\"260\" height=\"173\" \/><\/a><p id=\"caption-attachment-173\" class=\"wp-caption-text\">Pozri fotogal\u00e9riu<\/p><\/div>\n<div class=\"\"><iframe width=\"500\" height=\"281\" src=\"http:\/\/www.youtube.com\/embed\/yFzRErkRsI8?feature=oembed\" frameborder=\"0\" allowfullscreen><\/iframe><\/div>\n","protected":false},"excerpt":{"rendered":"<p>V\u00a0sobotu 15.febru\u00e1ra 2014 sme sa vybrali na 8.ro\u010dn\u00edk prechodu Z\u00e1kamensk\u00fdm gr\u00fa\u0148om. K\u00fdm v Podbieli nebolo po snehu ani slychu, verili sme, \u017ee v Z\u00e1kamennom to bude in\u00e9 a snehu bude dostatok. Pri prezent\u00e1cii n\u00e1m organiz\u00e1tori potvrdili, \u017ee na takmer 80%-t\u00e1ch 24 km trate je dostatok snehu. To n\u00e1s pote\u0161ilo. Po\u010das st\u00fapania ku kalv\u00e1rii sa n\u00e1m [&hellip;]<\/p>\n","protected":false},"author":1,"featured_media":0,"parent":5280,"menu_order":42,"comment_status":"open","ping_status":"closed","template":"","meta":{"advgb_blocks_editor_width":"","advgb_blocks_columns_visual_guide":"","ngg_post_thumbnail":0},"coauthors":[],"author_meta":{"author_link":"https:\/\/www.cykloklubpodbiel.sk\/?author=1","display_name":"\u013dubom\u00edr Franko"},"relative_dates":{"created":"Posted 12 years ago","modified":"Updated 12 years ago"},"absolute_dates":{"created":"Posted on 16. Febru\u00e1r 2014","modified":"Updated on 16. Febru\u00e1r 2014"},"absolute_dates_time":{"created":"Posted on 16. Febru\u00e1r 2014 8:19","modified":"Updated on 16. Febru\u00e1r 2014 14:19"},"featured_img_caption":"","featured_img":false,"series_order":"","_links":{"self":[{"href":"https:\/\/www.cykloklubpodbiel.sk\/index.php?rest_route=\/wp\/v2\/pages\/5491"}],"collection":[{"href":"https:\/\/www.cykloklubpodbiel.sk\/index.php?rest_route=\/wp\/v2\/pages"}],"about":[{"href":"https:\/\/www.cykloklubpodbiel.sk\/index.php?rest_route=\/wp\/v2\/types\/page"}],"author":[{"embeddable":true,"href":"https:\/\/www.cykloklubpodbiel.sk\/index.php?rest_route=\/wp\/v2\/users\/1"}],"replies":[{"embeddable":true,"href":"https:\/\/www.cykloklubpodbiel.sk\/index.php?rest_route=%2Fwp%2Fv2%2Fcomments&post=5491"}],"version-history":[{"count":10,"href":"https:\/\/www.cykloklubpodbiel.sk\/index.php?rest_route=\/wp\/v2\/pages\/5491\/revisions"}],"predecessor-version":[{"id":5504,"href":"https:\/\/www.cykloklubpodbiel.sk\/index.php?rest_route=\/wp\/v2\/pages\/5491\/revisions\/5504"}],"up":[{"embeddable":true,"href":"https:\/\/www.cykloklubpodbiel.sk\/index.php?rest_route=\/wp\/v2\/pages\/5280"}],"wp:attachment":[{"href":"https:\/\/www.cykloklubpodbiel.sk\/index.php?rest_route=%2Fwp%2Fv2%2Fmedia&parent=5491"}],"curies":[{"name":"wp","href":"https:\/\/api.w.org\/{rel}","templated":true}]}}