{"id":5257,"date":"2014-01-01T14:45:39","date_gmt":"2014-01-01T13:45:39","guid":{"rendered":"http:\/\/www.cykloklubpodbiel.sk\/?page_id=5257"},"modified":"2014-01-01T16:46:17","modified_gmt":"2014-01-01T15:46:17","slug":"silvestrovska-kapustnica","status":"publish","type":"page","link":"https:\/\/www.cykloklubpodbiel.sk\/?page_id=5257","title":{"rendered":"Silvestrovsk\u00e1 kapustnica"},"content":{"rendered":"<div id=\"attachment_136\" style=\"width: 565px\" class=\"wp-caption aligncenter\"><a href=\"http:\/\/www.cykloklubpodbiel.sk\/wp-content\/uploads\/2013\/12\/panokapustnica.jpg\"><img aria-describedby=\"caption-attachment-136\" loading=\"lazy\" class=\"size-medium wp-image-136\" title=\"Panor\u00e1ma na okolie a \u00fa\u010dastn\u00edkov na \u010cervenej skale\" src=\"http:\/\/www.cykloklubpodbiel.sk\/wp-content\/uploads\/2013\/12\/t_panokapustnica.jpg\" alt=\"\u010cerven\u00e1 skala\" width=\"555\" height=\"136\" \/><\/a><p id=\"caption-attachment-136\" class=\"wp-caption-text\">Panor\u00e1ma na okolie a \u00fa\u010dastn\u00edkov na \u010cervenej skale<\/p><\/div>\n<p><strong>V<\/strong> utorok <span style=\"color: #ff0000;\"><strong>31.decembra 2013<\/strong><\/span> sme sa r\u00e1no zobudili do posledn\u00e9ho d\u0148a v roku 2013. Po\u010dasie vonku v\u00f4bec nenasv\u00e4d\u010dovalo tomu, \u017ee je Silvester. Po snehu nebolo ani n\u00e1znaku, iba na vrcholoch Z\u00e1padn\u00fdch Tatier sa to trochu belelo. U\u017e r\u00e1no pred desiatou hodinou sme na \u010cervenej skale zap\u00e1lili ohe\u0148 pod kotl\u00edk, kde mal \u0161\u00e9fkuch\u00e1r Pa\u013eo ve\u013emi zodpovedn\u00fa \u00falohu. Navari\u0165 chutn\u00fa kapustnicu pre takmer 60 \u013eud\u00ed. Postupne prich\u00e1dzali prv\u00ed \u00fa\u010dastn\u00edci, ktor\u00fdch sme patri\u010dne priv\u00edtali. Niektor\u00ed doniesli aj dom\u00e1cu kapustnicu zo s\u00fadka a \u00fadeninku k tomu. Spestrenie hlavne pre deti bol statn\u00fd kon\u00edk, ktor\u00fd priviezol na skalu dve deti. Bolo sa veru na \u010do pozera\u0165. Pozvanie neodmietol ani n\u00e1\u0161 harmonik\u00e1r Jaro, ktor\u00fd zab\u00e1val hudbou a spevom v\u0161etk\u00fdch \u00fa\u010dastn\u00edkov. Presne na obed bola kapustnica hotov\u00e1 a tak sme pozvali na obed v\u0161etk\u00fdch pr\u00edtomn\u00fdch. Bola rados\u0165 pozera\u0165 ako v\u0161etk\u00fdm chut\u00ed. Niektor\u00ed si e\u0161te dali pr\u00edlohu, ope\u010den\u00fa klob\u00e1sku na ohni. Pomaly sa tu zi\u0161li \u00fa\u010dastn\u00edci nielen z Podbiela, Ni\u017enej, Trstenej a Tvrdo\u0161\u00edna, ale aj \u010fal\u0161\u00ed turisti zo Slovenska. Odmenou pre v\u0161etk\u00fdch bol kr\u00e1sny v\u00fdh\u013ead na obec Podbiel, kde u\u017e od r\u00e1na prebiehala obecn\u00e1 zab\u00edja\u010dka. Na z\u00e1ver sme si urobili spolo\u010dn\u00e9 foto, zaspievali si a presunuli sa do obce na zab\u00edja\u010dku. <\/p>\n<p><em> \/Text a foto: \u013d.Franko\/<\/em><\/p>\n<div id=\"attachment_173\" style=\"width: 270px\" class=\"wp-caption aligncenter\"><a href=\"http:\/\/www.cykloklubpodbiel.sk\/wp-content\/gallery\/13\/kapustnica\/index.html\"><img aria-describedby=\"caption-attachment-173\" loading=\"lazy\" class=\"size-medium wp-image-173\" title=\"Pozri fotogal\u00e9riu\" src=\"http:\/\/www.cykloklubpodbiel.sk\/wp-content\/uploads\/2013\/12\/t_galeriakapustnica.jpg\" alt=\"\u010cerven\u00e1 skala\" width=\"260\" height=\"173\" \/><\/a><p id=\"caption-attachment-173\" class=\"wp-caption-text\">Pozri fotogal\u00e9riu<\/p><\/div>\n","protected":false},"excerpt":{"rendered":"<p>V utorok 31.decembra 2013 sme sa r\u00e1no zobudili do posledn\u00e9ho d\u0148a v roku 2013. Po\u010dasie vonku v\u00f4bec nenasv\u00e4d\u010dovalo tomu, \u017ee je Silvester. Po snehu nebolo ani n\u00e1znaku, iba na vrcholoch Z\u00e1padn\u00fdch Tatier sa to trochu belelo. U\u017e r\u00e1no pred desiatou hodinou sme na \u010cervenej skale zap\u00e1lili ohe\u0148 pod kotl\u00edk, kde mal \u0161\u00e9fkuch\u00e1r Pa\u013eo ve\u013emi zodpovedn\u00fa [&hellip;]<\/p>\n","protected":false},"author":1,"featured_media":0,"parent":4377,"menu_order":1,"comment_status":"open","ping_status":"closed","template":"","meta":{"advgb_blocks_editor_width":"","advgb_blocks_columns_visual_guide":"","ngg_post_thumbnail":0},"coauthors":[],"author_meta":{"author_link":"https:\/\/www.cykloklubpodbiel.sk\/?author=1","display_name":"\u013dubom\u00edr Franko"},"relative_dates":{"created":"Posted 12 years ago","modified":"Updated 12 years ago"},"absolute_dates":{"created":"Posted on 1. Janu\u00e1r 2014","modified":"Updated on 1. Janu\u00e1r 2014"},"absolute_dates_time":{"created":"Posted on 1. Janu\u00e1r 2014 14:45","modified":"Updated on 1. Janu\u00e1r 2014 16:46"},"featured_img_caption":"","featured_img":false,"series_order":"","_links":{"self":[{"href":"https:\/\/www.cykloklubpodbiel.sk\/index.php?rest_route=\/wp\/v2\/pages\/5257"}],"collection":[{"href":"https:\/\/www.cykloklubpodbiel.sk\/index.php?rest_route=\/wp\/v2\/pages"}],"about":[{"href":"https:\/\/www.cykloklubpodbiel.sk\/index.php?rest_route=\/wp\/v2\/types\/page"}],"author":[{"embeddable":true,"href":"https:\/\/www.cykloklubpodbiel.sk\/index.php?rest_route=\/wp\/v2\/users\/1"}],"replies":[{"embeddable":true,"href":"https:\/\/www.cykloklubpodbiel.sk\/index.php?rest_route=%2Fwp%2Fv2%2Fcomments&post=5257"}],"version-history":[{"count":4,"href":"https:\/\/www.cykloklubpodbiel.sk\/index.php?rest_route=\/wp\/v2\/pages\/5257\/revisions"}],"predecessor-version":[{"id":5265,"href":"https:\/\/www.cykloklubpodbiel.sk\/index.php?rest_route=\/wp\/v2\/pages\/5257\/revisions\/5265"}],"up":[{"embeddable":true,"href":"https:\/\/www.cykloklubpodbiel.sk\/index.php?rest_route=\/wp\/v2\/pages\/4377"}],"wp:attachment":[{"href":"https:\/\/www.cykloklubpodbiel.sk\/index.php?rest_route=%2Fwp%2Fv2%2Fmedia&parent=5257"}],"curies":[{"name":"wp","href":"https:\/\/api.w.org\/{rel}","templated":true}]}}