{"id":5195,"date":"2013-12-22T19:29:04","date_gmt":"2013-12-22T18:29:04","guid":{"rendered":"http:\/\/www.cykloklubpodbiel.sk\/?page_id=5195"},"modified":"2013-12-23T22:50:17","modified_gmt":"2013-12-23T21:50:17","slug":"bezkami-na-tatliakovu-chatu","status":"publish","type":"page","link":"https:\/\/www.cykloklubpodbiel.sk\/?page_id=5195","title":{"rendered":"be\u017ekami na \u0164atliakovu chatu"},"content":{"rendered":"<div id=\"attachment_190\" style=\"width: 565px\" class=\"wp-caption aligncenter\"><a href=\"http:\/\/www.cykloklubpodbiel.sk\/wp-content\/uploads\/2013\/12\/panotatliakovachata.jpg\"><img aria-describedby=\"caption-attachment-190\" loading=\"lazy\" class=\"size-medium wp-image-190\" title=\"Panor\u00e1ma na hrebe\u0148 Volovca, Ostr\u00e9ho Roh\u00e1\u010da a Pla\u010dliv\u00e9ho\" src=\"http:\/\/www.cykloklubpodbiel.sk\/wp-content\/uploads\/2013\/12\/t_panotatliakovachata.jpg\" alt=\"\u0164atliakova chata\" width=\"555\" height=\"190\" \/><\/a><p id=\"caption-attachment-190\" class=\"wp-caption-text\">Panor\u00e1ma na hrebe\u0148 Volovca, Ostr\u00e9ho Roh\u00e1\u010da a Pla\u010dliv\u00e9ho<\/p><\/div>\n<p><strong>V<\/strong> nede\u013eu <span style=\"color: #ff0000;\"><strong>22.decembra 2013<\/strong><\/span> sme v kr\u00e1snom slne\u010dnom po\u010das\u00ed absolvovali na be\u017ek\u00e1ch tra\u0165 Zuberec &#8211; Zverovka &#8211; \u0164atliakova chata a sp\u00e4\u0165 v d\u013a\u017eke 28 km. Tra\u0165 bola kr\u00e1sne upraven\u00e1, striedali sa l\u00faky, tajomn\u00e9 lesy, boli aj \u00faseky kde sa &#8220;Mr\u00e1zik&#8221; ve\u013emi sna\u017eil a pr\u00edrodu pripravil takmer ako v rozpr\u00e1vke. Po\u010das trate nech\u00fdbal ani tepl\u00fd \u010daj, ktor\u00fd n\u00e1s zohrieval. Pred Zverovkou na chate Primula sme si odd\u00fdchli a pr\u00edjemne sa naladili. Aj slnko sa na n\u00e1s za\u010dalo usmieva\u0165. Teplomer ukazoval plus 1 stupe\u0148 a my sme mohli vyrazi\u0165 k zdolaniu \u0164atliakovej chaty. Po\u010das v\u00fdstupu Roh\u00e1\u010dskou dolinou sme obdivovali okolit\u00e9 vrcholy Z\u00e1padn\u00fdch Tatier, pred nami sa vyp\u00ednal majest\u00e1tny Ostr\u00fd Roh\u00e1\u010d a Volovec. Teplota st\u00fapala, no slnko u\u017e bolo zapadnut\u00e9 za vrcholmi Roh\u00e1\u010dov. Po zdolan\u00ed \u0164atliakovej chaty n\u00e1s \u010dakal zjazd, na ktor\u00fd sme sa v\u0161etc\u00ed te\u0161ili. Be\u017eky n\u00e1m super zdr\u017eali v stope, r\u00fdchlos\u0165 sa zvy\u0161ovala, tak\u017ee sme 6 kilometrov\u00fd zjazd zvl\u00e1dli za p\u00e1r min\u00fat. Samozrejme nech\u00fdbali ani p\u00e1dy, ktor\u00e9 tro\u0161ku boleli. V\u0161etko sme si vynahradili op\u00e4\u0165 na chate Primula, kde n\u00e1m pani dom\u00e1ca pripravila obed, chutn\u00fd \u010daj a pr\u00edjemn\u00e9 posedenie. Teplomer ukazoval u\u017e plus 5 stup\u0148ov a tak odd\u00fdchnut\u00ed sme pokra\u010dovali cez Brestov\u00fa na slnkom zaliate l\u00faky nad Zubercom. Tu sme stretali be\u017ek\u00e1rov z N\u00e1mestova, Tvrdo\u0161\u00edna, ale aj z Podbiela, ktor\u00ed si pri\u0161li v kr\u00e1snom slne\u010dnom po\u010das\u00ed za\u0161portova\u0165 a odd\u00fdchnu\u0165. Takto sme \u0161\u0165astlivo dorazili sp\u00e4\u0165 do Zuberca.<\/p>\n<p><em> \/Text, foto a video: \u013d.Franko\/<\/em><\/p>\n<div id=\"attachment_173\" style=\"width: 270px\" class=\"wp-caption aligncenter\"><a href=\"http:\/\/www.cykloklubpodbiel.sk\/wp-content\/gallery\/13\/tatliakovachata\/index.html\"><img aria-describedby=\"caption-attachment-173\" loading=\"lazy\" class=\"size-medium wp-image-173\" title=\"Pozri fotogal\u00e9riu\" src=\"http:\/\/www.cykloklubpodbiel.sk\/wp-content\/uploads\/2013\/12\/t_galeriatatliakovachata.jpg\" alt=\"Podbiel\" width=\"260\" height=\"173\" \/><\/a><p id=\"caption-attachment-173\" class=\"wp-caption-text\">Pozri fotogal\u00e9riu<\/p><\/div>\n<div class=\"\"><iframe width=\"500\" height=\"281\" src=\"http:\/\/www.youtube.com\/embed\/2bob4SvsYgw?feature=oembed\" frameborder=\"0\" allowfullscreen><\/iframe><\/div>\n","protected":false},"excerpt":{"rendered":"<p>V nede\u013eu 22.decembra 2013 sme v kr\u00e1snom slne\u010dnom po\u010das\u00ed absolvovali na be\u017ek\u00e1ch tra\u0165 Zuberec &#8211; Zverovka &#8211; \u0164atliakova chata a sp\u00e4\u0165 v d\u013a\u017eke 28 km. Tra\u0165 bola kr\u00e1sne upraven\u00e1, striedali sa l\u00faky, tajomn\u00e9 lesy, boli aj \u00faseky kde sa &#8220;Mr\u00e1zik&#8221; ve\u013emi sna\u017eil a pr\u00edrodu pripravil takmer ako v rozpr\u00e1vke. Po\u010das trate nech\u00fdbal ani tepl\u00fd \u010daj, [&hellip;]<\/p>\n","protected":false},"author":1,"featured_media":0,"parent":4377,"menu_order":5,"comment_status":"open","ping_status":"closed","template":"","meta":{"advgb_blocks_editor_width":"","advgb_blocks_columns_visual_guide":"","ngg_post_thumbnail":0},"coauthors":[],"author_meta":{"author_link":"https:\/\/www.cykloklubpodbiel.sk\/?author=1","display_name":"\u013dubom\u00edr Franko"},"relative_dates":{"created":"Posted 12 years ago","modified":"Updated 12 years ago"},"absolute_dates":{"created":"Posted on 22. December 2013","modified":"Updated on 23. December 2013"},"absolute_dates_time":{"created":"Posted on 22. December 2013 19:29","modified":"Updated on 23. December 2013 22:50"},"featured_img_caption":"","featured_img":false,"series_order":"","_links":{"self":[{"href":"https:\/\/www.cykloklubpodbiel.sk\/index.php?rest_route=\/wp\/v2\/pages\/5195"}],"collection":[{"href":"https:\/\/www.cykloklubpodbiel.sk\/index.php?rest_route=\/wp\/v2\/pages"}],"about":[{"href":"https:\/\/www.cykloklubpodbiel.sk\/index.php?rest_route=\/wp\/v2\/types\/page"}],"author":[{"embeddable":true,"href":"https:\/\/www.cykloklubpodbiel.sk\/index.php?rest_route=\/wp\/v2\/users\/1"}],"replies":[{"embeddable":true,"href":"https:\/\/www.cykloklubpodbiel.sk\/index.php?rest_route=%2Fwp%2Fv2%2Fcomments&post=5195"}],"version-history":[{"count":16,"href":"https:\/\/www.cykloklubpodbiel.sk\/index.php?rest_route=\/wp\/v2\/pages\/5195\/revisions"}],"predecessor-version":[{"id":5216,"href":"https:\/\/www.cykloklubpodbiel.sk\/index.php?rest_route=\/wp\/v2\/pages\/5195\/revisions\/5216"}],"up":[{"embeddable":true,"href":"https:\/\/www.cykloklubpodbiel.sk\/index.php?rest_route=\/wp\/v2\/pages\/4377"}],"wp:attachment":[{"href":"https:\/\/www.cykloklubpodbiel.sk\/index.php?rest_route=%2Fwp%2Fv2%2Fmedia&parent=5195"}],"curies":[{"name":"wp","href":"https:\/\/api.w.org\/{rel}","templated":true}]}}