{"id":509,"date":"2010-04-12T18:15:58","date_gmt":"2010-04-12T17:15:58","guid":{"rendered":"http:\/\/www.cykloklubpodbiel.sk\/?page_id=509"},"modified":"2011-02-04T11:11:05","modified_gmt":"2011-02-04T10:11:05","slug":"nizna-cervena-skala","status":"publish","type":"page","link":"https:\/\/www.cykloklubpodbiel.sk\/?page_id=509","title":{"rendered":"Ni\u017en\u00e1-\u010cerven\u00e1 skala"},"content":{"rendered":"<div class=\"mceTemp\">\n<div class=\"mceTemp\"><span style=\"font-size: x-small;\"> <\/span><\/div>\n<div id=\"attachment_150\" style=\"width: 310px\" class=\"wp-caption alignleft\"><a href=\"http:\/\/www.cykloklubpodbiel.sk\/wp-content\/uploads\/2010\/04\/cervenaskala.jpg\"><strong><img aria-describedby=\"caption-attachment-150\" loading=\"lazy\" class=\"size-medium wp-image-150\" title=\"Po\u010das t\u00fary nad Ni\u017enou\" src=\"http:\/\/www.cykloklubpodbiel.sk\/wp-content\/uploads\/2010\/04\/t_cervenaskala.jpg\" alt=\"Na\u0161e rezk\u00e9 kroky putovali po l\u00fakach\" width=\"300\" height=\"199\" \/><\/strong><\/a><p id=\"caption-attachment-150\" class=\"wp-caption-text\">Na\u0161e rezk\u00e9 kroky putovali po l\u00fakach<\/p><\/div>\n<p style=\"text-align: justify;\"><strong>V<\/strong> nede\u013eu <span style=\"color: #ff0000;\"><strong>11.apr\u00edla 2010<\/strong><\/span> sme sa vybrali na prv\u00fd jarn\u00fd turistick\u00fd v\u00fdstup Podbiel-Ni\u017en\u00e1-\u010cerven\u00e1 skala-Podbiel. P\u00f4vodne sme mali napl\u00e1novan\u00e9 zdola\u0165 aj Ostra\u017eicu, no po\u010dasie bolo ve\u013emi nepriazniv\u00e9. Bola celkovo zima, iba okolo 7 stup\u0148ov, mrholilo a f\u00fakal silnej\u0161\u00ed vietor. To sa aj odzrkadlilo na \u00fa\u010dasti, ke\u010f sme absolvovali t\u00fato trasu iba siedmi \u010dlenovia. Pe\u0161o sme sa vybrali okolo rieky Orava do Ni\u017enej, potom sme odbo\u010dili na R\u00fabanku, kde v letn\u00fdch mesiacoch prebiehaj\u00fa preteky v krose na motork\u00e1ch. Iba po prejden\u00ed nieko\u013ek\u00fdch metrov sme mali cel\u00fa obec Ni\u017en\u00e1 ako na dlani. Mrholenie neprest\u00e1valo, ale sem tam vykuklo aj slnko a \u010do bolo hlavn\u00e9, prestalo f\u00faka\u0165. Pomaly sme sa bl\u00ed\u017eili smerom do Podbiela, ku \u010cervenej skale, kde sme sa u\u017e te\u0161ili ako si nak\u00farime ohe\u0148, zohrejeme sa a nie\u010do ope\u010dieme. E\u0161te n\u00e1s \u010dakal prechod cez hust\u00fd les, kde sme si nazbierali ra\u017edie a such\u00e9 hal\u00fazky na ohe\u0148. Asi po dvoch hodin\u00e1ch sme dorazili na \u010cerven\u00fa skalu, odkia\u013e je n\u00e1dhern\u00fdn v\u00fdh\u013ead na cel\u00fd Podbiel a okolie. Tu sme nak\u00fakali, ako sa t\u00e1 na\u0161a obec rozrast\u00e1, ale sme aj rozpr\u00e1vali o tom, \u010do v\u0161etko by sa tu dalo e\u0161te vybudova\u0165 a skr\u00e1\u0161li\u0165. Popritom sme si opekali slaninu. Vilo n\u00e1s v\u0161etk\u00fdch prekvapil, ke\u010f vytiahol vzduchov\u00fa pi\u0161tol a vyhl\u00e1sil s\u00fa\u0165a\u017e o najlep\u0161ieho strelca. D\u00e1vidovi sa to najviac zap\u00e1\u010dilo a veru\u017ee \u0165a\u017eko sa mu odtia\u013e odch\u00e1dzalo. No nakoniec sme na skale urobili poriadok a pustili sa dolu kopcom smerom do dediny.<\/p>\n<\/div>\n<div id=\"attachment_184\" style=\"width: 622px\" class=\"wp-caption alignleft\"><a href=\"http:\/\/www.cykloklubpodbiel.sk\/wp-content\/uploads\/2010\/04\/panonizna.jpg\"><strong><img aria-describedby=\"caption-attachment-184\" loading=\"lazy\" class=\"size-medium wp-image-150\" title=\"Panor\u00e1ma Ni\u017enej od Lu\u010divn\u00e9ho\" src=\"http:\/\/www.cykloklubpodbiel.sk\/wp-content\/uploads\/2010\/04\/t_panonizna.jpg\" alt=\"\" width=\"612\" height=\"150\" \/><\/strong><\/a><p id=\"caption-attachment-184\" class=\"wp-caption-text\">Panor\u00e1ma Ni\u017enej od Lu\u010divn\u00e9ho<\/p><\/div>\n<div id=\"attachment_150\" style=\"width: 236px\" class=\"wp-caption alignright\"><a class=\"alignright\" title=\"L\u00e1tan\u00e1\" href=\"http:\/\/www.cykloklubpodbiel.sk\/wp-content\/gallery\/10\/nizna_cervenaskala\/nizna_cervenaskala.html\" target=\"_blank\"><img aria-describedby=\"caption-attachment-150\" loading=\"lazy\" class=\"size-full wp-image-150\" title=\"pozri fotogal\u00e9riu\" src=\"http:\/\/www.cykloklubpodbiel.sk\/wp-content\/uploads\/2010\/04\/t_galeriacskala.jpg\" border=\"6\" alt=\"Pozri fotogal\u00e9riu\" width=\"226\" height=\"150\" \/><\/a><p id=\"caption-attachment-150\" class=\"wp-caption-text\">Pozri fotogal\u00e9riu<\/p><\/div>\n","protected":false},"excerpt":{"rendered":"<p>V nede\u013eu 11.apr\u00edla 2010 sme sa vybrali na prv\u00fd jarn\u00fd turistick\u00fd v\u00fdstup Podbiel-Ni\u017en\u00e1-\u010cerven\u00e1 skala-Podbiel. P\u00f4vodne sme mali napl\u00e1novan\u00e9 zdola\u0165 aj Ostra\u017eicu, no po\u010dasie bolo ve\u013emi nepriazniv\u00e9. Bola celkovo zima, iba okolo 7 stup\u0148ov, mrholilo a f\u00fakal silnej\u0161\u00ed vietor. To sa aj odzrkadlilo na \u00fa\u010dasti, ke\u010f sme absolvovali t\u00fato trasu iba siedmi \u010dlenovia. Pe\u0161o sme sa [&hellip;]<\/p>\n","protected":false},"author":1,"featured_media":0,"parent":57,"menu_order":32,"comment_status":"open","ping_status":"closed","template":"onecolumn-page.php","meta":{"advgb_blocks_editor_width":"","advgb_blocks_columns_visual_guide":"","ngg_post_thumbnail":0},"coauthors":[],"author_meta":{"author_link":"https:\/\/www.cykloklubpodbiel.sk\/?author=1","display_name":"\u013dubom\u00edr Franko"},"relative_dates":{"created":"Posted 16 years ago","modified":"Updated 15 years ago"},"absolute_dates":{"created":"Posted on 12. Apr\u00edl 2010","modified":"Updated on 4. Febru\u00e1r 2011"},"absolute_dates_time":{"created":"Posted on 12. Apr\u00edl 2010 18:15","modified":"Updated on 4. Febru\u00e1r 2011 11:11"},"featured_img_caption":"","featured_img":false,"series_order":"","_links":{"self":[{"href":"https:\/\/www.cykloklubpodbiel.sk\/index.php?rest_route=\/wp\/v2\/pages\/509"}],"collection":[{"href":"https:\/\/www.cykloklubpodbiel.sk\/index.php?rest_route=\/wp\/v2\/pages"}],"about":[{"href":"https:\/\/www.cykloklubpodbiel.sk\/index.php?rest_route=\/wp\/v2\/types\/page"}],"author":[{"embeddable":true,"href":"https:\/\/www.cykloklubpodbiel.sk\/index.php?rest_route=\/wp\/v2\/users\/1"}],"replies":[{"embeddable":true,"href":"https:\/\/www.cykloklubpodbiel.sk\/index.php?rest_route=%2Fwp%2Fv2%2Fcomments&post=509"}],"version-history":[{"count":29,"href":"https:\/\/www.cykloklubpodbiel.sk\/index.php?rest_route=\/wp\/v2\/pages\/509\/revisions"}],"predecessor-version":[{"id":1671,"href":"https:\/\/www.cykloklubpodbiel.sk\/index.php?rest_route=\/wp\/v2\/pages\/509\/revisions\/1671"}],"up":[{"embeddable":true,"href":"https:\/\/www.cykloklubpodbiel.sk\/index.php?rest_route=\/wp\/v2\/pages\/57"}],"wp:attachment":[{"href":"https:\/\/www.cykloklubpodbiel.sk\/index.php?rest_route=%2Fwp%2Fv2%2Fmedia&parent=509"}],"curies":[{"name":"wp","href":"https:\/\/api.w.org\/{rel}","templated":true}]}}