{"id":3734,"date":"2013-03-20T22:52:39","date_gmt":"2013-03-20T21:52:39","guid":{"rendered":"http:\/\/www.cykloklubpodbiel.sk\/?page_id=3734"},"modified":"2013-03-22T22:54:07","modified_gmt":"2013-03-22T21:54:07","slug":"27-rocnik-podbielanskou-magurou","status":"publish","type":"page","link":"https:\/\/www.cykloklubpodbiel.sk\/?page_id=3734","title":{"rendered":"27.ro\u010dn\u00edk Podbielanskou Magurou"},"content":{"rendered":"<div id=\"attachment_145\" style=\"width: 565px\" class=\"wp-caption aligncenter\"><a href=\"http:\/\/www.cykloklubpodbiel.sk\/wp-content\/uploads\/2013\/02\/panomagura1.jpg\"><img aria-describedby=\"caption-attachment-145\" loading=\"lazy\" class=\"size-medium wp-image-145\" title=\"Na Petrovke pri pr\u00edstre\u0161ku vl\u00e1dla vesel\u00e1 n\u00e1lada\" src=\"http:\/\/www.cykloklubpodbiel.sk\/wp-content\/uploads\/2013\/02\/t_panomagura1.jpg\" alt=\"Podbielanskou Magurou\" width=\"555\" height=\"145\" \/><\/a><p id=\"caption-attachment-145\" class=\"wp-caption-text\">Na Petrovke pri pr\u00edstre\u0161ku vl\u00e1dla vesel\u00e1 n\u00e1lada<\/p><\/div>\n<p><span style=\"color: #000000;\"><strong>V<\/strong> sobotu <strong><span style=\"color: #ff0000;\">2.febru\u00e1ra 2013<\/span><\/strong><span style=\"color: #000000;\"> sme sa v\u00a0da\u017ediv\u00e9 r\u00e1no vybrali u\u017e na <strong>27.ro\u010dn\u00edk<\/strong> zimn\u00e9ho turistick\u00e9ho prechodu <strong>Podbielanskou Magurou.<\/strong><\/span><\/span><\/p>\n<div id=\"attachment_173\" style=\"width: 270px\" class=\"wp-caption alignleft\"><a href=\"http:\/\/www.cykloklubpodbiel.sk\/wp-content\/uploads\/2013\/02\/magura1.jpg\"><img aria-describedby=\"caption-attachment-173\" loading=\"lazy\" class=\"size-medium wp-image-173\" title=\"Zasne\u017een\u00e1 krajina po\u010das v\u00fdstupu\" src=\"http:\/\/www.cykloklubpodbiel.sk\/wp-content\/uploads\/2013\/02\/t_magura1.jpg\" alt=\"Podbielanskou Magurou\" width=\"260\" height=\"173\" \/><\/a><p id=\"caption-attachment-173\" class=\"wp-caption-text\">Zasne\u017een\u00e1 krajina po\u010das v\u00fdstupu<\/p><\/div>\n<p><span style=\"color: #000000;\">K\u00fdm prv\u00e1 partia vyrazila na tra\u0165 u\u017e zav\u010dasu r\u00e1no, druh\u00e1 partia pripravovala pohostenie pre \u00fa\u010dastn\u00edkov prechodu v\u00a0podobe chutnej kapustnice. Na prechod sa postupne aj v\u00a0nepriaznivom po\u010das\u00ed vybrala vy\u0161e stovka \u00fa\u010dastn\u00edkov. Po\u010das st\u00fapania na Petrovku r\u00e1no e\u0161te sne\u017eilo, no nesk\u00f4r sneh prech\u00e1dzal do mrholenia. Na Petrovke bol pripraven\u00fd tepl\u00fd \u010daj, sladkos\u0165 a\u00a0ohe\u0148, kde sme sa mohli zohria\u0165 a\u00a0nie\u010do chutn\u00e9 si aj opiec\u0165.<\/span><\/p>\n<div id=\"attachment_90\" style=\"width: 100px\" class=\"wp-caption alignright\"><a href=\"http:\/\/www.cykloklubpodbiel.sk\/wp-content\/uploads\/2013\/02\/logo_magura.png\"><img aria-describedby=\"caption-attachment-90\" loading=\"lazy\" class=\"size-medium wp-image-90\" title=\"Logo prechodu\" src=\"http:\/\/www.cykloklubpodbiel.sk\/wp-content\/uploads\/2013\/02\/t_logo_magura.png\" alt=\"Podbielanska Magura\" width=\"90\" height=\"90\" \/><\/a><p id=\"caption-attachment-90\" class=\"wp-caption-text\">Logo prechodu<\/p><\/div>\n<p><span style=\"color: #000000;\">Zaspievali sme si, zaspom\u00ednali a\u00a0cestou sp\u00e4\u0165 sme sa zastavili e\u0161te pri starej po\u013eovn\u00edckej chate. Ukon\u010denie prechodu bolo v\u00a0kult\u00farno-\u0161portovej hale, kde sa pod\u00e1vala chutn\u00e1 kapustnica, tepl\u00fd \u010daj a losovala sa tombola. Pri dobrej muzike sme sa e\u0161te zab\u00e1vali do neskor\u00e9ho ve\u010dera.<em> \/Text a foto: \u013dubom\u00edr Franko\/<\/em><\/span><\/p>\n<div id=\"attachment_126\" style=\"width: 565px\" class=\"wp-caption aligncenter\"><a href=\"http:\/\/www.cykloklubpodbiel.sk\/wp-content\/uploads\/2013\/02\/panomagura.jpg\"><img aria-describedby=\"caption-attachment-126\" loading=\"lazy\" class=\"size-medium wp-image-126\" title=\"Poh\u013ead na Podbiel po \u00favodnom kr\u00e1tkom st\u00fapan\u00ed Hore \u010cerven\u00fdm\" src=\"http:\/\/www.cykloklubpodbiel.sk\/wp-content\/uploads\/2013\/02\/t_panomagura.jpg\" alt=\"Podbielanskou Magurou\" width=\"555\" height=\"126\" \/><\/a><p id=\"caption-attachment-126\" class=\"wp-caption-text\">Poh\u013ead na Podbiel po \u00favodnom kr\u00e1tkom st\u00fapan\u00ed Hore \u010cerven\u00fdm<\/p><\/div>\n<div id=\"attachment_124\" style=\"width: 565px\" class=\"wp-caption aligncenter\"><a href=\"http:\/\/www.cykloklubpodbiel.sk\/wp-content\/uploads\/2013\/02\/panomagura2.jpg\"><img aria-describedby=\"caption-attachment-124\" loading=\"lazy\" class=\"size-medium wp-image-124\" title=\"Po\u010das opeka\u010dky sa diskutovalo na r\u00f4zne t\u00e9my\" src=\"http:\/\/www.cykloklubpodbiel.sk\/wp-content\/uploads\/2013\/02\/t_panomagura2.jpg\" alt=\"Podbielanskou Magurou\" width=\"555\" height=\"124\" \/><\/a><p id=\"caption-attachment-124\" class=\"wp-caption-text\">Po\u010das opeka\u010dky sa diskutovalo na r\u00f4zne t\u00e9my<\/p><\/div>\n<div id=\"attachment_124\" style=\"width: 565px\" class=\"wp-caption aligncenter\"><a href=\"http:\/\/www.cykloklubpodbiel.sk\/wp-content\/uploads\/2013\/02\/panomagura3.jpg\"><img aria-describedby=\"caption-attachment-124\" loading=\"lazy\" class=\"size-medium wp-image-124\" title=\"V zime m\u00e1 okolie okolo pr\u00edstre\u0161ku svoje \u010daro\" src=\"http:\/\/www.cykloklubpodbiel.sk\/wp-content\/uploads\/2013\/02\/t_panomagura3.jpg\" alt=\"Podbielanskou Magurou\" width=\"555\" height=\"124\" \/><\/a><p id=\"caption-attachment-124\" class=\"wp-caption-text\">V zime m\u00e1 okolie okolo pr\u00edstre\u0161ku svoje \u010daro<\/p><\/div>\n<div id=\"attachment_173\" style=\"width: 270px\" class=\"wp-caption aligncenter\"><a href=\"http:\/\/www.cykloklubpodbiel.sk\/wp-content\/gallery\/13\/podbielanskoumagurou\/index.html\"><img aria-describedby=\"caption-attachment-173\" loading=\"lazy\" class=\"size-medium wp-image-173\" title=\"Pozri fotogal\u00e9riu\" src=\"http:\/\/www.cykloklubpodbiel.sk\/wp-content\/uploads\/2013\/02\/t_galeriamagura.jpg\" alt=\"Podbielanskou Magurou\" width=\"260\" height=\"173\" \/><\/a><p id=\"caption-attachment-173\" class=\"wp-caption-text\">Pozri fotogal\u00e9riu<\/p><\/div>\n<p><span style=\"color: #000000;\"><strong>V<\/strong> nede\u013eu <strong><span style=\"color: #ff0000;\">3.febru\u00e1ra 2013<\/span><\/strong><span style=\"color: #000000;\"> sme piati \u010dlenovia absolvovali <strong>46.ro\u010dn\u00edk<\/strong> zimn\u00e9ho turistick\u00e9ho prechodu <strong>SKORU\u0160INOU.<\/strong> Vl\u00e1dla prav\u00e1 zimn\u00e1 atmosf\u00e9ra, ke\u010f\u017ee v noci napadlo vy\u0161e 20 cm nov\u00e9ho snehu.<br \/>\n<\/span><\/span><\/p>\n<p><a title=\"Nastavenie zobrazenia Google Earth\" href=\"http:\/\/www.cykloklubpodbiel.sk\/wp-content\/uploads\/2013\/02\/skorusina_nastavenie_google.jpg\" target=\"_blank\"><span style=\"color: #ff0000;\">Nastav parametre pre zobrazenie v Google Earth. <em>Google Earth\/Nastroje\/Mo\u017enosti&#8230;<\/em> <strong>Klikni tu&#8230;<\/strong> <\/span><\/a><\/p>\n<div id=\"attachment_222\" style=\"width: 565px\" class=\"wp-caption aligncenter\"><a href=\"http:\/\/www.cykloklubpodbiel.sk\/wp-content\/uploads\/2013\/02\/skorusina.kmz\"><img aria-describedby=\"caption-attachment-222\" loading=\"lazy\" class=\"size-medium wp-image-222\" title=\"Klikni na zobrazenie v Google Earth\" src=\"http:\/\/www.cykloklubpodbiel.sk\/wp-content\/uploads\/2013\/02\/t_skorusina_mapa.jpg\" alt=\"Skorusina\" width=\"555\" height=\"222\" \/><\/a><p id=\"caption-attachment-222\" class=\"wp-caption-text\">Mapa prechodu<\/p><\/div>\n<div id=\"attachment_193\" style=\"width: 565px\" class=\"wp-caption aligncenter\"><a href=\"http:\/\/www.cykloklubpodbiel.sk\/wp-content\/uploads\/2013\/02\/skorusina_profil.jpg\"><img aria-describedby=\"caption-attachment-193\" loading=\"lazy\" class=\"size-medium wp-image-193\" title=\"Reli\u00e9f prechodu\" src=\"http:\/\/www.cykloklubpodbiel.sk\/wp-content\/uploads\/2013\/02\/t_skorusina_profil.jpg\" alt=\"Skorusina\" width=\"555\" height=\"193\" \/><\/a><p id=\"caption-attachment-193\" class=\"wp-caption-text\">Reli\u00e9f prechodu<\/p><\/div>\n","protected":false},"excerpt":{"rendered":"<p>V sobotu 2.febru\u00e1ra 2013 sme sa v\u00a0da\u017ediv\u00e9 r\u00e1no vybrali u\u017e na 27.ro\u010dn\u00edk zimn\u00e9ho turistick\u00e9ho prechodu Podbielanskou Magurou. K\u00fdm prv\u00e1 partia vyrazila na tra\u0165 u\u017e zav\u010dasu r\u00e1no, druh\u00e1 partia pripravovala pohostenie pre \u00fa\u010dastn\u00edkov prechodu v\u00a0podobe chutnej kapustnice. Na prechod sa postupne aj v\u00a0nepriaznivom po\u010das\u00ed vybrala vy\u0161e stovka \u00fa\u010dastn\u00edkov. Po\u010das st\u00fapania na Petrovku r\u00e1no e\u0161te sne\u017eilo, no [&hellip;]<\/p>\n","protected":false},"author":1,"featured_media":0,"parent":4377,"menu_order":45,"comment_status":"open","ping_status":"closed","template":"","meta":{"advgb_blocks_editor_width":"","advgb_blocks_columns_visual_guide":"","ngg_post_thumbnail":0},"coauthors":[],"author_meta":{"author_link":"https:\/\/www.cykloklubpodbiel.sk\/?author=1","display_name":"\u013dubom\u00edr Franko"},"relative_dates":{"created":"Posted 13 years ago","modified":"Updated 13 years ago"},"absolute_dates":{"created":"Posted on 20. Marec 2013","modified":"Updated on 22. Marec 2013"},"absolute_dates_time":{"created":"Posted on 20. Marec 2013 22:52","modified":"Updated on 22. Marec 2013 22:54"},"featured_img_caption":"","featured_img":false,"series_order":"","_links":{"self":[{"href":"https:\/\/www.cykloklubpodbiel.sk\/index.php?rest_route=\/wp\/v2\/pages\/3734"}],"collection":[{"href":"https:\/\/www.cykloklubpodbiel.sk\/index.php?rest_route=\/wp\/v2\/pages"}],"about":[{"href":"https:\/\/www.cykloklubpodbiel.sk\/index.php?rest_route=\/wp\/v2\/types\/page"}],"author":[{"embeddable":true,"href":"https:\/\/www.cykloklubpodbiel.sk\/index.php?rest_route=\/wp\/v2\/users\/1"}],"replies":[{"embeddable":true,"href":"https:\/\/www.cykloklubpodbiel.sk\/index.php?rest_route=%2Fwp%2Fv2%2Fcomments&post=3734"}],"version-history":[{"count":46,"href":"https:\/\/www.cykloklubpodbiel.sk\/index.php?rest_route=\/wp\/v2\/pages\/3734\/revisions"}],"predecessor-version":[{"id":4585,"href":"https:\/\/www.cykloklubpodbiel.sk\/index.php?rest_route=\/wp\/v2\/pages\/3734\/revisions\/4585"}],"up":[{"embeddable":true,"href":"https:\/\/www.cykloklubpodbiel.sk\/index.php?rest_route=\/wp\/v2\/pages\/4377"}],"wp:attachment":[{"href":"https:\/\/www.cykloklubpodbiel.sk\/index.php?rest_route=%2Fwp%2Fv2%2Fmedia&parent=3734"}],"curies":[{"name":"wp","href":"https:\/\/api.w.org\/{rel}","templated":true}]}}