{"id":3626,"date":"2012-05-12T18:26:21","date_gmt":"2012-05-12T17:26:21","guid":{"rendered":"http:\/\/www.cykloklubpodbiel.sk\/?page_id=3626"},"modified":"2012-05-12T20:32:10","modified_gmt":"2012-05-12T19:32:10","slug":"brigada-na-cervenej-skale","status":"publish","type":"page","link":"https:\/\/www.cykloklubpodbiel.sk\/?page_id=3626","title":{"rendered":"brig\u00e1da na \u010cervenej skale"},"content":{"rendered":"<div id=\"attachment_240\" style=\"width: 565px\" class=\"wp-caption aligncenter\"><a href=\"http:\/\/www.cykloklubpodbiel.sk\/wp-content\/uploads\/2012\/05\/panobrigadacskala.jpg\"><img aria-describedby=\"caption-attachment-240\" loading=\"lazy\" class=\"size-medium wp-image-240\" title=\"Spolo\u010dn\u00e9 foto na \u010cervenej skale\" src=\"http:\/\/www.cykloklubpodbiel.sk\/wp-content\/uploads\/2012\/05\/t_panobrigadacskala.png\" alt=\"\u010cerven\u00e1 skala\" width=\"555\" height=\"240\" \/><\/a><p id=\"caption-attachment-240\" class=\"wp-caption-text\">Spolo\u010dn\u00e9 foto na \u010cervenej skale<\/p><\/div>\n<p><span style=\"color: #000000;\">V sobotu<\/span> <span style=\"color: #ff0000;\"><strong>5.m\u00e1ja <\/strong><strong>2012<\/strong><\/span> <span style=\"color: #000000;\">n\u00e1s \u010dakala prv\u00e1 brig\u00e1da v tomto roku. Pr\u00e1ce sme mali pripravenej naozaj ve\u013ea, preto je ve\u013ek\u00e1 \u0161koda, \u017ee niektor\u00ed \u010dlenovia nemaj\u00fa z\u00e1ujem o tak\u00fato \u010dinnos\u0165. No aj napriek tomu sme sa 7 \u010dlenovia r\u00e1no stretli a rozdelili si \u00falohy.<\/span><\/p>\n<div id=\"attachment_173\" style=\"width: 270px\" class=\"wp-caption alignleft\"><a href=\"http:\/\/www.cykloklubpodbiel.sk\/wp-content\/uploads\/2012\/05\/brigadacskala1.jpg\"><img aria-describedby=\"caption-attachment-173\" loading=\"lazy\" class=\"size-medium wp-image-173\" title=\"V\u00fdstavba schodov na \u010cerven\u00fa skalu\" src=\"http:\/\/www.cykloklubpodbiel.sk\/wp-content\/uploads\/2012\/05\/t_brigadacskala1.jpg\" alt=\"\u010cerven\u00e1 skala\" width=\"260\" height=\"173\" \/><\/a><p id=\"caption-attachment-173\" class=\"wp-caption-text\">V\u00fdstavba schodov na \u010cerven\u00fa skalu<\/p><\/div>\n<p><span style=\"color: #000000;\">Na\u0161ou hlavnou \u00falohou za kr\u00e1sneho slne\u010dn\u00e9ho po\u010dasia bolo osadi\u0165 strie\u0161ky na tri samorasty, ktor\u00e9 bud\u00fa sl\u00fa\u017ei\u0165 na vyzna\u010denie turistick\u00e9ho chodn\u00edka na \u010cerven\u00fa skalu a Petrovku.<\/span><\/p>\n<p><span style=\"color: #000000;\">\u010ealej sa vybudovali schody v najstrm\u0161om \u00faseku smerom na \u010cerven\u00fa skalu. Podarilo sa n\u00e1m vykona\u0165 op\u00e4\u0165 ve\u013ek\u00fd kus pr\u00e1ce, ktor\u00e1 ur\u010dite skr\u00e1\u0161li, ale hlavne zjednodu\u0161\u00ed chodn\u00edk na skalu. Man\u017eelky a \u017eeny n\u00e1m tu pripravili skvel\u00fd obed (pe\u010den\u00fa klob\u00e1sku), no a Vilo K. k tomu pridal aj nejak\u00fd bonus na zapitie.<\/span><\/p>\n<p><span style=\"color: #000000;\">Vysadili sme tu nieko\u013eko smrekov a jedl\u00ed, ktor\u00e9 tu u\u017e za nieko\u013eko rokov vytvoria kr\u00e1sne z\u00e1ti\u0161ie. Po\u010das oddychu a opeka\u010dky sme mohli z \u010cervenej skaly sledova\u0165 cyklistick\u00e9 preteky, ke\u010f pretek\u00e1ri prech\u00e1dzali Podbielom smerom do Doln\u00e9ho Kub\u00edna.<\/span><\/p>\n<p><span style=\"color: #000000;\">Odd\u00fdchli sme si, zaspom\u00ednali a s pocitom dobre vykonanej pr\u00e1ce sme sa vybrali domov s t\u00fdm, \u017ee o tri t\u00fd\u017edne sa tu op\u00e4\u0165 stretneme. \/<em>\u013dubom\u00edr Franko<\/em>\/<\/span><\/p>\n<div id=\"attachment_186\" style=\"width: 290px\" class=\"wp-caption aligncenter\"><a href=\"http:\/\/www.cykloklubpodbiel.sk\/wp-content\/gallery\/12\/brigadacskala\/brigadacskala.html\"><strong><img aria-describedby=\"caption-attachment-186\" loading=\"lazy\" class=\"size-medium wp-image-186\" title=\"Pozri fotogal\u00e9riu\" src=\"http:\/\/www.cykloklubpodbiel.sk\/wp-content\/uploads\/2012\/05\/t_galeriabrigadacskala.png\" alt=\"\u010cerven\u00e1 skala\" width=\"280\" height=\"186\" \/><\/strong><\/a><p id=\"caption-attachment-186\" class=\"wp-caption-text\">Pozri fotogal\u00e9riu<\/p><\/div>\n","protected":false},"excerpt":{"rendered":"<p>V sobotu 5.m\u00e1ja 2012 n\u00e1s \u010dakala prv\u00e1 brig\u00e1da v tomto roku. Pr\u00e1ce sme mali pripravenej naozaj ve\u013ea, preto je ve\u013ek\u00e1 \u0161koda, \u017ee niektor\u00ed \u010dlenovia nemaj\u00fa z\u00e1ujem o tak\u00fato \u010dinnos\u0165. No aj napriek tomu sme sa 7 \u010dlenovia r\u00e1no stretli a rozdelili si \u00falohy. Na\u0161ou hlavnou \u00falohou za kr\u00e1sneho slne\u010dn\u00e9ho po\u010dasia bolo osadi\u0165 strie\u0161ky na tri [&hellip;]<\/p>\n","protected":false},"author":1,"featured_media":0,"parent":3019,"menu_order":36,"comment_status":"open","ping_status":"closed","template":"","meta":{"advgb_blocks_editor_width":"","advgb_blocks_columns_visual_guide":"","ngg_post_thumbnail":0},"coauthors":[],"author_meta":{"author_link":"https:\/\/www.cykloklubpodbiel.sk\/?author=1","display_name":"\u013dubom\u00edr Franko"},"relative_dates":{"created":"Posted 14 years ago","modified":"Updated 14 years ago"},"absolute_dates":{"created":"Posted on 12. M\u00e1j 2012","modified":"Updated on 12. M\u00e1j 2012"},"absolute_dates_time":{"created":"Posted on 12. M\u00e1j 2012 18:26","modified":"Updated on 12. M\u00e1j 2012 20:32"},"featured_img_caption":"","featured_img":false,"series_order":"","_links":{"self":[{"href":"https:\/\/www.cykloklubpodbiel.sk\/index.php?rest_route=\/wp\/v2\/pages\/3626"}],"collection":[{"href":"https:\/\/www.cykloklubpodbiel.sk\/index.php?rest_route=\/wp\/v2\/pages"}],"about":[{"href":"https:\/\/www.cykloklubpodbiel.sk\/index.php?rest_route=\/wp\/v2\/types\/page"}],"author":[{"embeddable":true,"href":"https:\/\/www.cykloklubpodbiel.sk\/index.php?rest_route=\/wp\/v2\/users\/1"}],"replies":[{"embeddable":true,"href":"https:\/\/www.cykloklubpodbiel.sk\/index.php?rest_route=%2Fwp%2Fv2%2Fcomments&post=3626"}],"version-history":[{"count":20,"href":"https:\/\/www.cykloklubpodbiel.sk\/index.php?rest_route=\/wp\/v2\/pages\/3626\/revisions"}],"predecessor-version":[{"id":3655,"href":"https:\/\/www.cykloklubpodbiel.sk\/index.php?rest_route=\/wp\/v2\/pages\/3626\/revisions\/3655"}],"up":[{"embeddable":true,"href":"https:\/\/www.cykloklubpodbiel.sk\/index.php?rest_route=\/wp\/v2\/pages\/3019"}],"wp:attachment":[{"href":"https:\/\/www.cykloklubpodbiel.sk\/index.php?rest_route=%2Fwp%2Fv2%2Fmedia&parent=3626"}],"curies":[{"name":"wp","href":"https:\/\/api.w.org\/{rel}","templated":true}]}}