{"id":3522,"date":"2012-04-29T09:24:38","date_gmt":"2012-04-29T08:24:38","guid":{"rendered":"http:\/\/www.cykloklubpodbiel.sk\/?page_id=3522"},"modified":"2012-04-30T09:28:12","modified_gmt":"2012-04-30T08:28:12","slug":"opekacka-na-petrovke","status":"publish","type":"page","link":"https:\/\/www.cykloklubpodbiel.sk\/?page_id=3522","title":{"rendered":"opeka\u010dka na Petrovke"},"content":{"rendered":"<div id=\"attachment_233\" style=\"width: 565px\" class=\"wp-caption aligncenter\"><a href=\"http:\/\/www.cykloklubpodbiel.sk\/wp-content\/uploads\/2012\/04\/panopetrovka.jpg\"><img aria-describedby=\"caption-attachment-233\" loading=\"lazy\" class=\"size-medium wp-image-233\" title=\"Chv\u00ed\u013eka oddychu a ob\u010derstvenie Pod Lu\u010divn\u00fdm\" src=\"http:\/\/www.cykloklubpodbiel.sk\/wp-content\/uploads\/2012\/04\/t_panopetrovka.png\" alt=\"Petrovka\" width=\"555\" height=\"233\" \/><\/a><p id=\"caption-attachment-233\" class=\"wp-caption-text\">Chv\u00ed\u013eka oddychu a ob\u010derstvenie Pod Lu\u010divn\u00fdm<\/p><\/div>\n<p>&nbsp;<\/p>\n<p><span style=\"color: #000000;\"><strong>V<\/strong> sobotu <span style=\"color: #ff0000;\"><strong>22.4.2012<\/strong><\/span> sme sa vybrali na druh\u00fa pe\u0161iu t\u00faru v tomto roku. R\u00e1no n\u00e1s pr\u00edjemne priv\u00edtalo slne\u010dn\u00e9 jarn\u00e9 po\u010dasie. Zbalili sme si desiatu, klob\u00e1sky a hor sa na zdol\u00e1vanie prv\u00fdch kilometrov.<\/span><\/p>\n<div id=\"attachment_173\" style=\"width: 270px\" class=\"wp-caption alignleft\"><a href=\"http:\/\/www.cykloklubpodbiel.sk\/wp-content\/uploads\/2012\/04\/petrovka1.jpg\"><img aria-describedby=\"caption-attachment-173\" loading=\"lazy\" class=\"size-medium wp-image-173\" title=\"Partia podbielansk\u00fdch be\u017ek\u00e1rov\" src=\"http:\/\/www.cykloklubpodbiel.sk\/wp-content\/uploads\/2012\/04\/t_petrovka1.jpg\" alt=\"Petrovka\" width=\"260\" height=\"173\" \/><\/a><p id=\"caption-attachment-173\" class=\"wp-caption-text\">Opekanie \u0161pecial\u00edt na Petrovke<\/p><\/div>\n<p><span style=\"color: #000000;\">Za\u010diatok n\u00e1s v\u0161etk\u00fdch potr\u00e1pil, preto\u017ee trasa za\u010dala do strm\u00e9ho kopca. S \u00fasmevom na per\u00e1ch sme to zvl\u00e1dli. N\u00e1ladu n\u00e1m spr\u00edjem\u0148ovali jarn\u00e9 kvietky, ktor\u00e9 sme zbierali do papierov\u00fdch vrec\u00fa\u0161ok na \u010daj. <\/span><\/p>\n<p><span style=\"color: #000000;\">Po nieko\u013ek\u00fdch prest\u00e1vkach, kde sme sa ob\u010derstvili a\u00a0pofotili, sme u\u017e boli na Petrovke. Obloha bola vyjasnen\u00e1 a mohli sme sa kocha\u0165 v\u00fdh\u013eadom na \u00a0Z\u00e1padn\u00e9 Tatry. Dolu Petrovkou n\u00e1s poh\u00e1\u0148ala nesmierna chu\u0165 na ope\u010den\u00fa klob\u00e1sku a slaninnu. <\/span><\/p>\n<p><span style=\"color: #000000;\">Po pr\u00edchode ku ohnisku n\u00e1s u\u017e \u010dakala rodina Ma\u0165a\u0165ov\u00fdch, ktor\u00ed tu vy\u0161li na aute. Mali sme po probl\u00e9me so zakladan\u00edm oh\u0148a. U\u017e sme len vybrali v\u0161etko pr\u00edslu\u0161enstvo na zahnanie hladu a za\u010dali sme opeka\u0165. Poctivo sme v\u0161etko zjedli a vypili a s pr\u00e1zdnymi ruksakmi, ale zato s pln\u00fdmi bruchami sme sa vybrali naspa\u0165 smerom na nov\u00fa po\u013eovn\u00edcku chatu. Nazbierali sme e\u0161te nieko\u013eko podbe\u013eov a pri chate sme si dali kr\u00e1tku prest\u00e1vku. <\/span><\/p>\n<p><span style=\"color: #000000;\">Odd\u00fdchnut\u00ed a pln\u00ed energie, ktor\u00fa sme na\u010derpali v kr\u00e1snej podbielanskej pr\u00edrode, sme sa pomali\u010dky dost\u00e1vali do dediny cez vlek. Nede\u013en\u00e9 poobedie v kruhu pr\u00edjemn\u00fdch \u013eud\u00ed dopadlo na v\u00fdborn\u00fa a u\u017e sa te\u0161\u00edme na \u010fal\u0161ie prechody. \u00a0\/<em>N.Frankov\u00e1<\/em>\/<\/span><\/p>\n<div id=\"attachment_178\" style=\"width: 565px\" class=\"wp-caption aligncenter\"><a href=\"http:\/\/www.cykloklubpodbiel.sk\/wp-content\/uploads\/2012\/04\/panopetrovka3.jpg\"><img aria-describedby=\"caption-attachment-178\" loading=\"lazy\" class=\"size-medium wp-image-178\" title=\"Prostredie pri pr\u00edstre\u0161ku na Petrovke, kde si m\u00f4\u017eete odd\u00fdchnu\u0165\" src=\"http:\/\/www.cykloklubpodbiel.sk\/wp-content\/uploads\/2012\/04\/t_panopetrovka3.png\" alt=\"Petrovka\" width=\"555\" height=\"178\" \/><\/a><p id=\"caption-attachment-178\" class=\"wp-caption-text\">Prostredie pri pr\u00edstre\u0161ku na Petrovke, kde si m\u00f4\u017eete odd\u00fdchnu\u0165<\/p><\/div>\n<div id=\"attachment_140\" style=\"width: 565px\" class=\"wp-caption aligncenter\"><a href=\"http:\/\/www.cykloklubpodbiel.sk\/wp-content\/uploads\/2012\/04\/panopetrovka1.jpg\"><img aria-describedby=\"caption-attachment-140\" loading=\"lazy\" class=\"size-medium wp-image-140\" title=\"Panor\u00e1ma na e\u0161te st\u00e1le zasne\u017een\u00e9 Z\u00e1padn\u00e9 Tatry\" src=\"http:\/\/www.cykloklubpodbiel.sk\/wp-content\/uploads\/2012\/04\/t_panopetrovka1.png\" alt=\"Petrovka\" width=\"555\" height=\"140\" \/><\/a><p id=\"caption-attachment-140\" class=\"wp-caption-text\">Panor\u00e1ma na e\u0161te st\u00e1le zasne\u017een\u00e9 Z\u00e1padn\u00e9 Tatry<\/p><\/div>\n<div id=\"attachment_186\" style=\"width: 290px\" class=\"wp-caption aligncenter\"><a href=\"http:\/\/www.cykloklubpodbiel.sk\/wp-content\/gallery\/12\/petrovka\/petrovka.html\"><strong><img aria-describedby=\"caption-attachment-186\" loading=\"lazy\" class=\"size-medium wp-image-186\" title=\"Pozri fotogal\u00e9riu\" src=\"http:\/\/www.cykloklubpodbiel.sk\/wp-content\/uploads\/2012\/04\/t_galeriapetrovka.png\" alt=\"Petrovka\" width=\"280\" height=\"186\" \/><\/strong><\/a><p id=\"caption-attachment-186\" class=\"wp-caption-text\">Pozri fotogal\u00e9riu<\/p><\/div>\n","protected":false},"excerpt":{"rendered":"<p>&nbsp; V sobotu 22.4.2012 sme sa vybrali na druh\u00fa pe\u0161iu t\u00faru v tomto roku. R\u00e1no n\u00e1s pr\u00edjemne priv\u00edtalo slne\u010dn\u00e9 jarn\u00e9 po\u010dasie. Zbalili sme si desiatu, klob\u00e1sky a hor sa na zdol\u00e1vanie prv\u00fdch kilometrov. Za\u010diatok n\u00e1s v\u0161etk\u00fdch potr\u00e1pil, preto\u017ee trasa za\u010dala do strm\u00e9ho kopca. S \u00fasmevom na per\u00e1ch sme to zvl\u00e1dli. N\u00e1ladu n\u00e1m spr\u00edjem\u0148ovali jarn\u00e9 kvietky, [&hellip;]<\/p>\n","protected":false},"author":1,"featured_media":0,"parent":3019,"menu_order":38,"comment_status":"open","ping_status":"closed","template":"","meta":{"advgb_blocks_editor_width":"","advgb_blocks_columns_visual_guide":"","ngg_post_thumbnail":0},"coauthors":[],"author_meta":{"author_link":"https:\/\/www.cykloklubpodbiel.sk\/?author=1","display_name":"\u013dubom\u00edr Franko"},"relative_dates":{"created":"Posted 14 years ago","modified":"Updated 14 years ago"},"absolute_dates":{"created":"Posted on 29. Apr\u00edl 2012","modified":"Updated on 30. Apr\u00edl 2012"},"absolute_dates_time":{"created":"Posted on 29. Apr\u00edl 2012 9:24","modified":"Updated on 30. Apr\u00edl 2012 9:28"},"featured_img_caption":"","featured_img":false,"series_order":"","_links":{"self":[{"href":"https:\/\/www.cykloklubpodbiel.sk\/index.php?rest_route=\/wp\/v2\/pages\/3522"}],"collection":[{"href":"https:\/\/www.cykloklubpodbiel.sk\/index.php?rest_route=\/wp\/v2\/pages"}],"about":[{"href":"https:\/\/www.cykloklubpodbiel.sk\/index.php?rest_route=\/wp\/v2\/types\/page"}],"author":[{"embeddable":true,"href":"https:\/\/www.cykloklubpodbiel.sk\/index.php?rest_route=\/wp\/v2\/users\/1"}],"replies":[{"embeddable":true,"href":"https:\/\/www.cykloklubpodbiel.sk\/index.php?rest_route=%2Fwp%2Fv2%2Fcomments&post=3522"}],"version-history":[{"count":17,"href":"https:\/\/www.cykloklubpodbiel.sk\/index.php?rest_route=\/wp\/v2\/pages\/3522\/revisions"}],"predecessor-version":[{"id":3558,"href":"https:\/\/www.cykloklubpodbiel.sk\/index.php?rest_route=\/wp\/v2\/pages\/3522\/revisions\/3558"}],"up":[{"embeddable":true,"href":"https:\/\/www.cykloklubpodbiel.sk\/index.php?rest_route=\/wp\/v2\/pages\/3019"}],"wp:attachment":[{"href":"https:\/\/www.cykloklubpodbiel.sk\/index.php?rest_route=%2Fwp%2Fv2%2Fmedia&parent=3522"}],"curies":[{"name":"wp","href":"https:\/\/api.w.org\/{rel}","templated":true}]}}