{"id":3440,"date":"2012-04-03T20:05:59","date_gmt":"2012-04-03T19:05:59","guid":{"rendered":"http:\/\/www.cykloklubpodbiel.sk\/?page_id=3440"},"modified":"2012-04-03T21:13:14","modified_gmt":"2012-04-03T20:13:14","slug":"prechod-erdutky-or-lesna","status":"publish","type":"page","link":"https:\/\/www.cykloklubpodbiel.sk\/?page_id=3440","title":{"rendered":"prechod Erd\u00fatky Or.Lesn\u00e1"},"content":{"rendered":"<p style=\"text-align: justify;\">\n<div id=\"attachment_213\" style=\"width: 565px\" class=\"wp-caption aligncenter\"><a href=\"http:\/\/www.cykloklubpodbiel.sk\/wp-content\/uploads\/2012\/03\/panoorlesna.jpg\"><img aria-describedby=\"caption-attachment-213\" loading=\"lazy\" class=\"size-medium wp-image-213\" title=\"Poh\u013ead na tra\u0165 prechodu po vyst\u00fapen\u00ed zo seda\u010dkovej lanovky\" src=\"http:\/\/www.cykloklubpodbiel.sk\/wp-content\/uploads\/2012\/03\/t_panoorlesna.png\" alt=\"Oravsk\u00e1 Lesn\u00e1\" width=\"555\" height=\"213\" \/><\/a><p id=\"caption-attachment-213\" class=\"wp-caption-text\">Poh\u013ead na tra\u0165 prechodu po vyst\u00fapen\u00ed zo seda\u010dkovej lanovky<\/p><\/div>\n<p><span style=\"color: #000000;\"><strong> <\/strong><\/span><span style=\"color: #000000;\"><strong>A<\/strong> pri\u0161la sobota<\/span> <span style=\"color: #ff0000;\"><strong>10.marca 2012<\/strong><\/span> <span style=\"color: #000000;\">a  n\u00e1s \u010dakala posledn\u00e1 a z\u00e1rove\u0148 najvzdialenej\u0161ia ly\u017eiarsko-turistick\u00e1  akcia v <em>Oravskej Lesnej<\/em>. U\u017e r\u00e1no nazna\u010dovalo, \u017ee po\u010dasie bude \u010fal\u0161\u00edm  na\u0161im kamar\u00e1tom. <\/span><span style=\"color: #000000;\"> <\/span><\/p>\n<div id=\"attachment_173\" style=\"width: 270px\" class=\"wp-caption alignleft\"><a href=\"http:\/\/www.cykloklubpodbiel.sk\/wp-content\/uploads\/2012\/03\/orlesna1.jpg\"><img aria-describedby=\"caption-attachment-173\" loading=\"lazy\" class=\"size-medium wp-image-173\" title=\"Partia podbielansk\u00fdch be\u017ek\u00e1rov\" src=\"http:\/\/www.cykloklubpodbiel.sk\/wp-content\/uploads\/2012\/03\/t_orlesna1.jpg\" alt=\"Oravsk\u00e1 Lesn\u00e1\" width=\"260\" height=\"173\" \/><\/a><p id=\"caption-attachment-173\" class=\"wp-caption-text\">Partia podbielansk\u00fdch be\u017ek\u00e1rov<\/p><\/div>\n<p><span style=\"color: #000000;\">Po pr\u00edchode n\u00e1s tro\u0161ku zasko\u010dilo zv\u00fd\u0161en\u00e9 \u0161tartovn\u00e9. No  po prvom  bolestnom sme na to zabudli. Tra\u0165 oproti minul\u00fdm rokom trochu  pozmenili  pre predch\u00e1dzaj\u00face povodne. Tak sme sa pobrali najkrat\u0161ou  cestou na  vlek vysk\u00fa\u0161a\u0165 si techniku. Pe\u0165o bol z toho zasko\u010den\u00fd.  Chodieval prv\u00fd a  zrazu bol posledn\u00fd.<\/span><\/p>\n<p><span style=\"color: #000000;\">Po malom pohosten\u00ed n\u00e1s seda\u010dkovou  lanovkou vyviezli  na vrchol. Tra\u0165 tu bola upraven\u00e1 ratr\u00e1kom. Tu Pa\u013eo s  Jo\u017eom si chceli  dok\u00e1za\u0165 r\u00fdchlos\u0165 kor\u010du\u013eovania. Po trase sme sa te\u0161ili z  kr\u00e1snej slnkom  zaliatej, bohato snehom obdarenej krajine. Tu n\u00e1s \u010dakala  druh\u00e1  ob\u010derstvovacia stanica s p\u00e1rkami a hriatym. A tu sme u\u017e vedeli, \u017ee  do  cie\u013ea je u\u017e bl\u00edzko.<\/span><\/p>\n<p><span style=\"color: #000000;\">Tak sme trasu pre\u0161li pomerne r\u00fdchlo a zvy\u0161ok  \u010dasu  sme tak mohli dlh\u0161ie str\u00e1vi\u0165 pri kapustnici, pe\u010dienke a klob\u00e1ske.   Pod\u00e1van\u00e9 v\u00edno n\u00e1m dod\u00e1valo n\u00e1ladu. A tak be\u017eky m\u00f4\u017eeme zavesi\u0165 na klinec a   \u010daka\u0165 na \u010fal\u0161iu zimu. \/<em>P.\u017duffa<\/em>\/<\/span><\/p>\n<div id=\"attachment_73\" style=\"width: 565px\" class=\"wp-caption aligncenter\"><a href=\"http:\/\/www.cykloklubpodbiel.sk\/wp-content\/uploads\/2012\/03\/panoorlesna2.jpg\"><img aria-describedby=\"caption-attachment-73\" loading=\"lazy\" class=\"size-medium wp-image-73\" title=\"Po\u010das prechodu n\u00e1s \u010dakalo kr\u00e1sne a pr\u00edjemn\u00e9 prostredie\" src=\"http:\/\/www.cykloklubpodbiel.sk\/wp-content\/uploads\/2012\/03\/t_panoorlesna2.png\" alt=\"Oravsk\u00e1 Lesn\u00e1\" width=\"555\" height=\"73\" \/><\/a><p id=\"caption-attachment-73\" class=\"wp-caption-text\">Po\u010das prechodu n\u00e1s \u010dakalo kr\u00e1sne a pr\u00edjemn\u00e9 prostredie<\/p><\/div>\n<div id=\"attachment_43\" style=\"width: 565px\" class=\"wp-caption aligncenter\"><a href=\"http:\/\/www.cykloklubpodbiel.sk\/wp-content\/gallery\/panorama\/12\/orlesna\/360panoorlesna.html\"><img aria-describedby=\"caption-attachment-43\" loading=\"lazy\" class=\"size-medium wp-image-43\" title=\"360 stup\u0148ov\u00e1 panor\u00e1ma pri vleku v Oravskej Lesnej\" src=\"http:\/\/www.cykloklubpodbiel.sk\/wp-content\/uploads\/2012\/03\/t_360panoorlesna.png\" alt=\"Oravsk\u00e1 Lesn\u00e1\" width=\"555\" height=\"43\" \/><\/a><p id=\"caption-attachment-43\" class=\"wp-caption-text\">360 stup\u0148ov\u00e1 panor\u00e1ma pri vleku v Oravskej Lesnej<\/p><\/div>\n<div id=\"attachment_186\" style=\"width: 290px\" class=\"wp-caption aligncenter\"><a href=\"http:\/\/www.cykloklubpodbiel.sk\/wp-content\/gallery\/12\/orlesna\/orlesna.html\"><strong><img aria-describedby=\"caption-attachment-186\" loading=\"lazy\" class=\"size-medium wp-image-186\" title=\"Pozri fotogal\u00e9riu\" src=\"http:\/\/www.cykloklubpodbiel.sk\/wp-content\/uploads\/2012\/03\/galeriaorlesna.png\" alt=\"Oravsk\u00e1 Lesn\u00e1\" width=\"280\" height=\"186\" \/><\/strong><\/a><p id=\"caption-attachment-186\" class=\"wp-caption-text\">Pozri fotogal\u00e9riu<\/p><\/div>\n","protected":false},"excerpt":{"rendered":"<p>A pri\u0161la sobota 10.marca 2012 a n\u00e1s \u010dakala posledn\u00e1 a z\u00e1rove\u0148 najvzdialenej\u0161ia ly\u017eiarsko-turistick\u00e1 akcia v Oravskej Lesnej. U\u017e r\u00e1no nazna\u010dovalo, \u017ee po\u010dasie bude \u010fal\u0161\u00edm na\u0161im kamar\u00e1tom. Po pr\u00edchode n\u00e1s tro\u0161ku zasko\u010dilo zv\u00fd\u0161en\u00e9 \u0161tartovn\u00e9. No po prvom bolestnom sme na to zabudli. Tra\u0165 oproti minul\u00fdm rokom trochu pozmenili pre predch\u00e1dzaj\u00face povodne. Tak sme sa pobrali najkrat\u0161ou [&hellip;]<\/p>\n","protected":false},"author":1,"featured_media":0,"parent":3019,"menu_order":40,"comment_status":"open","ping_status":"closed","template":"","meta":{"advgb_blocks_editor_width":"","advgb_blocks_columns_visual_guide":"","ngg_post_thumbnail":0},"coauthors":[],"author_meta":{"author_link":"https:\/\/www.cykloklubpodbiel.sk\/?author=1","display_name":"\u013dubom\u00edr Franko"},"relative_dates":{"created":"Posted 14 years ago","modified":"Updated 14 years ago"},"absolute_dates":{"created":"Posted on 3. Apr\u00edl 2012","modified":"Updated on 3. Apr\u00edl 2012"},"absolute_dates_time":{"created":"Posted on 3. Apr\u00edl 2012 20:05","modified":"Updated on 3. Apr\u00edl 2012 21:13"},"featured_img_caption":"","featured_img":false,"series_order":"","_links":{"self":[{"href":"https:\/\/www.cykloklubpodbiel.sk\/index.php?rest_route=\/wp\/v2\/pages\/3440"}],"collection":[{"href":"https:\/\/www.cykloklubpodbiel.sk\/index.php?rest_route=\/wp\/v2\/pages"}],"about":[{"href":"https:\/\/www.cykloklubpodbiel.sk\/index.php?rest_route=\/wp\/v2\/types\/page"}],"author":[{"embeddable":true,"href":"https:\/\/www.cykloklubpodbiel.sk\/index.php?rest_route=\/wp\/v2\/users\/1"}],"replies":[{"embeddable":true,"href":"https:\/\/www.cykloklubpodbiel.sk\/index.php?rest_route=%2Fwp%2Fv2%2Fcomments&post=3440"}],"version-history":[{"count":16,"href":"https:\/\/www.cykloklubpodbiel.sk\/index.php?rest_route=\/wp\/v2\/pages\/3440\/revisions"}],"predecessor-version":[{"id":3460,"href":"https:\/\/www.cykloklubpodbiel.sk\/index.php?rest_route=\/wp\/v2\/pages\/3440\/revisions\/3460"}],"up":[{"embeddable":true,"href":"https:\/\/www.cykloklubpodbiel.sk\/index.php?rest_route=\/wp\/v2\/pages\/3019"}],"wp:attachment":[{"href":"https:\/\/www.cykloklubpodbiel.sk\/index.php?rest_route=%2Fwp%2Fv2%2Fmedia&parent=3440"}],"curies":[{"name":"wp","href":"https:\/\/api.w.org\/{rel}","templated":true}]}}