{"id":3394,"date":"2012-03-26T19:10:24","date_gmt":"2012-03-26T18:10:24","guid":{"rendered":"http:\/\/www.cykloklubpodbiel.sk\/?page_id=3394"},"modified":"2012-03-26T21:11:17","modified_gmt":"2012-03-26T20:11:17","slug":"vystup-na-polianky","status":"publish","type":"page","link":"https:\/\/www.cykloklubpodbiel.sk\/?page_id=3394","title":{"rendered":"v\u00fdstup na Polianky"},"content":{"rendered":"<p style=\"text-align: justify;\">\n<div id=\"attachment_233\" style=\"width: 565px\" class=\"wp-caption aligncenter\"><a href=\"http:\/\/www.cykloklubpodbiel.sk\/wp-content\/uploads\/2012\/02\/panopolianky.jpg\"><img aria-describedby=\"caption-attachment-233\" loading=\"lazy\" class=\"size-medium wp-image-233\" title=\"Juro so synom Matejom kr\u00e1\u010daj\u00fa smerom na Polianky\" src=\"http:\/\/www.cykloklubpodbiel.sk\/wp-content\/uploads\/2012\/02\/t_panopolianky.png\" alt=\"Polianky\" width=\"555\" height=\"233\" \/><\/a><p id=\"caption-attachment-233\" class=\"wp-caption-text\">Juro so synom Matejom kr\u00e1\u010daj\u00fa smerom na Polianky<\/p><\/div>\n<p><span style=\"color: #000000;\"><strong>P<\/strong>l\u00e1novan\u00e1 t\u00fara d\u0148a<\/span> <span style=\"color: #ff0000;\"><strong>19.febru\u00e1ra 2012<\/strong><\/span> <span style=\"color: #000000;\">na <em>Polianky<\/em> sa zmenila iba k vod\u00e1rensk\u00e9mu rezervo\u00e1ru z d\u00f4vodu siln\u00e9ho a mraziv\u00e9ho  vetra. Ur\u010dite n\u00e1m dobre padla tak\u00e1 mini prech\u00e1dzka. Niektor\u00ed z  \u00fa\u010dastn\u00edkov mali za sebou sobot\u0148aj\u0161\u00ed prechod <em>Z\u00e1kamensk\u00fdm Gr\u00fa\u0148om a Podbielansk\u00fd ples<\/em>, tak\u017ee im v\u0161etka \u010des\u0165. Boli sme 10-ti \u00fa\u010dastn\u00edci a sneh bol \u0165a\u017ek\u00fd, ale aj tak n\u00e1m to padlo vhod.\u00a0 \/<em>E.Ma\u0165a\u0165ov\u00e1<\/em>\/<\/span><\/p>\n<div id=\"attachment_186\" style=\"width: 290px\" class=\"wp-caption aligncenter\"><a href=\"http:\/\/www.cykloklubpodbiel.sk\/wp-content\/gallery\/12\/polianky\/polianky.html\"><strong><img aria-describedby=\"caption-attachment-186\" loading=\"lazy\" class=\"size-medium wp-image-186\" title=\"Pozri fotogal\u00e9riu\" src=\"http:\/\/www.cykloklubpodbiel.sk\/wp-content\/uploads\/2012\/02\/galeriapolianky.png\" alt=\"Polianky\" width=\"280\" height=\"186\" \/><\/strong><\/a><p id=\"caption-attachment-186\" class=\"wp-caption-text\">Pozri fotogal\u00e9riu<\/p><\/div>\n","protected":false},"excerpt":{"rendered":"<p>Pl\u00e1novan\u00e1 t\u00fara d\u0148a 19.febru\u00e1ra 2012 na Polianky sa zmenila iba k vod\u00e1rensk\u00e9mu rezervo\u00e1ru z d\u00f4vodu siln\u00e9ho a mraziv\u00e9ho vetra. Ur\u010dite n\u00e1m dobre padla tak\u00e1 mini prech\u00e1dzka. Niektor\u00ed z \u00fa\u010dastn\u00edkov mali za sebou sobot\u0148aj\u0161\u00ed prechod Z\u00e1kamensk\u00fdm Gr\u00fa\u0148om a Podbielansk\u00fd ples, tak\u017ee im v\u0161etka \u010des\u0165. Boli sme 10-ti \u00fa\u010dastn\u00edci a sneh bol \u0165a\u017ek\u00fd, ale aj tak n\u00e1m [&hellip;]<\/p>\n","protected":false},"author":1,"featured_media":0,"parent":3019,"menu_order":42,"comment_status":"open","ping_status":"closed","template":"","meta":{"advgb_blocks_editor_width":"","advgb_blocks_columns_visual_guide":"","ngg_post_thumbnail":0},"coauthors":[],"author_meta":{"author_link":"https:\/\/www.cykloklubpodbiel.sk\/?author=1","display_name":"\u013dubom\u00edr Franko"},"relative_dates":{"created":"Posted 14 years ago","modified":"Updated 14 years ago"},"absolute_dates":{"created":"Posted on 26. Marec 2012","modified":"Updated on 26. Marec 2012"},"absolute_dates_time":{"created":"Posted on 26. Marec 2012 19:10","modified":"Updated on 26. Marec 2012 21:11"},"featured_img_caption":"","featured_img":false,"series_order":"","_links":{"self":[{"href":"https:\/\/www.cykloklubpodbiel.sk\/index.php?rest_route=\/wp\/v2\/pages\/3394"}],"collection":[{"href":"https:\/\/www.cykloklubpodbiel.sk\/index.php?rest_route=\/wp\/v2\/pages"}],"about":[{"href":"https:\/\/www.cykloklubpodbiel.sk\/index.php?rest_route=\/wp\/v2\/types\/page"}],"author":[{"embeddable":true,"href":"https:\/\/www.cykloklubpodbiel.sk\/index.php?rest_route=\/wp\/v2\/users\/1"}],"replies":[{"embeddable":true,"href":"https:\/\/www.cykloklubpodbiel.sk\/index.php?rest_route=%2Fwp%2Fv2%2Fcomments&post=3394"}],"version-history":[{"count":9,"href":"https:\/\/www.cykloklubpodbiel.sk\/index.php?rest_route=\/wp\/v2\/pages\/3394\/revisions"}],"predecessor-version":[{"id":3404,"href":"https:\/\/www.cykloklubpodbiel.sk\/index.php?rest_route=\/wp\/v2\/pages\/3394\/revisions\/3404"}],"up":[{"embeddable":true,"href":"https:\/\/www.cykloklubpodbiel.sk\/index.php?rest_route=\/wp\/v2\/pages\/3019"}],"wp:attachment":[{"href":"https:\/\/www.cykloklubpodbiel.sk\/index.php?rest_route=%2Fwp%2Fv2%2Fmedia&parent=3394"}],"curies":[{"name":"wp","href":"https:\/\/api.w.org\/{rel}","templated":true}]}}