{"id":3310,"date":"2012-03-05T19:44:54","date_gmt":"2012-03-05T18:44:54","guid":{"rendered":"http:\/\/www.cykloklubpodbiel.sk\/?page_id=3310"},"modified":"2012-03-05T20:02:00","modified_gmt":"2012-03-05T19:02:00","slug":"fasiangovy-prechod-na-starych-lyziach","status":"publish","type":"page","link":"https:\/\/www.cykloklubpodbiel.sk\/?page_id=3310","title":{"rendered":"Fa\u0161iangov\u00fd prechod na star\u00fdch ly\u017eiach"},"content":{"rendered":"<p style=\"text-align: justify;\">\n<div id=\"attachment_233\" style=\"width: 560px\" class=\"wp-caption aligncenter\"><a href=\"http:\/\/www.cykloklubpodbiel.sk\/wp-content\/uploads\/2012\/02\/panostarelyze.jpg\"><img aria-describedby=\"caption-attachment-233\" loading=\"lazy\" class=\"size-medium wp-image-233\" title=\"\u00da\u010dastn\u00edci prechodu na kopci pod slovensk\u00fdm dvojkr\u00ed\u017eom nad Podbielom\" src=\"http:\/\/www.cykloklubpodbiel.sk\/wp-content\/uploads\/2012\/02\/t_panostarelyze.png\" alt=\"Podbiel\" width=\"550\" height=\"233\" \/><\/a><p id=\"caption-attachment-233\" class=\"wp-caption-text\">\u00da\u010dastn\u00edci prechodu na kopci pod slovensk\u00fdm dvojkr\u00ed\u017eom nad Podbielom <\/p><\/div>\n<p><span style=\"color: #000000;\"><strong> <\/strong><\/span><span style=\"color: #000000;\"><strong>A <\/strong>je  tu znova obdobie fa\u0161iangov, ktor\u00e9 je tradi\u010dn\u00fdm symbolom veselosti,  hodovania a z\u00e1bavy. Preto aj my, turisti, sme si chceli pripomen\u00fa\u0165 t\u00fato  trad\u00edciu, a tak sme napl\u00e1novali<\/span> <span style=\"color: #ff0000;\"><strong>12.febru\u00e1ra 2012<\/strong><\/span> <span style=\"color: #000000;\"><strong><em>0.ro\u010dn\u00edk Fa\u0161iangov\u00e9ho prechodu na star\u00fdch ly\u017eiach<\/em><\/strong>. Najsk\u00f4r sme z pov\u00e1l, pivn\u00edc a gar\u00e1\u017ei povy\u0165ahovali dlhoro\u010dne zazimovan\u00e9   dreven\u00e9 ly\u017ee. Tieto bolo treba zbavi\u0165 mnohoro\u010dn\u00e9ho prachu, v niektor\u00fdch   pr\u00edpadoch aj osprchovan\u00edm, aby sme zistili ako sa na nich podp\u00edsal zub   \u010dasu, alebo \u010dervoto\u010d. Ak pre\u0161li na\u0161ou technickou prehliadkou, po  be\u017enej  \u00fadr\u017ebe sme ich u\u017e len navoskovali vysokokvalitn\u00fdm voskom &#8211;  svie\u010dkou. Aby  sa nelepil sneh na dreven\u00fa sklznicu.<\/span><\/p>\n<p><span style=\"color: #000000;\"> <\/span> <em> <\/em><\/p>\n<div id=\"attachment_197\" style=\"width: 270px\" class=\"wp-caption alignleft\"><a href=\"http:\/\/www.cykloklubpodbiel.sk\/wp-content\/uploads\/2012\/02\/starelyze1.jpg\"><img aria-describedby=\"caption-attachment-197\" loading=\"lazy\" class=\"size-medium wp-image-197\" title=\"Pe\u0165o s Majou sa pripravuj\u00fa na prechod\" src=\"http:\/\/www.cykloklubpodbiel.sk\/wp-content\/uploads\/2012\/02\/t_starelyze1.jpg\" alt=\"Podbiel\" width=\"260\" height=\"197\" \/><\/a><p id=\"caption-attachment-197\" class=\"wp-caption-text\">Pe\u0165o s Majou sa pripravuj\u00fa na prechod<\/p><\/div>\n<p><span style=\"color: #000000;\">Zraz \u00fa\u010dastn\u00edkov  prechodu bol pred <em>Obecn\u00fdm \u00faradom<\/em>.  Tu sme sa  hne\u010f prevent\u00edvne  odfotili, ak by n\u00e1hodou niektor\u00fd z n\u00e1s na  t\u00fdchto  r\u00fdchlych dosk\u00e1ch  \u010faleko neza\u0161iel. Tento rok sme nepo\u010d\u00edtali s  ve\u013ekou  \u00fa\u010das\u0165ou, hlavne z  d\u00f4vodu u\u017e nedostatkov\u00e9ho v\u00fdstroja. Zi\u0161lo sa n\u00e1s  tam  osem skaln\u00fdch  ly\u017eiarov. Niektor\u00ed mali aj zauj\u00edmav\u00fd \u00fastroj.  Napr\u00edklad  Pe\u0165ovi \u017d. v  tento de\u0148 nar\u00e1stli vlasy a\u017e po plecia, tak\u017ee  omladol.  Naopak jeho  man\u017eelke Maji pribudlo nieko\u013eko rokov &#8211; asi ke\u010f  uvidela  omladnut\u00e9ho  man\u017eela. Ale ve\u010der po jeho &#8220;ostrihan\u00ed&#8221; a Majinom   odmaskovan\u00ed to bolo  zas naopak.<\/span><\/p>\n<p><span style=\"color: #000000;\">Fa\u0161iangov\u00fd prechod za\u010d\u00edna na <em>Bobrovej rali<\/em>.   Tu sa u\u017e  pri ob\u00favan\u00ed ly\u017e\u00ed vyskytol probl\u00e9m s dvoma ko\u017een\u00fdmi  remienkami,  ktor\u00e9  po mnohoro\u010dnom oddychovan\u00ed nevydr\u017eali a pretrhli sa.  Na toto sme  v\u0161ak  boli pripraven\u00ed, lebo sme so sebou mali kompletn\u00e9  servisn\u00e9 n\u00e1radie &#8211;   kladivo, skrutkova\u010d, \u0161pag\u00e1t a no\u017e\u00edk. Z\u00e1vady boli  r\u00fdchlo odstr\u00e1nen\u00e9 a   tak sme mohli vyrazi\u0165 na trasu a vysk\u00fa\u0161a\u0165 kvalitu  ly\u017e\u00ed overen\u00fa \u010dasom.<\/span><\/p>\n<div id=\"attachment_129\" style=\"width: 140px\" class=\"wp-caption alignleft\"><a href=\"http:\/\/www.cykloklubpodbiel.sk\/wp-content\/uploads\/2012\/02\/logostarelyze1.jpg\"><img aria-describedby=\"caption-attachment-129\" loading=\"lazy\" class=\"size-medium wp-image-130\" title=\"Logo prechodu\" src=\"http:\/\/www.cykloklubpodbiel.sk\/wp-content\/uploads\/2012\/02\/t_logostarelyze1.png\" alt=\"Podbiel\" width=\"130\" height=\"129\" \/><\/a><p id=\"caption-attachment-129\" class=\"wp-caption-text\">Logo prechodu<\/p><\/div>\n<p><span style=\"color: #000000;\">Prv\u00e9 kroky boli neist\u00e9, aby n\u00e1m nie\u010do na noh\u00e1ch  ostalo, ale potom sme u\u017e   polohistorick\u00fdm krokom bez probl\u00e9mov zdolali <em>Predn\u00fd kopec<\/em>.  Tu   sme mali pri slovenskom dvojkr\u00ed\u017ei prv\u00fa prest\u00e1vku, kde sme si v  dobrej   n\u00e1lade u\u017eili u\u017e aj hrejiv\u00e9ho zubat\u00e9ho slnka. Z tohoto kopca sme  sa   presunuli na \u010fal\u0161\u00ed susedn\u00fd kopec <em>Hrach\u00e1rsky<\/em>, kde bola  druh\u00e1   fa\u0161iangov\u00e1 relaxa\u010dn\u00e1 prest\u00e1vka. Ke\u010f sme u\u017e dos\u0165 dlho pobudli na  \u010derstvom   vzduchu, v dobrej n\u00e1lade sme sa spustili sp\u00e4\u0165 do doliny na <em>Bobrovu ra\u013eu<\/em>,    kde sme do\u0161li bez straty ly\u017e\u00ed a ly\u017eiarov.<\/span><\/p>\n<p><span style=\"color: #000000;\">Fa\u0161iangov\u00fd prechod sme    ukon\u010dili v miestnej re\u0161taur\u00e1cii u Kor\u010du\u0161ku. T\u00e1to tohtoro\u010dn\u00e1 fa\u0161iangov\u00e1    akcia sa n\u00e1m v\u00fdborne vydarila, prialo n\u00e1m aj pekn\u00e9 slne\u010dn\u00e9 po\u010dasie a u\u017e    sa v\u0161etci te\u0161\u00edme na \u010fal\u0161\u00ed fa\u0161iangov\u00fd ro\u010dn\u00edk, opra\u0161ovania star\u00fdch  ly\u017e\u00ed. <em>\/V.Kudzbel\/<\/em><\/span><\/p>\n<div id=\"attachment_158\" style=\"width: 290px\" class=\"wp-caption aligncenter\"><a href=\"http:\/\/www.cykloklubpodbiel.sk\/wp-content\/gallery\/12\/starelyze\/starelyze.html\"><strong><img aria-describedby=\"caption-attachment-158\" loading=\"lazy\" class=\"size-medium wp-image-158\" title=\"Pozri fotogal\u00e9riu\" src=\"http:\/\/www.cykloklubpodbiel.sk\/wp-content\/uploads\/2012\/02\/t_galeriastarelyze.png\" alt=\"Podbiel\" width=\"280\" height=\"158\" \/><\/strong><\/a><p id=\"caption-attachment-158\" class=\"wp-caption-text\">Pozri fotogal\u00e9riu<\/p><\/div>\n","protected":false},"excerpt":{"rendered":"<p>A je tu znova obdobie fa\u0161iangov, ktor\u00e9 je tradi\u010dn\u00fdm symbolom veselosti, hodovania a z\u00e1bavy. Preto aj my, turisti, sme si chceli pripomen\u00fa\u0165 t\u00fato trad\u00edciu, a tak sme napl\u00e1novali 12.febru\u00e1ra 2012 0.ro\u010dn\u00edk Fa\u0161iangov\u00e9ho prechodu na star\u00fdch ly\u017eiach. Najsk\u00f4r sme z pov\u00e1l, pivn\u00edc a gar\u00e1\u017ei povy\u0165ahovali dlhoro\u010dne zazimovan\u00e9 dreven\u00e9 ly\u017ee. Tieto bolo treba zbavi\u0165 mnohoro\u010dn\u00e9ho prachu, v [&hellip;]<\/p>\n","protected":false},"author":1,"featured_media":0,"parent":3019,"menu_order":44,"comment_status":"open","ping_status":"closed","template":"","meta":{"advgb_blocks_editor_width":"","advgb_blocks_columns_visual_guide":"","ngg_post_thumbnail":0},"coauthors":[],"author_meta":{"author_link":"https:\/\/www.cykloklubpodbiel.sk\/?author=1","display_name":"\u013dubom\u00edr Franko"},"relative_dates":{"created":"Posted 14 years ago","modified":"Updated 14 years ago"},"absolute_dates":{"created":"Posted on 5. Marec 2012","modified":"Updated on 5. Marec 2012"},"absolute_dates_time":{"created":"Posted on 5. Marec 2012 19:44","modified":"Updated on 5. Marec 2012 20:02"},"featured_img_caption":"","featured_img":false,"series_order":"","_links":{"self":[{"href":"https:\/\/www.cykloklubpodbiel.sk\/index.php?rest_route=\/wp\/v2\/pages\/3310"}],"collection":[{"href":"https:\/\/www.cykloklubpodbiel.sk\/index.php?rest_route=\/wp\/v2\/pages"}],"about":[{"href":"https:\/\/www.cykloklubpodbiel.sk\/index.php?rest_route=\/wp\/v2\/types\/page"}],"author":[{"embeddable":true,"href":"https:\/\/www.cykloklubpodbiel.sk\/index.php?rest_route=\/wp\/v2\/users\/1"}],"replies":[{"embeddable":true,"href":"https:\/\/www.cykloklubpodbiel.sk\/index.php?rest_route=%2Fwp%2Fv2%2Fcomments&post=3310"}],"version-history":[{"count":13,"href":"https:\/\/www.cykloklubpodbiel.sk\/index.php?rest_route=\/wp\/v2\/pages\/3310\/revisions"}],"predecessor-version":[{"id":3328,"href":"https:\/\/www.cykloklubpodbiel.sk\/index.php?rest_route=\/wp\/v2\/pages\/3310\/revisions\/3328"}],"up":[{"embeddable":true,"href":"https:\/\/www.cykloklubpodbiel.sk\/index.php?rest_route=\/wp\/v2\/pages\/3019"}],"wp:attachment":[{"href":"https:\/\/www.cykloklubpodbiel.sk\/index.php?rest_route=%2Fwp%2Fv2%2Fmedia&parent=3310"}],"curies":[{"name":"wp","href":"https:\/\/api.w.org\/{rel}","templated":true}]}}