{"id":3276,"date":"2012-03-03T17:35:34","date_gmt":"2012-03-03T16:35:34","guid":{"rendered":"http:\/\/www.cykloklubpodbiel.sk\/?page_id=3276"},"modified":"2012-03-13T22:49:51","modified_gmt":"2012-03-13T21:49:51","slug":"chlebnickym-chotarom","status":"publish","type":"page","link":"https:\/\/www.cykloklubpodbiel.sk\/?page_id=3276","title":{"rendered":"29.ro\u010dn\u00edk Chlebnick\u00fd okruh"},"content":{"rendered":"<p style=\"text-align: justify;\">\n<div id=\"attachment_191\" style=\"width: 560px\" class=\"wp-caption aligncenter\"><a href=\"http:\/\/www.cykloklubpodbiel.sk\/wp-content\/uploads\/2012\/02\/panochlebnice4.jpg\"><img aria-describedby=\"caption-attachment-191\" loading=\"lazy\" class=\"size-medium wp-image-191\" title=\"Poh\u013ead na zasne\u017een\u00e9 Ve\u013ek\u00e9 Borov\u00e9\" src=\"http:\/\/www.cykloklubpodbiel.sk\/wp-content\/uploads\/2012\/02\/t_panochlebnice4.png\" alt=\"Chlebnice\" width=\"550\" height=\"191\" \/><\/a><p id=\"caption-attachment-191\" class=\"wp-caption-text\">Poh\u013ead na zasne\u017een\u00e9 Ve\u013ek\u00e9 Borov\u00e9<\/p><\/div>\n<p><span style=\"color: #000000;\"><strong>D<\/strong>\u0148a<\/span> <span style=\"color: #ff0000;\"><strong>11.febru\u00e1ra 2012<\/strong><\/span> <span style=\"color: #000000;\">sme sa za kr\u00e1sneho slne\u010dn\u00e9ho ale mraziv\u00e9ho po\u010dasia (-27\u00b0C), zi\u0161li v\u00a0Chlebniciach u\u017e na 29.ro\u010dn\u00edku \u201e<strong><em>Chlebnick\u00e9ho okruhu<\/em><\/strong>\u201c.  R\u00e1no v\u00a0dedine obecn\u00fd rozhlas v\u00edtal \u00fa\u010dastn\u00edkov prechodu a\u00a0celou dedinou  sa oz\u00fdvala pr\u00edjemn\u00e1 hudba.<\/span><\/p>\n<p><a href=\"http:\/\/www.cykloserver.cz\/f\/5310075598\/\"><span style=\"color: #ff0000;\">Zobrazi\u0165 trasu v cykloatlase online<\/span><\/a><\/p>\n<div id='ca_emb_75598_1331236299' style='width: 550px; height: 300px'><\/div>\n<p><script type='text\/javascript' src='http:\/\/www.cykloserver.cz\/cykloatlas\/emb.php?d=75598&amp;akey=c4d6708843bbb012c33da5b36a25a9d7&amp;t=1331236299'><\/script><\/p>\n<p><img style=\"width: 550px; height: 200px;\" src=\"http:\/\/www.cykloserver.cz\/imgdyn\/vylety\/133046421253017.gif\" alt=\"Reli\u00e9f prechodu\" \/><\/p>\n<p><span style=\"color: #000000;\">Z\u00a0kopca po prvom st\u00fapan\u00ed sme mali kr\u00e1sny  v\u00fdh\u013ead na cel\u00fa dedinu <em>Chlebnice<\/em>.  Prekvapila n\u00e1s n\u00e1dherne  pripraven\u00e1 tra\u0165, ke\u010f be\u017eeck\u00e1 stopa bola  vytvoren\u00e1 strojom. Mierne  st\u00fapania sa striedali s\u00a0kr\u00e1tkymi zjazdmi, a\u017e  sme sa pekn\u00fdm zasne\u017een\u00fdm  lesom dostali a\u017e k\u00a0ob\u010derstveniu ku urb\u00e1rskej  chate. Tu u\u017e do\u0161iroka  rozvoniavala kapustnica, ktorej sme neodolali.  Odtia\u013eto sme mali pekn\u00fd  v\u00fdh\u013ead na <em>Ve\u013ek\u00fd Cho\u010d a\u00a0Rozsutec<\/em>.<\/span> <em> <\/em><\/p>\n<div id=\"attachment_195\" style=\"width: 270px\" class=\"wp-caption alignleft\"><a href=\"http:\/\/www.cykloklubpodbiel.sk\/wp-content\/uploads\/2012\/02\/chlebnice1.jpg\"><img aria-describedby=\"caption-attachment-195\" loading=\"lazy\" class=\"size-medium wp-image-195\" title=\"Edo, Ivan, Pe\u0165o, Igor a \u013dubica po\u010das oddychu\" src=\"http:\/\/www.cykloklubpodbiel.sk\/wp-content\/uploads\/2012\/02\/t_chlebnice1.jpg\" alt=\"Chlebnice\" width=\"260\" height=\"197\" \/><\/a><p id=\"caption-attachment-195\" class=\"wp-caption-text\">Edo, Ivan, Pe\u0165o, Igor a \u013dubica po\u010das oddychu<\/p><\/div>\n<div id=\"attachment_90\" style=\"width: 83px\" class=\"wp-caption alignright\"><a href=\"http:\/\/www.cykloklubpodbiel.sk\/wp-content\/uploads\/2012\/02\/logochlebnice1.jpg\"><img aria-describedby=\"caption-attachment-90\" loading=\"lazy\" class=\"size-medium wp-image-90\" title=\"Logo prechodu\" src=\"http:\/\/www.cykloklubpodbiel.sk\/wp-content\/uploads\/2012\/02\/t_logochlebnice1.png\" alt=\"Chlebnice\" width=\"73\" height=\"90\" \/><\/a><p id=\"caption-attachment-90\" class=\"wp-caption-text\">Logo prechodu<\/p><\/div>\n<p><span style=\"color: #000000;\">Pokra\u010dovali sme st\u00fapan\u00edm a\u017e na <em>Mal\u00e9 Borov\u00e9<\/em>, kde n\u00e1s priv\u00edtalo slnkom zaliate \u00fadolie s\u00a0v\u00fdh\u013eadom na <em>Z\u00e1padn\u00e9 Tatry<\/em>. N\u00e1dhern\u00e9 po\u010dasie, v\u00fdborn\u00e1 tra\u0165 a\u00a0pr\u00edjemn\u00e1 n\u00e1lada n\u00e1s sprev\u00e1dzala po\u010das \u010fal\u0161ieho \u00faseku a\u017e ku zvonici vo <em>Ve\u013ekom Borovom<\/em>.<\/span><\/p>\n<p><span style=\"color: #000000;\">Zi\u0161lo sa tu mno\u017estvo \u00fa\u010dastn\u00edkov na be\u017ek\u00e1ch, aj pe\u0161\u00edch, ktor\u00ed si    zaspievali, ob\u010derstvili sa a\u00a0nabrali \u010fal\u0161ie potrebn\u00e9 sily pre \u010fal\u0161\u00ed    \u00fasek. Preva\u017ene po zasne\u017een\u00fdch l\u00fakach s\u00a0miernym klesan\u00edm sme sa dostali    do poslednej dedinky po\u010das prechodu, do <em>Malatinej<\/em>. Niektor\u00ed neodolali a\u00a0doplnili si potrebn\u00e9 vypoten\u00e9 tekutiny v\u00a0miestnej kr\u010dmi\u010dke, ktor\u00e1 ich pr\u00edjemne vzpru\u017eila.<\/span><\/p>\n<p><span style=\"color: #000000;\">Z\u00a0<em>Malatinej<\/em> n\u00e1s \u010dakali u\u017e len pr\u00edjemn\u00e9 zjazdy a\u017e do <em>Chlebn\u00edc<\/em>,    kde n\u00e1m organiz\u00e1tori v\u00a0\u0161kolskej jed\u00e1lni pripravili chutn\u00fd gul\u00e1\u0161,   varen\u00e9  v\u00ednko a\u00a0tepl\u00fd \u010daj. Ukon\u010denie prechodu bolo v\u00a0kult\u00farnom dome, kde   t\u00fdch  \u010do im ostalo e\u0161te zop\u00e1r s\u00edl, \u010dakala \u013eudov\u00e1 veselica.<\/span><\/p>\n<p><span style=\"color: #000000;\">Z prechodu   sme  odch\u00e1dzali s\u00a0pr\u00edjemn\u00fdmi z\u00e1\u017eitkami a\u00a0ver\u00edm, \u017ee o\u00a0rok sa tu op\u00e4\u0165   z\u00eddeme. <em>\/\u013d.Franko\/<\/em><\/span><\/p>\n<div id=\"attachment_192\" style=\"width: 565px\" class=\"wp-caption aligncenter\"><a href=\"http:\/\/www.cykloklubpodbiel.sk\/wp-content\/uploads\/2012\/02\/panochlebnice1.jpg\"><img aria-describedby=\"caption-attachment-192\" loading=\"lazy\" class=\"size-medium wp-image-192\" title=\"Vilo, Jozef, Du\u0161an, Rado, Pa\u013eo \u0160. a Pa\u013eo K. sa zastavili pod panor\u00e1mou Ve\u013ek\u00e9ho Cho\u010da\" src=\"http:\/\/www.cykloklubpodbiel.sk\/wp-content\/uploads\/2012\/02\/t_panochlebnice1.png\" alt=\"Chlebnice\" width=\"555\" height=\"192\" \/><\/a><p id=\"caption-attachment-192\" class=\"wp-caption-text\">Vilo, Jozef, Du\u0161an, Rado, Pa\u013eo \u0160. a Pa\u013eo K. sa zastavili pod panor\u00e1mou Ve\u013ek\u00e9ho Cho\u010da<\/p><\/div>\n<div id=\"attachment_107\" style=\"width: 565px\" class=\"wp-caption aligncenter\"><a href=\"http:\/\/www.cykloklubpodbiel.sk\/wp-content\/uploads\/2012\/02\/panochlebnice.jpg\"><img aria-describedby=\"caption-attachment-107\" loading=\"lazy\" class=\"size-medium wp-image-107\" title=\"Panor\u00e1ma na tra\u0165 a okolie po \u0161tarte dne\u0161n\u00e9ho prechodu\" src=\"http:\/\/www.cykloklubpodbiel.sk\/wp-content\/uploads\/2012\/02\/t_panochlebnice.png\" alt=\"Chlebnice\" width=\"555\" height=\"107\" \/><\/a><p id=\"caption-attachment-107\" class=\"wp-caption-text\">Panor\u00e1ma na tra\u0165 a okolie po \u0161tarte dne\u0161n\u00e9ho prechodu<\/p><\/div>\n<div id=\"attachment_98\" style=\"width: 565px\" class=\"wp-caption aligncenter\"><a href=\"http:\/\/www.cykloklubpodbiel.sk\/wp-content\/uploads\/2012\/02\/panochlebnice2.jpg\"><img aria-describedby=\"caption-attachment-98\" loading=\"lazy\" class=\"size-medium wp-image-98\" title=\"N\u00e1dhern\u00fd poh\u013ead na Z\u00e1padn\u00e9 Tatry a dolinu nad Mal\u00fdm Borov\u00fdm\" src=\"http:\/\/www.cykloklubpodbiel.sk\/wp-content\/uploads\/2012\/02\/t_panochlebnice2.png\" alt=\"Chlebnice\" width=\"555\" height=\"98\" \/><\/a><p id=\"caption-attachment-98\" class=\"wp-caption-text\">N\u00e1dhern\u00fd poh\u013ead na Z\u00e1padn\u00e9 Tatry a dolinu nad Mal\u00fdm Borov\u00fdm<\/p><\/div>\n<div id=\"attachment_87\" style=\"width: 565px\" class=\"wp-caption aligncenter\"><a href=\"http:\/\/www.cykloklubpodbiel.sk\/wp-content\/uploads\/2012\/02\/panochlebnice3.jpg\"><img aria-describedby=\"caption-attachment-87\" loading=\"lazy\" class=\"size-medium wp-image-87\" title=\"Poh\u013ead na zasne\u017een\u00e9 l\u00faky po\u010das prechodu z Mal\u00e9ho Borov\u00e9ho do Ve\u013ek\u00e9ho Borov\u00e9ho\" src=\"http:\/\/www.cykloklubpodbiel.sk\/wp-content\/uploads\/2012\/02\/t_panochlebnice3.png\" alt=\"Chlebnice\" width=\"555\" height=\"87\" \/><\/a><p id=\"caption-attachment-87\" class=\"wp-caption-text\">Poh\u013ead na zasne\u017een\u00e9 l\u00faky po\u010das prechodu z Mal\u00e9ho Borov\u00e9ho do Ve\u013ek\u00e9ho Borov\u00e9ho<\/p><\/div>\n<div id=\"attachment_186\" style=\"width: 290px\" class=\"wp-caption aligncenter\"><a href=\"http:\/\/www.cykloklubpodbiel.sk\/wp-content\/gallery\/12\/chlebnice\/chlebnice.html\"><strong><img aria-describedby=\"caption-attachment-186\" loading=\"lazy\" class=\"size-medium wp-image-186\" title=\"Pozri fotogal\u00e9riu\" src=\"http:\/\/www.cykloklubpodbiel.sk\/wp-content\/uploads\/2012\/02\/t_galeriachlebnice.png\" alt=\"Chlebnice\" width=\"280\" height=\"186\" \/><\/strong><\/a><p id=\"caption-attachment-186\" class=\"wp-caption-text\">Pozri fotogal\u00e9riu<\/p><\/div>\n<p><object width=\"560\" height=\"315\"><param name=\"movie\" value=\"http:\/\/www.youtube.com\/v\/OnyHY5HHjkg?version=3&amp;hl=sk_SK\"><\/param><param name=\"allowFullScreen\" value=\"true\"><\/param><param name=\"allowscriptaccess\" value=\"always\"><\/param><embed src=\"http:\/\/www.youtube.com\/v\/OnyHY5HHjkg?version=3&amp;hl=sk_SK\" type=\"application\/x-shockwave-flash\" width=\"560\" height=\"315\" allowscriptaccess=\"always\" allowfullscreen=\"true\"><\/embed><\/object><\/p>\n","protected":false},"excerpt":{"rendered":"<p>D\u0148a 11.febru\u00e1ra 2012 sme sa za kr\u00e1sneho slne\u010dn\u00e9ho ale mraziv\u00e9ho po\u010dasia (-27\u00b0C), zi\u0161li v\u00a0Chlebniciach u\u017e na 29.ro\u010dn\u00edku \u201eChlebnick\u00e9ho okruhu\u201c. R\u00e1no v\u00a0dedine obecn\u00fd rozhlas v\u00edtal \u00fa\u010dastn\u00edkov prechodu a\u00a0celou dedinou sa oz\u00fdvala pr\u00edjemn\u00e1 hudba. Zobrazi\u0165 trasu v cykloatlase online Z\u00a0kopca po prvom st\u00fapan\u00ed sme mali kr\u00e1sny v\u00fdh\u013ead na cel\u00fa dedinu Chlebnice. Prekvapila n\u00e1s n\u00e1dherne pripraven\u00e1 tra\u0165, ke\u010f [&hellip;]<\/p>\n","protected":false},"author":1,"featured_media":0,"parent":3019,"menu_order":45,"comment_status":"open","ping_status":"closed","template":"","meta":{"advgb_blocks_editor_width":"","advgb_blocks_columns_visual_guide":"","ngg_post_thumbnail":0},"coauthors":[],"author_meta":{"author_link":"https:\/\/www.cykloklubpodbiel.sk\/?author=1","display_name":"\u013dubom\u00edr Franko"},"relative_dates":{"created":"Posted 14 years ago","modified":"Updated 14 years ago"},"absolute_dates":{"created":"Posted on 3. Marec 2012","modified":"Updated on 13. Marec 2012"},"absolute_dates_time":{"created":"Posted on 3. Marec 2012 17:35","modified":"Updated on 13. Marec 2012 22:49"},"featured_img_caption":"","featured_img":false,"series_order":"","_links":{"self":[{"href":"https:\/\/www.cykloklubpodbiel.sk\/index.php?rest_route=\/wp\/v2\/pages\/3276"}],"collection":[{"href":"https:\/\/www.cykloklubpodbiel.sk\/index.php?rest_route=\/wp\/v2\/pages"}],"about":[{"href":"https:\/\/www.cykloklubpodbiel.sk\/index.php?rest_route=\/wp\/v2\/types\/page"}],"author":[{"embeddable":true,"href":"https:\/\/www.cykloklubpodbiel.sk\/index.php?rest_route=\/wp\/v2\/users\/1"}],"replies":[{"embeddable":true,"href":"https:\/\/www.cykloklubpodbiel.sk\/index.php?rest_route=%2Fwp%2Fv2%2Fcomments&post=3276"}],"version-history":[{"count":27,"href":"https:\/\/www.cykloklubpodbiel.sk\/index.php?rest_route=\/wp\/v2\/pages\/3276\/revisions"}],"predecessor-version":[{"id":3360,"href":"https:\/\/www.cykloklubpodbiel.sk\/index.php?rest_route=\/wp\/v2\/pages\/3276\/revisions\/3360"}],"up":[{"embeddable":true,"href":"https:\/\/www.cykloklubpodbiel.sk\/index.php?rest_route=\/wp\/v2\/pages\/3019"}],"wp:attachment":[{"href":"https:\/\/www.cykloklubpodbiel.sk\/index.php?rest_route=%2Fwp%2Fv2%2Fmedia&parent=3276"}],"curies":[{"name":"wp","href":"https:\/\/api.w.org\/{rel}","templated":true}]}}