{"id":3211,"date":"2012-02-17T19:45:14","date_gmt":"2012-02-17T18:45:14","guid":{"rendered":"http:\/\/www.cykloklubpodbiel.sk\/?page_id=3211"},"modified":"2012-02-17T20:49:56","modified_gmt":"2012-02-17T19:49:56","slug":"26-rocnik-podbielanskou-magurou","status":"publish","type":"page","link":"https:\/\/www.cykloklubpodbiel.sk\/?page_id=3211","title":{"rendered":"26.ro\u010dn\u00edk Podbielanskou Magurou"},"content":{"rendered":"<p style=\"text-align: justify;\">\n<div id=\"attachment_243\" style=\"width: 560px\" class=\"wp-caption aligncenter\"><a href=\"http:\/\/www.cykloklubpodbiel.sk\/wp-content\/uploads\/2012\/02\/panoprechodmagurou2.jpg\"><img aria-describedby=\"caption-attachment-243\" loading=\"lazy\" class=\"size-medium wp-image-243\" title=\"Stretnutie \u00fa\u010dastn\u00edkov prechodu pri Koniarke\" src=\"http:\/\/www.cykloklubpodbiel.sk\/wp-content\/uploads\/2012\/02\/t_panoprechodmagurou2.png\" alt=\"Oravsk\u00e1 Magura\" width=\"550\" height=\"243\" \/><\/a><p id=\"caption-attachment-243\" class=\"wp-caption-text\">Stretnutie \u00fa\u010dastn\u00edkov prechodu pri Koniarke<\/p><\/div>\n<p><span style=\"color: #000000;\"><strong>V<\/strong> sobotu<\/span> <span style=\"color: #ff0000;\"><strong>4.febru\u00e1ra 2012<\/strong><\/span> <span style=\"color: #000000;\">sme sa stretli u\u017e po 26.kr\u00e1t na ly\u017eiarsko-turistickom prechode <em><strong>Podbielanskou Magurou<\/strong><\/em>.\u00a0 Snehu tento rok napadlo mimoriadne ve\u013ea, vy\u0161e jedn\u00e9ho metra a\u00a0k tomu hl\u00e1sili minoriadne siln\u00e9 mrazy. Ve\u010f e\u0161te v\u010dera bolo -25<sup>0<\/sup>C.<\/span><\/p>\n<p><a href=\"http:\/\/www.cykloserver.cz\/tipy-na-vylety\/detail\/?d=74546\"><span style=\"color: #ff0000;\">Zobrazi\u0165 trasu v cykloatlase online<\/span><\/a><\/p>\n<div id='ca_emb_74546_1329507872' style='width: 550px; height: 300px'><\/div>\n<p><script type='text\/javascript' src='http:\/\/www.cykloserver.cz\/cykloatlas\/emb.php?d=74546&amp;akey=d4b1b702eb2d5d1abb19bffa8f18ec44&amp;t=1329507872'><\/script><\/p>\n<p><img style=\"width: 550px; height: 200px;\" src=\"http:\/\/www.cykloserver.cz\/imgdyn\/vylety\/132863601252519.gif\" alt=\"Reli\u00e9f prechodu\" \/><\/p>\n<p><span style=\"color: #000000;\">Preto sa organiz\u00e1tori rozhodli pripravi\u0165 pre pe\u0161\u00edch iba jednu tra\u0165 a\u00a0to po ceste a\u017e ku <em>Koniarke<\/em>.   Pri prezent\u00e1cii sa pod\u00e1valo \u00fa\u010dastn\u00edkom nie\u010do na zahriatie a\u00a0sladkos\u0165   pre doplnenie energie. Organiz\u00e1tori sa tu zohrievali pri malej   vatri\u010dke, ktor\u00e1 horela vo vedre. <\/span><em> <\/em><\/p>\n<div id=\"attachment_147\" style=\"width: 270px\" class=\"wp-caption alignleft\"><a href=\"http:\/\/www.cykloklubpodbiel.sk\/wp-content\/uploads\/2012\/02\/podbielmagura1.jpg\"><img aria-describedby=\"caption-attachment-147\" loading=\"lazy\" class=\"size-medium wp-image-147\" title=\"Pri zasne\u017eenom pr\u00edstre\u0161ku na Petrovke\" src=\"http:\/\/www.cykloklubpodbiel.sk\/wp-content\/uploads\/2012\/02\/t_podbielmagura1.jpg\" alt=\"Oravsk\u00e1 Magura\" width=\"260\" height=\"147\" \/><\/a><p id=\"caption-attachment-147\" class=\"wp-caption-text\">Pri zasne\u017eenom pr\u00edstre\u0161ku na Petrovke<\/p><\/div>\n<p><span style=\"color: #000000;\">K\u00fdm pe\u0161\u00ed turisti pokra\u010dovali po ceste   smerom do <em>Magury<\/em>, be\u017ek\u00e1ri kr\u00e1\u010dali <em>Hore \u010cerven\u00fdm<\/em>, kde prech\u00e1dzali kr\u00e1snou zasne\u017eenou pr\u00edrodou a\u017e na <em>Petrovku<\/em>.    Tu ich zastihol siln\u00fd vietor, ktor\u00fd v\u00a0spolupr\u00e1ci so siln\u00fdm mrazom    prech\u00e1dzal a\u017e pod kosti. Niektor\u00fdm primrzli o\u010dn\u00e9 vie\u010dka, in\u00fdm palce.    V\u0161etci pri\u0161li poriadne vy\u0161t\u00edpan\u00ed ku pr\u00edstre\u0161ku. Tvrdili, \u017ee tam muselo    by\u0165 aspo\u0148 &#8220;-200<sup>0<\/sup>C&#8221;. Tu sa zohriali pri ohn\u00edku, aby mohli pokra\u010dova\u0165 \u010falej.<\/span><\/p>\n<p><span style=\"color: #000000;\">Niektor\u00ed pokra\u010dovali a\u017e na horizont <em>Magury<\/em> \u010falej cez <em>\u0160ubovku<\/em>, ostatn\u00ed sa spustili po ceste ku <em>Koniarke<\/em>, kde ich \u010dakalo pr\u00edjemn\u00e9 posedenie vo vyk\u00faren\u00fdch priestoroch. Preto ve\u013ek\u00e1 v\u010faka patr\u00ed <em>Urb\u00e1ru v\u00a0Podbieli<\/em>,    ktor\u00fd n\u00e1m poskytol tieto priestory. Pre pe\u0161\u00edch turistov e\u0161te r\u00e1no    preh\u0155\u0148al trasu obecn\u00fd traktor, ktor\u00fd s\u00a0vyp\u00e4t\u00edm v\u0161etk\u00fdch s\u00edl dorazil a\u017e    ku <em>Koniarke<\/em>.Tu sa zi\u0161la takmer stovka \u00fa\u010dastn\u00edkov prechodu,  ktor\u00ed   si zaspievali, opiekli si slaninu, \u010di klob\u00e1su, zohriali sa  a\u00a0potom sa   vybrali na cestu sp\u00e4\u0165 do <em>Podbiela<\/em>, kde ich \u010dakalo  ob\u010derstvenie,   tombola a\u00a0posedenie pri hudbe.<\/span><\/p>\n<p><span style=\"color: #000000;\">Na t\u00fato akciu prispeli  nasledovn\u00ed   sponzori, bez ktor\u00fdch by sa len \u0165a\u017eko dala tak\u00e1to akcia  zorganizova\u0165. S\u00fa   to: Obecn\u00fd \u00farad Podbiel, Urb\u00e1r Podbiel, Pavol Tm\u00e1k,  M\u00e4siarstvo   Matl\u00e1kov\u00e1, VIKON, s.r.o. . <em>\/\u013d.Franko\/<\/em><\/span><\/p>\n<div id=\"attachment_265\" style=\"width: 560px\" class=\"wp-caption aligncenter\"><a href=\"http:\/\/www.cykloklubpodbiel.sk\/wp-content\/uploads\/2012\/02\/panoprechodmagurou.jpg\"><img aria-describedby=\"caption-attachment-265\" loading=\"lazy\" class=\"size-medium wp-image-265\" title=\"Prostredie okolo vyhriatej chaty Koniarka\" src=\"http:\/\/www.cykloklubpodbiel.sk\/wp-content\/uploads\/2012\/02\/t_panoprechodmagurou.png\" alt=\"Oravsk\u00e1 Magura\" width=\"550\" height=\"265\" \/><\/a><p id=\"caption-attachment-265\" class=\"wp-caption-text\">Prostredie okolo vyhriatej chaty Koniarka<\/p><\/div>\n<div id=\"attachment_166\" style=\"width: 560px\" class=\"wp-caption aligncenter\"><a href=\"http:\/\/www.cykloklubpodbiel.sk\/wp-content\/uploads\/2012\/02\/panoprechodmagurou1.jpg\"><img aria-describedby=\"caption-attachment-166\" loading=\"lazy\" class=\"size-medium wp-image-166\" title=\"Posedenie pri tombole v kult\u00farno-\u0161portovej hale v Podbieli\" src=\"http:\/\/www.cykloklubpodbiel.sk\/wp-content\/uploads\/2012\/02\/t_panoprechodmagurou1.png\" alt=\"Oravsk\u00e1 Magura\" width=\"550\" height=\"166\" \/><\/a><p id=\"caption-attachment-166\" class=\"wp-caption-text\">Posedenie pri tombole v kult\u00farno-\u0161portovej hale v Podbieli<\/p><\/div>\n<div id=\"attachment_186\" style=\"width: 290px\" class=\"wp-caption aligncenter\"><a href=\"http:\/\/www.cykloklubpodbiel.sk\/wp-content\/gallery\/12\/prechodmagurou\/prechodmagurou.html\"><strong><img aria-describedby=\"caption-attachment-186\" loading=\"lazy\" class=\"size-medium wp-image-186\" title=\"Pozri fotogal\u00e9riu\" src=\"http:\/\/www.cykloklubpodbiel.sk\/wp-content\/uploads\/2012\/02\/t_galeriapodbielmagura.png\" alt=\"Oravsk\u00e1 Magura\" width=\"280\" height=\"186\" \/><\/strong><\/a><p id=\"caption-attachment-186\" class=\"wp-caption-text\">Pozri fotogal\u00e9riu<\/p><\/div>\n","protected":false},"excerpt":{"rendered":"<p>V sobotu 4.febru\u00e1ra 2012 sme sa stretli u\u017e po 26.kr\u00e1t na ly\u017eiarsko-turistickom prechode Podbielanskou Magurou.\u00a0 Snehu tento rok napadlo mimoriadne ve\u013ea, vy\u0161e jedn\u00e9ho metra a\u00a0k tomu hl\u00e1sili minoriadne siln\u00e9 mrazy. Ve\u010f e\u0161te v\u010dera bolo -250C. Zobrazi\u0165 trasu v cykloatlase online Preto sa organiz\u00e1tori rozhodli pripravi\u0165 pre pe\u0161\u00edch iba jednu tra\u0165 a\u00a0to po ceste a\u017e ku [&hellip;]<\/p>\n","protected":false},"author":1,"featured_media":0,"parent":3019,"menu_order":46,"comment_status":"open","ping_status":"closed","template":"","meta":{"advgb_blocks_editor_width":"","advgb_blocks_columns_visual_guide":"","ngg_post_thumbnail":0},"coauthors":[],"author_meta":{"author_link":"https:\/\/www.cykloklubpodbiel.sk\/?author=1","display_name":"\u013dubom\u00edr Franko"},"relative_dates":{"created":"Posted 14 years ago","modified":"Updated 14 years ago"},"absolute_dates":{"created":"Posted on 17. Febru\u00e1r 2012","modified":"Updated on 17. Febru\u00e1r 2012"},"absolute_dates_time":{"created":"Posted on 17. Febru\u00e1r 2012 19:45","modified":"Updated on 17. Febru\u00e1r 2012 20:49"},"featured_img_caption":"","featured_img":false,"series_order":"","_links":{"self":[{"href":"https:\/\/www.cykloklubpodbiel.sk\/index.php?rest_route=\/wp\/v2\/pages\/3211"}],"collection":[{"href":"https:\/\/www.cykloklubpodbiel.sk\/index.php?rest_route=\/wp\/v2\/pages"}],"about":[{"href":"https:\/\/www.cykloklubpodbiel.sk\/index.php?rest_route=\/wp\/v2\/types\/page"}],"author":[{"embeddable":true,"href":"https:\/\/www.cykloklubpodbiel.sk\/index.php?rest_route=\/wp\/v2\/users\/1"}],"replies":[{"embeddable":true,"href":"https:\/\/www.cykloklubpodbiel.sk\/index.php?rest_route=%2Fwp%2Fv2%2Fcomments&post=3211"}],"version-history":[{"count":22,"href":"https:\/\/www.cykloklubpodbiel.sk\/index.php?rest_route=\/wp\/v2\/pages\/3211\/revisions"}],"predecessor-version":[{"id":3248,"href":"https:\/\/www.cykloklubpodbiel.sk\/index.php?rest_route=\/wp\/v2\/pages\/3211\/revisions\/3248"}],"up":[{"embeddable":true,"href":"https:\/\/www.cykloklubpodbiel.sk\/index.php?rest_route=\/wp\/v2\/pages\/3019"}],"wp:attachment":[{"href":"https:\/\/www.cykloklubpodbiel.sk\/index.php?rest_route=%2Fwp%2Fv2%2Fmedia&parent=3211"}],"curies":[{"name":"wp","href":"https:\/\/api.w.org\/{rel}","templated":true}]}}