{"id":3106,"date":"2012-01-24T15:42:39","date_gmt":"2012-01-24T14:42:39","guid":{"rendered":"http:\/\/www.cykloklubpodbiel.sk\/?page_id=3106"},"modified":"2012-01-24T23:43:24","modified_gmt":"2012-01-24T22:43:24","slug":"dubovskym-chotarom","status":"publish","type":"page","link":"https:\/\/www.cykloklubpodbiel.sk\/?page_id=3106","title":{"rendered":"Dubovsk\u00fdm chot\u00e1rom"},"content":{"rendered":"<p style=\"text-align: justify;\">\n<div id=\"attachment_264\" style=\"width: 560px\" class=\"wp-caption aligncenter\"><a href=\"http:\/\/www.cykloklubpodbiel.sk\/wp-content\/uploads\/2012\/01\/dubova.jpg\"><img aria-describedby=\"caption-attachment-264\" loading=\"lazy\" class=\"size-medium wp-image-264\" title=\"Spolo\u010dn\u00e9 foto be\u017ek\u00e1rov aj pe\u0161\u00edch turistov dne\u0161n\u00e9ho prechodu\" src=\"http:\/\/www.cykloklubpodbiel.sk\/wp-content\/uploads\/2012\/01\/t_dubova.png\" alt=\"Dubovsk\u00fdm chot\u00e1rom\" width=\"550\" height=\"264\" \/><\/a><p id=\"caption-attachment-264\" class=\"wp-caption-text\">Spolo\u010dn\u00e9 foto be\u017ek\u00e1rov aj pe\u0161\u00edch turistov dne\u0161n\u00e9ho prechodu<\/p><\/div>\n<p><span style=\"color: #000000;\">A  znovu pri\u0161la sobota, ktor\u00e1 bohat\u00fdm snehom n\u00e1m priala z\u00fa\u010dastni\u0165 sa  \u010fal\u0161ieho, u\u017e druh\u00e9ho ly\u017eiarskeho prechodu. Tak n\u00e1s cesta zaviedla d\u0148a <span style=\"color: #ff0000;\"><strong>21.janu\u00e1ra 2012<\/strong><\/span> u\u017e na <em>XIII ro\u010dn\u00edk<\/em> prechodu <em>DUBOVSK\u00ddM CHOT\u00c1ROM<\/em>.<\/span> <em> <\/em><\/p>\n<p><a href=\"http:\/\/www.cykloserver.cz\/tipy-na-vylety\/detail\/?d=73891\"><span style=\"color: #ff0000;\">Zobrazi\u0165 trasu v cykloatlase online<\/span><\/a><\/p>\n<div id='ca_emb_73891_1327444053' style='width: 550px; height: 300px'><\/div>\n<p><script type='text\/javascript' src='http:\/\/www.cykloserver.cz\/cykloatlas\/emb.php?d=73891&amp;akey=06d07c9f64d2839df1b255f87e3af844&amp;t=1327444053'><\/script><\/p>\n<p><img style=\"width: 550px; height: 200px;\" src=\"http:\/\/www.cykloserver.cz\/imgdyn\/vylety\/132735137229353.gif\" alt=\"Reli\u00e9f prechodu\" \/><\/p>\n<p><span style=\"color: #000000;\">Hne\u010f pri z\u00e1pise n\u00e1s pon\u00fakli mal\u00fdm hriatym, aby sme cestu lep\u0161ie   zvl\u00e1dli. Na tra\u0165 n\u00e1s doprev\u00e1dzala v\u00f4\u0148a pripravovan\u00e9ho gu\u013e\u00e1\u0161a. Po   prejden\u00ed mosta cez rieku Orava sa na\u0161a partia rozdelila na pe\u0161\u00edch a   be\u017ek\u00e1rov. Vosk n\u00e1m sedel e\u0161te z prechodu z Krivej. Pri prvom st\u00fapan\u00ed n\u00e1m   Pe\u0165o menil tra\u0165, a tak ostatn\u00ed st\u00fapali, kde chceli. \u010cas n\u00e1m prial a  tak  padlo mnoho vesel\u00fdch pozn\u00e1mok. <\/span><em> <\/em><\/p>\n<div id=\"attachment_173\" style=\"width: 270px\" class=\"wp-caption alignleft\"><a href=\"http:\/\/www.cykloklubpodbiel.sk\/wp-content\/uploads\/2012\/01\/dubova2.jpg\"><img aria-describedby=\"caption-attachment-173\" loading=\"lazy\" class=\"size-medium wp-image-173\" title=\"Maja, Monika a David absolvovali prechod pe\u0161o\" src=\"http:\/\/www.cykloklubpodbiel.sk\/wp-content\/uploads\/2012\/01\/t_dubova2.jpg\" alt=\"Dubovsk\u00fdm chot\u00e1rom\" width=\"260\" height=\"173\" \/><\/a><p id=\"caption-attachment-173\" class=\"wp-caption-text\">Maja, Monika a David absolvovali prechod pe\u0161o<\/p><\/div>\n<p><span style=\"color: #000000;\">Po kr\u00e1tkom rozbehnut\u00ed po trati sme  sa  dostali k pr\u00edstre\u0161ku pri <em>\u010crta\u0161i, <\/em>kde  padol dobre \u010daj a  posedenie  pri harmonike s pe\u0161\u00edmi \u00fa\u010dastn\u00edkmi.<\/span><\/p>\n<p><span style=\"color: #000000;\">Cesta  pokra\u010dovala \u010falej  prudk\u00fdm  st\u00fapan\u00edm. Tu sme uvideli odstaven\u00fd mal\u00fd  autobus, ktor\u00fdm sme sa  chceli  odviez\u0165. No p\u013euh\u00e1k jeden, bol to len  \u0161rot. Nezost\u00e1valo n\u00e1m ni\u010d  in\u00e9, len  sa vydriapa\u0165 na vrch zvan\u00fd <em>Jastrabie<\/em>.  Odtia\u013eto u\u017e bolo  len mal\u00e9  st\u00fapanie ku <em>Trom sosn\u00e1m<\/em>.<\/span><\/p>\n<p><span style=\"color: #000000;\">Tu sa zjedlo, \u010do bolo e\u0161te v  batohoch a hybaj dolu  svahom, kde  sa dalo vy\u0161anti\u0165, ako kto chcel, a\u017e  do kult\u00farneho domu na  u\u017e tak  o\u010dak\u00e1van\u00fd gul\u00e1\u0161. Po dobrom gul\u00e1\u0161i n\u00e1m  zahrali \u013eudov\u00ed muzikanti, a  tak sa  oz\u00fdval po celej s\u00e1le spev.<\/span><\/p>\n<p><span style=\"color: #000000;\">Ke\u010f\u017ee  kolega Juraj nemohol od\u00eds\u0165  domov bez  tancova\u010dky, povykr\u00facal na\u0161e  \u017eeny, a tak sme u\u017e mohli  spokojne  cestova\u0165 domov s mno\u017estvom z\u00e1\u017eitkov. <em>\/P.\u017duffa\/<\/em><\/span><\/p>\n<div id=\"attachment_210\" style=\"width: 290px\" class=\"wp-caption aligncenter\"><a href=\"http:\/\/www.cykloklubpodbiel.sk\/wp-content\/gallery\/12\/dubovskymchotarom\/dubovskymchotarom.html\"><strong><img aria-describedby=\"caption-attachment-210\" loading=\"lazy\" class=\"size-medium wp-image-210\" title=\"Pozri fotogal\u00e9riu\" src=\"http:\/\/www.cykloklubpodbiel.sk\/wp-content\/uploads\/2012\/01\/t_galeriadubova.png\" alt=\"Dubovsk\u00fdm chot\u00e1rom\" width=\"280\" height=\"210\" \/><\/strong><\/a><p id=\"caption-attachment-210\" class=\"wp-caption-text\">Pozri fotogal\u00e9riu<\/p><\/div>\n","protected":false},"excerpt":{"rendered":"<p>A znovu pri\u0161la sobota, ktor\u00e1 bohat\u00fdm snehom n\u00e1m priala z\u00fa\u010dastni\u0165 sa \u010fal\u0161ieho, u\u017e druh\u00e9ho ly\u017eiarskeho prechodu. Tak n\u00e1s cesta zaviedla d\u0148a 21.janu\u00e1ra 2012 u\u017e na XIII ro\u010dn\u00edk prechodu DUBOVSK\u00ddM CHOT\u00c1ROM. Zobrazi\u0165 trasu v cykloatlase online Hne\u010f pri z\u00e1pise n\u00e1s pon\u00fakli mal\u00fdm hriatym, aby sme cestu lep\u0161ie zvl\u00e1dli. Na tra\u0165 n\u00e1s doprev\u00e1dzala v\u00f4\u0148a pripravovan\u00e9ho gu\u013e\u00e1\u0161a. Po [&hellip;]<\/p>\n","protected":false},"author":1,"featured_media":0,"parent":3019,"menu_order":48,"comment_status":"open","ping_status":"closed","template":"","meta":{"advgb_blocks_editor_width":"","advgb_blocks_columns_visual_guide":"","ngg_post_thumbnail":0},"coauthors":[],"author_meta":{"author_link":"https:\/\/www.cykloklubpodbiel.sk\/?author=1","display_name":"\u013dubom\u00edr Franko"},"relative_dates":{"created":"Posted 14 years ago","modified":"Updated 14 years ago"},"absolute_dates":{"created":"Posted on 24. Janu\u00e1r 2012","modified":"Updated on 24. Janu\u00e1r 2012"},"absolute_dates_time":{"created":"Posted on 24. Janu\u00e1r 2012 15:42","modified":"Updated on 24. Janu\u00e1r 2012 23:43"},"featured_img_caption":"","featured_img":false,"series_order":"","_links":{"self":[{"href":"https:\/\/www.cykloklubpodbiel.sk\/index.php?rest_route=\/wp\/v2\/pages\/3106"}],"collection":[{"href":"https:\/\/www.cykloklubpodbiel.sk\/index.php?rest_route=\/wp\/v2\/pages"}],"about":[{"href":"https:\/\/www.cykloklubpodbiel.sk\/index.php?rest_route=\/wp\/v2\/types\/page"}],"author":[{"embeddable":true,"href":"https:\/\/www.cykloklubpodbiel.sk\/index.php?rest_route=\/wp\/v2\/users\/1"}],"replies":[{"embeddable":true,"href":"https:\/\/www.cykloklubpodbiel.sk\/index.php?rest_route=%2Fwp%2Fv2%2Fcomments&post=3106"}],"version-history":[{"count":20,"href":"https:\/\/www.cykloklubpodbiel.sk\/index.php?rest_route=\/wp\/v2\/pages\/3106\/revisions"}],"predecessor-version":[{"id":3139,"href":"https:\/\/www.cykloklubpodbiel.sk\/index.php?rest_route=\/wp\/v2\/pages\/3106\/revisions\/3139"}],"up":[{"embeddable":true,"href":"https:\/\/www.cykloklubpodbiel.sk\/index.php?rest_route=\/wp\/v2\/pages\/3019"}],"wp:attachment":[{"href":"https:\/\/www.cykloklubpodbiel.sk\/index.php?rest_route=%2Fwp%2Fv2%2Fmedia&parent=3106"}],"curies":[{"name":"wp","href":"https:\/\/api.w.org\/{rel}","templated":true}]}}