{"id":2955,"date":"2012-01-01T16:42:38","date_gmt":"2012-01-01T15:42:38","guid":{"rendered":"http:\/\/www.cykloklubpodbiel.sk\/?page_id=2955"},"modified":"2012-02-15T22:10:00","modified_gmt":"2012-02-15T21:10:00","slug":"silvestrovska-kapustnica","status":"publish","type":"page","link":"https:\/\/www.cykloklubpodbiel.sk\/?page_id=2955","title":{"rendered":"Silvestrovsk\u00e1 kapustnica"},"content":{"rendered":"<p style=\"text-align: justify;\">\n<div id=\"attachment_261\" style=\"width: 560px\" class=\"wp-caption aligncenter\"><a href=\"http:\/\/www.cykloklubpodbiel.sk\/wp-content\/uploads\/2011\/12\/panocskala1.jpg\"><img aria-describedby=\"caption-attachment-261\" loading=\"lazy\" class=\"size-medium wp-image-261\" title=\"Poh\u013ead na zimn\u00fa panor\u00e1mu Podbiela z \u010cervenej skaly\" src=\"http:\/\/www.cykloklubpodbiel.sk\/wp-content\/uploads\/2011\/12\/t_panocskala1.png\" alt=\"\u010cerven\u00e1 skala\" width=\"550\" height=\"261\" \/><\/a><p id=\"caption-attachment-261\" class=\"wp-caption-text\">Poh\u013ead na zimn\u00fa panor\u00e1mu Podbiela z \u010cervenej skaly<\/p><\/div>\n<p><strong> <\/strong><span style=\"color: #000000;\"><strong> <\/strong><\/span><span style=\"color: #000000;\"><strong>P<\/strong>osledn\u00fd de\u0148 v roku<\/span> <span style=\"color: #ff0000;\"><strong>31.decembra 2011<\/strong><\/span> <span style=\"color: #000000;\">sme  sa u\u017e po 4.kr\u00e1t stretli pri Silvestrovskej kapustnici na \u010cervenej  skale. V noci n\u00e1m napadlo asi 5 cm snehu, tak\u017ee r\u00e1no sme sa zobudili do  bielej zasne\u017eenej krajiny. U\u017e r\u00e1no sme sa vybrali s kotl\u00edkom na \u010cerven\u00fa  skalu, kde n\u00e1m pomohol Pa\u013eo, ktor\u00fd n\u00e1m vyviezol hore v\u00e4\u010d\u0161iu \u010das\u0165  materi\u00e1lu.<\/span><\/p>\n<p><a href=\"http:\/\/www.cykloserver.cz\/tipy-na-vylety\/detail\/?d=72906\"><span style=\"color: #ff0000;\">Zobrazi\u0165 trasu v cykloatlase online<\/span><\/a><\/p>\n<div id='ca_emb_72906_1329340128' style='width: 550px; height: 300px'><\/div>\n<p><script type='text\/javascript' src='http:\/\/www.cykloserver.cz\/cykloatlas\/emb.php?d=72906&amp;akey=6bde64dc6747dbd6674c176a77eb1896&amp;t=1329340128'><\/script><\/p>\n<p><img style=\"width: 550px; height: 200px;\" src=\"http:\/\/www.cykloserver.cz\/imgdyn\/vylety\/132542819971996.gif\" alt=\"\" \/><\/p>\n<p><span style=\"color: #000000;\">Po\u010dasie bolo pr\u00edjemn\u00e9. Niekedy husto sne\u017eilo, potom zasa  vy\u0161lo slnko,  no bolo \u00fapln\u00e9 bezvetrie. Du\u0161an pripravil drevo na vatru a  pod kotl\u00edk,  Pa\u013eo s Pe\u0165om u\u017e vlievali kapustnicu do kotl\u00edka, no a ke\u010f  \u013eudia za\u010dali  postupne prich\u00e1dza\u0165, Jozef ich v\u00edtal poh\u00e1rikom, ktor\u00fd padol  vhod po  n\u00e1ro\u010dnom st\u00fapan\u00ed.<\/span><\/p>\n<div id=\"attachment_173\" style=\"width: 270px\" class=\"wp-caption alignleft\"><a href=\"http:\/\/www.cykloklubpodbiel.sk\/wp-content\/uploads\/2011\/12\/kapustnicacskala1.jpg\"><img aria-describedby=\"caption-attachment-173\" loading=\"lazy\" class=\"size-medium wp-image-173\" title=\"Ob\u010derstvenie na \u010cervenej skale\" src=\"http:\/\/www.cykloklubpodbiel.sk\/wp-content\/uploads\/2011\/12\/t_kapustnicacskala1.jpg\" alt=\"\u010cerven\u00e1 skala\" width=\"260\" height=\"173\" \/><\/a><p id=\"caption-attachment-173\" class=\"wp-caption-text\">Ob\u010derstvenie na \u010cervenej skale<\/p><\/div>\n<p><span style=\"color: #000000;\">\u010c\u00edm viac \u013eud\u00ed sa zhroma\u017e\u010fovalo na \u010cervenej  skale, t\u00edm  bolo vesel\u0161ie.  Deti si na\u0161li kop\u010dek z ktor\u00e9ho sa sp\u00fa\u0161\u0165ali a  te\u0161ili sa z  nov\u00e9ho snehu.<\/span><\/p>\n<p><span style=\"color: #000000;\">K\u00fdm sa kapustnica pomaly varila, prid\u00e1val  ka\u017ed\u00fd do  kotl\u00edka chutn\u00e9  \u00faden\u00e9 klob\u00e1sky, ktor\u00e9 sme predt\u00fdm v\u017edy  ochutn\u00e1vali.  V\u0161etky boli  v\u00fdborn\u00e9. Postupne za\u010dala n\u00e1lada gradova\u0165 a  za\u010dali sme aj  spieva\u0165.  Zi\u0161lo sa tu mno\u017estvo \u013eud\u00ed (cez 70 \u00fa\u010dastn\u00edkov) a  to nielen z  Podbiela,  ale aj z okolit\u00fdch ded\u00edn, ba aj z\u00e1stupcovia z  Moravy.<\/span><\/p>\n<p><span style=\"color: #000000;\">Okolo  obeda bola  kapustnica hotov\u00e1 a mohla sa pod\u00e1va\u0165. Bola  v\u00fdborn\u00e1 a ka\u017ed\u00e9ho  pr\u00edjemne  zohriala. Potom sme si e\u0161te zaspievali a  postupne sme sa  za\u010dali  pripravova\u0165 na zostup. Zostup bol taktie\u017e  n\u00e1ro\u010dn\u00fd, nohy n\u00e1m sem  tam  zdvihlo a aj ke\u010f nechtiac, aj my star\u0161\u00ed sme  absolvovali zostup na   zadku.<\/span><\/p>\n<p><span style=\"color: #000000;\">Nakoniec sme \u0161\u0165astlivo zi\u0161li do dediny, kde  sme sa e\u0161te   zastavili na dom\u00e1cej zab\u00edja\u010dke u \u013duda, ktor\u00fd pre n\u00e1s  pripravil chutn\u00e9   \u0161peciality. Takto sme str\u00e1vili za\u010diatok Silvestra v  roku 2011 a   pripravovali sa na priv\u00edtanie Nov\u00e9ho roka 2012.<\/span><\/p>\n<div id=\"attachment_186\" style=\"width: 290px\" class=\"wp-caption alignleft\"><a href=\"http:\/\/www.cykloklubpodbiel.sk\/wp-content\/gallery\/11\/kapustnicacskala\/kapustnicacskala.html\"><strong><img aria-describedby=\"caption-attachment-186\" loading=\"lazy\" class=\"size-medium wp-image-186\" title=\"Pozri fotogal\u00e9riu\" src=\"http:\/\/www.cykloklubpodbiel.sk\/wp-content\/uploads\/2011\/12\/t_galeriacskala.png\" alt=\"\u010cerven\u00e1 skala\" width=\"280\" height=\"186\" \/><\/strong><\/a><p id=\"caption-attachment-186\" class=\"wp-caption-text\">Pozri fotogal\u00e9riu<\/p><\/div>\n<p><object style=\"height: 335px; width: 550px;\" classid=\"clsid:d27cdb6e-ae6d-11cf-96b8-444553540000\" width=\"100\" height=\"100\" codebase=\"http:\/\/download.macromedia.com\/pub\/shockwave\/cabs\/flash\/swflash.cab#version=6,0,40,0\"><param name=\"allowFullScreen\" value=\"true\" \/><param name=\"allowScriptAccess\" value=\"always\" \/><param name=\"src\" value=\"http:\/\/www.youtube.com\/v\/jO6b2LgYNo8?version=3&amp;feature=player_detailpage\" \/><param name=\"allowfullscreen\" value=\"true\" \/><embed style=\"height: 335px; width: 550px;\" type=\"application\/x-shockwave-flash\" width=\"100\" height=\"100\" src=\"http:\/\/www.youtube.com\/v\/jO6b2LgYNo8?version=3&amp;feature=player_detailpage\" allowscriptaccess=\"always\" allowfullscreen=\"true\"><\/embed><\/object><\/p>\n","protected":false},"excerpt":{"rendered":"<p>Posledn\u00fd de\u0148 v roku 31.decembra 2011 sme sa u\u017e po 4.kr\u00e1t stretli pri Silvestrovskej kapustnici na \u010cervenej skale. V noci n\u00e1m napadlo asi 5 cm snehu, tak\u017ee r\u00e1no sme sa zobudili do bielej zasne\u017eenej krajiny. U\u017e r\u00e1no sme sa vybrali s kotl\u00edkom na \u010cerven\u00fa skalu, kde n\u00e1m pomohol Pa\u013eo, ktor\u00fd n\u00e1m vyviezol hore v\u00e4\u010d\u0161iu \u010das\u0165 [&hellip;]<\/p>\n","protected":false},"author":1,"featured_media":0,"parent":1381,"menu_order":1,"comment_status":"open","ping_status":"closed","template":"","meta":{"advgb_blocks_editor_width":"","advgb_blocks_columns_visual_guide":"","ngg_post_thumbnail":0},"coauthors":[],"author_meta":{"author_link":"https:\/\/www.cykloklubpodbiel.sk\/?author=1","display_name":"\u013dubom\u00edr Franko"},"relative_dates":{"created":"Posted 14 years ago","modified":"Updated 14 years ago"},"absolute_dates":{"created":"Posted on 1. Janu\u00e1r 2012","modified":"Updated on 15. Febru\u00e1r 2012"},"absolute_dates_time":{"created":"Posted on 1. Janu\u00e1r 2012 16:42","modified":"Updated on 15. Febru\u00e1r 2012 22:10"},"featured_img_caption":"","featured_img":false,"series_order":"","_links":{"self":[{"href":"https:\/\/www.cykloklubpodbiel.sk\/index.php?rest_route=\/wp\/v2\/pages\/2955"}],"collection":[{"href":"https:\/\/www.cykloklubpodbiel.sk\/index.php?rest_route=\/wp\/v2\/pages"}],"about":[{"href":"https:\/\/www.cykloklubpodbiel.sk\/index.php?rest_route=\/wp\/v2\/types\/page"}],"author":[{"embeddable":true,"href":"https:\/\/www.cykloklubpodbiel.sk\/index.php?rest_route=\/wp\/v2\/users\/1"}],"replies":[{"embeddable":true,"href":"https:\/\/www.cykloklubpodbiel.sk\/index.php?rest_route=%2Fwp%2Fv2%2Fcomments&post=2955"}],"version-history":[{"count":20,"href":"https:\/\/www.cykloklubpodbiel.sk\/index.php?rest_route=\/wp\/v2\/pages\/2955\/revisions"}],"predecessor-version":[{"id":3223,"href":"https:\/\/www.cykloklubpodbiel.sk\/index.php?rest_route=\/wp\/v2\/pages\/2955\/revisions\/3223"}],"up":[{"embeddable":true,"href":"https:\/\/www.cykloklubpodbiel.sk\/index.php?rest_route=\/wp\/v2\/pages\/1381"}],"wp:attachment":[{"href":"https:\/\/www.cykloklubpodbiel.sk\/index.php?rest_route=%2Fwp%2Fv2%2Fmedia&parent=2955"}],"curies":[{"name":"wp","href":"https:\/\/api.w.org\/{rel}","templated":true}]}}