{"id":2919,"date":"2011-12-27T10:37:03","date_gmt":"2011-12-27T09:37:03","guid":{"rendered":"http:\/\/www.cykloklubpodbiel.sk\/?page_id=2919"},"modified":"2011-12-27T17:39:08","modified_gmt":"2011-12-27T16:39:08","slug":"stefansky-vystup","status":"publish","type":"page","link":"https:\/\/www.cykloklubpodbiel.sk\/?page_id=2919","title":{"rendered":"\u0160tefansk\u00fd v\u00fdstup"},"content":{"rendered":"<p style=\"text-align: justify;\">\n<div id=\"attachment_244\" style=\"width: 560px\" class=\"wp-caption aligncenter\"><a href=\"http:\/\/www.cykloklubpodbiel.sk\/wp-content\/uploads\/2011\/12\/panostefansky.jpg\"><img aria-describedby=\"caption-attachment-244\" loading=\"lazy\" class=\"size-medium wp-image-244\" title=\"Pr\u00edprava pred v\u00fdstupom pri ly\u017eiarskom stredisku Roh\u00e1\u010de-Sp\u00e1len\u00e1\" src=\"http:\/\/www.cykloklubpodbiel.sk\/wp-content\/uploads\/2011\/12\/t_panostefansky.png\" alt=\"\u0164atliakova chata\" width=\"550\" height=\"244\" \/><\/a><p id=\"caption-attachment-244\" class=\"wp-caption-text\">Pr\u00edprava pred v\u00fdstupom pri ly\u017eiarskom stredisku Roh\u00e1\u010de-Sp\u00e1len\u00e1<\/p><\/div>\n<p><strong> <\/strong><span style=\"color: #000000;\"><strong>D<\/strong>\u0148a<\/span> <span style=\"color: #ff0000;\"><strong>26.decembra 2011<\/strong><\/span> <span style=\"color: #000000;\">sa  u\u017e ka\u017edoro\u010dne nieko\u013eko desiatok rokov kon\u00e1 \u0160tefansk\u00fd v\u00fdstup na  \u0164atliakovu chatu. Tento rok bolo po\u010dasie pochm\u00farne. V dolin\u00e1ch pr\u0161alo,  no vy\u0161\u0161ie bolo chladnej\u0161ie a tak padal d\u00e1\u017e\u010f so snehom. No aj napriek  hor\u0161iemu po\u010dasiu sa tu zi\u0161lo nieko\u013eko stoviek vyzn\u00e1va\u010dov zimn\u00fdch  v\u00fdstupov.<\/span><\/p>\n<div id=\"ca_emb_72653_1324978958\" style=\"width: 550px; height: 300px;\"><a href=\"http:\/\/www.cykloserver.cz\/tipy-na-vylety\/detail\/?d=72653\"><span style=\"color: #ff0000;\">Zobrazi\u0165 trasu v Cykloatlase online<\/span><\/a><\/div>\n<p><script src=\"http:\/\/www.cykloserver.cz\/cykloatlas\/emb.php?d=72653&amp;akey=e5327056b5e5075ffe7ffc2e9eddef96&amp;t=1324978958\" type=\"text\/javascript\"><\/script><\/p>\n<p><img style=\"width: 550px; height: 200px;\" src=\"http:\/\/www.cykloserver.cz\/imgdyn\/vylety\/132482879318179.gif\" alt=\"\" \/><\/p>\n<p><span style=\"color: #000000;\">Za\u010d\u00ednali sme od parkoviska pri ly\u017eiarskom stredisku  Roh\u00e1\u010de-Sp\u00e1len\u00e1.  Studenou dolinou sme pokra\u010dovali \u00fazkym chodn\u00edkom v  snehu. \u010c\u00edm vy\u0161\u0161ie  sme sa dostali, t\u00fdm aj snehu prib\u00fadalo. Pri  \u0164atliakovej chate to bolo  u\u017e okolo 50 cm snehu.<\/span><\/p>\n<div id=\"attachment_173\" style=\"width: 270px\" class=\"wp-caption alignleft\"><a href=\"http:\/\/www.cykloklubpodbiel.sk\/wp-content\/uploads\/2011\/12\/stefansky1.jpg\"><img aria-describedby=\"caption-attachment-173\" loading=\"lazy\" class=\"size-medium wp-image-173\" title=\"Ob\u010derstvenie pri parkovisku\" src=\"http:\/\/www.cykloklubpodbiel.sk\/wp-content\/uploads\/2011\/12\/t_stefansky1.jpg\" alt=\"\u0164atliakova chata\" width=\"260\" height=\"173\" \/><\/a><p id=\"caption-attachment-173\" class=\"wp-caption-text\">Ob\u010derstvenie pri parkovisku<\/p><\/div>\n<p><span style=\"color: #000000;\">Po\u010das v\u00fdstupu sme mali  nieko\u013eko ob\u010derstvovac\u00edch  stan\u00edc. David sa  vybral na be\u017ek\u00e1ch a hlavne  cestou sp\u00e4\u0165, ke\u010f sa u\u017e iba  spustil, sme mu  v\u0161etci z\u00e1videli.<\/span><\/p>\n<p><span style=\"color: #000000;\">Pri  \u0164atliakovej chate sme sa poriadne  najedli,  nav\u0161t\u00edvili \u0164atliakove jazero,  okolo ktor\u00e9ho sa zhroma\u017edilo  mno\u017estvo  \u013eud\u00ed. \u010cakali sme aj husli\u010dk\u00e1rov,  ktor\u00ed v\u017edy navodia vesel\u00fa  n\u00e1ladu, no  do\u010dkali sme sa akur\u00e1t Pe\u0165a, ktor\u00e9ho  spev bolo u\u017e z\u010faleka  po\u010du\u0165.<\/span><\/p>\n<p><span style=\"color: #000000;\">Ke\u010f\u017ee  sme boli trochu zmoknut\u00ed a za\u010d\u00ednalo  n\u00e1m by\u0165 zima, vybrali  sme sa na  cestu sp\u00e4\u0165. Po\u010das zostupu na niektor\u00ed  \u010dlenovia vr\u00e1tili do  mlad\u0161\u00edch  \u010dasov a pripomenuli si t\u00fa prav\u00fa  &#8220;gu\u013eova\u010dku&#8221;. Hlavne de\u0165om sa  to  nesmierne p\u00e1\u010dilo.<\/span><\/p>\n<p><span style=\"color: #000000;\">A tak mokr\u00ed, zasne\u017een\u00ed  a vy\u0161t\u00edpan\u00ed snehom sme sa   vr\u00e1tili z \u010fal\u0161ej ve\u013emi vydarenej akcie.<\/span><\/p>\n<div id=\"attachment_186\" style=\"width: 290px\" class=\"wp-caption alignleft\"><a href=\"http:\/\/www.cykloklubpodbiel.sk\/wp-content\/gallery\/11\/stefansky\/stefansky.html\"><strong><img aria-describedby=\"caption-attachment-186\" loading=\"lazy\" class=\"size-medium wp-image-186\" title=\"Pozri fotogal\u00e9riu\" src=\"http:\/\/www.cykloklubpodbiel.sk\/wp-content\/uploads\/2011\/12\/t_galeriastefansky.png\" alt=\"\u0164atliakova chata\" width=\"280\" height=\"186\" \/><\/strong><\/a><p id=\"caption-attachment-186\" class=\"wp-caption-text\">Pozri fotogal\u00e9riu<\/p><\/div>\n","protected":false},"excerpt":{"rendered":"<p>D\u0148a 26.decembra 2011 sa u\u017e ka\u017edoro\u010dne nieko\u013eko desiatok rokov kon\u00e1 \u0160tefansk\u00fd v\u00fdstup na \u0164atliakovu chatu. Tento rok bolo po\u010dasie pochm\u00farne. V dolin\u00e1ch pr\u0161alo, no vy\u0161\u0161ie bolo chladnej\u0161ie a tak padal d\u00e1\u017e\u010f so snehom. No aj napriek hor\u0161iemu po\u010dasiu sa tu zi\u0161lo nieko\u013eko stoviek vyzn\u00e1va\u010dov zimn\u00fdch v\u00fdstupov. Zobrazi\u0165 trasu v Cykloatlase online Za\u010d\u00ednali sme od parkoviska [&hellip;]<\/p>\n","protected":false},"author":1,"featured_media":0,"parent":1381,"menu_order":3,"comment_status":"open","ping_status":"closed","template":"","meta":{"advgb_blocks_editor_width":"","advgb_blocks_columns_visual_guide":"","ngg_post_thumbnail":0},"coauthors":[],"author_meta":{"author_link":"https:\/\/www.cykloklubpodbiel.sk\/?author=1","display_name":"\u013dubom\u00edr Franko"},"relative_dates":{"created":"Posted 14 years ago","modified":"Updated 14 years ago"},"absolute_dates":{"created":"Posted on 27. December 2011","modified":"Updated on 27. December 2011"},"absolute_dates_time":{"created":"Posted on 27. December 2011 10:37","modified":"Updated on 27. December 2011 17:39"},"featured_img_caption":"","featured_img":false,"series_order":"","_links":{"self":[{"href":"https:\/\/www.cykloklubpodbiel.sk\/index.php?rest_route=\/wp\/v2\/pages\/2919"}],"collection":[{"href":"https:\/\/www.cykloklubpodbiel.sk\/index.php?rest_route=\/wp\/v2\/pages"}],"about":[{"href":"https:\/\/www.cykloklubpodbiel.sk\/index.php?rest_route=\/wp\/v2\/types\/page"}],"author":[{"embeddable":true,"href":"https:\/\/www.cykloklubpodbiel.sk\/index.php?rest_route=\/wp\/v2\/users\/1"}],"replies":[{"embeddable":true,"href":"https:\/\/www.cykloklubpodbiel.sk\/index.php?rest_route=%2Fwp%2Fv2%2Fcomments&post=2919"}],"version-history":[{"count":18,"href":"https:\/\/www.cykloklubpodbiel.sk\/index.php?rest_route=\/wp\/v2\/pages\/2919\/revisions"}],"predecessor-version":[{"id":2944,"href":"https:\/\/www.cykloklubpodbiel.sk\/index.php?rest_route=\/wp\/v2\/pages\/2919\/revisions\/2944"}],"up":[{"embeddable":true,"href":"https:\/\/www.cykloklubpodbiel.sk\/index.php?rest_route=\/wp\/v2\/pages\/1381"}],"wp:attachment":[{"href":"https:\/\/www.cykloklubpodbiel.sk\/index.php?rest_route=%2Fwp%2Fv2%2Fmedia&parent=2919"}],"curies":[{"name":"wp","href":"https:\/\/api.w.org\/{rel}","templated":true}]}}