{"id":2585,"date":"2011-10-07T17:46:34","date_gmt":"2011-10-07T16:46:34","guid":{"rendered":"http:\/\/www.cykloklubpodbiel.sk\/?page_id=2585"},"modified":"2011-10-08T17:54:00","modified_gmt":"2011-10-08T16:54:00","slug":"vystup-na-babiu-horu","status":"publish","type":"page","link":"https:\/\/www.cykloklubpodbiel.sk\/?page_id=2585","title":{"rendered":"v\u00fdstup na Babiu horu"},"content":{"rendered":"<p style=\"text-align: justify;\">\n<div id=\"attachment_191\" style=\"width: 560px\" class=\"wp-caption aligncenter\"><a href=\"http:\/\/www.cykloklubpodbiel.sk\/wp-content\/uploads\/2011\/10\/panobabiahora5.jpg\"><img aria-describedby=\"caption-attachment-191\" loading=\"lazy\" class=\"size-medium wp-image-191\" title=\"Ob\u010derstvenie na vrchole Babej hory\" src=\"http:\/\/www.cykloklubpodbiel.sk\/wp-content\/uploads\/2011\/10\/t_panobabiahora5.png\" alt=\"Babia hora\" width=\"550\" height=\"191\" \/><\/a><p id=\"caption-attachment-191\" class=\"wp-caption-text\">Ob\u010derstvenie na vrchole Babej hory<\/p><\/div>\n<p><strong>P<\/strong><span style=\"color: #000000;\">rv\u00fa okt\u00f3brov\u00fa nede\u013eu <strong><span style=\"color: #ff0000;\">2.okt\u00f3bra 2011<\/span><\/strong> sme vyu\u017eili kr\u00e1sne jesenn\u00e9 po\u010dasie na turistick\u00fd v\u00fdstup na Babiu horu (1725 m n. m.). R\u00e1no bola v\u00a0\u00fadoliach hmla, no verili sme, \u017ee postupne sa rozplynie, a\u00a0na vrchole sa budeme te\u0161i\u0165 z\u00a0n\u00e1dhern\u00e9ho v\u00fdh\u013eadu.<br \/>\n<\/span><\/p>\n<p><span style=\"color: #000000;\">Na\u0161a  trasa za\u010d\u00ednala pri Hviezdoslavovej hor\u00e1rni, odkia\u013e sme lesom st\u00fapali na  mohutn\u00fd mas\u00edv Babej hory. V\u00a0tomto ro\u010dnom obdob\u00ed u\u017e listy na stromoch  dost\u00e1vaj\u00fa svoju farebnos\u0165, tak\u017ee pr\u00edroda bola kr\u00e1sne sfarben\u00e1. Milo n\u00e1s  prekvapili nov\u00e9 chodn\u00edky, ktor\u00e9 sa vybudovali za posledn\u00e9 roky.<\/span><\/p>\n<div id=\"attachment_173\" style=\"width: 270px\" class=\"wp-caption alignleft\"><a href=\"http:\/\/www.cykloklubpodbiel.sk\/wp-content\/uploads\/2011\/10\/babiahora1.jpg\"><img aria-describedby=\"caption-attachment-173\" loading=\"lazy\" class=\"size-medium wp-image-173\" title=\"Rado po\u010das v\u00fdstupu na Babiu horu\" src=\"http:\/\/www.cykloklubpodbiel.sk\/wp-content\/uploads\/2011\/10\/t_babiahora1.jpg\" alt=\"Kubinska hola\" width=\"260\" height=\"173\" \/><\/a><p id=\"caption-attachment-173\" class=\"wp-caption-text\">Rado po\u010das v\u00fdstupu na Babiu horu<\/p><\/div>\n<p><span style=\"color: #000000;\">Po trase  sme stretali mno\u017estvo \u013eud\u00ed. Boli medzi nimi aj tak\u00ed, ktor\u00ed vyrazili u\u017e  zav\u010dasu r\u00e1no a\u00a0teraz u\u017e sch\u00e1dzali z\u00a0kopca. S\u00fa tu vybudovan\u00e9 oddychov\u00e9  miesta, pr\u00edstre\u0161ky a\u00a0lavi\u010dky, na ktor\u00fdch sme si odd\u00fdchli. Po\u010das cel\u00e9ho  v\u00fdstupu sme pozorovali okolit\u00e9 \u00fadolia, ktor\u00e9 sa pod nami nach\u00e1dzali.<\/span><\/p>\n<p><span style=\"color: #000000;\">Na vrchole Babej hory bolo mimoriadne ve\u013ea turistov, hlavne Poliakov, ktor\u00ed  si ob\u013e\u00fabili tento mas\u00edv. Tu sme sa ob\u010derstvili, pozorovali okolit\u00e9  vrcholy (Pi\u013esko, vysiela\u010d Magurku, Oravsk\u00fa priehradu&#8230;), ale aj po\u013esk\u00e9  dedinky, ktor\u00e9 s\u00fa roztr\u00fasen\u00e9 v\u00a0\u00fadoliach. Nach\u00e1dza sa tu skaln\u00e1 stena  vybudovan\u00e1 turistami, kde sa m\u00f4\u017eete schova\u0165 pred nepr\u00edjemn\u00fdm vetrom.<\/span><\/p>\n<p><span style=\"color: #000000;\">Cesta sp\u00e4\u0165 n\u00e1m u\u017e ubehla r\u00fdchlo. Zastavili sme sa e\u0161te na mal\u00e9  ob\u010derstvenie na Slanej vode a\u00a0tu sme aj ukon\u010dili dne\u0161n\u00fd pr\u00edjemn\u00fd v\u00fdstup  na Babiu horu.<\/span><\/p>\n<div id=\"attachment_77\" style=\"width: 560px\" class=\"wp-caption alignleft\"><a href=\"http:\/\/www.cykloklubpodbiel.sk\/wp-content\/uploads\/2011\/10\/panobabiahora3.jpg\"><img aria-describedby=\"caption-attachment-77\" loading=\"lazy\" class=\"size-medium wp-image-77\" title=\"Panor\u00e1ma po\u010das v\u00fdstupu na Babiu horu\" src=\"http:\/\/www.cykloklubpodbiel.sk\/wp-content\/uploads\/2011\/10\/t_panobabiahora3.png\" alt=\"Babia hora\" width=\"550\" height=\"77\" \/><\/a><p id=\"caption-attachment-77\" class=\"wp-caption-text\">Panor\u00e1ma po\u010das v\u00fdstupu na Babiu horu<\/p><\/div>\n<div id=\"attachment_95\" style=\"width: 560px\" class=\"wp-caption alignleft\"><a href=\"http:\/\/www.cykloklubpodbiel.sk\/wp-content\/uploads\/2011\/10\/panobabiahora2.jpg\"><img aria-describedby=\"caption-attachment-95\" loading=\"lazy\" class=\"size-medium wp-image-95\" title=\"Panor\u00e1ma pri jednom z pr\u00edstre\u0161kov po\u010das v\u00fdstupu\" src=\"http:\/\/www.cykloklubpodbiel.sk\/wp-content\/uploads\/2011\/10\/t_panobabiahora2.png\" alt=\"Babia hora\" width=\"550\" height=\"95\" \/><\/a><p id=\"caption-attachment-95\" class=\"wp-caption-text\">Panor\u00e1ma pri jednom z pr\u00edstre\u0161kov po\u010das v\u00fdstupu<\/p><\/div>\n<div id=\"attachment_103\" style=\"width: 560px\" class=\"wp-caption alignleft\"><a href=\"http:\/\/www.cykloklubpodbiel.sk\/wp-content\/uploads\/2011\/10\/panobabiahora4.jpg\"><img aria-describedby=\"caption-attachment-103\" loading=\"lazy\" class=\"size-medium wp-image-103\" title=\"Panor\u00e1ma na vrchol Babej hory\" src=\"http:\/\/www.cykloklubpodbiel.sk\/wp-content\/uploads\/2011\/10\/t_panobabiahora4.png\" alt=\"Babia hora\" width=\"550\" height=\"103\" \/><\/a><p id=\"caption-attachment-103\" class=\"wp-caption-text\">Panor\u00e1ma na vrchol Babej hory<\/p><\/div>\n<div id=\"attachment_111\" style=\"width: 560px\" class=\"wp-caption alignleft\"><a href=\"http:\/\/www.cykloklubpodbiel.sk\/wp-content\/uploads\/2011\/10\/panobabiahora7.jpg\"><img aria-describedby=\"caption-attachment-111\" loading=\"lazy\" class=\"size-medium wp-image-111\" title=\"Panor\u00e1ma na po\u013esk\u00fa stranu z Babej hory\" src=\"http:\/\/www.cykloklubpodbiel.sk\/wp-content\/uploads\/2011\/10\/t_panobabiahora7.png\" alt=\"Babia hora\" width=\"550\" height=\"111\" \/><\/a><p id=\"caption-attachment-111\" class=\"wp-caption-text\">Panor\u00e1ma na po\u013esk\u00fa stranu z Babej hory<\/p><\/div>\n<div id=\"attachment_139\" style=\"width: 560px\" class=\"wp-caption alignleft\"><a href=\"http:\/\/www.cykloklubpodbiel.sk\/wp-content\/uploads\/2011\/10\/panobabiahora.jpg\"><img aria-describedby=\"caption-attachment-139\" loading=\"lazy\" class=\"size-medium wp-image-139\" title=\"Panor\u00e1ma na jesenn\u00fa pr\u00edrodu po\u010das v\u00fdstupu na Babiu horu\" src=\"http:\/\/www.cykloklubpodbiel.sk\/wp-content\/uploads\/2011\/10\/t_panobabiahora.png\" alt=\"Babia hora\" width=\"550\" height=\"139\" \/><\/a><p id=\"caption-attachment-139\" class=\"wp-caption-text\">Panor\u00e1ma na jesenn\u00fa pr\u00edrodu po\u010das v\u00fdstupu na Babiu horu<\/p><\/div>\n<div id=\"attachment_152\" style=\"width: 560px\" class=\"wp-caption alignleft\"><a href=\"http:\/\/www.cykloklubpodbiel.sk\/wp-content\/uploads\/2011\/10\/panobabiahora6.jpg\"><img aria-describedby=\"caption-attachment-152\" loading=\"lazy\" class=\"size-medium wp-image-152\" title=\"Panor\u00e1ma na Oravsk\u00fa priehradu z vrchola Babej hory\" src=\"http:\/\/www.cykloklubpodbiel.sk\/wp-content\/uploads\/2011\/10\/t_panobabiahora6.png\" alt=\"Babia hora\" width=\"550\" height=\"152\" \/><\/a><p id=\"caption-attachment-152\" class=\"wp-caption-text\">Panor\u00e1ma na Oravsk\u00fa priehradu z vrchola Babej hory<\/p><\/div>\n<div id=\"attachment_45\" style=\"width: 560px\" class=\"wp-caption alignleft\"><a href=\"http:\/\/www.cykloklubpodbiel.sk\/wp-content\/gallery\/panorama\/11\/360panobabiahora.html\"><strong><img aria-describedby=\"caption-attachment-45\" loading=\"lazy\" class=\"size-medium wp-image-45\" title=\"360\u00b0 panor\u00e1ma z vrcholu Babej hory\" src=\"http:\/\/www.cykloklubpodbiel.sk\/wp-content\/uploads\/2011\/10\/t_360panobabiahora.png\" alt=\"Babia hora\" width=\"550\" height=\"45\" \/><\/strong><\/a><p id=\"caption-attachment-45\" class=\"wp-caption-text\">360\u00b0 panor\u00e1ma z vrcholu Babej hory<\/p><\/div>\n<div id=\"attachment_186\" style=\"width: 290px\" class=\"wp-caption alignleft\"><a href=\"http:\/\/www.cykloklubpodbiel.sk\/wp-content\/gallery\/11\/babiahora\/babiahora.html\"><strong><img aria-describedby=\"caption-attachment-186\" loading=\"lazy\" class=\"size-medium wp-image-186\" title=\"Pozri fotogal\u00e9riu\" src=\"http:\/\/www.cykloklubpodbiel.sk\/wp-content\/uploads\/2011\/10\/t_galerybabiahora.png\" alt=\"Babia hora\" width=\"280\" height=\"186\" \/><\/strong><\/a><p id=\"caption-attachment-186\" class=\"wp-caption-text\">Pozri fotogal\u00e9riu<\/p><\/div>\n","protected":false},"excerpt":{"rendered":"<p>Prv\u00fa okt\u00f3brov\u00fa nede\u013eu 2.okt\u00f3bra 2011 sme vyu\u017eili kr\u00e1sne jesenn\u00e9 po\u010dasie na turistick\u00fd v\u00fdstup na Babiu horu (1725 m n. m.). R\u00e1no bola v\u00a0\u00fadoliach hmla, no verili sme, \u017ee postupne sa rozplynie, a\u00a0na vrchole sa budeme te\u0161i\u0165 z\u00a0n\u00e1dhern\u00e9ho v\u00fdh\u013eadu. Na\u0161a trasa za\u010d\u00ednala pri Hviezdoslavovej hor\u00e1rni, odkia\u013e sme lesom st\u00fapali na mohutn\u00fd mas\u00edv Babej hory. V\u00a0tomto ro\u010dnom [&hellip;]<\/p>\n","protected":false},"author":1,"featured_media":0,"parent":1381,"menu_order":13,"comment_status":"open","ping_status":"closed","template":"","meta":{"advgb_blocks_editor_width":"","advgb_blocks_columns_visual_guide":"","ngg_post_thumbnail":0},"coauthors":[],"author_meta":{"author_link":"https:\/\/www.cykloklubpodbiel.sk\/?author=1","display_name":"\u013dubom\u00edr Franko"},"relative_dates":{"created":"Posted 15 years ago","modified":"Updated 15 years ago"},"absolute_dates":{"created":"Posted on 7. Okt\u00f3ber 2011","modified":"Updated on 8. Okt\u00f3ber 2011"},"absolute_dates_time":{"created":"Posted on 7. Okt\u00f3ber 2011 17:46","modified":"Updated on 8. Okt\u00f3ber 2011 17:54"},"featured_img_caption":"","featured_img":false,"series_order":"","_links":{"self":[{"href":"https:\/\/www.cykloklubpodbiel.sk\/index.php?rest_route=\/wp\/v2\/pages\/2585"}],"collection":[{"href":"https:\/\/www.cykloklubpodbiel.sk\/index.php?rest_route=\/wp\/v2\/pages"}],"about":[{"href":"https:\/\/www.cykloklubpodbiel.sk\/index.php?rest_route=\/wp\/v2\/types\/page"}],"author":[{"embeddable":true,"href":"https:\/\/www.cykloklubpodbiel.sk\/index.php?rest_route=\/wp\/v2\/users\/1"}],"replies":[{"embeddable":true,"href":"https:\/\/www.cykloklubpodbiel.sk\/index.php?rest_route=%2Fwp%2Fv2%2Fcomments&post=2585"}],"version-history":[{"count":18,"href":"https:\/\/www.cykloklubpodbiel.sk\/index.php?rest_route=\/wp\/v2\/pages\/2585\/revisions"}],"predecessor-version":[{"id":2607,"href":"https:\/\/www.cykloklubpodbiel.sk\/index.php?rest_route=\/wp\/v2\/pages\/2585\/revisions\/2607"}],"up":[{"embeddable":true,"href":"https:\/\/www.cykloklubpodbiel.sk\/index.php?rest_route=\/wp\/v2\/pages\/1381"}],"wp:attachment":[{"href":"https:\/\/www.cykloklubpodbiel.sk\/index.php?rest_route=%2Fwp%2Fv2%2Fmedia&parent=2585"}],"curies":[{"name":"wp","href":"https:\/\/api.w.org\/{rel}","templated":true}]}}