{"id":2491,"date":"2011-09-15T08:27:33","date_gmt":"2011-09-15T07:27:33","guid":{"rendered":"http:\/\/www.cykloklubpodbiel.sk\/?page_id=2491"},"modified":"2011-09-15T12:29:36","modified_gmt":"2011-09-15T11:29:36","slug":"pieniny-2011","status":"publish","type":"page","link":"https:\/\/www.cykloklubpodbiel.sk\/?page_id=2491","title":{"rendered":"Pieniny 2011"},"content":{"rendered":"<p style=\"text-align: justify;\">\n<div id=\"attachment_127\" style=\"width: 560px\" class=\"wp-caption aligncenter\"><a href=\"http:\/\/www.cykloklubpodbiel.sk\/wp-content\/uploads\/2011\/09\/panopieniny5.jpg\"><img aria-describedby=\"caption-attachment-127\" loading=\"lazy\" class=\"size-medium wp-image-127\" title=\"Panor\u00e1ma Pieninsk\u00fdch vrchov po\u010das poslednej t\u00fary\" src=\"http:\/\/www.cykloklubpodbiel.sk\/wp-content\/uploads\/2011\/09\/t_panopieniny5.png\" alt=\"Pieniny\" width=\"550\" height=\"127\" \/><\/a><p id=\"caption-attachment-127\" class=\"wp-caption-text\">Panor\u00e1ma Pieninsk\u00fdch vrchov po\u010das poslednej t\u00fary<\/p><\/div>\n<p><span style=\"color: #000000;\"><strong>V<\/strong> d\u0148och od <span style=\"color: #ff0000;\">1.-4.septembra 2011 <\/span>sme spolo\u010dne s\u00a0rodinami zorganizovali turistick\u00e9 putovanie po Pieninskom n\u00e1rodnom parku. Hne\u010f prv\u00fd de\u0148 po pr\u00edchode do \u010cerven\u00e9ho Kl\u00e1\u0161tora sme sa vybrali na prv\u00fa t\u00faru, ktorej cie\u013eom bola vyhliadka Tri Koruny. Toto skaln\u00e9 bralo sa vyp\u00ednalo v\u00a0mohutnom mas\u00edve Pieninsk\u00e9ho parku Narodowego. Postupne sme zdol\u00e1vali prev\u00fd\u0161enia v\u00a0kr\u00e1snej pr\u00edrode za kr\u00e1sneho slne\u010dn\u00e9ho po\u010dasia.<\/span><\/p>\n<p><span style=\"color: #000000;\">Nav\u0161t\u00edvili sme zr\u00facaninu Pieninsk\u00e9ho z\u00e1mku a\u00a0postupne sme sa po horsk\u00fdch chodn\u00edkoch pribli\u017eovali k\u00a0vyhliadke na Troch Korun\u00e1ch. T\u00e1to vyhliadka bola s\u00edce platen\u00e1, ale st\u00e1lo to za to. Ku vyhliadke boli uroben\u00e9 schody, ktor\u00e9 n\u00e1s doviedli na plo\u0161inu, z ktorej bol n\u00e1dhern\u00fd v\u00fdh\u013ead. Aj ke\u010f sa n\u00e1m z tej v\u00fd\u0161ky sem tam klepali kolen\u00e1, boli sme v\u0161etci o\u010daren\u00ed. Potom n\u00e1s u\u017e \u010dakalo klesanie nasp\u00e4\u0165 do \u010cerven\u00e9ho kl\u00e1\u0161tora. Ve\u010der n\u00e1m Du\u0161an urobil super diskot\u00e9ku, kde sme sa v\u0161etci zabavili.<\/span><\/p>\n<div id=\"attachment_76\" style=\"width: 130px\" class=\"wp-caption alignleft\"><a href=\"http:\/\/www.cykloklubpodbiel.sk\/wp-content\/uploads\/2011\/09\/pieninymapa1.jpg\"><img aria-describedby=\"caption-attachment-76\" loading=\"lazy\" class=\"size-medium wp-image-76\" title=\"Mapa Pieniny 1 de\u0148\" src=\"http:\/\/www.cykloklubpodbiel.sk\/wp-content\/uploads\/2011\/09\/t_pieninymapa1.jpg\" alt=\"Pieniny\" width=\"120\" height=\"76\" \/><\/a><p id=\"caption-attachment-76\" class=\"wp-caption-text\">Mapa Pieniny 1 de\u0148<\/p><\/div>\n<div id=\"attachment_76\" style=\"width: 390px\" class=\"wp-caption alignleft\"><a href=\"http:\/\/www.cykloklubpodbiel.sk\/wp-content\/uploads\/2011\/09\/pieninyrelief1.jpg\"><img aria-describedby=\"caption-attachment-76\" loading=\"lazy\" class=\"size-medium wp-image-76\" title=\"Reli\u00e9f Pieniny 1 de\u0148\" src=\"http:\/\/www.cykloklubpodbiel.sk\/wp-content\/uploads\/2011\/09\/t_pieninyrelief1.jpg\" alt=\"Pieniny\" width=\"380\" height=\"76\" \/><\/a><p id=\"caption-attachment-76\" class=\"wp-caption-text\">Reli\u00e9f Pieniny 1 de\u0148<\/p><\/div>\n<p><em><span style=\"color: #0000ff;\">\u010cerven\u00fd Kl\u00e1\u0161tor-Podlazce-Zamkowa-Przel Szopka-Tri Koruny-Podlazce-\u010cerven\u00fd Kl\u00e1\u0161tor<\/span><\/em><\/p>\n<div id=\"attachment_76\" style=\"width: 130px\" class=\"wp-caption alignleft\"><a href=\"http:\/\/www.cykloklubpodbiel.sk\/wp-content\/uploads\/2011\/09\/pieninymapa2.jpg\"><img aria-describedby=\"caption-attachment-76\" loading=\"lazy\" class=\"size-medium wp-image-76\" title=\"Mapa Pieniny 2 de\u0148\" src=\"http:\/\/www.cykloklubpodbiel.sk\/wp-content\/uploads\/2011\/09\/t_pieninymapa2.jpg\" alt=\"Pieniny\" width=\"120\" height=\"76\" \/><\/a><p id=\"caption-attachment-76\" class=\"wp-caption-text\">Mapa Pieniny 2 de\u0148<\/p><\/div>\n<div id=\"attachment_76\" style=\"width: 390px\" class=\"wp-caption alignleft\"><a href=\"http:\/\/www.cykloklubpodbiel.sk\/wp-content\/uploads\/2011\/09\/pieninyrelief2.jpg\"><img aria-describedby=\"caption-attachment-76\" loading=\"lazy\" class=\"size-medium wp-image-76\" title=\"Reli\u00e9f Pieniny 2 de\u0148\" src=\"http:\/\/www.cykloklubpodbiel.sk\/wp-content\/uploads\/2011\/09\/t_pieninyrelief2.jpg\" alt=\"Pieniny\" width=\"380\" height=\"76\" \/><\/a><p id=\"caption-attachment-76\" class=\"wp-caption-text\">Reli\u00e9f Pieniny 2 de\u0148<\/p><\/div>\n<p><em><span style=\"color: #0000ff;\">\u010cerven\u00fd Kl\u00e1\u0161tor-Sokolica-Sceriazik-Balkov Gron-Przel Szopka-Podlazce-\u010cerven\u00fd Kl\u00e1\u0161tor<\/span><\/em><\/p>\n<div id=\"attachment_76\" style=\"width: 130px\" class=\"wp-caption alignleft\"><a href=\"http:\/\/www.cykloklubpodbiel.sk\/wp-content\/uploads\/2011\/09\/pieninymapa3.jpg\"><img aria-describedby=\"caption-attachment-76\" loading=\"lazy\" class=\"size-medium wp-image-76\" title=\"Mapa Pieniny 3 de\u0148\" src=\"http:\/\/www.cykloklubpodbiel.sk\/wp-content\/uploads\/2011\/09\/t_pieninymapa3.jpg\" alt=\"Pieniny\" width=\"120\" height=\"76\" \/><\/a><p id=\"caption-attachment-76\" class=\"wp-caption-text\">Mapa Pieniny 3 de\u0148<\/p><\/div>\n<div id=\"attachment_76\" style=\"width: 390px\" class=\"wp-caption alignleft\"><a href=\"http:\/\/www.cykloklubpodbiel.sk\/wp-content\/uploads\/2011\/09\/pieninyrelief3.jpg\"><img aria-describedby=\"caption-attachment-76\" loading=\"lazy\" class=\"size-medium wp-image-76\" title=\"Reli\u00e9f Pieniny 3 de\u0148\" src=\"http:\/\/www.cykloklubpodbiel.sk\/wp-content\/uploads\/2011\/09\/t_pieninyrelief3.jpg\" alt=\"Pieniny\" width=\"380\" height=\"76\" \/><\/a><p id=\"caption-attachment-76\" class=\"wp-caption-text\">Reli\u00e9f Pieniny 3 de\u0148<\/p><\/div>\n<p><em><span style=\"color: #0000ff;\">\u010cerven\u00fd Kl\u00e1\u0161tor-Podlazce-Lesnica-Targov-sedlo Cerka-Podlazce-\u010cerven\u00fd Kl\u00e1\u0161tor z\u00e1mok-\u010cerven\u00fd Kl\u00e1\u0161tor<\/span><\/em><\/p>\n<p><span style=\"color: #000000;\">Druh\u00fd de\u0148 sme sa op\u00e4\u0165 zobudili do kr\u00e1sneho r\u00e1na. V\u00a0tento de\u0148 sme mali napl\u00e1novan\u00fd rafting spojen\u00fd s\u00a0turistikou. V\u0161etci 42 \u00fa\u010dastn\u00edci sme sa na piatich raftoch vybrali splavi\u0165 10 kilometrov\u00fd \u00fasek Dunajcom. Po trase sme sa zab\u00e1vali \u201ebojmi\u201c medzi jednotliv\u00fdmi \u010dlnmi, kedy bol ka\u017ed\u00fd do nitky mokr\u00fd, k\u00fapan\u00edm sa v\u00a0rieke, veslovali sme niekedy z\u00a0pln\u00fdch s\u00edl. To v\u0161etko sa najm\u00e4 de\u0165om ve\u013emi p\u00e1\u010dilo. <\/span><\/p>\n<div id=\"attachment_173\" style=\"width: 270px\" class=\"wp-caption alignleft\"><a href=\"http:\/\/www.cykloklubpodbiel.sk\/wp-content\/uploads\/2011\/09\/pieniny1.jpg\"><img aria-describedby=\"caption-attachment-173\" loading=\"lazy\" class=\"size-medium wp-image-173\" title=\"Pred splavom Dunajca na rafte\" src=\"http:\/\/www.cykloklubpodbiel.sk\/wp-content\/uploads\/2011\/09\/t_pieniny1.jpg\" alt=\"Pieniny\" width=\"260\" height=\"173\" \/><\/a><p id=\"caption-attachment-173\" class=\"wp-caption-text\">Pred splavom Dunajca na rafte<\/p><\/div>\n<p><span style=\"color: #000000;\">Po odovzdan\u00ed \u010dlnov, n\u00e1s \u010dakal mil\u00fd prievozn\u00edk, ktor\u00fd n\u00e1s previezol na druh\u00fa stranu rieky. Odtia\u013eto n\u00e1s \u010dakalo nesmierne n\u00e1ro\u010dn\u00e9 st\u00fapanie na \u010fal\u0161iu vyhliadku Sokolica, kedy sme na kr\u00e1tkom \u00faseku museli prekona\u0165 ve\u013ek\u00e9 prev\u00fd\u0161enie. No nevzdali sme to, a\u00a0tak sme sa mohli te\u0161i\u0165 z\u00a0\u010fal\u0161ieho n\u00e1dhern\u00e9ho v\u00fdh\u013eadu zo Sokolice na ka\u0148on Dunajca, ktor\u00fd bol posiaty desiatkami plt\u00ed a\u00a0\u010dlnov. <\/span><\/p>\n<p><span style=\"color: #000000;\">Pokra\u010dovali sme hrebe\u0148om, kde sme zdol\u00e1vali \u010fal\u0161ie bral\u00e1 a spoznali sme \u010fal\u0161ie vyhliadky. Na pekne vykosen\u00fdch l\u00fakach sme si \u201ezdriemli\u201c, nabrali nov\u00e9 sily a\u00a0tak sme sa \u010fal\u0161\u00edm ka\u0148onom dostali nasp\u00e4\u0165 do \u010cerven\u00e9ho Kl\u00e1\u0161tora. Ve\u010der n\u00e1s zab\u00e1val pri ohn\u00edku Jozef so svojou gitarou, kde sme si v\u0161etci zaspievali a v\u0161ade nav\u00f4kol rozvoniavala grilovan\u00e1 klob\u00e1ska.<\/span><\/p>\n<div id=\"attachment_173\" style=\"width: 270px\" class=\"wp-caption alignleft\"><a href=\"http:\/\/www.cykloklubpodbiel.sk\/wp-content\/uploads\/2011\/09\/pieniny2.jpg\"><img aria-describedby=\"caption-attachment-173\" loading=\"lazy\" class=\"size-medium wp-image-173\" title=\"Cyklot\u00fara okolo rieky Dunajec\" src=\"http:\/\/www.cykloklubpodbiel.sk\/wp-content\/uploads\/2011\/09\/t_pieniny2.jpg\" alt=\"Pieniny\" width=\"260\" height=\"173\" \/><\/a><p id=\"caption-attachment-173\" class=\"wp-caption-text\">Cyklot\u00fara okolo rieky Dunajec<\/p><\/div>\n<p><span style=\"color: #000000;\">Tret\u00ed de\u0148 n\u00e1s op\u00e4\u0165 \u010dakalo slne\u010dn\u00e9 po\u010dasie a\u00a0tak sme sa rozhodli skombinova\u0165 cyklistiku s\u00a0turistikou. Niektor\u00ed u\u017e museli odcestova\u0165, ale aj tak sme sa 34 \u00fa\u010dastn\u00edci vybrali na bicykloch ka\u0148onom okolo rieky Dunajec a\u017e do Lesnice, kde sme nechali bicykle, ob\u010derstvili sa a\u00a0vybrali \u010falej turistick\u00fdm chodn\u00edkom smerom na vyhliadku Targov. Tu sme u\u017e lesom a l\u00fakami pokra\u010dovali a\u017e na z\u00e1mok do \u010cerven\u00e9ho Kl\u00e1\u0161tora, kde sme si vypo\u010duli hist\u00f3riu a\u00a0\u017eivot mn\u00edchov na z\u00e1mku. Ve\u010der n\u00e1m op\u00e4\u0165 Du\u0161an pripravil diskot\u00e9ku, potom sme si zaspom\u00ednali na predo\u0161l\u00e9 dni pri prezent\u00e1cii fotiek a\u00a0videa a\u00a0tak sme ukon\u010dili posledn\u00fd ve\u010der v\u00a0Pienin\u00e1ch.<\/span><\/p>\n<p><span style=\"color: #000000;\">Na \u0161tvrt\u00fd de\u0148 r\u00e1no sme sa u\u017e vracali domov, no zastavili sme sa e\u0161te na prehliadke hradu Nedzica a\u00a0na m\u00fare priehrady. Tu sme u\u017e iba kon\u0161tatovali, \u017ee t\u00e1to akcia bola ve\u013emi vydaren\u00e1, po\u010dasie a\u00a0ubytovanie bolo v\u00fdborn\u00e9. Deti spom\u00ednali, \u017ee to bola kr\u00e1sna dovolenka spojen\u00e1 s ukon\u010den\u00edm pr\u00e1zdnin. Te\u0161\u00edme sa u\u017e na \u010fal\u0161iu spolo\u010dn\u00fa akciu.<\/span><\/p>\n<div id=\"attachment_112\" style=\"width: 560px\" class=\"wp-caption alignleft\"><a href=\"http:\/\/www.cykloklubpodbiel.sk\/wp-content\/uploads\/2011\/09\/panopieniny.jpg\"><img aria-describedby=\"caption-attachment-112\" loading=\"lazy\" class=\"size-medium wp-image-112\" title=\"Panor\u00e1ma z vyhliadky na Troch Korun\u00e1ch\" src=\"http:\/\/www.cykloklubpodbiel.sk\/wp-content\/uploads\/2011\/09\/t_panopieniny.png\" alt=\"Pieniny\" width=\"550\" height=\"112\" \/><\/a><p id=\"caption-attachment-112\" class=\"wp-caption-text\">Panor\u00e1ma z vyhliadky na Troch Korun\u00e1ch<\/p><\/div>\n<div id=\"attachment_152\" style=\"width: 560px\" class=\"wp-caption alignleft\"><a href=\"http:\/\/www.cykloklubpodbiel.sk\/wp-content\/uploads\/2011\/09\/panopieniny4.jpg\"><img aria-describedby=\"caption-attachment-152\" loading=\"lazy\" class=\"size-medium wp-image-152\" title=\"Panor\u00e1ma na podve\u010dern\u00e9 posedenie v jednej zo spolo\u010densk\u00fdch miestnost\u00ed\" src=\"http:\/\/www.cykloklubpodbiel.sk\/wp-content\/uploads\/2011\/09\/t_panopieniny4.png\" alt=\"Pieniny\" width=\"550\" height=\"152\" \/><\/a><p id=\"caption-attachment-152\" class=\"wp-caption-text\">Panor\u00e1ma na podve\u010dern\u00e9 posedenie v jednej zo spolo\u010densk\u00fdch miestnost\u00ed<\/p><\/div>\n<div id=\"attachment_146\" style=\"width: 560px\" class=\"wp-caption alignleft\"><a href=\"http:\/\/www.cykloklubpodbiel.sk\/wp-content\/uploads\/2011\/09\/panopieniny7.jpg\"><img aria-describedby=\"caption-attachment-146\" loading=\"lazy\" class=\"size-medium wp-image-146\" title=\"Panor\u00e1ma z R\u00e1ko\u0148a na Z\u00e1padn\u00e9 a Vysok\u00e9 Tatry\" src=\"http:\/\/www.cykloklubpodbiel.sk\/wp-content\/uploads\/2011\/09\/t_panopieniny7.png\" alt=\"Pieniny\" width=\"550\" height=\"146\" \/><\/a><p id=\"caption-attachment-146\" class=\"wp-caption-text\">Panor\u00e1ma zo z\u00e1mku v \u010cervenom kl\u00e1\u0161tore<\/p><\/div>\n<div id=\"attachment_174\" style=\"width: 560px\" class=\"wp-caption alignleft\"><a href=\"http:\/\/www.cykloklubpodbiel.sk\/wp-content\/uploads\/2011\/09\/panopieniny8.jpg\"><img aria-describedby=\"caption-attachment-174\" loading=\"lazy\" class=\"size-medium wp-image-174\" title=\"Panor\u00e1ma z R\u00e1ko\u0148a na Z\u00e1padn\u00e9 a Vysok\u00e9 Tatry\" src=\"http:\/\/www.cykloklubpodbiel.sk\/wp-content\/uploads\/2011\/09\/t_panopieniny8.png\" alt=\"Pieniny\" width=\"550\" height=\"174\" \/><\/a><p id=\"caption-attachment-174\" class=\"wp-caption-text\">Panor\u00e1ma zo z\u00e1mku v \u010cervenom kl\u00e1\u0161tore<\/p><\/div>\n<div id=\"attachment_186\" style=\"width: 290px\" class=\"wp-caption alignleft\"><a href=\"http:\/\/www.cykloklubpodbiel.sk\/wp-content\/gallery\/11\/pieniny1\/pieniny1.html\"><strong><img aria-describedby=\"caption-attachment-186\" loading=\"lazy\" class=\"size-medium wp-image-186\" title=\"Pozri fotogal\u00e9riu\" src=\"http:\/\/www.cykloklubpodbiel.sk\/wp-content\/uploads\/2011\/09\/t_galerypieniny.png\" alt=\"Pieniny\" width=\"280\" height=\"186\" \/><\/strong><\/a><p id=\"caption-attachment-186\" class=\"wp-caption-text\">Pozri fotogal\u00e9riu<\/p><\/div>\n","protected":false},"excerpt":{"rendered":"<p>V d\u0148och od 1.-4.septembra 2011 sme spolo\u010dne s\u00a0rodinami zorganizovali turistick\u00e9 putovanie po Pieninskom n\u00e1rodnom parku. Hne\u010f prv\u00fd de\u0148 po pr\u00edchode do \u010cerven\u00e9ho Kl\u00e1\u0161tora sme sa vybrali na prv\u00fa t\u00faru, ktorej cie\u013eom bola vyhliadka Tri Koruny. Toto skaln\u00e9 bralo sa vyp\u00ednalo v\u00a0mohutnom mas\u00edve Pieninsk\u00e9ho parku Narodowego. Postupne sme zdol\u00e1vali prev\u00fd\u0161enia v\u00a0kr\u00e1snej pr\u00edrode za kr\u00e1sneho slne\u010dn\u00e9ho po\u010dasia. [&hellip;]<\/p>\n","protected":false},"author":1,"featured_media":0,"parent":1381,"menu_order":17,"comment_status":"open","ping_status":"closed","template":"","meta":{"advgb_blocks_editor_width":"","advgb_blocks_columns_visual_guide":"","ngg_post_thumbnail":0},"coauthors":[],"author_meta":{"author_link":"https:\/\/www.cykloklubpodbiel.sk\/?author=1","display_name":"\u013dubom\u00edr Franko"},"relative_dates":{"created":"Posted 15 years ago","modified":"Updated 15 years ago"},"absolute_dates":{"created":"Posted on 15. September 2011","modified":"Updated on 15. September 2011"},"absolute_dates_time":{"created":"Posted on 15. September 2011 8:27","modified":"Updated on 15. September 2011 12:29"},"featured_img_caption":"","featured_img":false,"series_order":"","_links":{"self":[{"href":"https:\/\/www.cykloklubpodbiel.sk\/index.php?rest_route=\/wp\/v2\/pages\/2491"}],"collection":[{"href":"https:\/\/www.cykloklubpodbiel.sk\/index.php?rest_route=\/wp\/v2\/pages"}],"about":[{"href":"https:\/\/www.cykloklubpodbiel.sk\/index.php?rest_route=\/wp\/v2\/types\/page"}],"author":[{"embeddable":true,"href":"https:\/\/www.cykloklubpodbiel.sk\/index.php?rest_route=\/wp\/v2\/users\/1"}],"replies":[{"embeddable":true,"href":"https:\/\/www.cykloklubpodbiel.sk\/index.php?rest_route=%2Fwp%2Fv2%2Fcomments&post=2491"}],"version-history":[{"count":39,"href":"https:\/\/www.cykloklubpodbiel.sk\/index.php?rest_route=\/wp\/v2\/pages\/2491\/revisions"}],"predecessor-version":[{"id":2539,"href":"https:\/\/www.cykloklubpodbiel.sk\/index.php?rest_route=\/wp\/v2\/pages\/2491\/revisions\/2539"}],"up":[{"embeddable":true,"href":"https:\/\/www.cykloklubpodbiel.sk\/index.php?rest_route=\/wp\/v2\/pages\/1381"}],"wp:attachment":[{"href":"https:\/\/www.cykloklubpodbiel.sk\/index.php?rest_route=%2Fwp%2Fv2%2Fmedia&parent=2491"}],"curies":[{"name":"wp","href":"https:\/\/api.w.org\/{rel}","templated":true}]}}