{"id":2215,"date":"2011-05-24T19:04:23","date_gmt":"2011-05-24T18:04:23","guid":{"rendered":"http:\/\/www.cykloklubpodbiel.sk\/?page_id=2215"},"modified":"2011-05-29T19:05:20","modified_gmt":"2011-05-29T18:05:20","slug":"cyklomagistrala-oravice","status":"publish","type":"page","link":"https:\/\/www.cykloklubpodbiel.sk\/?page_id=2215","title":{"rendered":"Cyklomagistr\u00e1la Oravice"},"content":{"rendered":"<p style=\"text-align: justify;\">\n<div id=\"attachment_194\" style=\"width: 940px\" class=\"wp-caption aligncenter\"><a href=\"http:\/\/www.cykloklubpodbiel.sk\/wp-content\/uploads\/2011\/05\/panooravice.jpg\"><img aria-describedby=\"caption-attachment-194\" loading=\"lazy\" class=\"size-medium wp-image-194\" title=\"Panor\u00e1ma na pohodu pri ob\u010derstven\u00ed na gul\u00e1\u0161i v Oraviciach\" src=\"http:\/\/www.cykloklubpodbiel.sk\/wp-content\/uploads\/2011\/05\/t_panooravice.png\" alt=\"Cyklomagistr\u00e1la Oravice\" width=\"930\" height=\"194\" \/><\/a><p id=\"caption-attachment-194\" class=\"wp-caption-text\">Panor\u00e1ma na pohodu pri ob\u010derstven\u00ed na gul\u00e1\u0161i v Oraviciach<\/p><\/div>\n<p><strong>V <\/strong><span style=\"color: #000000;\">nede\u013eu<\/span> <span style=\"color: #ff0000;\"><strong>22.m\u00e1ja 2011<\/strong><\/span> <span style=\"color: #000000;\">sme sa prebudili do kr\u00e1sneho slne\u010dn\u00e9ho r\u00e1na. U\u017e okolo 10 hodine sme sa vybrali skupina vy\u0161e dvadsiatich cykloturistov z Podbiela na Cyklomagistr\u00e1lu na Oravsk\u00fa priehradu, kde bol pl\u00e1novan\u00fd spolo\u010dn\u00fd \u0161tart.<\/span><\/p>\n<div id=\"attachment_199\" style=\"width: 309px\" class=\"wp-caption alignleft\"><a href=\"http:\/\/www.cykloklubpodbiel.sk\/wp-content\/uploads\/2011\/05\/magistralaoravice.jpg\"><img aria-describedby=\"caption-attachment-199\" loading=\"lazy\" class=\"size-medium wp-image-199\" title=\"Skupinka prech\u00e1dza po po\u013enej ceste (v pozad\u00ed Ostra\u017eica\" src=\"http:\/\/www.cykloklubpodbiel.sk\/wp-content\/uploads\/2011\/05\/t_magistralaoravice.jpg\" alt=\"Magistr\u00e1la Oravice\" width=\"299\" height=\"199\" \/><\/a><p id=\"caption-attachment-199\" class=\"wp-caption-text\">Skupinka prech\u00e1dza po po\u013enej ceste (v pozad\u00ed Ostra\u017eica)<\/p><\/div>\n<p><span style=\"color: #000000;\">V Ni\u017enej sa k n\u00e1m pripojila \u010fal\u0161ia skupinka, ktor\u00e1 sa s nami vydala po bo\u010dn\u00fdch a lesn\u00fdch cesti\u010dk\u00e1ch a\u017e do Tvrdo\u0161\u00edna. Priv\u00edtali sme medzi nami na ich prvej cyklot\u00fare aj Ivetu, Pa\u013ea a \u013dubku. Pokra\u010dovali sme smerom okolo \u201eVyrovn\u00e1va\u010dky\u201c po starej ceste a\u017e do \u0160tefanova, odkia\u013e n\u00e1s \u010dakal u\u017e len k\u00fasok na m\u00far Oravskej priehrady.<\/span><\/p>\n<div id=\"attachment_199\" style=\"width: 309px\" class=\"wp-caption alignright\"><a href=\"http:\/\/www.cykloklubpodbiel.sk\/wp-content\/uploads\/2011\/05\/magistralaoravice1.jpg\"><img aria-describedby=\"caption-attachment-199\" loading=\"lazy\" class=\"size-medium wp-image-199\" title=\"Z m\u00fara Oravskej priehrady sme vyrazili smerom do Orav\u00edc\" src=\"http:\/\/www.cykloklubpodbiel.sk\/wp-content\/uploads\/2011\/05\/t_magistralaoravice1.jpg\" alt=\"Magistr\u00e1la Oravice\" width=\"299\" height=\"199\" \/><\/a><p id=\"caption-attachment-199\" class=\"wp-caption-text\">Z m\u00fara Oravskej priehrady sme vyrazili smerom do Orav\u00edc<\/p><\/div>\n<p><span style=\"color: #000000;\">Tu n\u00e1s u\u017e \u010dakal prim\u00e1tor Trstenej p. \u010eubjak, ktor\u00fd n\u00e1s osobitne priv\u00edtal a\u00a0po prezent\u00e1cii v\u0161etk\u00fdch \u00fa\u010dastn\u00edkov spolo\u010dne od\u0161tartoval takmer 130 \u010dlenn\u00fd pelot\u00f3n. Po\u010das trasy sa st\u00fapania striedali s\u00a0rovinami a\u00a0kr\u00e1tkymi zjazdmi. U\u017e pred Vitanovou sa za\u010dali nad nami objavova\u0165 \u0165a\u017ek\u00e9 b\u00farkov\u00e9 mraky, z\u00a0ktor\u00fdch sa bl\u00edskalo, hrmelo a\u00a0sem tam aj pop\u0155chalo.<\/span><\/p>\n<p><span style=\"color: #000000;\">Za Vitanovou sme sa zastavili v\u00a0SKI Centre Vitanov\u00e1, kde n\u00e1s pohostil \u013dubo K. Po kr\u00e1tkom oddychu a\u00a0ob\u010derstven\u00ed sme sa vydali na z\u00e1vere\u010dn\u00e9 kilometre do Orav\u00edc. Tu n\u00e1s u\u017e \u010dakal chutn\u00fd kotl\u00edkov\u00fd gul\u00e1\u0161, ktor\u00fd pripravili pre n\u00e1s organiz\u00e1tori. Pri \u0148om sme nazbierali \u010fal\u0161ie sily do nasleduj\u00facich kilometrov.<\/span><\/p>\n<p><span style=\"color: #000000;\">Stretli sme tu aj \u010fal\u0161iu skupinku, rodinu Jo\u0161tiakov\u00fdch, s\u00a0ktorou sme pokra\u010dovali v\u00a0\u010fal\u0161om st\u00fapan\u00ed na sedlo Borek. Toto z\u00e1vere\u010dn\u00e9 st\u00fapanie n\u00e1m dalo v\u0161etk\u00fdm poriadne zabra\u0165. V\u00a0sedle n\u00e1s prekvapil okraj \u010fal\u0161ej b\u00farky, tak\u017ee sme museli pre\u010dka\u0165 d\u00e1\u017e\u010f v\u00a0lese. Potom n\u00e1s u\u017e \u010dakalo iba nieko\u013ekokilometrov\u00e9 klesanie do Podbiela, kde sme osl\u00e1vili \u010fal\u0161\u00ed kr\u00e1sny a\u00a0\u00faspe\u0161n\u00fd prechod.<\/span><\/p>\n<div id=\"attachment_222\" style=\"width: 590px\" class=\"wp-caption alignleft\"><a href=\"http:\/\/www.cykloklubpodbiel.sk\/wp-content\/uploads\/2011\/05\/panooravice1.jpg\"><img aria-describedby=\"caption-attachment-222\" loading=\"lazy\" class=\"size-medium wp-image-222\" title=\"Panor\u00e1ma zo \u0161tartu pri m\u00fare Oravskej priehrady\" src=\"http:\/\/www.cykloklubpodbiel.sk\/wp-content\/uploads\/2011\/05\/t_panooravice1.jpg\" alt=\"Magistr\u00e1la Oravice\" width=\"580\" height=\"222\" \/><\/a><p id=\"caption-attachment-222\" class=\"wp-caption-text\">Panor\u00e1ma zo \u0161tartu pri m\u00fare Oravskej priehrady<\/p><\/div>\n<div id=\"attachment_186\" style=\"width: 290px\" class=\"wp-caption alignleft\"><a href=\"http:\/\/www.cykloklubpodbiel.sk\/wp-content\/gallery\/11\/magistralaoravice\/magistralaoravice.html\"><strong><img aria-describedby=\"caption-attachment-186\" loading=\"lazy\" class=\"size-medium wp-image-186\" title=\"Pozri fotogal\u00e9riu\" src=\"http:\/\/www.cykloklubpodbiel.sk\/wp-content\/uploads\/2011\/05\/t_galeriaoravice.png\" alt=\"Magistr\u00e1la Oravice\" width=\"280\" height=\"186\" \/><\/strong><\/a><p id=\"caption-attachment-186\" class=\"wp-caption-text\">Pozri fotogal\u00e9riu<\/p><\/div>\n<p><iframe width=\"445\" height=\"364\" src=\"http:\/\/www.youtube.com\/embed\/Gd3fZmc_QqA\" frameborder=\"0\" allowfullscreen><\/iframe><\/p>\n","protected":false},"excerpt":{"rendered":"<p>V nede\u013eu 22.m\u00e1ja 2011 sme sa prebudili do kr\u00e1sneho slne\u010dn\u00e9ho r\u00e1na. U\u017e okolo 10 hodine sme sa vybrali skupina vy\u0161e dvadsiatich cykloturistov z Podbiela na Cyklomagistr\u00e1lu na Oravsk\u00fa priehradu, kde bol pl\u00e1novan\u00fd spolo\u010dn\u00fd \u0161tart. V Ni\u017enej sa k n\u00e1m pripojila \u010fal\u0161ia skupinka, ktor\u00e1 sa s nami vydala po bo\u010dn\u00fdch a lesn\u00fdch cesti\u010dk\u00e1ch a\u017e do Tvrdo\u0161\u00edna. [&hellip;]<\/p>\n","protected":false},"author":1,"featured_media":0,"parent":1381,"menu_order":28,"comment_status":"open","ping_status":"closed","template":"onecolumn-page.php","meta":{"advgb_blocks_editor_width":"","advgb_blocks_columns_visual_guide":"","ngg_post_thumbnail":0},"coauthors":[],"author_meta":{"author_link":"https:\/\/www.cykloklubpodbiel.sk\/?author=1","display_name":"\u013dubom\u00edr Franko"},"relative_dates":{"created":"Posted 15 years ago","modified":"Updated 15 years ago"},"absolute_dates":{"created":"Posted on 24. M\u00e1j 2011","modified":"Updated on 29. M\u00e1j 2011"},"absolute_dates_time":{"created":"Posted on 24. M\u00e1j 2011 19:04","modified":"Updated on 29. M\u00e1j 2011 19:05"},"featured_img_caption":"","featured_img":false,"series_order":"","_links":{"self":[{"href":"https:\/\/www.cykloklubpodbiel.sk\/index.php?rest_route=\/wp\/v2\/pages\/2215"}],"collection":[{"href":"https:\/\/www.cykloklubpodbiel.sk\/index.php?rest_route=\/wp\/v2\/pages"}],"about":[{"href":"https:\/\/www.cykloklubpodbiel.sk\/index.php?rest_route=\/wp\/v2\/types\/page"}],"author":[{"embeddable":true,"href":"https:\/\/www.cykloklubpodbiel.sk\/index.php?rest_route=\/wp\/v2\/users\/1"}],"replies":[{"embeddable":true,"href":"https:\/\/www.cykloklubpodbiel.sk\/index.php?rest_route=%2Fwp%2Fv2%2Fcomments&post=2215"}],"version-history":[{"count":23,"href":"https:\/\/www.cykloklubpodbiel.sk\/index.php?rest_route=\/wp\/v2\/pages\/2215\/revisions"}],"predecessor-version":[{"id":2248,"href":"https:\/\/www.cykloklubpodbiel.sk\/index.php?rest_route=\/wp\/v2\/pages\/2215\/revisions\/2248"}],"up":[{"embeddable":true,"href":"https:\/\/www.cykloklubpodbiel.sk\/index.php?rest_route=\/wp\/v2\/pages\/1381"}],"wp:attachment":[{"href":"https:\/\/www.cykloklubpodbiel.sk\/index.php?rest_route=%2Fwp%2Fv2%2Fmedia&parent=2215"}],"curies":[{"name":"wp","href":"https:\/\/api.w.org\/{rel}","templated":true}]}}