{"id":1857,"date":"2011-02-13T19:02:06","date_gmt":"2011-02-13T18:02:06","guid":{"rendered":"http:\/\/www.cykloklubpodbiel.sk\/?page_id=1857"},"modified":"2011-02-14T09:24:00","modified_gmt":"2011-02-14T08:24:00","slug":"bielopotockym-horizontom","status":"publish","type":"page","link":"https:\/\/www.cykloklubpodbiel.sk\/?page_id=1857","title":{"rendered":"Bielopotock\u00fdm horizontom"},"content":{"rendered":"<p style=\"text-align: justify;\">\n<div id=\"attachment_154\" style=\"width: 940px\" class=\"wp-caption aligncenter\"><a href=\"http:\/\/www.cykloklubpodbiel.sk\/wp-content\/uploads\/2011\/02\/panobielypotok.jpg\"><img aria-describedby=\"caption-attachment-154\" loading=\"lazy\" class=\"size-medium wp-image-154\" title=\"Panor\u00e1ma na \u00fa\u010dastn\u00edkov prechodu Bielopotock\u00fdm horizontom na Roviank\u00e1ch\" src=\"http:\/\/www.cykloklubpodbiel.sk\/wp-content\/uploads\/2011\/02\/t_panobielypotok.png\" alt=\"Bielopotock\u00fdm horizontom\" width=\"930\" height=\"154\" \/><\/a><p id=\"caption-attachment-154\" class=\"wp-caption-text\">Panor\u00e1ma na \u00fa\u010dastn\u00edkov prechodu Bielopotock\u00fdm horizontom na Roviank\u00e1ch<\/p><\/div>\n<p style=\"text-align: justify;\"><strong><span style=\"color: #000000;\">P<\/span><\/strong><span style=\"color: #000000;\"><span style=\"color: #000000;\">o upr\u0161anej noci n\u00e1s v sobotu r\u00e1no<\/span> <span style=\"color: #ff0000;\"><strong>12.febru\u00e1ra 2011<\/strong><\/span> <span style=\"color: #000000;\">\u010dakalo sne\u017een\u00e9 prebudenie a tak sme sa mohli vybra\u0165 na n\u00e1hradn\u00fa zimn\u00fa turistick\u00fa akciu, 24. ro\u010dn\u00edk <em>Bielopotock\u00fdm horizontom<\/em>. Tento kr\u00e1t bolo znovu m\u00e1lo snehu a tak sme prechod museli uskuto\u010dni\u0165 pe\u0161i na <em>Rovienky<\/em>. <\/span><\/span><\/p>\n<div id=\"attachment_199\" style=\"width: 309px\" class=\"wp-caption alignleft\"><a href=\"http:\/\/www.cykloklubpodbiel.sk\/wp-content\/uploads\/2011\/02\/bielypotok1.jpg\"><img aria-describedby=\"caption-attachment-199\" loading=\"lazy\" class=\"size-medium wp-image-199\" title=\"Po\u010das v\u00fdstupu vl\u00e1dla vesel\u00e1 n\u00e1lada\" src=\"http:\/\/www.cykloklubpodbiel.sk\/wp-content\/uploads\/2011\/02\/t_bielypotok1.jpg\" alt=\"Bielopotock\u00fdm horizontom\" width=\"299\" height=\"199\" \/><\/a><p id=\"caption-attachment-199\" class=\"wp-caption-text\">Po\u010das v\u00fdstupu vl\u00e1dla vesel\u00e1 n\u00e1lada<\/p><\/div>\n<div id=\"attachment_199\" style=\"width: 309px\" class=\"wp-caption alignright\"><a href=\"http:\/\/www.cykloklubpodbiel.sk\/wp-content\/uploads\/2011\/02\/bielypotok2.jpg\"><img aria-describedby=\"caption-attachment-199\" loading=\"lazy\" class=\"size-medium wp-image-199\" title=\"Muzikanti sa starali o dobr\u00fa n\u00e1ladu\" src=\"http:\/\/www.cykloklubpodbiel.sk\/wp-content\/uploads\/2011\/02\/t_bielypotok2.jpg\" alt=\"Bielopotock\u00fdm horizontom\" width=\"299\" height=\"199\" \/><\/a><p id=\"caption-attachment-199\" class=\"wp-caption-text\">Muzikanti sa starali o dobr\u00fa n\u00e1ladu<\/p><\/div>\n<p><span style=\"color: #000000;\">Po\u010dasie n\u00e1m prekvapivo prialo, slnie\u010dko n\u00e1m hrialo, chrb\u00e1t a hlavy n\u00e1m trochu chladil vietor. Tempo n\u00e1m prekvapivo ud\u00e1vali na\u0161e \u017eeny. Prechodili sme aj okolo ohrady diviakov, ale \u017eiadnych sme nevideli. Len n\u00e1s.<\/span><\/p>\n<p><span style=\"color: #000000;\"> Po pr\u00edchode na <em>Rovienky<\/em> sme na\u0161li st\u00f4l pri na\u0161om kolegovi z pr\u00e1ce a tak za\u010dala pr\u00edrodn\u00e1 hostina. Dobre n\u00e1m padla aj pod\u00e1van\u00e1 kapustnica na na\u0161e trochu prechoren\u00e9 hrdl\u00e1. Atmosf\u00e9ru spr\u00edjem\u0148ovala \u013eudov\u00e1 hudba <em>Kov\u00e1\u010dovcov<\/em>. Mil\u00fdm prekvapen\u00edm bolo aj to, \u017ee sa za\u010dali sch\u00e1dza\u0165 aj \u010fal\u0161\u00ed na\u0161i \u010dlenovia a rod\u00e1ci. Skoro sme sa c\u00edtili ako doma. Takto sme si mohli aj veselo zaspieva\u0165.<\/span><\/p>\n<p><span style=\"color: #000000;\"> No ale v\u0161etko dobr\u00e9 mus\u00ed skon\u010di\u0165 a tak po\u010fme nasp\u00e4\u0165 dolu. V s\u00e1le sme sa hostili klob\u00e1sou z <em>Vitanovej<\/em> a zap\u00edjali aj tepl\u00fdm \u010dajom. A v pr\u00edjemnej atmosf\u00e9re sa \u010dakalo na bohat\u00fa tombolu. N\u00e1m nejak \u0161\u0165astie neprialo, a\u017e na n\u00e1\u0161ho predsedu, ktor\u00fd vyhral sadu energetck\u00fdch n\u00e1pojov. Tak sme sa smiali, \u017ee na\u0161e v\u00fdkony e\u0161te porast\u00fa. Z\u00e1bava len za\u010d\u00ednala, ale po minulej sk\u00fasenosti sme sa pobrali domov, kde n\u00e1s v n\u00e1lade odviezol n\u00e1\u0161 kamar\u00e1t Juraj. A tak m\u00e1me \u010fal\u0161iu \u010diarku v turistickom kalend\u00e1ri.<\/span><\/p>\n<div id=\"attachment_122\" style=\"width: 121px\" class=\"wp-caption alignright\"><a href=\"http:\/\/www.cykloklubpodbiel.sk\/wp-content\/uploads\/2011\/02\/logobielypotok.jpg\"><img aria-describedby=\"caption-attachment-122\" loading=\"lazy\" class=\"size-medium wp-image-122\" title=\"Logo prechodu\" src=\"http:\/\/www.cykloklubpodbiel.sk\/wp-content\/uploads\/2011\/02\/t_logobielypotok.png\" alt=\"Bielopotock\u00fdm horizontom\" width=\"111\" height=\"122\" \/><\/a><p id=\"caption-attachment-122\" class=\"wp-caption-text\">Logo prechodu<\/p><\/div>\n<div id=\"attachment_143\" style=\"width: 225px\" class=\"wp-caption aligncenter\"><a href=\"http:\/\/www.cykloklubpodbiel.sk\/wp-content\/gallery\/11\/bielypotok\/bielypotok.html\"><strong><img aria-describedby=\"caption-attachment-143\" loading=\"lazy\" class=\"size-medium wp-image-143\" title=\"Pozri fotogal\u00e9riu\" src=\"http:\/\/www.cykloklubpodbiel.sk\/wp-content\/uploads\/2011\/02\/galeriabielypotok.png\" alt=\"prechod podbielanskou Magurou\" width=\"215\" height=\"143\" \/><\/strong><\/a><p id=\"caption-attachment-143\" class=\"wp-caption-text\">Pozri fotogal\u00e9riu<\/p><\/div>\n","protected":false},"excerpt":{"rendered":"<p>Po upr\u0161anej noci n\u00e1s v sobotu r\u00e1no 12.febru\u00e1ra 2011 \u010dakalo sne\u017een\u00e9 prebudenie a tak sme sa mohli vybra\u0165 na n\u00e1hradn\u00fa zimn\u00fa turistick\u00fa akciu, 24. ro\u010dn\u00edk Bielopotock\u00fdm horizontom. Tento kr\u00e1t bolo znovu m\u00e1lo snehu a tak sme prechod museli uskuto\u010dni\u0165 pe\u0161i na Rovienky. Po\u010dasie n\u00e1m prekvapivo prialo, slnie\u010dko n\u00e1m hrialo, chrb\u00e1t a hlavy n\u00e1m trochu chladil [&hellip;]<\/p>\n","protected":false},"author":1,"featured_media":0,"parent":1381,"menu_order":36,"comment_status":"open","ping_status":"closed","template":"onecolumn-page.php","meta":{"advgb_blocks_editor_width":"","advgb_blocks_columns_visual_guide":"","ngg_post_thumbnail":0},"coauthors":[],"author_meta":{"author_link":"https:\/\/www.cykloklubpodbiel.sk\/?author=1","display_name":"\u013dubom\u00edr Franko"},"relative_dates":{"created":"Posted 15 years ago","modified":"Updated 15 years ago"},"absolute_dates":{"created":"Posted on 13. Febru\u00e1r 2011","modified":"Updated on 14. Febru\u00e1r 2011"},"absolute_dates_time":{"created":"Posted on 13. Febru\u00e1r 2011 19:02","modified":"Updated on 14. Febru\u00e1r 2011 9:24"},"featured_img_caption":"","featured_img":false,"series_order":"","_links":{"self":[{"href":"https:\/\/www.cykloklubpodbiel.sk\/index.php?rest_route=\/wp\/v2\/pages\/1857"}],"collection":[{"href":"https:\/\/www.cykloklubpodbiel.sk\/index.php?rest_route=\/wp\/v2\/pages"}],"about":[{"href":"https:\/\/www.cykloklubpodbiel.sk\/index.php?rest_route=\/wp\/v2\/types\/page"}],"author":[{"embeddable":true,"href":"https:\/\/www.cykloklubpodbiel.sk\/index.php?rest_route=\/wp\/v2\/users\/1"}],"replies":[{"embeddable":true,"href":"https:\/\/www.cykloklubpodbiel.sk\/index.php?rest_route=%2Fwp%2Fv2%2Fcomments&post=1857"}],"version-history":[{"count":25,"href":"https:\/\/www.cykloklubpodbiel.sk\/index.php?rest_route=\/wp\/v2\/pages\/1857\/revisions"}],"predecessor-version":[{"id":1890,"href":"https:\/\/www.cykloklubpodbiel.sk\/index.php?rest_route=\/wp\/v2\/pages\/1857\/revisions\/1890"}],"up":[{"embeddable":true,"href":"https:\/\/www.cykloklubpodbiel.sk\/index.php?rest_route=\/wp\/v2\/pages\/1381"}],"wp:attachment":[{"href":"https:\/\/www.cykloklubpodbiel.sk\/index.php?rest_route=%2Fwp%2Fv2%2Fmedia&parent=1857"}],"curies":[{"name":"wp","href":"https:\/\/api.w.org\/{rel}","templated":true}]}}