{"id":14982,"date":"2019-04-04T18:14:47","date_gmt":"2019-04-04T17:14:47","guid":{"rendered":"http:\/\/www.cykloklubpodbiel.sk\/?page_id=14982"},"modified":"2019-04-04T18:14:47","modified_gmt":"2019-04-04T17:14:47","slug":"rozlucka-so-snehom","status":"publish","type":"page","link":"https:\/\/www.cykloklubpodbiel.sk\/?page_id=14982","title":{"rendered":"Rozl\u00fa\u010dka so snehom"},"content":{"rendered":"<p><span style=\"color: #ff0000;\"><strong><a href=\"http:\/\/www.cykloklubpodbiel.sk\/wp-content\/uploads\/2019\/04\/18.jpg\"><img loading=\"lazy\" class=\"size-medium wp-image-14979 alignleft\" src=\"http:\/\/www.cykloklubpodbiel.sk\/wp-content\/uploads\/2019\/04\/18-300x225.jpg\" alt=\"\" width=\"300\" height=\"225\" srcset=\"https:\/\/www.cykloklubpodbiel.sk\/wp-content\/uploads\/2019\/04\/18-300x225.jpg 300w, https:\/\/www.cykloklubpodbiel.sk\/wp-content\/uploads\/2019\/04\/18-768x576.jpg 768w, https:\/\/www.cykloklubpodbiel.sk\/wp-content\/uploads\/2019\/04\/18-1024x768.jpg 1024w, https:\/\/www.cykloklubpodbiel.sk\/wp-content\/uploads\/2019\/04\/18.jpg 1147w\" sizes=\"(max-width: 300px) 100vw, 300px\" \/><\/a>23. marca 2019<\/strong><\/span>&nbsp;sa konala rozl\u00fa\u010dka so snehom v&nbsp;L\u00e1tanej doline.&nbsp;Z\u00fa\u010dastnilo sa n\u00e1s p\u00e4\u0165 \u010dlenov, ktor\u00ed si&nbsp;urobili aj prech\u00e1dzku &nbsp;po okol\u00ed. Po\u010dasie sa &nbsp;vydarilo. Vietor takmer \u017eiadny, teplota do pohody. Snehu&nbsp;bolo dostatok aj na be\u017eky. My sme si zvolili pe\u0161iu turistiku. Vyst\u00fapili sme na Zverovke a&nbsp;odtia\u013e sa&nbsp;pustili turistick\u00fdm krokom do L\u00e1tanej doliny. \u010c\u00edm bli\u017e\u0161ie sme prich\u00e1dzali ku chate t\u00fdm viac bolo po\u010du\u0165&nbsp;vravu a&nbsp;smiech det\u00ed. V&nbsp;chate n\u00e1s srde\u010dne priv\u00edtal chat\u00e1r Janko spolu s&nbsp;Mat\u00fa\u0161om, ktor\u00fd mu od&nbsp;skor\u00e9ho r\u00e1na pom\u00e1hal.&nbsp;Pohostili n\u00e1s chutnou fazu\u013eovou polievkou.&nbsp;Po dobrom obede a&nbsp;dlhom oddychu sme si&nbsp;odsko\u010dili e\u0161te do Sp\u00e1lenej doliny a&nbsp;previezli sa lanovkou.&nbsp;Dali sme si cesnakov\u00fd lango\u0161 a&nbsp;rozl\u00fa\u010dili sa.&nbsp;Spokojnos\u0165 a&nbsp;rados\u0165 z&nbsp;pr\u00edjemn\u00e9ho d\u0148a bola obojstrann\u00e1.<\/p>\n<p><b>Text: Foto: Erika Ma\u0165a\u0165ov\u00e1&nbsp; &nbsp;<\/b><\/p>\n<p><!-- index.php -->\n<div\n\tclass=\"ngg-galleryoverview ngg-ajax-pagination-none\"\n\tid=\"ngg-gallery-69879b17822c60ead4c549e12d7ecf1b-1\">\n\n    \t\t<!-- Thumbnails -->\n\t\t\t\t<div id=\"ngg-image-0\" class=\"ngg-gallery-thumbnail-box\" >\n\t\t\t\t        <div class=\"ngg-gallery-thumbnail\">\n            <a href=\"https:\/\/www.cykloklubpodbiel.sk\/wp-content\/gallery\/rozlucka-so-snehom\/1.jpg\"\n               title=\"\"\n               data-src=\"https:\/\/www.cykloklubpodbiel.sk\/wp-content\/gallery\/rozlucka-so-snehom\/1.jpg\"\n               data-thumbnail=\"https:\/\/www.cykloklubpodbiel.sk\/wp-content\/gallery\/rozlucka-so-snehom\/thumbs\/thumbs_1.jpg\"\n               data-image-id=\"3494\"\n               data-title=\"1\"\n               data-description=\"\"\n               data-image-slug=\"1-8\"\n               class=\"ngg-fancybox\" rel=\"69879b17822c60ead4c549e12d7ecf1b\">\n                <img\n                    title=\"1\"\n                    alt=\"1\"\n                    src=\"https:\/\/www.cykloklubpodbiel.sk\/wp-content\/gallery\/rozlucka-so-snehom\/thumbs\/thumbs_1.jpg\"\n                    width=\"120\"\n                    height=\"90\"\n                    style=\"max-width:100%;\"\n                \/>\n            <\/a>\n        <\/div>\n\t\t\t\t\t\t\t<\/div> \n\t\t\t\n        \n\t\t\t\t<div id=\"ngg-image-1\" class=\"ngg-gallery-thumbnail-box\" >\n\t\t\t\t        <div class=\"ngg-gallery-thumbnail\">\n            <a href=\"https:\/\/www.cykloklubpodbiel.sk\/wp-content\/gallery\/rozlucka-so-snehom\/2.jpg\"\n               title=\"\"\n               data-src=\"https:\/\/www.cykloklubpodbiel.sk\/wp-content\/gallery\/rozlucka-so-snehom\/2.jpg\"\n               data-thumbnail=\"https:\/\/www.cykloklubpodbiel.sk\/wp-content\/gallery\/rozlucka-so-snehom\/thumbs\/thumbs_2.jpg\"\n               data-image-id=\"3495\"\n               data-title=\"2\"\n               data-description=\"\"\n               data-image-slug=\"2-12\"\n               class=\"ngg-fancybox\" rel=\"69879b17822c60ead4c549e12d7ecf1b\">\n                <img\n                    title=\"2\"\n                    alt=\"2\"\n                    src=\"https:\/\/www.cykloklubpodbiel.sk\/wp-content\/gallery\/rozlucka-so-snehom\/thumbs\/thumbs_2.jpg\"\n                    width=\"120\"\n                    height=\"90\"\n                    style=\"max-width:100%;\"\n                \/>\n            <\/a>\n        <\/div>\n\t\t\t\t\t\t\t<\/div> \n\t\t\t\n        \n\t\t\t\t<div id=\"ngg-image-2\" class=\"ngg-gallery-thumbnail-box\" >\n\t\t\t\t        <div class=\"ngg-gallery-thumbnail\">\n            <a href=\"https:\/\/www.cykloklubpodbiel.sk\/wp-content\/gallery\/rozlucka-so-snehom\/3.jpg\"\n               title=\"\"\n               data-src=\"https:\/\/www.cykloklubpodbiel.sk\/wp-content\/gallery\/rozlucka-so-snehom\/3.jpg\"\n               data-thumbnail=\"https:\/\/www.cykloklubpodbiel.sk\/wp-content\/gallery\/rozlucka-so-snehom\/thumbs\/thumbs_3.jpg\"\n               data-image-id=\"3496\"\n               data-title=\"3\"\n               data-description=\"\"\n               data-image-slug=\"3-11\"\n               class=\"ngg-fancybox\" rel=\"69879b17822c60ead4c549e12d7ecf1b\">\n                <img\n                    title=\"3\"\n                    alt=\"3\"\n                    src=\"https:\/\/www.cykloklubpodbiel.sk\/wp-content\/gallery\/rozlucka-so-snehom\/thumbs\/thumbs_3.jpg\"\n                    width=\"120\"\n                    height=\"90\"\n                    style=\"max-width:100%;\"\n                \/>\n            <\/a>\n        <\/div>\n\t\t\t\t\t\t\t<\/div> \n\t\t\t\n        \n\t\t\t\t<div id=\"ngg-image-3\" class=\"ngg-gallery-thumbnail-box\" >\n\t\t\t\t        <div class=\"ngg-gallery-thumbnail\">\n            <a href=\"https:\/\/www.cykloklubpodbiel.sk\/wp-content\/gallery\/rozlucka-so-snehom\/4.jpg\"\n               title=\"\"\n               data-src=\"https:\/\/www.cykloklubpodbiel.sk\/wp-content\/gallery\/rozlucka-so-snehom\/4.jpg\"\n               data-thumbnail=\"https:\/\/www.cykloklubpodbiel.sk\/wp-content\/gallery\/rozlucka-so-snehom\/thumbs\/thumbs_4.jpg\"\n               data-image-id=\"3497\"\n               data-title=\"4\"\n               data-description=\"\"\n               data-image-slug=\"4-12\"\n               class=\"ngg-fancybox\" rel=\"69879b17822c60ead4c549e12d7ecf1b\">\n                <img\n                    title=\"4\"\n                    alt=\"4\"\n                    src=\"https:\/\/www.cykloklubpodbiel.sk\/wp-content\/gallery\/rozlucka-so-snehom\/thumbs\/thumbs_4.jpg\"\n                    width=\"120\"\n                    height=\"90\"\n                    style=\"max-width:100%;\"\n                \/>\n            <\/a>\n        <\/div>\n\t\t\t\t\t\t\t<\/div> \n\t\t\t\n        \n\t\t\t\t<div id=\"ngg-image-4\" class=\"ngg-gallery-thumbnail-box\" >\n\t\t\t\t        <div class=\"ngg-gallery-thumbnail\">\n            <a href=\"https:\/\/www.cykloklubpodbiel.sk\/wp-content\/gallery\/rozlucka-so-snehom\/5a.jpg\"\n               title=\"\"\n               data-src=\"https:\/\/www.cykloklubpodbiel.sk\/wp-content\/gallery\/rozlucka-so-snehom\/5a.jpg\"\n               data-thumbnail=\"https:\/\/www.cykloklubpodbiel.sk\/wp-content\/gallery\/rozlucka-so-snehom\/thumbs\/thumbs_5a.jpg\"\n               data-image-id=\"3498\"\n               data-title=\"5a\"\n               data-description=\"\"\n               data-image-slug=\"5a\"\n               class=\"ngg-fancybox\" rel=\"69879b17822c60ead4c549e12d7ecf1b\">\n                <img\n                    title=\"5a\"\n                    alt=\"5a\"\n                    src=\"https:\/\/www.cykloklubpodbiel.sk\/wp-content\/gallery\/rozlucka-so-snehom\/thumbs\/thumbs_5a.jpg\"\n                    width=\"120\"\n                    height=\"90\"\n                    style=\"max-width:100%;\"\n                \/>\n            <\/a>\n        <\/div>\n\t\t\t\t\t\t\t<\/div> \n\t\t\t\n        \n\t\t\t\t<div id=\"ngg-image-5\" class=\"ngg-gallery-thumbnail-box\" >\n\t\t\t\t        <div class=\"ngg-gallery-thumbnail\">\n            <a href=\"https:\/\/www.cykloklubpodbiel.sk\/wp-content\/gallery\/rozlucka-so-snehom\/5B.jpg\"\n               title=\"\"\n               data-src=\"https:\/\/www.cykloklubpodbiel.sk\/wp-content\/gallery\/rozlucka-so-snehom\/5B.jpg\"\n               data-thumbnail=\"https:\/\/www.cykloklubpodbiel.sk\/wp-content\/gallery\/rozlucka-so-snehom\/thumbs\/thumbs_5B.jpg\"\n               data-image-id=\"3499\"\n               data-title=\"5B\"\n               data-description=\"\"\n               data-image-slug=\"5b\"\n               class=\"ngg-fancybox\" rel=\"69879b17822c60ead4c549e12d7ecf1b\">\n                <img\n                    title=\"5B\"\n                    alt=\"5B\"\n                    src=\"https:\/\/www.cykloklubpodbiel.sk\/wp-content\/gallery\/rozlucka-so-snehom\/thumbs\/thumbs_5B.jpg\"\n                    width=\"120\"\n                    height=\"90\"\n                    style=\"max-width:100%;\"\n                \/>\n            <\/a>\n        <\/div>\n\t\t\t\t\t\t\t<\/div> \n\t\t\t\n        \n\t\t\t\t<div id=\"ngg-image-6\" class=\"ngg-gallery-thumbnail-box\" >\n\t\t\t\t        <div class=\"ngg-gallery-thumbnail\">\n            <a href=\"https:\/\/www.cykloklubpodbiel.sk\/wp-content\/gallery\/rozlucka-so-snehom\/6.jpg\"\n               title=\"\"\n               data-src=\"https:\/\/www.cykloklubpodbiel.sk\/wp-content\/gallery\/rozlucka-so-snehom\/6.jpg\"\n               data-thumbnail=\"https:\/\/www.cykloklubpodbiel.sk\/wp-content\/gallery\/rozlucka-so-snehom\/thumbs\/thumbs_6.jpg\"\n               data-image-id=\"3500\"\n               data-title=\"6\"\n               data-description=\"\"\n               data-image-slug=\"6-11\"\n               class=\"ngg-fancybox\" rel=\"69879b17822c60ead4c549e12d7ecf1b\">\n                <img\n                    title=\"6\"\n                    alt=\"6\"\n                    src=\"https:\/\/www.cykloklubpodbiel.sk\/wp-content\/gallery\/rozlucka-so-snehom\/thumbs\/thumbs_6.jpg\"\n                    width=\"120\"\n                    height=\"90\"\n                    style=\"max-width:100%;\"\n                \/>\n            <\/a>\n        <\/div>\n\t\t\t\t\t\t\t<\/div> \n\t\t\t\n        \n\t\t\t\t<div id=\"ngg-image-7\" class=\"ngg-gallery-thumbnail-box\" >\n\t\t\t\t        <div class=\"ngg-gallery-thumbnail\">\n            <a href=\"https:\/\/www.cykloklubpodbiel.sk\/wp-content\/gallery\/rozlucka-so-snehom\/8.jpg\"\n               title=\"\"\n               data-src=\"https:\/\/www.cykloklubpodbiel.sk\/wp-content\/gallery\/rozlucka-so-snehom\/8.jpg\"\n               data-thumbnail=\"https:\/\/www.cykloklubpodbiel.sk\/wp-content\/gallery\/rozlucka-so-snehom\/thumbs\/thumbs_8.jpg\"\n               data-image-id=\"3501\"\n               data-title=\"8\"\n               data-description=\"\"\n               data-image-slug=\"8-12\"\n               class=\"ngg-fancybox\" rel=\"69879b17822c60ead4c549e12d7ecf1b\">\n                <img\n                    title=\"8\"\n                    alt=\"8\"\n                    src=\"https:\/\/www.cykloklubpodbiel.sk\/wp-content\/gallery\/rozlucka-so-snehom\/thumbs\/thumbs_8.jpg\"\n                    width=\"120\"\n                    height=\"90\"\n                    style=\"max-width:100%;\"\n                \/>\n            <\/a>\n        <\/div>\n\t\t\t\t\t\t\t<\/div> \n\t\t\t\n        \n\t\t\t\t<div id=\"ngg-image-8\" class=\"ngg-gallery-thumbnail-box\" >\n\t\t\t\t        <div class=\"ngg-gallery-thumbnail\">\n            <a href=\"https:\/\/www.cykloklubpodbiel.sk\/wp-content\/gallery\/rozlucka-so-snehom\/10.jpg\"\n               title=\"\"\n               data-src=\"https:\/\/www.cykloklubpodbiel.sk\/wp-content\/gallery\/rozlucka-so-snehom\/10.jpg\"\n               data-thumbnail=\"https:\/\/www.cykloklubpodbiel.sk\/wp-content\/gallery\/rozlucka-so-snehom\/thumbs\/thumbs_10.jpg\"\n               data-image-id=\"3502\"\n               data-title=\"10\"\n               data-description=\"\"\n               data-image-slug=\"10-10\"\n               class=\"ngg-fancybox\" rel=\"69879b17822c60ead4c549e12d7ecf1b\">\n                <img\n                    title=\"10\"\n                    alt=\"10\"\n                    src=\"https:\/\/www.cykloklubpodbiel.sk\/wp-content\/gallery\/rozlucka-so-snehom\/thumbs\/thumbs_10.jpg\"\n                    width=\"120\"\n                    height=\"90\"\n                    style=\"max-width:100%;\"\n                \/>\n            <\/a>\n        <\/div>\n\t\t\t\t\t\t\t<\/div> \n\t\t\t\n        \n\t\t\t\t<div id=\"ngg-image-9\" class=\"ngg-gallery-thumbnail-box\" >\n\t\t\t\t        <div class=\"ngg-gallery-thumbnail\">\n            <a href=\"https:\/\/www.cykloklubpodbiel.sk\/wp-content\/gallery\/rozlucka-so-snehom\/16.jpg\"\n               title=\"\"\n               data-src=\"https:\/\/www.cykloklubpodbiel.sk\/wp-content\/gallery\/rozlucka-so-snehom\/16.jpg\"\n               data-thumbnail=\"https:\/\/www.cykloklubpodbiel.sk\/wp-content\/gallery\/rozlucka-so-snehom\/thumbs\/thumbs_16.jpg\"\n               data-image-id=\"3503\"\n               data-title=\"16\"\n               data-description=\"\"\n               data-image-slug=\"16-11\"\n               class=\"ngg-fancybox\" rel=\"69879b17822c60ead4c549e12d7ecf1b\">\n                <img\n                    title=\"16\"\n                    alt=\"16\"\n                    src=\"https:\/\/www.cykloklubpodbiel.sk\/wp-content\/gallery\/rozlucka-so-snehom\/thumbs\/thumbs_16.jpg\"\n                    width=\"120\"\n                    height=\"90\"\n                    style=\"max-width:100%;\"\n                \/>\n            <\/a>\n        <\/div>\n\t\t\t\t\t\t\t<\/div> \n\t\t\t\n        \n\t\t\t\t<div id=\"ngg-image-10\" class=\"ngg-gallery-thumbnail-box\" >\n\t\t\t\t        <div class=\"ngg-gallery-thumbnail\">\n            <a href=\"https:\/\/www.cykloklubpodbiel.sk\/wp-content\/gallery\/rozlucka-so-snehom\/17.jpg\"\n               title=\"\"\n               data-src=\"https:\/\/www.cykloklubpodbiel.sk\/wp-content\/gallery\/rozlucka-so-snehom\/17.jpg\"\n               data-thumbnail=\"https:\/\/www.cykloklubpodbiel.sk\/wp-content\/gallery\/rozlucka-so-snehom\/thumbs\/thumbs_17.jpg\"\n               data-image-id=\"3504\"\n               data-title=\"17\"\n               data-description=\"\"\n               data-image-slug=\"17-9\"\n               class=\"ngg-fancybox\" rel=\"69879b17822c60ead4c549e12d7ecf1b\">\n                <img\n                    title=\"17\"\n                    alt=\"17\"\n                    src=\"https:\/\/www.cykloklubpodbiel.sk\/wp-content\/gallery\/rozlucka-so-snehom\/thumbs\/thumbs_17.jpg\"\n                    width=\"120\"\n                    height=\"90\"\n                    style=\"max-width:100%;\"\n                \/>\n            <\/a>\n        <\/div>\n\t\t\t\t\t\t\t<\/div> \n\t\t\t\n        \n\t\t\t\t<div id=\"ngg-image-11\" class=\"ngg-gallery-thumbnail-box\" >\n\t\t\t\t        <div class=\"ngg-gallery-thumbnail\">\n            <a href=\"https:\/\/www.cykloklubpodbiel.sk\/wp-content\/gallery\/rozlucka-so-snehom\/19.jpg\"\n               title=\"\"\n               data-src=\"https:\/\/www.cykloklubpodbiel.sk\/wp-content\/gallery\/rozlucka-so-snehom\/19.jpg\"\n               data-thumbnail=\"https:\/\/www.cykloklubpodbiel.sk\/wp-content\/gallery\/rozlucka-so-snehom\/thumbs\/thumbs_19.jpg\"\n               data-image-id=\"3505\"\n               data-title=\"19\"\n               data-description=\"\"\n               data-image-slug=\"19-11\"\n               class=\"ngg-fancybox\" rel=\"69879b17822c60ead4c549e12d7ecf1b\">\n                <img\n                    title=\"19\"\n                    alt=\"19\"\n                    src=\"https:\/\/www.cykloklubpodbiel.sk\/wp-content\/gallery\/rozlucka-so-snehom\/thumbs\/thumbs_19.jpg\"\n                    width=\"120\"\n                    height=\"90\"\n                    style=\"max-width:100%;\"\n                \/>\n            <\/a>\n        <\/div>\n\t\t\t\t\t\t\t<\/div> \n\t\t\t\n        \n\t\t\t\t<div id=\"ngg-image-12\" class=\"ngg-gallery-thumbnail-box\" >\n\t\t\t\t        <div class=\"ngg-gallery-thumbnail\">\n            <a href=\"https:\/\/www.cykloklubpodbiel.sk\/wp-content\/gallery\/rozlucka-so-snehom\/21.jpg\"\n               title=\"\"\n               data-src=\"https:\/\/www.cykloklubpodbiel.sk\/wp-content\/gallery\/rozlucka-so-snehom\/21.jpg\"\n               data-thumbnail=\"https:\/\/www.cykloklubpodbiel.sk\/wp-content\/gallery\/rozlucka-so-snehom\/thumbs\/thumbs_21.jpg\"\n               data-image-id=\"3506\"\n               data-title=\"21\"\n               data-description=\"\"\n               data-image-slug=\"21-11\"\n               class=\"ngg-fancybox\" rel=\"69879b17822c60ead4c549e12d7ecf1b\">\n                <img\n                    title=\"21\"\n                    alt=\"21\"\n                    src=\"https:\/\/www.cykloklubpodbiel.sk\/wp-content\/gallery\/rozlucka-so-snehom\/thumbs\/thumbs_21.jpg\"\n                    width=\"120\"\n                    height=\"90\"\n                    style=\"max-width:100%;\"\n                \/>\n            <\/a>\n        <\/div>\n\t\t\t\t\t\t\t<\/div> \n\t\t\t\n        \n\t\t\t\t<div id=\"ngg-image-13\" class=\"ngg-gallery-thumbnail-box\" >\n\t\t\t\t        <div class=\"ngg-gallery-thumbnail\">\n            <a href=\"https:\/\/www.cykloklubpodbiel.sk\/wp-content\/gallery\/rozlucka-so-snehom\/22.jpg\"\n               title=\"\"\n               data-src=\"https:\/\/www.cykloklubpodbiel.sk\/wp-content\/gallery\/rozlucka-so-snehom\/22.jpg\"\n               data-thumbnail=\"https:\/\/www.cykloklubpodbiel.sk\/wp-content\/gallery\/rozlucka-so-snehom\/thumbs\/thumbs_22.jpg\"\n               data-image-id=\"3507\"\n               data-title=\"22\"\n               data-description=\"\"\n               data-image-slug=\"22-10\"\n               class=\"ngg-fancybox\" rel=\"69879b17822c60ead4c549e12d7ecf1b\">\n                <img\n                    title=\"22\"\n                    alt=\"22\"\n                    src=\"https:\/\/www.cykloklubpodbiel.sk\/wp-content\/gallery\/rozlucka-so-snehom\/thumbs\/thumbs_22.jpg\"\n                    width=\"120\"\n                    height=\"90\"\n                    style=\"max-width:100%;\"\n                \/>\n            <\/a>\n        <\/div>\n\t\t\t\t\t\t\t<\/div> \n\t\t\t\n        \n\t\t\t\t<div id=\"ngg-image-14\" class=\"ngg-gallery-thumbnail-box\" >\n\t\t\t\t        <div class=\"ngg-gallery-thumbnail\">\n            <a href=\"https:\/\/www.cykloklubpodbiel.sk\/wp-content\/gallery\/rozlucka-so-snehom\/25.jpg\"\n               title=\"\"\n               data-src=\"https:\/\/www.cykloklubpodbiel.sk\/wp-content\/gallery\/rozlucka-so-snehom\/25.jpg\"\n               data-thumbnail=\"https:\/\/www.cykloklubpodbiel.sk\/wp-content\/gallery\/rozlucka-so-snehom\/thumbs\/thumbs_25.jpg\"\n               data-image-id=\"3508\"\n               data-title=\"25\"\n               data-description=\"\"\n               data-image-slug=\"25-9\"\n               class=\"ngg-fancybox\" rel=\"69879b17822c60ead4c549e12d7ecf1b\">\n                <img\n                    title=\"25\"\n                    alt=\"25\"\n                    src=\"https:\/\/www.cykloklubpodbiel.sk\/wp-content\/gallery\/rozlucka-so-snehom\/thumbs\/thumbs_25.jpg\"\n                    width=\"120\"\n                    height=\"90\"\n                    style=\"max-width:100%;\"\n                \/>\n            <\/a>\n        <\/div>\n\t\t\t\t\t\t\t<\/div> \n\t\t\t\n        \n\t\t\t\t<div id=\"ngg-image-15\" class=\"ngg-gallery-thumbnail-box\" >\n\t\t\t\t        <div class=\"ngg-gallery-thumbnail\">\n            <a href=\"https:\/\/www.cykloklubpodbiel.sk\/wp-content\/gallery\/rozlucka-so-snehom\/26.jpg\"\n               title=\"\"\n               data-src=\"https:\/\/www.cykloklubpodbiel.sk\/wp-content\/gallery\/rozlucka-so-snehom\/26.jpg\"\n               data-thumbnail=\"https:\/\/www.cykloklubpodbiel.sk\/wp-content\/gallery\/rozlucka-so-snehom\/thumbs\/thumbs_26.jpg\"\n               data-image-id=\"3509\"\n               data-title=\"26\"\n               data-description=\"\"\n               data-image-slug=\"26-10\"\n               class=\"ngg-fancybox\" rel=\"69879b17822c60ead4c549e12d7ecf1b\">\n                <img\n                    title=\"26\"\n                    alt=\"26\"\n                    src=\"https:\/\/www.cykloklubpodbiel.sk\/wp-content\/gallery\/rozlucka-so-snehom\/thumbs\/thumbs_26.jpg\"\n                    width=\"120\"\n                    height=\"90\"\n                    style=\"max-width:100%;\"\n                \/>\n            <\/a>\n        <\/div>\n\t\t\t\t\t\t\t<\/div> \n\t\t\t\n        \n\t\t\t\t<div id=\"ngg-image-16\" class=\"ngg-gallery-thumbnail-box\" >\n\t\t\t\t        <div class=\"ngg-gallery-thumbnail\">\n            <a href=\"https:\/\/www.cykloklubpodbiel.sk\/wp-content\/gallery\/rozlucka-so-snehom\/27.jpg\"\n               title=\"\"\n               data-src=\"https:\/\/www.cykloklubpodbiel.sk\/wp-content\/gallery\/rozlucka-so-snehom\/27.jpg\"\n               data-thumbnail=\"https:\/\/www.cykloklubpodbiel.sk\/wp-content\/gallery\/rozlucka-so-snehom\/thumbs\/thumbs_27.jpg\"\n               data-image-id=\"3510\"\n               data-title=\"27\"\n               data-description=\"\"\n               data-image-slug=\"27-10\"\n               class=\"ngg-fancybox\" rel=\"69879b17822c60ead4c549e12d7ecf1b\">\n                <img\n                    title=\"27\"\n                    alt=\"27\"\n                    src=\"https:\/\/www.cykloklubpodbiel.sk\/wp-content\/gallery\/rozlucka-so-snehom\/thumbs\/thumbs_27.jpg\"\n                    width=\"120\"\n                    height=\"90\"\n                    style=\"max-width:100%;\"\n                \/>\n            <\/a>\n        <\/div>\n\t\t\t\t\t\t\t<\/div> \n\t\t\t\n        \n\t\t\t\t<div id=\"ngg-image-17\" class=\"ngg-gallery-thumbnail-box\" >\n\t\t\t\t        <div class=\"ngg-gallery-thumbnail\">\n            <a href=\"https:\/\/www.cykloklubpodbiel.sk\/wp-content\/gallery\/rozlucka-so-snehom\/28.jpg\"\n               title=\"\"\n               data-src=\"https:\/\/www.cykloklubpodbiel.sk\/wp-content\/gallery\/rozlucka-so-snehom\/28.jpg\"\n               data-thumbnail=\"https:\/\/www.cykloklubpodbiel.sk\/wp-content\/gallery\/rozlucka-so-snehom\/thumbs\/thumbs_28.jpg\"\n               data-image-id=\"3511\"\n               data-title=\"28\"\n               data-description=\"\"\n               data-image-slug=\"28-10\"\n               class=\"ngg-fancybox\" rel=\"69879b17822c60ead4c549e12d7ecf1b\">\n                <img\n                    title=\"28\"\n                    alt=\"28\"\n                    src=\"https:\/\/www.cykloklubpodbiel.sk\/wp-content\/gallery\/rozlucka-so-snehom\/thumbs\/thumbs_28.jpg\"\n                    width=\"120\"\n                    height=\"90\"\n                    style=\"max-width:100%;\"\n                \/>\n            <\/a>\n        <\/div>\n\t\t\t\t\t\t\t<\/div> \n\t\t\t\n        \n\t\t\n\t\t<!-- Pagination -->\n\t<div class='ngg-clear'><\/div>\t<\/div>\n<b>&nbsp; &nbsp; &nbsp; &nbsp; &nbsp; &nbsp; &nbsp; &nbsp; &nbsp; &nbsp; &nbsp;<\/b><\/p>\n","protected":false},"excerpt":{"rendered":"<p>23. marca 2019&nbsp;sa konala rozl\u00fa\u010dka so snehom v&nbsp;L\u00e1tanej doline.&nbsp;Z\u00fa\u010dastnilo sa n\u00e1s p\u00e4\u0165 \u010dlenov, ktor\u00ed si&nbsp;urobili aj prech\u00e1dzku &nbsp;po okol\u00ed. Po\u010dasie sa &nbsp;vydarilo. Vietor takmer \u017eiadny, teplota do pohody. Snehu&nbsp;bolo dostatok aj na be\u017eky. My sme si zvolili pe\u0161iu turistiku. Vyst\u00fapili sme na Zverovke a&nbsp;odtia\u013e sa&nbsp;pustili turistick\u00fdm krokom do L\u00e1tanej doliny. \u010c\u00edm bli\u017e\u0161ie sme prich\u00e1dzali ku [&hellip;]<\/p>\n","protected":false},"author":53,"featured_media":0,"parent":14546,"menu_order":0,"comment_status":"closed","ping_status":"closed","template":"","meta":{"advgb_blocks_editor_width":"","advgb_blocks_columns_visual_guide":"","ngg_post_thumbnail":0},"coauthors":[],"author_meta":{"author_link":"https:\/\/www.cykloklubpodbiel.sk\/?author=53","display_name":"Lubka"},"relative_dates":{"created":"Posted 7 years ago","modified":"Updated 7 years ago"},"absolute_dates":{"created":"Posted on 4. Apr\u00edl 2019","modified":"Updated on 4. Apr\u00edl 2019"},"absolute_dates_time":{"created":"Posted on 4. Apr\u00edl 2019 18:14","modified":"Updated on 4. Apr\u00edl 2019 18:14"},"featured_img_caption":"","featured_img":false,"series_order":"","_links":{"self":[{"href":"https:\/\/www.cykloklubpodbiel.sk\/index.php?rest_route=\/wp\/v2\/pages\/14982"}],"collection":[{"href":"https:\/\/www.cykloklubpodbiel.sk\/index.php?rest_route=\/wp\/v2\/pages"}],"about":[{"href":"https:\/\/www.cykloklubpodbiel.sk\/index.php?rest_route=\/wp\/v2\/types\/page"}],"author":[{"embeddable":true,"href":"https:\/\/www.cykloklubpodbiel.sk\/index.php?rest_route=\/wp\/v2\/users\/53"}],"replies":[{"embeddable":true,"href":"https:\/\/www.cykloklubpodbiel.sk\/index.php?rest_route=%2Fwp%2Fv2%2Fcomments&post=14982"}],"version-history":[{"count":14,"href":"https:\/\/www.cykloklubpodbiel.sk\/index.php?rest_route=\/wp\/v2\/pages\/14982\/revisions"}],"predecessor-version":[{"id":15016,"href":"https:\/\/www.cykloklubpodbiel.sk\/index.php?rest_route=\/wp\/v2\/pages\/14982\/revisions\/15016"}],"up":[{"embeddable":true,"href":"https:\/\/www.cykloklubpodbiel.sk\/index.php?rest_route=\/wp\/v2\/pages\/14546"}],"wp:attachment":[{"href":"https:\/\/www.cykloklubpodbiel.sk\/index.php?rest_route=%2Fwp%2Fv2%2Fmedia&parent=14982"}],"curies":[{"name":"wp","href":"https:\/\/api.w.org\/{rel}","templated":true}]}}