{"id":14683,"date":"2019-01-27T17:56:44","date_gmt":"2019-01-27T16:56:44","guid":{"rendered":"http:\/\/www.cykloklubpodbiel.sk\/?page_id=14683"},"modified":"2020-01-18T20:48:50","modified_gmt":"2020-01-18T19:48:50","slug":"planovane-akcie-na-rok-2019","status":"publish","type":"page","link":"https:\/\/www.cykloklubpodbiel.sk\/?page_id=14683","title":{"rendered":"Pl\u00e1novan\u00e9 akcie na rok 2019"},"content":{"rendered":"<p>&nbsp;<\/p>\n<table width=\"0\">\n<tbody>\n<tr>\n<td width=\"45\"><strong>Por.\u010d.<\/strong><\/td>\n<td width=\"76\"><strong>D\u00e1tum<\/strong><\/td>\n<td width=\"203\"><strong>Trasa<\/strong><\/td>\n<td width=\"49\"><strong>Akcia<\/strong><\/td>\n<td width=\"71\"><strong>Odchod<\/strong><\/td>\n<td width=\"79\"><strong>Ved\u00faci<\/strong><\/td>\n<td width=\"79\"><strong>Kontakt<\/strong><\/td>\n<\/tr>\n<tr>\n<td width=\"45\">1.<\/td>\n<td width=\"76\">02.2.2019<\/td>\n<td width=\"203\">Podbiel- Magura<\/td>\n<td width=\"49\">LP PT<\/td>\n<td width=\"71\">10:00 h.<\/td>\n<td width=\"79\">Kudzbel P.<\/td>\n<td width=\"79\">&nbsp;<\/td>\n<\/tr>\n<tr>\n<td width=\"45\">2.<\/td>\n<td width=\"76\">17.2.2019<\/td>\n<td width=\"203\">Star\u00e9 ly\u017ee<\/td>\n<td width=\"49\">LP PT<\/td>\n<td width=\"71\">13.00 h<\/td>\n<td width=\"79\">Kudzbel V.<\/td>\n<td width=\"79\">&nbsp;<\/td>\n<\/tr>\n<tr>\n<td width=\"45\">3.<\/td>\n<td width=\"76\">09.3.2019<\/td>\n<td width=\"203\">Erdutky Oravsk\u00e1 Lesn\u00e1<\/td>\n<td width=\"49\">LT PT<\/td>\n<td width=\"71\">08:00 h<\/td>\n<td width=\"79\">Ihring J<\/td>\n<td width=\"79\">&nbsp;<\/td>\n<\/tr>\n<tr>\n<td width=\"45\">4.<\/td>\n<td width=\"76\">23.3.2019<\/td>\n<td width=\"203\">L\u00e1tan\u00e1-rozl\u00fa\u010dka<\/td>\n<td width=\"49\">LT PT<\/td>\n<td width=\"71\">08.00 h<\/td>\n<td width=\"79\">Ma\u0165a\u0165ov\u00e1<\/td>\n<td width=\"79\">&nbsp;<\/td>\n<\/tr>\n<tr>\n<td width=\"45\">5.<\/td>\n<td width=\"76\">07.4.2019<\/td>\n<td width=\"203\">&nbsp;Ostra\u017eica- \u010cerven\u00e1 skala<\/td>\n<td width=\"49\">&nbsp;&nbsp;&nbsp;&nbsp;&nbsp; PT<\/td>\n<td width=\"71\">10:00 h<\/td>\n<td width=\"79\">\u017duffa P.<\/td>\n<td width=\"79\">&nbsp;<\/td>\n<\/tr>\n<tr>\n<td width=\"45\">6.&nbsp;<\/td>\n<td width=\"76\">12.5.2019<\/td>\n<td width=\"203\">Petrovka<\/td>\n<td width=\"49\">&nbsp;&nbsp;&nbsp;&nbsp;&nbsp; PT<\/td>\n<td width=\"71\">10:00 h<\/td>\n<td width=\"79\">Koz\u00e1\u010dik P.<\/td>\n<td width=\"79\">&nbsp;<\/td>\n<\/tr>\n<tr>\n<td width=\"45\">7.<\/td>\n<td width=\"76\">19.5.2019<\/td>\n<td width=\"203\">Tatliakova chata<\/td>\n<td width=\"49\">cyklo<\/td>\n<td width=\"71\">10:00 h<\/td>\n<td width=\"79\">Kanderka<\/td>\n<td width=\"79\">&nbsp;<\/td>\n<\/tr>\n<tr>\n<td width=\"45\">8.<\/td>\n<td width=\"76\">01.6.2019<\/td>\n<td width=\"203\">MDD<\/td>\n<td width=\"49\">&nbsp;<\/td>\n<td width=\"71\">&nbsp;<\/td>\n<td width=\"79\">Bullov\u00e1 M.<\/td>\n<td width=\"79\">&nbsp;<\/td>\n<\/tr>\n<tr>\n<td width=\"45\">9.<\/td>\n<td width=\"76\">30.5-2.6.<\/td>\n<td width=\"203\">Morava-spolo\u010dn\u00e1 akcia<\/td>\n<td width=\"49\">cyklo&nbsp;<\/td>\n<td width=\"71\">&nbsp;<\/td>\n<td width=\"79\">Ihring J.<\/td>\n<td width=\"79\">&nbsp;<\/td>\n<\/tr>\n<tr>\n<td width=\"45\">10.<\/td>\n<td width=\"76\">28.7.2019<\/td>\n<td width=\"203\">Posedenie u Milo\u0161a<\/td>\n<td width=\"49\">cyklo&nbsp;<\/td>\n<td width=\"71\">&nbsp;<\/td>\n<td width=\"79\">Ka\u0161\u0161\u00e1k M.<\/td>\n<td width=\"79\">&nbsp;<\/td>\n<\/tr>\n<tr>\n<td width=\"45\">11.<\/td>\n<td width=\"76\">upresn\u00ed sa<\/td>\n<td width=\"203\">Brig\u00e1da-spol.gul\u00e1\u0161<\/td>\n<td width=\"49\">&nbsp;<\/td>\n<td width=\"71\">&nbsp;<\/td>\n<td width=\"79\"><strong>v\u00fdbor<\/strong><\/td>\n<td width=\"79\">&nbsp;<\/td>\n<\/tr>\n<tr>\n<td width=\"45\">12.<\/td>\n<td width=\"76\">30.8.31.8.<\/td>\n<td width=\"203\">Terchov\u00e1<\/td>\n<td width=\"49\">CK-PT<\/td>\n<td width=\"71\">&nbsp;<\/td>\n<td width=\"79\">Franko D.<\/td>\n<td width=\"79\">&nbsp;<\/td>\n<\/tr>\n<tr>\n<td width=\"45\">13.<\/td>\n<td width=\"76\">upresn\u00ed &nbsp; &nbsp;<\/td>\n<td width=\"203\">Tatry<\/td>\n<td width=\"49\">&nbsp;&nbsp;&nbsp;&nbsp;&nbsp; PT<\/td>\n<td width=\"71\">&nbsp;<\/td>\n<td width=\"79\">Franko \u013d<\/td>\n<td width=\"79\">&nbsp;<\/td>\n<\/tr>\n<tr>\n<td width=\"45\">14.<\/td>\n<td width=\"76\">&nbsp; &nbsp;<\/td>\n<td width=\"203\">Roh\u00e1\u010de<\/td>\n<td width=\"49\">&nbsp;&nbsp;&nbsp;&nbsp;&nbsp; PT<\/td>\n<td width=\"71\">&nbsp;<\/td>\n<td width=\"79\">Franko \u013d<\/td>\n<td width=\"79\">&nbsp;<\/td>\n<\/tr>\n<tr>\n<td width=\"45\">15.<\/td>\n<td width=\"76\">31.12.2019<\/td>\n<td width=\"203\">\u010cerven\u00e1 skala-opeka\u010dka<\/td>\n<td width=\"49\">&nbsp;<\/td>\n<td width=\"71\">&nbsp;<\/td>\n<td width=\"79\"><strong>v\u00fdbor<\/strong><\/td>\n<td width=\"79\">&nbsp;<\/td>\n<\/tr>\n<tr>\n<td width=\"45\">16.<\/td>\n<td width=\"76\">upresn\u00ed&nbsp; &nbsp; &nbsp;<\/td>\n<td width=\"203\">V\u00fdro\u010dn\u00e1 sch\u00f4dza<\/td>\n<td width=\"49\">&nbsp;<\/td>\n<td width=\"71\">&nbsp;<\/td>\n<td width=\"79\"><strong>v\u00fdbor<\/strong><\/td>\n<td width=\"79\">&nbsp;<\/td>\n<\/tr>\n<tr>\n<td width=\"45\">&nbsp;<\/td>\n<td width=\"76\">&nbsp;<\/td>\n<td width=\"203\">&nbsp;<\/td>\n<td width=\"49\">&nbsp;<\/td>\n<td width=\"71\">&nbsp;<\/td>\n<td width=\"79\">&nbsp;<\/td>\n<td width=\"79\">&nbsp;<\/td>\n<\/tr>\n<\/tbody>\n<\/table>\n<p>&nbsp;<\/p>\n","protected":false},"excerpt":{"rendered":"<p>&nbsp; Por.\u010d. D\u00e1tum Trasa Akcia Odchod Ved\u00faci Kontakt 1. 02.2.2019 Podbiel- Magura LP PT 10:00 h. Kudzbel P. &nbsp; 2. 17.2.2019 Star\u00e9 ly\u017ee LP PT 13.00 h Kudzbel V. &nbsp; 3. 09.3.2019 Erdutky Oravsk\u00e1 Lesn\u00e1 LT PT 08:00 h Ihring J &nbsp; 4. 23.3.2019 L\u00e1tan\u00e1-rozl\u00fa\u010dka LT PT 08.00 h Ma\u0165a\u0165ov\u00e1 &nbsp; 5. 07.4.2019 &nbsp;Ostra\u017eica- \u010cerven\u00e1 [&hellip;]<\/p>\n","protected":false},"author":53,"featured_media":0,"parent":107,"menu_order":1,"comment_status":"closed","ping_status":"closed","template":"","meta":{"advgb_blocks_editor_width":"","advgb_blocks_columns_visual_guide":"","ngg_post_thumbnail":0},"coauthors":[],"author_meta":{"author_link":"https:\/\/www.cykloklubpodbiel.sk\/?author=53","display_name":"Lubka"},"relative_dates":{"created":"Posted 7 years ago","modified":"Updated 6 years ago"},"absolute_dates":{"created":"Posted on 27. Janu\u00e1r 2019","modified":"Updated on 18. Janu\u00e1r 2020"},"absolute_dates_time":{"created":"Posted on 27. Janu\u00e1r 2019 17:56","modified":"Updated on 18. Janu\u00e1r 2020 20:48"},"featured_img_caption":"","featured_img":false,"series_order":"","_links":{"self":[{"href":"https:\/\/www.cykloklubpodbiel.sk\/index.php?rest_route=\/wp\/v2\/pages\/14683"}],"collection":[{"href":"https:\/\/www.cykloklubpodbiel.sk\/index.php?rest_route=\/wp\/v2\/pages"}],"about":[{"href":"https:\/\/www.cykloklubpodbiel.sk\/index.php?rest_route=\/wp\/v2\/types\/page"}],"author":[{"embeddable":true,"href":"https:\/\/www.cykloklubpodbiel.sk\/index.php?rest_route=\/wp\/v2\/users\/53"}],"replies":[{"embeddable":true,"href":"https:\/\/www.cykloklubpodbiel.sk\/index.php?rest_route=%2Fwp%2Fv2%2Fcomments&post=14683"}],"version-history":[{"count":9,"href":"https:\/\/www.cykloklubpodbiel.sk\/index.php?rest_route=\/wp\/v2\/pages\/14683\/revisions"}],"predecessor-version":[{"id":15018,"href":"https:\/\/www.cykloklubpodbiel.sk\/index.php?rest_route=\/wp\/v2\/pages\/14683\/revisions\/15018"}],"up":[{"embeddable":true,"href":"https:\/\/www.cykloklubpodbiel.sk\/index.php?rest_route=\/wp\/v2\/pages\/107"}],"wp:attachment":[{"href":"https:\/\/www.cykloklubpodbiel.sk\/index.php?rest_route=%2Fwp%2Fv2%2Fmedia&parent=14683"}],"curies":[{"name":"wp","href":"https:\/\/api.w.org\/{rel}","templated":true}]}}