{"id":1451,"date":"2011-01-24T17:22:20","date_gmt":"2011-01-24T16:22:20","guid":{"rendered":"http:\/\/www.cykloklubpodbiel.sk\/?page_id=1451"},"modified":"2011-02-07T15:52:12","modified_gmt":"2011-02-07T14:52:12","slug":"prechod-dubovskym-chotarom","status":"publish","type":"page","link":"https:\/\/www.cykloklubpodbiel.sk\/?page_id=1451","title":{"rendered":"prechod Dubovsk\u00fdm chot\u00e1rom"},"content":{"rendered":"<p style=\"text-align: justify;\">\n<div id=\"attachment_278\" style=\"width: 910px\" class=\"wp-caption aligncenter\"><a href=\"http:\/\/www.cykloklubpodbiel.sk\/wp-content\/uploads\/2011\/01\/panosdubova9.jpg\"><img aria-describedby=\"caption-attachment-278\" loading=\"lazy\" class=\"size-medium wp-image-278\" title=\"Panor\u00e1ma po\u010das prechodu Dubovsk\u00fdm chot\u00e1rom\" src=\"http:\/\/www.cykloklubpodbiel.sk\/wp-content\/uploads\/2011\/01\/t_panosdubova91.png\" alt=\"Dubovsk\u00fdm chot\u00e1rom\" width=\"900\" height=\"278\" \/><\/a><p id=\"caption-attachment-278\" class=\"wp-caption-text\">Panor\u00e1ma po\u010das prechodu Dubovsk\u00fdm chot\u00e1rom<\/p><\/div>\n<p style=\"text-align: justify;\"><strong><strong><strong>P<\/strong><\/strong><\/strong>o minulom da\u017edivom t\u00fd\u017edni sa po\u010dasie um\u00fadrilo a my sme sa kone\u010dne mohli z\u00fa\u010dastni\u0165 <strong><span style=\"color: #ff0000;\">22.janu\u00e1ra 2011<\/span><\/strong> \u010fal\u0161ej napl\u00e1novanej turistickej akcii v <em>Sedliackej Dubovej<\/em>. Po pr\u00edchode do S.Dubovej n\u00e1s u\u017e pred kult\u00farnym domom priv\u00edtala v\u00f4\u0148a varen\u00e9ho gul\u00e1\u0161a, ktor\u00fd za\u010d\u00ednali vari\u0165, u\u017e ako tradi\u010dne, pred vchodom do &#8220;kultur\u00e1ku&#8221; v po\u013enej vojenskej kuchyni.<\/p>\n<div id=\"attachment_199\" style=\"width: 309px\" class=\"wp-caption alignleft\"><a href=\"http:\/\/www.cykloklubpodbiel.sk\/wp-content\/uploads\/2011\/01\/sdubova1.jpg\"><img aria-describedby=\"caption-attachment-199\" loading=\"lazy\" class=\"size-medium wp-image-199\" title=\"St\u00fapanie k prvej vatre prechodu\" src=\"http:\/\/www.cykloklubpodbiel.sk\/wp-content\/uploads\/2011\/01\/t_sdubova1.jpg\" alt=\"Dubovsk\u00fdm chot\u00e1rom\" width=\"299\" height=\"199\" \/><\/a><p id=\"caption-attachment-199\" class=\"wp-caption-text\">St\u00fapanie k prvej vatre prechodu<\/p><\/div>\n<p style=\"text-align: justify;\">Po registr\u00e1cii sme vyrazili na prv\u00fa \u010das\u0165 trasy pre pe\u0161\u00edch, ku postaven\u00e9mu pr\u00edstre\u0161ku. Snehu bolo m\u00e1lo, len p\u00e1r centimetrov, \u010do sa prejavilo aj na \u00fa\u010dasti, lebo pre be\u017ek\u00e1rov neboli vhodn\u00e9 podmienky. Preto sme aj my, podobne ako minul\u00fd rok, nechali be\u017eky doma. Po pr\u00edchode k pr\u00edstre\u0161ku sme si dali prv\u00fa prest\u00e1vku. Priv\u00edtali sme sa tam s &#8220;dom\u00e1cimi&#8221;, ktor\u00ed udr\u017eiavali ve\u013ek\u00fa vatru. Po na\u0161om pr\u00edchode vybalili aj harmoniku, na ktorej zahrali do n\u00f4ty u\u017e spievaj\u00facim turistom.<\/p>\n<div id=\"attachment_199\" style=\"width: 309px\" class=\"wp-caption alignright\"><a href=\"http:\/\/www.cykloklubpodbiel.sk\/wp-content\/uploads\/2011\/01\/sdubova2.jpg\"><img aria-describedby=\"caption-attachment-199\" loading=\"lazy\" class=\"size-medium wp-image-199\" title=\"Po\u010das prechodu sme si aj takto zajazdili\" src=\"http:\/\/www.cykloklubpodbiel.sk\/wp-content\/uploads\/2011\/01\/t_sdubova2.jpg\" alt=\"Dubovsk\u00fdm chot\u00e1rom\" width=\"299\" height=\"199\" \/><\/a><p id=\"caption-attachment-199\" class=\"wp-caption-text\">Po\u010das prechodu sme si aj takto zajazdili<\/p><\/div>\n<p style=\"text-align: justify;\">Po kr\u00e1tkej prest\u00e1vke sme sa vybrali na ve\u013ek\u00fa trasu ku <em>Trom sosn\u00e1m<\/em>. Cesta tu bola pre pe\u0161\u00edch turistov tento rok dobr\u00e1, lebo aj na kopcoch bol len snehov\u00fd popra\u0161ok a nemuseli sme sa bori\u0165 v snehu. Pri <em>Troch sosn\u00e1ch<\/em> sme si u\u017e dali dlh\u0161iu vyt\u00fa\u017een\u00fa prest\u00e1vku. Povy\u0165ahovali sme z batohov z\u00e1soby potrav\u00edn a pustili sa do obedov\u00e9ho menu. Viacer\u00ed si &#8220;sva\u010dinu&#8221; doladili na pr\u00edrodno, ope\u010den\u00edm klob\u00e1sy a slaniny na vatre. Posilnen\u00ed a odd\u00fdchnut\u00ed sme sa vybrali nasp\u00e4\u0165 do dediny. Celou cestou sp\u00e4\u0165 n\u00e1s na kopcoch a l\u00fakach dobre vy\u0161t\u00edpal nepr\u00edjemn\u00fd ostr\u00fd studen\u00fd vietor, a\u017e sme mali z neho pekne \u010derven\u00e9 tv\u00e1re. Cestou n\u00e1s e\u0161te prebehla mlad\u00e1 srnka, ktor\u00e1 asi pre\u017eila pr\u00e1ve skon\u010den\u00fa loveck\u00fa sez\u00f3nu. Po pr\u00edchode do &#8220;kultur\u00e1ku&#8221; sme stretli aj maskota turistick\u00fdch prechodov &#8211; Jan\u010du\u0161ku, ktor\u00fd sa u\u017e tie\u017e vr\u00e1til z prechodu. Tento rok bol zamaskovan\u00fd za politika Vladim\u00edra Me\u010diara. Tu sme dostali chutn\u00fd kotl\u00edkov\u00fd gul\u00e1\u0161. Po jeho zjeden\u00ed a kr\u00e1tkom oddychu pri dobrej hudbe sme sa vr\u00e1tili na aut\u00e1ch sp\u00e4\u0165 do Podbiela. Trasa bola dlh\u00e1 16 km a prechodu sa z\u00fa\u010dastnilo 7 \u010dlenov.<\/p>\n<p style=\"text-align: justify;\">\n<div id=\"attachment_60\" style=\"width: 285px\" class=\"wp-caption alignleft\"><a href=\"http:\/\/www.cykloklubpodbiel.sk\/wp-content\/uploads\/2011\/01\/panosdubova.jpg\"><img aria-describedby=\"caption-attachment-60\" loading=\"lazy\" class=\"size-medium wp-image-60\" title=\"Panor\u00e1ma pr\u00edchodu k vatre\" src=\"http:\/\/www.cykloklubpodbiel.sk\/wp-content\/uploads\/2011\/01\/t_panosdubova.jpg\" alt=\"Dubovsk\u00fdm chot\u00e1rom\" width=\"275\" height=\"60\" \/><\/a><p id=\"caption-attachment-60\" class=\"wp-caption-text\">Panor\u00e1ma pr\u00edchodu k vatre<\/p><\/div>\n<div id=\"attachment_60\" style=\"width: 285px\" class=\"wp-caption alignleft\"><a href=\"http:\/\/www.cykloklubpodbiel.sk\/wp-content\/uploads\/2011\/01\/panosdubova3.jpg\"><img aria-describedby=\"caption-attachment-60\" loading=\"lazy\" class=\"size-medium wp-image-60\" title=\"\u00dadolie medzi Chlebnicami a Malatinou\" src=\"http:\/\/www.cykloklubpodbiel.sk\/wp-content\/uploads\/2011\/01\/t_panosdubova3.jpg\" alt=\"Dubovsk\u00fdm chot\u00e1rom\" width=\"275\" height=\"60\" \/><\/a><p id=\"caption-attachment-60\" class=\"wp-caption-text\">\u00dadolie medzi Chlebnicami a Malatinou<\/p><\/div>\n<div id=\"attachment_60\" style=\"width: 285px\" class=\"wp-caption alignleft\"><a href=\"http:\/\/www.cykloklubpodbiel.sk\/wp-content\/uploads\/2011\/01\/panosdubova4.jpg\"><img aria-describedby=\"caption-attachment-60\" loading=\"lazy\" class=\"size-medium wp-image-60\" title=\"\u00da\u010dastn\u00edci sa bl\u00ed\u017eia k Trom sosn\u00e1m\" src=\"http:\/\/www.cykloklubpodbiel.sk\/wp-content\/uploads\/2011\/01\/t_panosdubova4.jpg\" alt=\"Dubovsk\u00fdm chot\u00e1rom\" width=\"275\" height=\"60\" \/><\/a><p id=\"caption-attachment-60\" class=\"wp-caption-text\">\u00da\u010dastn\u00edci sa bl\u00ed\u017eia k Trom sosn\u00e1m<\/p><\/div>\n<div id=\"attachment_60\" style=\"width: 285px\" class=\"wp-caption alignleft\"><a href=\"http:\/\/www.cykloklubpodbiel.sk\/wp-content\/uploads\/2011\/01\/panosdubova5.jpg\"><img aria-describedby=\"caption-attachment-60\" loading=\"lazy\" class=\"size-medium wp-image-60\" title=\"Zraz \u00fa\u010dastn\u00edkov na Troch sosn\u00e1ch\" src=\"http:\/\/www.cykloklubpodbiel.sk\/wp-content\/uploads\/2011\/01\/t_panosdubova5.jpg\" alt=\"Dubovsk\u00fdm chot\u00e1rom\" width=\"275\" height=\"60\" \/><\/a><p id=\"caption-attachment-60\" class=\"wp-caption-text\">Zraz \u00fa\u010dastn\u00edkov na Troch sosn\u00e1ch<\/p><\/div>\n<div id=\"attachment_60\" style=\"width: 285px\" class=\"wp-caption alignleft\"><a href=\"http:\/\/www.cykloklubpodbiel.sk\/wp-content\/uploads\/2011\/01\/panosdubova6.jpg\"><img aria-describedby=\"caption-attachment-60\" loading=\"lazy\" class=\"size-medium wp-image-60\" title=\"Opeka\u010dka na Troch sosn\u00e1ch\" src=\"http:\/\/www.cykloklubpodbiel.sk\/wp-content\/uploads\/2011\/01\/t_panosdubova6.jpg\" alt=\"Dubovsk\u00fdm chot\u00e1rom\" width=\"275\" height=\"60\" \/><\/a><p id=\"caption-attachment-60\" class=\"wp-caption-text\">Opeka\u010dka na Troch sosn\u00e1ch<\/p><\/div>\n<div id=\"attachment_60\" style=\"width: 285px\" class=\"wp-caption alignleft\"><a href=\"http:\/\/www.cykloklubpodbiel.sk\/wp-content\/uploads\/2011\/01\/panosdubova7.jpg\"><img aria-describedby=\"caption-attachment-60\" loading=\"lazy\" class=\"size-medium wp-image-60\" title=\"Poh\u013ead na okolie od vatry\" src=\"http:\/\/www.cykloklubpodbiel.sk\/wp-content\/uploads\/2011\/01\/t_panosdubova7.jpg\" alt=\"Dubovsk\u00fdm chot\u00e1rom\" width=\"275\" height=\"60\" \/><\/a><p id=\"caption-attachment-60\" class=\"wp-caption-text\">Poh\u013ead na okolie od vatry<\/p><\/div>\n<div id=\"attachment_60\" style=\"width: 285px\" class=\"wp-caption alignleft\"><a href=\"http:\/\/www.cykloklubpodbiel.sk\/wp-content\/uploads\/2011\/01\/panosdubova10.jpg\"><img aria-describedby=\"caption-attachment-60\" loading=\"lazy\" class=\"size-medium wp-image-60\" title=\"Poh\u013ead na Or. Maguru po\u010das prechodu\" src=\"http:\/\/www.cykloklubpodbiel.sk\/wp-content\/uploads\/2011\/01\/t_panosdubova10.jpg\" alt=\"Dubovsk\u00fdm chot\u00e1rom\" width=\"275\" height=\"60\" \/><\/a><p id=\"caption-attachment-60\" class=\"wp-caption-text\">Poh\u013ead na Or. Maguru po\u010das prechodu<\/p><\/div>\n<div id=\"attachment_60\" style=\"width: 285px\" class=\"wp-caption alignleft\"><a href=\"http:\/\/www.cykloklubpodbiel.sk\/wp-content\/gallery\/panorama\/11\/360panosdubova.html\"><strong><img aria-describedby=\"caption-attachment-60\" loading=\"lazy\" class=\"size-medium wp-image-60\" title=\"360\u00b0 panor\u00e1ma na najvy\u0161\u0161om bode Jastrabie\" src=\"http:\/\/www.cykloklubpodbiel.sk\/wp-content\/uploads\/2011\/01\/t_360panosdubova.png\" alt=\"Dubovsk\u00fdm chot\u00e1rom\" width=\"275\" height=\"60\" \/><\/strong><\/a><p id=\"caption-attachment-60\" class=\"wp-caption-text\">360\u00b0 panor\u00e1ma na najvy\u0161\u0161om bode Jastrabie<\/p><\/div>\n<p><div id=\"attachment_60\" style=\"width: 285px\" class=\"wp-caption alignleft\"><a href=\"http:\/\/www.cykloklubpodbiel.sk\/wp-content\/gallery\/panorama\/11\/360panosdubova1.html\"><strong><img aria-describedby=\"caption-attachment-60\" loading=\"lazy\" class=\"size-medium wp-image-60\" title=\"360\u00b0 panor\u00e1ma po\u010das prechodu\" src=\"http:\/\/www.cykloklubpodbiel.sk\/wp-content\/uploads\/2011\/01\/t_360panosdubova1.png\" alt=\"Dubovsk\u00fdm chot\u00e1rom\" width=\"275\" height=\"60\" \/><\/strong><\/a><p id=\"caption-attachment-60\" class=\"wp-caption-text\">360\u00b0 panor\u00e1ma po\u010das prechodu<\/p><\/div><br \/><\/br><br \/><\/br><br \/><\/br><br \/><\/br><br \/><\/br><br \/><\/br><br \/><\/br><br \/><\/br><br \/><\/br><br \/><\/br><br \/><\/br><\/p>\n<div id=\"attachment_143\" style=\"width: 225px\" class=\"wp-caption aligncenter\"><a href=\"http:\/\/www.cykloklubpodbiel.sk\/wp-content\/gallery\/11\/sdubova\/sdubova.html\"><strong><img aria-describedby=\"caption-attachment-143\" loading=\"lazy\" class=\"size-medium wp-image-143\" title=\"Pozri fotogal\u00e9riu\" src=\"http:\/\/www.cykloklubpodbiel.sk\/wp-content\/uploads\/2011\/01\/t_galeriasdubova.png\" alt=\"Koniarka\" width=\"215\" height=\"143\" \/><\/strong><\/a><p id=\"caption-attachment-143\" class=\"wp-caption-text\">Pozri fotogal\u00e9riu<\/p><\/div>\n","protected":false},"excerpt":{"rendered":"<p>Po minulom da\u017edivom t\u00fd\u017edni sa po\u010dasie um\u00fadrilo a my sme sa kone\u010dne mohli z\u00fa\u010dastni\u0165 22.janu\u00e1ra 2011 \u010fal\u0161ej napl\u00e1novanej turistickej akcii v Sedliackej Dubovej. Po pr\u00edchode do S.Dubovej n\u00e1s u\u017e pred kult\u00farnym domom priv\u00edtala v\u00f4\u0148a varen\u00e9ho gul\u00e1\u0161a, ktor\u00fd za\u010d\u00ednali vari\u0165, u\u017e ako tradi\u010dne, pred vchodom do &#8220;kultur\u00e1ku&#8221; v po\u013enej vojenskej kuchyni. Po registr\u00e1cii sme vyrazili na [&hellip;]<\/p>\n","protected":false},"author":1,"featured_media":0,"parent":1381,"menu_order":39,"comment_status":"open","ping_status":"open","template":"onecolumn-page.php","meta":{"advgb_blocks_editor_width":"","advgb_blocks_columns_visual_guide":"","ngg_post_thumbnail":0},"coauthors":[],"author_meta":{"author_link":"https:\/\/www.cykloklubpodbiel.sk\/?author=1","display_name":"\u013dubom\u00edr Franko"},"relative_dates":{"created":"Posted 15 years ago","modified":"Updated 15 years ago"},"absolute_dates":{"created":"Posted on 24. Janu\u00e1r 2011","modified":"Updated on 7. Febru\u00e1r 2011"},"absolute_dates_time":{"created":"Posted on 24. Janu\u00e1r 2011 17:22","modified":"Updated on 7. Febru\u00e1r 2011 15:52"},"featured_img_caption":"","featured_img":false,"series_order":"","_links":{"self":[{"href":"https:\/\/www.cykloklubpodbiel.sk\/index.php?rest_route=\/wp\/v2\/pages\/1451"}],"collection":[{"href":"https:\/\/www.cykloklubpodbiel.sk\/index.php?rest_route=\/wp\/v2\/pages"}],"about":[{"href":"https:\/\/www.cykloklubpodbiel.sk\/index.php?rest_route=\/wp\/v2\/types\/page"}],"author":[{"embeddable":true,"href":"https:\/\/www.cykloklubpodbiel.sk\/index.php?rest_route=\/wp\/v2\/users\/1"}],"replies":[{"embeddable":true,"href":"https:\/\/www.cykloklubpodbiel.sk\/index.php?rest_route=%2Fwp%2Fv2%2Fcomments&post=1451"}],"version-history":[{"count":61,"href":"https:\/\/www.cykloklubpodbiel.sk\/index.php?rest_route=\/wp\/v2\/pages\/1451\/revisions"}],"predecessor-version":[{"id":1780,"href":"https:\/\/www.cykloklubpodbiel.sk\/index.php?rest_route=\/wp\/v2\/pages\/1451\/revisions\/1780"}],"up":[{"embeddable":true,"href":"https:\/\/www.cykloklubpodbiel.sk\/index.php?rest_route=\/wp\/v2\/pages\/1381"}],"wp:attachment":[{"href":"https:\/\/www.cykloklubpodbiel.sk\/index.php?rest_route=%2Fwp%2Fv2%2Fmedia&parent=1451"}],"curies":[{"name":"wp","href":"https:\/\/api.w.org\/{rel}","templated":true}]}}