{"id":1415,"date":"2011-02-14T12:12:47","date_gmt":"2011-02-14T11:12:47","guid":{"rendered":"http:\/\/www.cykloklubpodbiel.sk\/?page_id=1415"},"modified":"2015-01-02T14:31:39","modified_gmt":"2015-01-02T13:31:39","slug":"foto-video","status":"publish","type":"page","link":"https:\/\/www.cykloklubpodbiel.sk\/?page_id=1415","title":{"rendered":"Arch\u00edv"},"content":{"rendered":"<p>Na tejto str\u00e1nke sa nach\u00e1dzaj\u00fa obaly (foto &amp; video) akci\u00ed Cykloturistick\u00e9ho klubu Podbiel. S\u00fa to vide\u00e1 a fotky z jednotliv\u00fdch akci\u00ed, ktor\u00e9 sa nach\u00e1dzaj\u00fa v arch\u00edve CTK Podbiel.<\/p>\n<p><a><img loading=\"lazy\" title=\"Foto\" src=\"http:\/\/www.cykloklubpodbiel.sk\/wp-content\/gallery\/fotoaparat.png\" border=\"4\" alt=\"\" vspace=\"2\" width=\"40\" height=\"40\" align=\"left\" \/><\/a><\/p>\n<div id=\"attachment_74\" style=\"width: 120px\" class=\"wp-caption alignleft\"><a href=\"http:\/\/www.cykloklubpodbiel.sk\/wp-content\/uploads\/foto\/foto_I_II.jpg\"><img aria-describedby=\"caption-attachment-74\" loading=\"lazy\" class=\"size-medium wp-image-74\" title=\"Arch\u00edv foto I\" src=\"http:\/\/www.cykloklubpodbiel.sk\/wp-content\/uploads\/foto\/t_foto_I_II.jpg\" alt=\"Arch\u00edv foto\" width=\"110\" height=\"74\" \/><\/a><p id=\"caption-attachment-74\" class=\"wp-caption-text\">Arch\u00edv foto I<\/p><\/div>\n<div id=\"attachment_74\" style=\"width: 120px\" class=\"wp-caption alignleft\"><a href=\"http:\/\/www.cykloklubpodbiel.sk\/wp-content\/uploads\/foto\/foto_III_IV.jpg\"><img aria-describedby=\"caption-attachment-74\" loading=\"lazy\" class=\"size-medium wp-image-74\" title=\"Arch\u00edv foto II\" src=\"http:\/\/www.cykloklubpodbiel.sk\/wp-content\/uploads\/foto\/t_foto_III_IV.jpg\" alt=\"Arch\u00edv foto\" width=\"110\" height=\"74\" \/><\/a><p id=\"caption-attachment-74\" class=\"wp-caption-text\">Arch\u00edv foto II<\/p><\/div>\n<div id=\"attachment_74\" style=\"width: 120px\" class=\"wp-caption alignleft\"><a href=\"http:\/\/www.cykloklubpodbiel.sk\/wp-content\/uploads\/foto\/foto_V_VI.jpg\"><img aria-describedby=\"caption-attachment-74\" loading=\"lazy\" class=\"size-medium wp-image-74\" title=\"Arch\u00edv foto III\" src=\"http:\/\/www.cykloklubpodbiel.sk\/wp-content\/uploads\/foto\/t_foto_V_VI.jpg\" alt=\"Arch\u00edv foto\" width=\"110\" height=\"74\" \/><\/a><p id=\"caption-attachment-74\" class=\"wp-caption-text\">Arch\u00edv foto III<\/p><\/div>\n<p><a><img loading=\"lazy\" title=\"Video\" src=\"http:\/\/www.cykloklubpodbiel.sk\/wp-content\/gallery\/kamera.png\" border=\"4\" alt=\"\" vspace=\"2\" width=\"40\" height=\"40\" align=\"left\" \/><\/a><\/p>\n<div id=\"attachment_74\" style=\"width: 120px\" class=\"wp-caption alignleft\"><a href=\"http:\/\/www.cykloklubpodbiel.sk\/wp-content\/uploads\/video\/video_I.jpg\"><img aria-describedby=\"caption-attachment-74\" loading=\"lazy\" class=\"size-medium wp-image-74\" title=\"Arch\u00edv video I\" src=\"http:\/\/www.cykloklubpodbiel.sk\/wp-content\/uploads\/video\/t_video_I.jpg\" alt=\"Arch\u00edv video\" width=\"110\" height=\"74\" \/><\/a><p id=\"caption-attachment-74\" class=\"wp-caption-text\">Arch\u00edv video I<\/p><\/div>\n<div id=\"attachment_74\" style=\"width: 120px\" class=\"wp-caption alignleft\"><a href=\"http:\/\/www.cykloklubpodbiel.sk\/wp-content\/uploads\/video\/video_II.jpg\"><img aria-describedby=\"caption-attachment-74\" loading=\"lazy\" class=\"size-medium wp-image-74\" title=\"Arch\u00edv video II\" src=\"http:\/\/www.cykloklubpodbiel.sk\/wp-content\/uploads\/video\/t_video_II.jpg\" alt=\"Arch\u00edv video\" width=\"110\" height=\"74\" \/><\/a><p id=\"caption-attachment-74\" class=\"wp-caption-text\">Arch\u00edv video II<\/p><\/div>\n<div id=\"attachment_74\" style=\"width: 120px\" class=\"wp-caption alignleft\"><a href=\"http:\/\/www.cykloklubpodbiel.sk\/wp-content\/uploads\/video\/video_III.jpg\"><img aria-describedby=\"caption-attachment-74\" loading=\"lazy\" class=\"size-medium wp-image-74\" title=\"Arch\u00edv video III\" src=\"http:\/\/www.cykloklubpodbiel.sk\/wp-content\/uploads\/video\/t_video_III.jpg\" alt=\"Arch\u00edv video\" width=\"110\" height=\"74\" \/><\/a><p id=\"caption-attachment-74\" class=\"wp-caption-text\">Arch\u00edv video III<\/p><\/div>\n<div id=\"attachment_74\" style=\"width: 120px\" class=\"wp-caption alignleft\"><a href=\"http:\/\/www.cykloklubpodbiel.sk\/wp-content\/uploads\/video\/video_IV.jpg\"><img aria-describedby=\"caption-attachment-74\" loading=\"lazy\" class=\"size-medium wp-image-74\" title=\"Arch\u00edv video IV\" src=\"http:\/\/www.cykloklubpodbiel.sk\/wp-content\/uploads\/video\/t_video_IV.jpg\" alt=\"Arch\u00edv video\" width=\"110\" height=\"74\" \/><\/a><p id=\"caption-attachment-74\" class=\"wp-caption-text\">Arch\u00edv video IV<\/p><\/div>\n<div id=\"attachment_74\" style=\"width: 120px\" class=\"wp-caption alignleft\"><a href=\"http:\/\/www.cykloklubpodbiel.sk\/wp-content\/uploads\/video\/video_V.jpg\"><img aria-describedby=\"caption-attachment-74\" loading=\"lazy\" class=\"size-medium wp-image-74\" title=\"Arch\u00edv video V\" src=\"http:\/\/www.cykloklubpodbiel.sk\/wp-content\/uploads\/video\/t_video_V.jpg\" alt=\"video cykloklub podbiel\" width=\"110\" height=\"74\" \/><\/a><p id=\"caption-attachment-74\" class=\"wp-caption-text\">Arch\u00edv video V<\/p><\/div>\n<div id=\"attachment_74\" style=\"width: 120px\" class=\"wp-caption alignleft\"><a href=\"http:\/\/www.cykloklubpodbiel.sk\/wp-content\/uploads\/video\/video_VI.jpg\"><img aria-describedby=\"caption-attachment-74\" loading=\"lazy\" class=\"size-medium wp-image-74\" title=\"Arch\u00edv video VI\" src=\"http:\/\/www.cykloklubpodbiel.sk\/wp-content\/uploads\/video\/t_video_VI.jpg\" alt=\"video cykloklub podbiel\" width=\"110\" height=\"74\" \/><\/a><p id=\"caption-attachment-74\" class=\"wp-caption-text\">Arch\u00edv video VI<\/p><\/div>\n<div id=\"attachment_74\" style=\"width: 120px\" class=\"wp-caption alignleft\"><a href=\"http:\/\/www.cykloklubpodbiel.sk\/wp-content\/uploads\/video\/video_VII.jpg\"><img aria-describedby=\"caption-attachment-74\" loading=\"lazy\" class=\"size-medium wp-image-74\" title=\"Arch\u00edv video VI\" src=\"http:\/\/www.cykloklubpodbiel.sk\/wp-content\/uploads\/video\/t_video_VII.jpg\" alt=\"video cykloklub podbiel\" width=\"110\" height=\"74\" \/><\/a><p id=\"caption-attachment-74\" class=\"wp-caption-text\">Arch\u00edv video VII<\/p><\/div>\n","protected":false},"excerpt":{"rendered":"<p>Na tejto str\u00e1nke sa nach\u00e1dzaj\u00fa obaly (foto &amp; video) akci\u00ed Cykloturistick\u00e9ho klubu Podbiel. S\u00fa to vide\u00e1 a fotky z jednotliv\u00fdch akci\u00ed, ktor\u00e9 sa nach\u00e1dzaj\u00fa v arch\u00edve CTK Podbiel.<\/p>\n","protected":false},"author":1,"featured_media":0,"parent":0,"menu_order":6,"comment_status":"open","ping_status":"closed","template":"","meta":{"advgb_blocks_editor_width":"","advgb_blocks_columns_visual_guide":"","ngg_post_thumbnail":0},"coauthors":[],"author_meta":{"author_link":"https:\/\/www.cykloklubpodbiel.sk\/?author=1","display_name":"\u013dubom\u00edr Franko"},"relative_dates":{"created":"Posted 15 years ago","modified":"Updated 11 years ago"},"absolute_dates":{"created":"Posted on 14. Febru\u00e1r 2011","modified":"Updated on 2. Janu\u00e1r 2015"},"absolute_dates_time":{"created":"Posted on 14. Febru\u00e1r 2011 12:12","modified":"Updated on 2. Janu\u00e1r 2015 14:31"},"featured_img_caption":"","featured_img":false,"series_order":"","_links":{"self":[{"href":"https:\/\/www.cykloklubpodbiel.sk\/index.php?rest_route=\/wp\/v2\/pages\/1415"}],"collection":[{"href":"https:\/\/www.cykloklubpodbiel.sk\/index.php?rest_route=\/wp\/v2\/pages"}],"about":[{"href":"https:\/\/www.cykloklubpodbiel.sk\/index.php?rest_route=\/wp\/v2\/types\/page"}],"author":[{"embeddable":true,"href":"https:\/\/www.cykloklubpodbiel.sk\/index.php?rest_route=\/wp\/v2\/users\/1"}],"replies":[{"embeddable":true,"href":"https:\/\/www.cykloklubpodbiel.sk\/index.php?rest_route=%2Fwp%2Fv2%2Fcomments&post=1415"}],"version-history":[{"count":68,"href":"https:\/\/www.cykloklubpodbiel.sk\/index.php?rest_route=\/wp\/v2\/pages\/1415\/revisions"}],"predecessor-version":[{"id":5832,"href":"https:\/\/www.cykloklubpodbiel.sk\/index.php?rest_route=\/wp\/v2\/pages\/1415\/revisions\/5832"}],"wp:attachment":[{"href":"https:\/\/www.cykloklubpodbiel.sk\/index.php?rest_route=%2Fwp%2Fv2%2Fmedia&parent=1415"}],"curies":[{"name":"wp","href":"https:\/\/api.w.org\/{rel}","templated":true}]}}