{"id":12899,"date":"2018-01-28T11:12:37","date_gmt":"2018-01-28T10:12:37","guid":{"rendered":"http:\/\/www.cykloklubpodbiel.sk\/?page_id=12899"},"modified":"2020-01-18T20:48:22","modified_gmt":"2020-01-18T19:48:22","slug":"planovane-akcie-na-rok-2018","status":"publish","type":"page","link":"https:\/\/www.cykloklubpodbiel.sk\/?page_id=12899","title":{"rendered":"Pl\u00e1novan\u00e9 akcie na rok 2018"},"content":{"rendered":"<table width=\"0\">\n<tbody>\n<tr>\n<td width=\"45\"><strong>Por.\u010d.<\/strong><\/td>\n<td width=\"76\"><strong>D\u00e1tum<\/strong><\/td>\n<td width=\"203\"><strong>Trasa<\/strong><\/td>\n<td width=\"49\"><strong>Akcia<\/strong><\/td>\n<td width=\"71\"><strong>Odchod<\/strong><\/td>\n<td width=\"79\"><strong>Ved\u00faci<\/strong><\/td>\n<td width=\"79\"><strong>Kontakt<\/strong><\/td>\n<\/tr>\n<tr>\n<td width=\"45\">1.<\/td>\n<td width=\"76\">03.2.2018<\/td>\n<td width=\"203\">Podbiel- Magura<\/td>\n<td width=\"49\">LP PT<\/td>\n<td width=\"71\">10:00 h.<\/td>\n<td width=\"79\">Kudzbel P.<\/td>\n<td width=\"79\">&nbsp;<\/td>\n<\/tr>\n<tr>\n<td width=\"45\">2.<\/td>\n<td width=\"76\">18.2.2018<\/td>\n<td width=\"203\">Star\u00e9 ly\u017ee<\/td>\n<td width=\"49\">LP PT<\/td>\n<td width=\"71\">13.00 h<\/td>\n<td width=\"79\">Kudzbel V.<\/td>\n<td width=\"79\">&nbsp;<\/td>\n<\/tr>\n<tr>\n<td width=\"45\">3.<\/td>\n<td width=\"76\">10.3.2018<\/td>\n<td width=\"203\">Erdutky Oravsk\u00e1 Lesn\u00e1<\/td>\n<td width=\"49\">LT PT<\/td>\n<td width=\"71\">08:00 h<\/td>\n<td width=\"79\">Ihring J<\/td>\n<td width=\"79\">&nbsp;<\/td>\n<\/tr>\n<tr>\n<td width=\"45\">4.<\/td>\n<td width=\"76\">24.4.2018<\/td>\n<td width=\"203\">L\u00e1tan\u00e1-rozl\u00fa\u010dka<\/td>\n<td width=\"49\">LT PT<\/td>\n<td width=\"71\">08:00 h<\/td>\n<td width=\"79\">Ma\u0165a\u0165ov\u00e1<\/td>\n<td width=\"79\">&nbsp;<\/td>\n<\/tr>\n<tr>\n<td width=\"45\">5.<\/td>\n<td width=\"76\">15.4.2018<\/td>\n<td width=\"203\">Ostra\u017eica<\/td>\n<td width=\"49\">PT<\/td>\n<td width=\"71\">10:00 h<\/td>\n<td width=\"79\">\u017duffa<\/td>\n<td width=\"79\">&nbsp;<\/td>\n<\/tr>\n<tr>\n<td width=\"45\">6.&nbsp;<\/td>\n<td width=\"76\">06.5.2018<\/td>\n<td width=\"203\">Petrovka<\/td>\n<td width=\"49\">&nbsp;PT<\/td>\n<td width=\"71\">10:00 h<\/td>\n<td width=\"79\">Koz\u00e1\u010dik P.<\/td>\n<td width=\"79\">&nbsp;<\/td>\n<\/tr>\n<tr>\n<td width=\"45\">7.<\/td>\n<td width=\"76\">24.5.2018<\/td>\n<td width=\"203\">\u0164atliakova chata<\/td>\n<td width=\"49\">cyklo<\/td>\n<td width=\"71\">10:00 h<\/td>\n<td width=\"79\">Kanderka<\/td>\n<td width=\"79\">&nbsp;<\/td>\n<\/tr>\n<tr>\n<td width=\"45\">8.<\/td>\n<td width=\"76\">02.6.2018<\/td>\n<td width=\"203\">MDD<\/td>\n<td width=\"49\">&nbsp;<\/td>\n<td width=\"71\">&nbsp;<\/td>\n<td width=\"79\">v\u00fdbor<\/td>\n<td width=\"79\">&nbsp;<\/td>\n<\/tr>\n<tr>\n<td width=\"45\">9.<\/td>\n<td width=\"76\">&nbsp;upresni<\/td>\n<td width=\"203\">Spolo\u010dn\u00e1 akcia<\/td>\n<td width=\"49\">cyklo<\/td>\n<td width=\"71\">&nbsp;<\/td>\n<td width=\"79\">&nbsp;<\/td>\n<td width=\"79\">&nbsp;<\/td>\n<\/tr>\n<tr>\n<td width=\"45\">10.<\/td>\n<td width=\"76\">29.7.2018<\/td>\n<td width=\"203\">Posedenie Milo\u0161<\/td>\n<td width=\"49\">cyklo&nbsp;<\/td>\n<td width=\"71\">&nbsp;<\/td>\n<td width=\"79\">Ka\u0161\u0161\u00e1k<\/td>\n<td width=\"79\">&nbsp;<\/td>\n<\/tr>\n<tr>\n<td width=\"45\">11.<\/td>\n<td width=\"76\">&nbsp;<\/td>\n<td width=\"203\">Brig\u00e1da<\/td>\n<td width=\"49\">&nbsp;<\/td>\n<td width=\"71\">&nbsp;<\/td>\n<td width=\"79\">v\u00fdbor<\/td>\n<td width=\"79\">&nbsp;<\/td>\n<\/tr>\n<tr>\n<td width=\"45\">12.<\/td>\n<td width=\"76\">&nbsp;<\/td>\n<td width=\"203\">Brig\u00e1da<\/td>\n<td width=\"49\">&nbsp;<\/td>\n<td width=\"71\">&nbsp;<\/td>\n<td width=\"79\">v\u00fdbor<\/td>\n<td width=\"79\">&nbsp;<\/td>\n<\/tr>\n<tr>\n<td width=\"45\">13.<\/td>\n<td width=\"76\">&nbsp;&nbsp;<\/td>\n<td width=\"203\">Tatry<\/td>\n<td width=\"49\">PT&nbsp; &nbsp;&nbsp;<\/td>\n<td width=\"71\">&nbsp;<\/td>\n<td width=\"79\">Franko<\/td>\n<td width=\"79\">&nbsp;<\/td>\n<\/tr>\n<tr>\n<td width=\"45\">14.<\/td>\n<td width=\"76\">&nbsp; &nbsp;<\/td>\n<td width=\"203\">Roh\u00e1\u010de<\/td>\n<td width=\"49\">PT&nbsp; &nbsp; &nbsp;<\/td>\n<td width=\"71\">&nbsp;<\/td>\n<td width=\"79\">Franko<\/td>\n<td width=\"79\">&nbsp;<\/td>\n<\/tr>\n<tr>\n<td width=\"45\">15.<\/td>\n<td width=\"76\">31.12.2018<\/td>\n<td width=\"203\">\u010cerven\u00e1 skala-opeka\u010dka<\/td>\n<td width=\"49\">PT<\/td>\n<td width=\"71\">&nbsp;<\/td>\n<td width=\"79\"><strong>v\u00fdbor<\/strong><\/td>\n<td width=\"79\">&nbsp;<\/td>\n<\/tr>\n<tr>\n<td width=\"45\">16.<\/td>\n<td width=\"76\">upresn\u00ed&nbsp; &nbsp; &nbsp;<\/td>\n<td width=\"203\">V\u00fdro\u010dn\u00e1 sch\u00f4dza<\/td>\n<td width=\"49\">&nbsp;<\/td>\n<td width=\"71\">&nbsp;<\/td>\n<td width=\"79\"><strong>v\u00fdbor<\/strong><\/td>\n<td width=\"79\">&nbsp;<\/td>\n<\/tr>\n<tr>\n<td width=\"45\">&nbsp;<\/td>\n<td width=\"76\">&nbsp;<\/td>\n<td width=\"203\">&nbsp;<\/td>\n<td width=\"49\">&nbsp;<\/td>\n<td width=\"71\">&nbsp;<\/td>\n<td width=\"79\">&nbsp;<\/td>\n<td width=\"79\">&nbsp;<\/td>\n<\/tr>\n<\/tbody>\n<\/table>\n","protected":false},"excerpt":{"rendered":"<p>Por.\u010d. D\u00e1tum Trasa Akcia Odchod Ved\u00faci Kontakt 1. 03.2.2018 Podbiel- Magura LP PT 10:00 h. Kudzbel P. &nbsp; 2. 18.2.2018 Star\u00e9 ly\u017ee LP PT 13.00 h Kudzbel V. &nbsp; 3. 10.3.2018 Erdutky Oravsk\u00e1 Lesn\u00e1 LT PT 08:00 h Ihring J &nbsp; 4. 24.4.2018 L\u00e1tan\u00e1-rozl\u00fa\u010dka LT PT 08:00 h Ma\u0165a\u0165ov\u00e1 &nbsp; 5. 15.4.2018 Ostra\u017eica PT 10:00 [&hellip;]<\/p>\n","protected":false},"author":53,"featured_media":0,"parent":107,"menu_order":2,"comment_status":"closed","ping_status":"closed","template":"","meta":{"advgb_blocks_editor_width":"","advgb_blocks_columns_visual_guide":"","ngg_post_thumbnail":0},"coauthors":[],"author_meta":{"author_link":"https:\/\/www.cykloklubpodbiel.sk\/?author=53","display_name":"Lubka"},"relative_dates":{"created":"Posted 8 years ago","modified":"Updated 6 years ago"},"absolute_dates":{"created":"Posted on 28. Janu\u00e1r 2018","modified":"Updated on 18. Janu\u00e1r 2020"},"absolute_dates_time":{"created":"Posted on 28. Janu\u00e1r 2018 11:12","modified":"Updated on 18. Janu\u00e1r 2020 20:48"},"featured_img_caption":"","featured_img":false,"series_order":"","_links":{"self":[{"href":"https:\/\/www.cykloklubpodbiel.sk\/index.php?rest_route=\/wp\/v2\/pages\/12899"}],"collection":[{"href":"https:\/\/www.cykloklubpodbiel.sk\/index.php?rest_route=\/wp\/v2\/pages"}],"about":[{"href":"https:\/\/www.cykloklubpodbiel.sk\/index.php?rest_route=\/wp\/v2\/types\/page"}],"author":[{"embeddable":true,"href":"https:\/\/www.cykloklubpodbiel.sk\/index.php?rest_route=\/wp\/v2\/users\/53"}],"replies":[{"embeddable":true,"href":"https:\/\/www.cykloklubpodbiel.sk\/index.php?rest_route=%2Fwp%2Fv2%2Fcomments&post=12899"}],"version-history":[{"count":15,"href":"https:\/\/www.cykloklubpodbiel.sk\/index.php?rest_route=\/wp\/v2\/pages\/12899\/revisions"}],"predecessor-version":[{"id":15743,"href":"https:\/\/www.cykloklubpodbiel.sk\/index.php?rest_route=\/wp\/v2\/pages\/12899\/revisions\/15743"}],"up":[{"embeddable":true,"href":"https:\/\/www.cykloklubpodbiel.sk\/index.php?rest_route=\/wp\/v2\/pages\/107"}],"wp:attachment":[{"href":"https:\/\/www.cykloklubpodbiel.sk\/index.php?rest_route=%2Fwp%2Fv2%2Fmedia&parent=12899"}],"curies":[{"name":"wp","href":"https:\/\/api.w.org\/{rel}","templated":true}]}}