{"id":1020,"date":"2010-09-14T15:06:13","date_gmt":"2010-09-14T14:06:13","guid":{"rendered":"http:\/\/www.cykloklubpodbiel.sk\/?page_id=1020"},"modified":"2011-02-04T10:46:55","modified_gmt":"2011-02-04T09:46:55","slug":"posedenie-pri-gulasi","status":"publish","type":"page","link":"https:\/\/www.cykloklubpodbiel.sk\/?page_id=1020","title":{"rendered":"posedenie pri gul\u00e1\u0161i"},"content":{"rendered":"<p style=\"text-align: justify;\">\n<div id=\"attachment_233\" style=\"width: 910px\" class=\"wp-caption aligncenter\"><a href=\"http:\/\/www.cykloklubpodbiel.sk\/wp-content\/uploads\/2010\/09\/panogulas1.jpg\"><img aria-describedby=\"caption-attachment-233\" loading=\"lazy\" class=\"size-medium wp-image-233\" title=\"Regina po zdolan\u00ed Klinkovho v\u0155\u0161ku v Habovke\" src=\"http:\/\/www.cykloklubpodbiel.sk\/wp-content\/uploads\/2010\/09\/t_panogulas1.jpg\" alt=\"Regina po zdolan\u00ed Klinkovho v\u0155\u0161ku v Habovke\" width=\"900\" height=\"233\" \/><\/a><p id=\"caption-attachment-233\" class=\"wp-caption-text\">Regina po zdolan\u00ed Klinkovho v\u0155\u0161ku v Habovke<\/p><\/div>\n<p style=\"text-align: justify;\"><span style=\"color: #000000;\"><strong>V<\/strong><\/span> <span style=\"color: #000000;\">nede\u013eu<\/span> <span style=\"color: #ff0000;\"><strong>12.septembra   2010<\/strong><\/span> <span style=\"color: #000000;\">n\u00e1s  \u010dakala pr\u00edjemn\u00e1 akcia, posedenie \u010dlenov Cykloturistick\u00e9ho klubu Podbiel  pri gul\u00e1\u0161i. Po predch\u00e1dzaj\u00facich da\u017ediv\u00fdch d\u0148och sme sa r\u00e1no zobudili do  pr\u00edjemn\u00e9ho d\u0148a, kedy nepr\u0161alo a bola ve\u013ek\u00e1 n\u00e1dej, \u017ee vyjde aj slnko.  R\u00e1no sme sa rozdelili na tri partie.<\/span><\/p>\n<div id=\"attachment_96\" style=\"width: 138px\" class=\"wp-caption alignleft\"><a href=\"http:\/\/www.cykloklubpodbiel.sk\/wp-content\/uploads\/2010\/09\/mapagulasmagura.jpg\"><img aria-describedby=\"caption-attachment-96\" loading=\"lazy\" class=\"size-medium wp-image-96\" title=\"Mapa prechodu\" src=\"http:\/\/www.cykloklubpodbiel.sk\/wp-content\/uploads\/2010\/09\/t_mapagulasmagura.jpg\" alt=\"Mapa prechodu\" width=\"128\" height=\"96\" \/><\/a><p id=\"caption-attachment-96\" class=\"wp-caption-text\">Mapa prechodu<\/p><\/div>\n<div id=\"attachment_42\" style=\"width: 343px\" class=\"wp-caption alignright\"><a href=\"http:\/\/www.cykloklubpodbiel.sk\/wp-content\/uploads\/2010\/09\/reliefgulasmagura.jpg\"><img aria-describedby=\"caption-attachment-42\" loading=\"lazy\" class=\"size-medium wp-image-42\" title=\"Reli\u00e9f prechodu Or. Magurou\" src=\"http:\/\/www.cykloklubpodbiel.sk\/wp-content\/uploads\/2010\/09\/t_reliefgulasmagura.jpg\" alt=\"Reli\u00e9f prechodu Or. Magurou\" width=\"333\" height=\"42\" \/><\/a><p id=\"caption-attachment-42\" class=\"wp-caption-text\">Reli\u00e9f prechodu Or. Magurou<\/p><\/div>\n<p style=\"text-align: justify;\"><span style=\"color: #000000;\">Jedna skupinka, t\u00e1, ktorej  adrenal\u00edn nie je cudz\u00ed, vy\u0161tartovala smerom na Zemiansku Dedinu a cez  Oravsk\u00fa Maguru pre\u0161li horsk\u00fdm prostred\u00edm sp\u00e4\u0165 do Podbiela. Po ceste  nazbierali e\u0161te aj zop\u00e1r jesenn\u00fdch hr\u00edbov.<\/span><\/p>\n<p style=\"text-align: justify;\">\n<p><\/br><\/p>\n<div id=\"attachment_96\" style=\"width: 138px\" class=\"wp-caption alignleft\"><a href=\"http:\/\/www.cykloklubpodbiel.sk\/wp-content\/uploads\/2010\/09\/mapagulaszuberec.jpg\"><img aria-describedby=\"caption-attachment-96\" loading=\"lazy\" class=\"size-medium wp-image-96\" title=\"Mapa prechodu\" src=\"http:\/\/www.cykloklubpodbiel.sk\/wp-content\/uploads\/2010\/09\/t_mapagulaszuberec.jpg\" alt=\"Mapa prechodu\" width=\"128\" height=\"96\" \/><\/a><p id=\"caption-attachment-96\" class=\"wp-caption-text\">Mapa prechodu<\/p><\/div>\n<div id=\"attachment_42\" style=\"width: 343px\" class=\"wp-caption alignright\"><a href=\"http:\/\/www.cykloklubpodbiel.sk\/wp-content\/uploads\/2010\/09\/reliefgulaszuberec.jpg\"><img aria-describedby=\"caption-attachment-42\" loading=\"lazy\" class=\"size-medium wp-image-42\" title=\"Reli\u00e9f prechodu do Zuberca\" src=\"http:\/\/www.cykloklubpodbiel.sk\/wp-content\/uploads\/2010\/09\/t_reliefgulaszuberec.jpg\" alt=\"Reli\u00e9f prechodu do Zuberca\" width=\"333\" height=\"42\" \/><\/a><p id=\"caption-attachment-42\" class=\"wp-caption-text\">Reli\u00e9f prechodu do Zuberca<\/p><\/div>\n<p style=\"text-align: justify;\"><span style=\"color: #000000;\">Druh\u00e1 skupinka vy\u0161tartovala  smerom na Zuberec, kde zmenila kurz na  Oravice a cez r\u00e1zcestie Habovka Blatn\u00e1 sa  vr\u00e1tili sp\u00e4\u0165 do Habovky a do Podbiela.  Niektor\u00ed si to &#8220;vybehli&#8221; a\u017e do  sedla Borek, kde sa dostali a\u017e takmer  nad n\u00edzku obla\u010dnos\u0165. V Tatr\u00e1ch  panovalo kr\u00e1sne slne\u010dn\u00e9 po\u010dasie, no v  dolin\u00e1ch sa n\u00edzka obla\u010dnos\u0165  udr\u017eiavala po cel\u00fd de\u0148.<\/span><\/p>\n<p><div id=\"attachment_199\" style=\"width: 159px\" class=\"wp-caption alignright\"><a href=\"http:\/\/www.cykloklubpodbiel.sk\/wp-content\/uploads\/2010\/09\/gulas3.jpg\"><img aria-describedby=\"caption-attachment-199\" loading=\"lazy\" class=\"size-medium wp-image-150\" title=\"S\u00fa\u0165a\u017e v stre\u013ebe lukom\" src=\"http:\/\/www.cykloklubpodbiel.sk\/wp-content\/uploads\/2010\/09\/t_gulas3.jpg\" alt=\"S\u00fa\u0165a\u017e v stre\u013ebe lukom\" width=\"149\" height=\"199\" \/><\/a><p id=\"caption-attachment-199\" class=\"wp-caption-text\">S\u00fa\u0165a\u017e v stre\u013ebe lukom<\/p><\/div><br \/><\/br><\/p>\n<div id=\"attachment_179\" style=\"width: 249px\" class=\"wp-caption alignleft\"><a href=\"http:\/\/www.cykloklubpodbiel.sk\/wp-content\/uploads\/2010\/09\/gulas4.jpg\"><img aria-describedby=\"caption-attachment-179\" loading=\"lazy\" class=\"size-medium wp-image-179\" title=\"Posedenie pri gul\u00e1\u0161i pod alt\u00e1nkom\" src=\"http:\/\/www.cykloklubpodbiel.sk\/wp-content\/uploads\/2010\/09\/t_gulas4.jpg\" alt=\"Posedenie pri gul\u00e1\u0161i pod alt\u00e1nkom\" width=\"239\" height=\"179\" \/><\/a><p id=\"caption-attachment-179\" class=\"wp-caption-text\">Posedenie pri gul\u00e1\u0161i pod alt\u00e1nkom<\/p><\/div>\n<p style=\"text-align: justify;\"><span style=\"color: #000000;\">Tretia skupinka sa  u\u017e pustila do varenia gul\u00e1\u0161u,  opekanie klob\u00e1sy,  pripravila stoly a  v\u00fdzdobu, aby si unaven\u00ed cyklisti,  vracaj\u00faci sa z  n\u00e1ro\u010dn\u00fdch cyklot\u00far  mali kde sadn\u00fa\u0165, odd\u00fdchnu\u0165 si a nie\u010do  chutn\u00e9  zajes\u0165. Gul\u00e1\u0161 bol v\u00fdborn\u00fd,  klob\u00e1ska bola ugrilovan\u00e1 pekne do  \u010dervena,  tak\u017ee v\u0161etci boli ve\u013emi  spokojn\u00ed.<\/span><\/p>\n<div id=\"attachment_199\" style=\"width: 159px\" class=\"wp-caption alignright\"><span style=\"color: #000000;\"><a href=\"http:\/\/www.cykloklubpodbiel.sk\/wp-content\/uploads\/2010\/09\/gulas2.jpg\"><img aria-describedby=\"caption-attachment-199\" loading=\"lazy\" class=\"size-medium wp-image-150\" title=\"S\u00fa\u0165a\u017e v stre\u013ebe zo vzduchovky\" src=\"http:\/\/www.cykloklubpodbiel.sk\/wp-content\/uploads\/2010\/09\/t_gulas2.jpg\" alt=\"S\u00fa\u0165a\u017e v stre\u013ebe zo vzduchovky\" width=\"149\" height=\"199\" \/><\/a><\/span><p id=\"caption-attachment-199\" class=\"wp-caption-text\">S\u00fa\u0165a\u017e v stre\u013ebe zo vzduchovky<\/p><\/div>\n<p style=\"text-align: justify;\"><span style=\"color: #000000;\">\u010ee\u0165om sa tu v\u0161etko nesmierne  p\u00e1\u010dilo,  ve\u010f sme s\u00fa\u0165a\u017eili v  stre\u013ebe zo  vzduchovky a zo vzduchov\u00fdch  pi\u0161tol\u00ed na  ter\u010d, mali sme aj  origin\u00e1lny  luk so \u0161\u00edpmi a ter\u010dom. Bolo to  nie\u010do nov\u00e9  a ve\u013emi sa pri to  zabavili  nielen deti, ale aj dospel\u00ed. \u010ealej  sme  hrali volejbal, futbal  at\u010f..  Pod alt\u00e1nkom sme si aj zan\u00f4tili a   zaspom\u00ednali na za\u010diatky   Cykloturistick\u00e9ho klubu Podbiel. No a u\u017e teraz   sa te\u0161\u00edme na \u010fal\u0161\u00ed   gul\u00e1\u0161, ktor\u00fd bude op\u00e4\u0165 o rok.<\/span><\/p>\n<h3 style=\"text-align: center;\"><span style=\"color: #000000;\"><a title=\"v\u00fdsledky stre\u013eby\" href=\"http:\/\/www.cykloklubpodbiel.sk\/wp-content\/uploads\/2010\/09\/vysledkygulas.pdf\"><span style=\"color: #0000ff;\"><em><strong>V\u00fdsledky streleck\u00fdch s\u00fa\u0165a\u017e\u00ed\u00a0 tu&#8230;&#8230;..<\/strong><\/em><\/span><\/a><br \/>\n<\/span><\/h3>\n<p style=\"text-align: justify;\"><span style=\"color: #000000;\"><br \/>\n<\/span><\/p>\n<div id=\"attachment_150\" style=\"width: 210px\" class=\"wp-caption aligncenter\"><a href=\"http:\/\/www.cykloklubpodbiel.sk\/wp-content\/gallery\/10\/gulas\/gulas.html\"><strong><img aria-describedby=\"caption-attachment-150\" loading=\"lazy\" class=\"size-medium wp-image-150\" title=\"Pozri fotogal\u00e9riu\" src=\"http:\/\/www.cykloklubpodbiel.sk\/wp-content\/uploads\/2010\/09\/t_galeriagulas.jpg\" alt=\"Pozri fotogal\u00e9riu\" width=\"200\" height=\"150\" \/><\/strong><\/a><p id=\"caption-attachment-150\" class=\"wp-caption-text\">Pozri fotogal\u00e9riu<\/p><\/div>\n","protected":false},"excerpt":{"rendered":"<p>V nede\u013eu 12.septembra 2010 n\u00e1s \u010dakala pr\u00edjemn\u00e1 akcia, posedenie \u010dlenov Cykloturistick\u00e9ho klubu Podbiel pri gul\u00e1\u0161i. Po predch\u00e1dzaj\u00facich da\u017ediv\u00fdch d\u0148och sme sa r\u00e1no zobudili do pr\u00edjemn\u00e9ho d\u0148a, kedy nepr\u0161alo a bola ve\u013ek\u00e1 n\u00e1dej, \u017ee vyjde aj slnko. R\u00e1no sme sa rozdelili na tri partie. Jedna skupinka, t\u00e1, ktorej adrenal\u00edn nie je cudz\u00ed, vy\u0161tartovala smerom na Zemiansku [&hellip;]<\/p>\n","protected":false},"author":1,"featured_media":0,"parent":57,"menu_order":21,"comment_status":"open","ping_status":"closed","template":"onecolumn-page.php","meta":{"advgb_blocks_editor_width":"","advgb_blocks_columns_visual_guide":"","ngg_post_thumbnail":0},"coauthors":[],"author_meta":{"author_link":"https:\/\/www.cykloklubpodbiel.sk\/?author=1","display_name":"\u013dubom\u00edr Franko"},"relative_dates":{"created":"Posted 16 years ago","modified":"Updated 15 years ago"},"absolute_dates":{"created":"Posted on 14. September 2010","modified":"Updated on 4. Febru\u00e1r 2011"},"absolute_dates_time":{"created":"Posted on 14. September 2010 15:06","modified":"Updated on 4. Febru\u00e1r 2011 10:46"},"featured_img_caption":"","featured_img":false,"series_order":"","_links":{"self":[{"href":"https:\/\/www.cykloklubpodbiel.sk\/index.php?rest_route=\/wp\/v2\/pages\/1020"}],"collection":[{"href":"https:\/\/www.cykloklubpodbiel.sk\/index.php?rest_route=\/wp\/v2\/pages"}],"about":[{"href":"https:\/\/www.cykloklubpodbiel.sk\/index.php?rest_route=\/wp\/v2\/types\/page"}],"author":[{"embeddable":true,"href":"https:\/\/www.cykloklubpodbiel.sk\/index.php?rest_route=\/wp\/v2\/users\/1"}],"replies":[{"embeddable":true,"href":"https:\/\/www.cykloklubpodbiel.sk\/index.php?rest_route=%2Fwp%2Fv2%2Fcomments&post=1020"}],"version-history":[{"count":30,"href":"https:\/\/www.cykloklubpodbiel.sk\/index.php?rest_route=\/wp\/v2\/pages\/1020\/revisions"}],"predecessor-version":[{"id":1636,"href":"https:\/\/www.cykloklubpodbiel.sk\/index.php?rest_route=\/wp\/v2\/pages\/1020\/revisions\/1636"}],"up":[{"embeddable":true,"href":"https:\/\/www.cykloklubpodbiel.sk\/index.php?rest_route=\/wp\/v2\/pages\/57"}],"wp:attachment":[{"href":"https:\/\/www.cykloklubpodbiel.sk\/index.php?rest_route=%2Fwp%2Fv2%2Fmedia&parent=1020"}],"curies":[{"name":"wp","href":"https:\/\/api.w.org\/{rel}","templated":true}]}}